{"id":697,"date":"2025-06-16T12:58:25","date_gmt":"2025-06-16T10:58:25","guid":{"rendered":"https:\/\/blogs.ugr.es\/ecos-gr\/?page_id=697"},"modified":"2026-03-18T12:37:54","modified_gmt":"2026-03-18T11:37:54","slug":"congresos","status":"publish","type":"page","link":"https:\/\/blogs.ugr.es\/ecos-gr\/publicaciones\/congresos\/","title":{"rendered":"Congresos"},"content":{"rendered":"<h3>2026<\/h3>\n<ul>\n<li>Casta\u00f1eda Gonz\u00e1lez, \u00c1. y Garrido S\u00e1nchez, V. (2026, enero 26-29). El sesgo de g\u00e9nero en la intensificaci\u00f3n: una aproximaci\u00f3n desde la fenomenolog\u00eda feminista. [Comunicaci\u00f3n oral].<em> LIV Simposio de la Sociedad Espa\u00f1ola de Ling\u00fc\u00edstica,<\/em>\u00a0CSIC Madrid, Espa\u00f1a.<\/li>\n<li>Cruz Ortiz, R. y Manj\u00f3n-Cabeza, A.\u00a0 (2026, enero 19\u201321). Muy de Granada. A case of multifaceted phonetic variation. [Comunicaci\u00f3n oral]. <em>International conference on phonetic variation: diversity within and across languages<\/em> (ICPHOV), Universidad de Granada, Espa\u00f1a.<\/li>\n<li>Malaver, I. (2026, abril) \u00abSocioling\u00fc\u00edstica y dialectolog\u00eda hisp\u00e1nicas aplicadas a la ense\u00f1anza de la variaci\u00f3n dialectal. El caso de los corpus socioling\u00fc\u00edsticos PRESEEA\u00bb. [Ponencia]. <em>XXIII Jornada Internacional de la delegaci\u00f3n de Venezuela<\/em>, Asociaci\u00f3n de Ling\u00fc\u00edstica y Filolog\u00eda de Am\u00e9rica Latina (ALFAL), Delegaci\u00f3n Regional de Venezuela ante la ALFAL, Instituto Venezolano de Investigaciones Ling\u00fc\u00edsticas y Literarias \u201cAndr\u00e9s Bello\u201d, Caracas, Venezuela.<\/li>\n<li>Minichiello, C. (2026, enero 13-15). Posible acomodaci\u00f3n ling\u00fc\u00edstica de los italianos residentes en Granada: \u00bfseseo o distinci\u00f3n?. [Comunicaci\u00f3n oral]. <em>X Congreso de Fon\u00e9tica experimental<\/em>, Universidad de C\u00f3rdoba, Espa\u00f1a.<\/li>\n<li>Tulimirovic, B., &amp; Soto Melgar, M. (2026, febrero 11-13). Aprendizaje basado en datos (ABD) y la Inteligencia Artificial (IA) en la ense\u00f1anza del espa\u00f1ol [Comunicaci\u00f3n oral]. <em>II Congreso Internacional de Perspectivas Human\u00edsticas y Sociales en Educaci\u00f3n<\/em>, Centro de Magisterio La Inmaculada, Universidad de Granada, Espa\u00f1a.<\/li>\n<\/ul>\n<h3>2025<\/h3>\n<ul>\n<li>Casta\u00f1eda Gonz\u00e1lez, \u00c1. (2025). Caracterizaci\u00f3n socioling\u00fc\u00edstica del uso de la intensificaci\u00f3n en el espa\u00f1ol de Granada (Espa\u00f1a): una estrategia universal con sesgo de g\u00e9nero. En M. Albujer Lax &amp; C. Soriano Moreno (Eds.), <em>XVI Congreso Internacional de Ling\u00fc\u00edstica General: Libro de res\u00famenes<\/em> (pp. 489\u2013490). Universitat d\u2019Alacant.<\/li>\n<li>Cruz Ortiz, R. (2025, abril 2\u20134). La realizaci\u00f3n de \/s\/ en posici\u00f3n posnuclear en el espa\u00f1ol de Granada: Un an\u00e1lisis en tiempo real y aparente [Comunicaci\u00f3n oral]. <em>42.\u00ba Congreso Internacional de la Asociaci\u00f3n Espa\u00f1ola de Ling\u00fc\u00edstica Aplicada (AESLA)<\/em>, Universitat de les Illes Balears, Espa\u00f1a.<\/li>\n<li>Cruz Ortiz, R. (2025, mayo 8\u201310). La percepci\u00f3n ling\u00fc\u00edstica de variedad de habla propia por parte de los andaluces en etapas preuniversitarias: Resultados de PRECAVES XXI [Comunicaci\u00f3n oral]. <em>Fourth International Symposium on Language Attitudes toward Spanish, Portuguese and Related Languages (LASPRL-4)<\/em>, Universidad de Olomouc, Rep\u00fablica Checa.<\/li>\n<li>Fern\u00e1ndez de Molina Ort\u00e9s, E., &amp; Cruz Ortiz, R. (2025, abril 2\u20134). La realizaci\u00f3n de \/s\/ en posici\u00f3n posnuclear en el espa\u00f1ol de Granada: un an\u00e1lisis en tiempo real y aparente [Comunicaci\u00f3n oral]. <em>42.\u00ba Congreso de la Asociaci\u00f3n Espa\u00f1ola de Ling\u00fc\u00edstica Aplicada (AESLA)<\/em>, Palma de Mallorca, Espa\u00f1a.<\/li>\n<li>Mackova, E. (2025). An\u00e1lisis del cambio ling\u00fc\u00edstico en el espa\u00f1ol de Granada a trav\u00e9s de un corpus oral hist\u00f3rico: primeras aproximaciones. <em>I Congreso Internacional de Socioling\u00fc\u00edstica del Espa\u00f1ol<\/em>, Universidad de Lisboa.<\/li>\n<li>Mackova, E. (2025). La variedad granadina: an\u00e1lisis socioling\u00fc\u00edstico del espa\u00f1ol de Granada desde los a\u00f1os 70 hasta el a\u00f1o 1990. <em>42.\u00ba Congreso Internacional de la Asociaci\u00f3n Espa\u00f1ola de Ling\u00fc\u00edstica Aplicada (AESLA)<\/em>, Universitat de les Illes Balears.<\/li>\n<li>Malaver, I. (2025, abril 2\u20134). Variaciones peninsulares y americanas del adverbio reci\u00e9n: \u00bfCambio ling\u00fc\u00edstico? [Comunicaci\u00f3n oral]. <em>42.\u00ba Congreso Internacional de la Asociaci\u00f3n Espa\u00f1ola de Ling\u00fc\u00edstica Aplicada (AESLA)<\/em>, Universitat de les Illes Balears, Espa\u00f1a.<\/li>\n<li>Manj\u00f3n-Cabeza Cruz, A. (2025, abril 3). Influencia de las caracter\u00edsticas individuales en la variaci\u00f3n morfol\u00f3gica de los diminutivos de Granada (Espa\u00f1a) [Comunicaci\u00f3n oral]. <em>42 Congreso Internacional de AESLA<\/em>, Palma de Mallorca, Espa\u00f1a.<\/li>\n<li>Manj\u00f3n-Cabeza Cruz, A. (2025, mayo 9). Voz femenina y voz masculina: su influencia en la evaluaci\u00f3n ling\u00fc\u00edstica del espa\u00f1ol [Comunicaci\u00f3n oral]. <em>Fourth International Symposium on Language Attitudes toward Spanish and Portuguese<\/em>, Olomouc, Rep\u00fablica Checa.<\/li>\n<li>Manj\u00f3n-Cabeza Cruz, A. (2025, junio 10). Mu\/muy en Granada: aproximaci\u00f3n socioling\u00fc\u00edstica [Comunicaci\u00f3n oral]. <em>XVI Congreso Internacional de Ling\u00fc\u00edstica General (XVICILG)<\/em>, Alicante, Espa\u00f1a.<\/li>\n<li>Manj\u00f3n-Cabeza Cruz, A. (2025). \u201cMu\u201d\/ \u201cmuy\u201d en Granada: aproximaci\u00f3n socioling\u00fc\u00edstica. En M. Albujer Lax &amp; C. Soriano Moreno (Eds.), <em>XVI Congreso Internacional de Ling\u00fc\u00edstica General: Libro de res\u00famenes<\/em> (pp. 508\u2013509). Universitat d\u2019Alacant.<\/li>\n<li>Soto Melgar, M., &amp; Tulimirovic, B. (2025, abril 2\u20134). La concordancia de haber existencial en el habla vern\u00e1cula de Granada [Comunicaci\u00f3n oral]. <em>42.\u00ba Congreso Internacional de la Asociaci\u00f3n Espa\u00f1ola de Ling\u00fc\u00edstica Aplicada (AESLA)<\/em>, Universitat de les Illes Balears, Espa\u00f1a.<\/li>\n<\/ul>\n<h3>2024<\/h3>\n<ul>\n<li>Campos Sarmiento, C. (2024, octubre 12). Factores sociales que influyen en el grado de abertura voc\u00e1lica en el espa\u00f1ol de Granada [Comunicaci\u00f3n oral]. <em>III Congreso Internacional Investigando las hablas andaluzas<\/em>, Eichst\u00e4tt, Alemania.<\/li>\n<li>Cruz Ortiz, R. (2024, octubre 11\u201312). La percepci\u00f3n ling\u00fc\u00edstica de los granadinos: Un estudio de dialectolog\u00eda perceptiva sobre la variaci\u00f3n en espa\u00f1ol [Comunicaci\u00f3n oral]. <em>III Congreso Internacional Investigando las hablas andaluzas<\/em>, Universidad de Eichst\u00e4tt, Alemania.<\/li>\n<li>Cruz Ortiz, R. (2024, noviembre 21\u201322). La inteligencia artificial en la traducci\u00f3n audiovisual: un an\u00e1lisis en la traducci\u00f3n de t\u00edtulos de pel\u00edculas del ingl\u00e9s al espa\u00f1ol [Conferencia plenaria]. <em>4.\u00ba Congreso Internacional de Traducci\u00f3n e Interpretaci\u00f3n de Lenguas Ib\u00e9ricas TRANSIB\u00c9RICA<\/em>, Universidad de Varsovia, Polonia.<\/li>\n<li>Cruz Ortiz, R., &amp; Manj\u00f3n-Cabeza Cruz, A. (2024, octubre 12). La percepci\u00f3n ling\u00fc\u00edstica de los granadinos: un estudio de dialectolog\u00eda perceptiva sobre la variaci\u00f3n en espa\u00f1ol [Comunicaci\u00f3n oral]. <em>III Congreso Internacional Investigando las hablas andaluzas<\/em>, Eichst\u00e4tt, Alemania.<\/li>\n<li>Fern\u00e1ndez de Molina Ort\u00e9s, E. (2024, enero 22\u201325). Cambios ling\u00fc\u00edsticos en tiempo real en el espa\u00f1ol de Granada (Espa\u00f1a). Pronunciaci\u00f3n de la \/x\/ y la \/t\u0283\/ en una variedad meridional [Comunicaci\u00f3n oral]. <em>LII Simposio de la Sociedad Espa\u00f1ola de Ling\u00fc\u00edstica Aplicada<\/em>, Madrid, Espa\u00f1a.<\/li>\n<li>Fern\u00e1ndez de Molina Ort\u00e9s, E. (2024, octubre 11\u201312). Aspectos socioling\u00fc\u00edsticos influyentes en la pronunciaci\u00f3n de la \/t\u0283\/ en Granada [Comunicaci\u00f3n oral]. <em>III Congreso Internacional Investigando las hablas andaluzas<\/em>, Eichst\u00e4tt, Alemania.<\/li>\n<li>Minichiello, M. (2024, octubre 16\u201318). La pronunciaci\u00f3n de la \/s\/ implosiva en hablantes italianos en Granada: Un posible caso de su acomodaci\u00f3n ling\u00fc\u00edstica a la variedad granadina [Comunicaci\u00f3n oral]. <em>XXXVIII Congreso Internacional de la AJL<\/em>, Universidad de Santiago de Compostela, Espa\u00f1a.<\/li>\n<\/ul>\n<h3>2023<\/h3>\n<ul>\n<li>Minichiello, M. (2023, noviembre 6\u20138). Creencias y actitudes de migrantes italianos hacia el espa\u00f1ol de Granada [Comunicaci\u00f3n oral]. <em>XXXVII Congreso Internacional de la AJL<\/em>, Universidad de Madrid, Espa\u00f1a.<\/li>\n<\/ul>\n","protected":false},"excerpt":{"rendered":"<p>2026 Casta\u00f1eda Gonz\u00e1lez, \u00c1. y Garrido S\u00e1nchez, V. (2026, enero 26-29). El sesgo de g\u00e9nero en la intensificaci\u00f3n: una aproximaci\u00f3n desde la fenomenolog\u00eda feminista. [Comunicaci\u00f3n oral]. LIV Simposio de la Sociedad Espa\u00f1ola de Ling\u00fc\u00edstica,\u00a0CSIC Madrid, Espa\u00f1a. Cruz Ortiz, R. y Manj\u00f3n-Cabeza, A.\u00a0 (2026, enero 19\u201321). Muy de Granada. A case of multifaceted phonetic variation. [Comunicaci\u00f3n [&hellip;]<\/p>\n","protected":false},"author":682,"featured_media":0,"parent":208,"menu_order":0,"comment_status":"closed","ping_status":"closed","template":"","meta":{"footnotes":""},"categories":[],"tags":[],"class_list":["post-697","page","type-page","status-publish","hentry"],"_links":{"self":[{"href":"https:\/\/blogs.ugr.es\/ecos-gr\/wp-json\/wp\/v2\/pages\/697","targetHints":{"allow":["GET"]}}],"collection":[{"href":"https:\/\/blogs.ugr.es\/ecos-gr\/wp-json\/wp\/v2\/pages"}],"about":[{"href":"https:\/\/blogs.ugr.es\/ecos-gr\/wp-json\/wp\/v2\/types\/page"}],"author":[{"embeddable":true,"href":"https:\/\/blogs.ugr.es\/ecos-gr\/wp-json\/wp\/v2\/users\/682"}],"replies":[{"embeddable":true,"href":"https:\/\/blogs.ugr.es\/ecos-gr\/wp-json\/wp\/v2\/comments?post=697"}],"version-history":[{"count":3,"href":"https:\/\/blogs.ugr.es\/ecos-gr\/wp-json\/wp\/v2\/pages\/697\/revisions"}],"predecessor-version":[{"id":876,"href":"https:\/\/blogs.ugr.es\/ecos-gr\/wp-json\/wp\/v2\/pages\/697\/revisions\/876"}],"up":[{"embeddable":true,"href":"https:\/\/blogs.ugr.es\/ecos-gr\/wp-json\/wp\/v2\/pages\/208"}],"wp:attachment":[{"href":"https:\/\/blogs.ugr.es\/ecos-gr\/wp-json\/wp\/v2\/media?parent=697"}],"wp:term":[{"taxonomy":"category","embeddable":true,"href":"https:\/\/blogs.ugr.es\/ecos-gr\/wp-json\/wp\/v2\/categories?post=697"},{"taxonomy":"post_tag","embeddable":true,"href":"https:\/\/blogs.ugr.es\/ecos-gr\/wp-json\/wp\/v2\/tags?post=697"}],"curies":[{"name":"wp","href":"https:\/\/api.w.org\/{rel}","templated":true}]}}