{"id":698,"date":"2025-06-16T12:58:25","date_gmt":"2025-06-16T10:58:25","guid":{"rendered":"https:\/\/blogs.ugr.es\/ecos-gr\/?page_id=698"},"modified":"2026-04-13T23:04:55","modified_gmt":"2026-04-13T21:04:55","slug":"otros","status":"publish","type":"page","link":"https:\/\/blogs.ugr.es\/ecos-gr\/publicaciones\/otros\/","title":{"rendered":"Otros"},"content":{"rendered":"<ul>\n<li><strong>Eliska Mackova<\/strong> ha ganado el <strong>Premio del P\u00fablico<\/strong> en la final local del concurso <strong>\u201cThree Minutes Thesis (3MT)\u201d<\/strong>, celebrada en la Universidad de Granada el pasado 19 de marzo de 2026, con su mon\u00f3logo titulado \u201c`Filling\u00b4 the recordings\u201d.\n<p>Se trata de una competici\u00f3n internacional, promovida por la alianza de universidades del Grupo Coimbra, en la que j\u00f3venes investigadores en formaci\u00f3n presentan su tesis doctoral en un m\u00e1ximo de tres minutos, con una intervenci\u00f3n en ingl\u00e9s y acompa\u00f1ados de una sola diapositiva est\u00e1tica.<\/p>\n<p>Enlace al v\u00eddeo del mon\u00f3logo completo:<br \/>\n<a href=\"https:\/\/www.youtube.com\/watch?v=33dZ5SHb49Q\">https:\/\/www.youtube.com\/watch?v=33dZ5SHb49Q<\/a><\/p>\n<p><img loading=\"lazy\" decoding=\"async\" class=\"size-medium wp-image-878 aligncenter\" src=\"https:\/\/blogs.ugr.es\/ecos-gr\/wp-content\/uploads\/sites\/172\/2026\/04\/Captura-de-pantalla-2026-04-13-230151-300x183.jpg\" alt=\"\" width=\"300\" height=\"183\" srcset=\"https:\/\/blogs.ugr.es\/ecos-gr\/wp-content\/uploads\/sites\/172\/2026\/04\/Captura-de-pantalla-2026-04-13-230151-300x183.jpg 300w, https:\/\/blogs.ugr.es\/ecos-gr\/wp-content\/uploads\/sites\/172\/2026\/04\/Captura-de-pantalla-2026-04-13-230151-700x427.jpg 700w, https:\/\/blogs.ugr.es\/ecos-gr\/wp-content\/uploads\/sites\/172\/2026\/04\/Captura-de-pantalla-2026-04-13-230151.jpg 731w\" sizes=\"auto, (max-width: 300px) 100vw, 300px\" \/><\/li>\n<\/ul>\n<p>&nbsp;<\/p>\n<ul>\n<li>\u201cIV Jornadas sobre la variedad ling\u00fc\u00edstica andaluza\u201d (25 de febrero de 2026), organizadas en la Facultad de Filosof\u00eda y Letras de la Universidad de Granada con presentaci\u00f3n de comunicaciones orales sobre fen\u00f3menos socioling\u00fc\u00edsticos del espa\u00f1ol en Andaluc\u00eda y conferencia plenaria sobre lexicalizaci\u00f3n y andalucismos l\u00e9xicos en el \u00e1mbito cofrade.<\/li>\n<\/ul>\n<p><strong>Investigadores participantes<\/strong>: Laura Romero Pulido, Sabino Mart\u00edn Fern\u00e1ndez, Mar\u00eda Cardenete Ropero y Antonio Mart\u00edn-Rubio.<\/p>\n<p><strong>Organizaci\u00f3n<\/strong>: Elvira Margarita Morales Rodr\u00edguez, Zurema Vega Manzano, Eliska Mackova y Obdulia Cantero Jim\u00e9nez<\/p>\n<p><strong>Direcci\u00f3n<\/strong>: Elvira Margarita Morales Rodr\u00edguez<\/p>\n<p>&nbsp;<\/p>\n<p><img loading=\"lazy\" decoding=\"async\" class=\"size-medium wp-image-871 aligncenter\" src=\"https:\/\/blogs.ugr.es\/ecos-gr\/wp-content\/uploads\/sites\/172\/2026\/03\/Foto_Jornadas-225x300.jpeg\" alt=\"\" width=\"225\" height=\"300\" srcset=\"https:\/\/blogs.ugr.es\/ecos-gr\/wp-content\/uploads\/sites\/172\/2026\/03\/Foto_Jornadas-225x300.jpeg 225w, https:\/\/blogs.ugr.es\/ecos-gr\/wp-content\/uploads\/sites\/172\/2026\/03\/Foto_Jornadas-525x700.jpeg 525w, https:\/\/blogs.ugr.es\/ecos-gr\/wp-content\/uploads\/sites\/172\/2026\/03\/Foto_Jornadas.jpeg 600w\" sizes=\"auto, (max-width: 225px) 100vw, 225px\" \/><\/p>\n<p>&nbsp;<\/p>\n<ul>\n<li>Direcci\u00f3n del Trabajo final del M\u00e1ster Universitarios Estudios Superiores de Lengua espa\u00f1ola, \u00abVariaci\u00f3n en el uso de los pronombres ustedes y vosotros en las modalidades andaluzas\u00bb, realizado por Juli\u00e1n Gonz\u00e1lez Moreno y dirigido por Irania Malaver Arguinzones. Estudio de car\u00e1cter socioling\u00fc\u00edstico con los corpus PRESEEA de las comunidades de Granada, Sevilla, C\u00e1diz y M\u00e1laga.<\/li>\n<\/ul>\n<p>&nbsp;<\/p>\n<ul>\n<li><strong>Eliska Mackova<\/strong> se ha clasificado para la final del concurso \u201cThree Minutes Thesis (3MT)\u201d, en la Universidad de Granada, con su mon\u00f3logo titulado \u201c`Filling\u00b4 the recordings\u201d. Se trata de un concurso universitario en el que j\u00f3venes investigadores presentan su tesis doctoral en un m\u00e1ximo de tres minutos, con una intervenci\u00f3n en ingl\u00e9s y ayudados solo de una diapositiva. En la final del concurso, que se celebrar\u00e1 el pr\u00f3ximo 19 de marzo, un jurado decidir\u00e1 qui\u00e9n representar\u00e1 a la Universidad de Granada en la final internacional de la competici\u00f3n, promovida por la alianza de universidades del Grupo Coimbra.<\/li>\n<\/ul>\n<p>Enlace web a la noticia de la UGR:\u00a0<a href=\"https:\/\/www.ugr.es\/universidad\/noticias\/ocho-doctorandos-ugr-contaran-su-tesis-menos-tres-minutos\" target=\"_blank\" rel=\"noopener noreferrer\" data-saferedirecturl=\"https:\/\/www.google.com\/url?q=https:\/\/www.ugr.es\/universidad\/noticias\/ocho-doctorandos-ugr-contaran-su-tesis-menos-tres-minutos&amp;source=gmail&amp;ust=1771946229126000&amp;usg=AOvVaw3uEwebpEtDm3oPznEHyjgD\">https:\/\/www.ugr.es\/<wbr \/>universidad\/noticias\/ocho-<wbr \/>doctorandos-ugr-contaran-su-<wbr \/>tesis-menos-tres-minutos<\/a><\/p>\n<p><img loading=\"lazy\" decoding=\"async\" class=\"aligncenter wp-image-865 size-full\" src=\"https:\/\/blogs.ugr.es\/ecos-gr\/wp-content\/uploads\/sites\/172\/2026\/02\/3minute.png\" alt=\"3 minute\" width=\"362\" height=\"271\" srcset=\"https:\/\/blogs.ugr.es\/ecos-gr\/wp-content\/uploads\/sites\/172\/2026\/02\/3minute.png 362w, https:\/\/blogs.ugr.es\/ecos-gr\/wp-content\/uploads\/sites\/172\/2026\/02\/3minute-300x225.png 300w\" sizes=\"auto, (max-width: 362px) 100vw, 362px\" \/><\/p>\n<p>&nbsp;<\/p>\n<ul>\n<li class=\"p1\"><span class=\"s1\">Taller divulgativo sobre investigaci\u00f3n socioling\u00fc\u00edstica (15 de octubre de 2025), desarrollada en el Colegio Sagrada Familia Pureza de Mar\u00eda (Granada) y enmarcada en el proyecto ECOS-GR (objetivo 5: transferencia de los materiales y la informaci\u00f3n de la investigaci\u00f3n a la sociedad). La actividad incluy\u00f3 una introducci\u00f3n a la socioling\u00fc\u00edstica con din\u00e1micas pr\u00e1cticas adaptadas al nivel de primero de Bachillerato, dirigida a un grupo de 80 estudiantes.<\/span><\/li>\n<\/ul>\n<p class=\"p1\"><span class=\"s1\"><strong>Investigadores participantes:<\/strong> \u00c1ngela Casta\u00f1eda Gonz\u00e1lez, Elena Fern\u00e1ndez de Molina Ort\u00e9s, Irania Malaver Arguinzones, Roc\u00edo Cruz Ortiz y Antonio Manj\u00f3n-Cabeza Cruz.<\/span><\/p>\n<p><img loading=\"lazy\" decoding=\"async\" class=\"aligncenter wp-image-837\" src=\"https:\/\/blogs.ugr.es\/ecos-gr\/wp-content\/uploads\/sites\/172\/2025\/12\/Foto1-150x150.jpg\" alt=\"foto2\" width=\"362\" height=\"360\" srcset=\"https:\/\/blogs.ugr.es\/ecos-gr\/wp-content\/uploads\/sites\/172\/2025\/12\/Foto1-150x150.jpg 150w, https:\/\/blogs.ugr.es\/ecos-gr\/wp-content\/uploads\/sites\/172\/2025\/12\/Foto1-300x298.jpg 300w, https:\/\/blogs.ugr.es\/ecos-gr\/wp-content\/uploads\/sites\/172\/2025\/12\/Foto1-700x696.jpg 700w, https:\/\/blogs.ugr.es\/ecos-gr\/wp-content\/uploads\/sites\/172\/2025\/12\/Foto1-50x50.jpg 50w, https:\/\/blogs.ugr.es\/ecos-gr\/wp-content\/uploads\/sites\/172\/2025\/12\/Foto1-80x80.jpg 80w, https:\/\/blogs.ugr.es\/ecos-gr\/wp-content\/uploads\/sites\/172\/2025\/12\/Foto1.jpg 800w\" sizes=\"auto, (max-width: 362px) 100vw, 362px\" \/><\/p>\n<p><img loading=\"lazy\" decoding=\"async\" class=\"aligncenter wp-image-836\" src=\"https:\/\/blogs.ugr.es\/ecos-gr\/wp-content\/uploads\/sites\/172\/2025\/12\/Foto2-150x150.jpg\" alt=\"\" width=\"362\" height=\"368\" srcset=\"https:\/\/blogs.ugr.es\/ecos-gr\/wp-content\/uploads\/sites\/172\/2025\/12\/Foto2-295x300.jpg 295w, https:\/\/blogs.ugr.es\/ecos-gr\/wp-content\/uploads\/sites\/172\/2025\/12\/Foto2-688x700.jpg 688w, https:\/\/blogs.ugr.es\/ecos-gr\/wp-content\/uploads\/sites\/172\/2025\/12\/Foto2-50x50.jpg 50w, https:\/\/blogs.ugr.es\/ecos-gr\/wp-content\/uploads\/sites\/172\/2025\/12\/Foto2-80x80.jpg 80w, https:\/\/blogs.ugr.es\/ecos-gr\/wp-content\/uploads\/sites\/172\/2025\/12\/Foto2.jpg 786w\" sizes=\"auto, (max-width: 362px) 100vw, 362px\" \/><\/p>\n<p>&nbsp;<\/p>\n<ul>\n<li>Grupo participante en el programa PIIISA (Curso 2024\/2025), dentro del VIII Plan de Divulgaci\u00f3n de la Ciencia y la Innovaci\u00f3n de la Universidad de Granada (Ref. FCT-23-19453), en el proyecto <em>\u00bfQu\u00e9 se pide en Granada: \u201ctapitas\u201d, \u201ctapillas\u201d o \u201ctapicas\u201d? Estudio socioling\u00fc\u00edstico de los diminutivos en la comunidad granadina.<\/em><\/li>\n<\/ul>\n<p><strong>Investigadores participantes:<\/strong> Roc\u00edo Cruz Ortiz (coordinadora), Antonio Manj\u00f3n-Cabeza Cruz, Elena Fern\u00e1ndez de Molina Ortes, Marcin Sosinski, Eli\u0161ka Mackov\u00e1 y Elvira Margarita Morales Rodr\u00edguez.<\/p>\n<p>&nbsp;<\/p>\n<ul>\n<li>Grupo participante en las \u201cIII Jornadas sobre la variedad ling\u00fc\u00edstica andaluza\u201d (26 de febrero de 2025), organizadas en la Facultad de Filosof\u00eda y Letras de la Universidad de Granada con presentaci\u00f3n de comunicaciones orales sobre fen\u00f3menos socioling\u00fc\u00edsticos del espa\u00f1ol en Andaluc\u00eda y conferencia plenaria sobre oralidad andaluza en textos hist\u00f3ricos.<\/li>\n<\/ul>\n<p><strong>Investigadores participantes:<\/strong> Mar\u00eda Cadenete Ropero, Eva Aguilera Parejo, Chiara Minichiello, \u00c1ngela Casta\u00f1eda Gonz\u00e1lez y Livia Cristina Garc\u00eda Aguiar.<\/p>\n<p><strong>Organizaci\u00f3n:<\/strong> Zurema Vega Manzano, Elvira Margarita Morales Rodr\u00edguez y Eliska Mackova<\/p>\n<p><strong>Direcci\u00f3n:<\/strong> Eliska Mackova<\/p>\n<p><span style=\"color: #000000\"><img loading=\"lazy\" decoding=\"async\" class=\"wp-image-294 aligncenter\" src=\"https:\/\/blogs.ugr.es\/ecos-gr\/wp-content\/uploads\/sites\/172\/2025\/09\/esta.jpg\" width=\"362\" height=\"483\" \/><\/span><\/p>\n<ul>\n<li>Grupo participante en el Seminario metodol\u00f3gico sobre socioling\u00fc\u00edstica (23 de octubre de 2024), celebrado en el Colegio Sagrada Familia Pureza de Mar\u00eda (Granada), en el marco del proyecto ECOS-GR (objetivo 5: transferencia de los materiales y la informaci\u00f3n de la investigaci\u00f3n a la sociedad). El seminario consisti\u00f3 en una explicaci\u00f3n introductoria a la socioling\u00fc\u00edstica, sus m\u00e9todos y presentaci\u00f3n de resultados de investigaci\u00f3n, adaptados a estudiantes de primero de bachillerato.<\/li>\n<\/ul>\n<p><strong>Investigadores participantes:<\/strong> Antonio Manj\u00f3n-Cabeza Cruz, \u00c1ngela Casta\u00f1eda Gonz\u00e1lez y Eliska Mackova.<\/p>\n<p><span style=\"color: #000000\"><img loading=\"lazy\" decoding=\"async\" class=\"wp-image-294 aligncenter\" src=\"https:\/\/blogs.ugr.es\/ecos-gr\/wp-content\/uploads\/sites\/172\/2025\/09\/y-esta.jpeg\" width=\"366\" height=\"488\" \/><\/span><\/p>\n","protected":false},"excerpt":{"rendered":"<p>Eliska Mackova ha ganado el Premio del P\u00fablico en la final local del concurso \u201cThree Minutes Thesis (3MT)\u201d, celebrada en la Universidad de Granada el pasado 19 de marzo de 2026, con su mon\u00f3logo titulado \u201c`Filling\u00b4 the recordings\u201d. Se trata de una competici\u00f3n internacional, promovida por la alianza de universidades del Grupo Coimbra, en la [&hellip;]<\/p>\n","protected":false},"author":682,"featured_media":0,"parent":208,"menu_order":0,"comment_status":"closed","ping_status":"closed","template":"","meta":{"footnotes":""},"categories":[],"tags":[],"class_list":["post-698","page","type-page","status-publish","hentry"],"_links":{"self":[{"href":"https:\/\/blogs.ugr.es\/ecos-gr\/wp-json\/wp\/v2\/pages\/698","targetHints":{"allow":["GET"]}}],"collection":[{"href":"https:\/\/blogs.ugr.es\/ecos-gr\/wp-json\/wp\/v2\/pages"}],"about":[{"href":"https:\/\/blogs.ugr.es\/ecos-gr\/wp-json\/wp\/v2\/types\/page"}],"author":[{"embeddable":true,"href":"https:\/\/blogs.ugr.es\/ecos-gr\/wp-json\/wp\/v2\/users\/682"}],"replies":[{"embeddable":true,"href":"https:\/\/blogs.ugr.es\/ecos-gr\/wp-json\/wp\/v2\/comments?post=698"}],"version-history":[{"count":4,"href":"https:\/\/blogs.ugr.es\/ecos-gr\/wp-json\/wp\/v2\/pages\/698\/revisions"}],"predecessor-version":[{"id":879,"href":"https:\/\/blogs.ugr.es\/ecos-gr\/wp-json\/wp\/v2\/pages\/698\/revisions\/879"}],"up":[{"embeddable":true,"href":"https:\/\/blogs.ugr.es\/ecos-gr\/wp-json\/wp\/v2\/pages\/208"}],"wp:attachment":[{"href":"https:\/\/blogs.ugr.es\/ecos-gr\/wp-json\/wp\/v2\/media?parent=698"}],"wp:term":[{"taxonomy":"category","embeddable":true,"href":"https:\/\/blogs.ugr.es\/ecos-gr\/wp-json\/wp\/v2\/categories?post=698"},{"taxonomy":"post_tag","embeddable":true,"href":"https:\/\/blogs.ugr.es\/ecos-gr\/wp-json\/wp\/v2\/tags?post=698"}],"curies":[{"name":"wp","href":"https:\/\/api.w.org\/{rel}","templated":true}]}}