{"id":217,"date":"2023-05-18T16:53:59","date_gmt":"2023-05-18T14:53:59","guid":{"rendered":"https:\/\/blogs.ugr.es\/ecosdediversidad\/?page_id=217"},"modified":"2023-05-18T16:58:20","modified_gmt":"2023-05-18T14:58:20","slug":"que-ecos-de-diversidad","status":"publish","type":"page","link":"https:\/\/blogs.ugr.es\/ecosdediversidad\/que-ecos-de-diversidad\/","title":{"rendered":"\u00bfQu\u00e9 es Ecos de Diversidad?"},"content":{"rendered":"<p>\u00abEcos de diversidad. El g\u00e9nero como categor\u00eda anal\u00edtica transversal en la ense\u00f1anza-aprendizaje de la Historia a trav\u00e9s del podcast\u00bb es un Proyecto de Innovaci\u00f3n Docente de la Universidad de Granada (2022-2023) coordinado por las profesoras Alejandra Palafox Menegazzi y Gloria Rom\u00e1n Ruiz. Nace con el objetivo de aplicar la perspectiva te\u00f3rica del g\u00e9nero en la ense\u00f1anza universitaria de la historia. Para ello se propone al estudiantado la reelaboraci\u00f3n de textos historiogr\u00e1ficos en formato podcast. Mediante la difusi\u00f3n del material digital resultante se busca transferir conocimiento hist\u00f3rico de forma atractiva.<\/p>\n","protected":false},"excerpt":{"rendered":"<p>\u00abEcos de diversidad. El g\u00e9nero como categor\u00eda anal\u00edtica transversal en la ense\u00f1anza-aprendizaje de la Historia a trav\u00e9s del podcast\u00bb es un Proyecto de Innovaci\u00f3n Docente de la Universidad de Granada (2022-2023) coordinado por las profesoras Alejandra Palafox Menegazzi y Gloria Rom\u00e1n Ruiz. Nace con el objetivo de aplicar la perspectiva te\u00f3rica del g\u00e9nero en la [&hellip;]<\/p>\n","protected":false},"author":636,"featured_media":0,"parent":0,"menu_order":0,"comment_status":"closed","ping_status":"closed","template":"","meta":{"_genesis_hide_title":false,"_genesis_hide_breadcrumbs":false,"_genesis_hide_singular_image":false,"_genesis_hide_footer_widgets":false,"_genesis_custom_body_class":"","_genesis_custom_post_class":"","_genesis_layout":"","footnotes":""},"categories":[],"tags":[],"class_list":{"0":"post-217","1":"page","2":"type-page","3":"status-publish","5":"entry"},"_links":{"self":[{"href":"https:\/\/blogs.ugr.es\/ecosdediversidad\/wp-json\/wp\/v2\/pages\/217","targetHints":{"allow":["GET"]}}],"collection":[{"href":"https:\/\/blogs.ugr.es\/ecosdediversidad\/wp-json\/wp\/v2\/pages"}],"about":[{"href":"https:\/\/blogs.ugr.es\/ecosdediversidad\/wp-json\/wp\/v2\/types\/page"}],"author":[{"embeddable":true,"href":"https:\/\/blogs.ugr.es\/ecosdediversidad\/wp-json\/wp\/v2\/users\/636"}],"replies":[{"embeddable":true,"href":"https:\/\/blogs.ugr.es\/ecosdediversidad\/wp-json\/wp\/v2\/comments?post=217"}],"version-history":[{"count":2,"href":"https:\/\/blogs.ugr.es\/ecosdediversidad\/wp-json\/wp\/v2\/pages\/217\/revisions"}],"predecessor-version":[{"id":227,"href":"https:\/\/blogs.ugr.es\/ecosdediversidad\/wp-json\/wp\/v2\/pages\/217\/revisions\/227"}],"wp:attachment":[{"href":"https:\/\/blogs.ugr.es\/ecosdediversidad\/wp-json\/wp\/v2\/media?parent=217"}],"wp:term":[{"taxonomy":"category","embeddable":true,"href":"https:\/\/blogs.ugr.es\/ecosdediversidad\/wp-json\/wp\/v2\/categories?post=217"},{"taxonomy":"post_tag","embeddable":true,"href":"https:\/\/blogs.ugr.es\/ecosdediversidad\/wp-json\/wp\/v2\/tags?post=217"}],"curies":[{"name":"wp","href":"https:\/\/api.w.org\/{rel}","templated":true}]}}