{"id":218,"date":"2023-05-18T16:53:59","date_gmt":"2023-05-18T14:53:59","guid":{"rendered":"https:\/\/blogs.ugr.es\/ecosdediversidad\/?page_id=218"},"modified":"2023-05-18T16:56:27","modified_gmt":"2023-05-18T14:56:27","slug":"quienes-somos","status":"publish","type":"page","link":"https:\/\/blogs.ugr.es\/ecosdediversidad\/quienes-somos\/","title":{"rendered":"Quienes somos"},"content":{"rendered":"<p><strong>Alejandra Palafox Menegazzi<\/strong> es Profesora Ayudante Doctora del \u00c1rea de Historia de Am\u00e9rica, en el Departamento de Historia Moderna y de Am\u00e9rica de la Universidad de Granada. Es tambi\u00e9n miembro del GRUPO de Investigaci\u00f3n HUM-603 ESTUDIOS DE LAS MUJERES. Su investigaci\u00f3n est\u00e1 centrada en la historia de las sexualidades en Am\u00e9rica Latina y el sur de Europa durante los siglos XIX y XX, particularmente, en el estudio de los mecanismos penales, m\u00e9dicos y criminol\u00f3gicos de su definici\u00f3n, apropiaci\u00f3n y control. Actualmente, imparte docencia en el Grado en Historia y en el M\u00e1ster Historia: de Europa a Am\u00e9rica (EURAME), de esta universidad.<\/p>\n<p><strong>Gloria Rom\u00e1n Ruiz<\/strong> es investigadora Juan de la Cierva en el Departamento de Historia Contempor\u00e1nea de la Universidad de Granada y miembro del grupo de investigaci\u00f3n \u00abMemoria de Andaluc\u00eda. Pol\u00edtica, Sociedad y Medio Ambiente en los siglos XIX y XX (MEDEA)\u00bb. Su l\u00ednea de investigaci\u00f3n se ha centrado en el estudio de la vida cotidiana durante la dictadura de Franco (1939-1979) en el mundo rural andaluz. M\u00e1s concretamente, ha trabajado las pr\u00e1cticas de resistencia cotidiana durante los a\u00f1os del hambre, las pol\u00edticas sociales del r\u00e9gimen, el colaboracionismo ciudadano con las autoridades, y los procesos de aprendizaje democr\u00e1tico durante el tardofranquismo y la transici\u00f3n. Actualmente imparte docencia en los grados de Historia, Lenguas Modernas y en el doble grado de Ciencias Pol\u00edticas y Derecho.<\/p>\n","protected":false},"excerpt":{"rendered":"<p>Alejandra Palafox Menegazzi es Profesora Ayudante Doctora del \u00c1rea de Historia de Am\u00e9rica, en el Departamento de Historia Moderna y de Am\u00e9rica de la Universidad de Granada. Es tambi\u00e9n miembro del GRUPO de Investigaci\u00f3n HUM-603 ESTUDIOS DE LAS MUJERES. Su investigaci\u00f3n est\u00e1 centrada en la historia de las sexualidades en Am\u00e9rica Latina y el sur [&hellip;]<\/p>\n","protected":false},"author":636,"featured_media":0,"parent":0,"menu_order":0,"comment_status":"closed","ping_status":"closed","template":"","meta":{"_genesis_hide_title":false,"_genesis_hide_breadcrumbs":false,"_genesis_hide_singular_image":false,"_genesis_hide_footer_widgets":false,"_genesis_custom_body_class":"","_genesis_custom_post_class":"","_genesis_layout":"","footnotes":""},"categories":[],"tags":[],"class_list":{"0":"post-218","1":"page","2":"type-page","3":"status-publish","5":"entry"},"_links":{"self":[{"href":"https:\/\/blogs.ugr.es\/ecosdediversidad\/wp-json\/wp\/v2\/pages\/218","targetHints":{"allow":["GET"]}}],"collection":[{"href":"https:\/\/blogs.ugr.es\/ecosdediversidad\/wp-json\/wp\/v2\/pages"}],"about":[{"href":"https:\/\/blogs.ugr.es\/ecosdediversidad\/wp-json\/wp\/v2\/types\/page"}],"author":[{"embeddable":true,"href":"https:\/\/blogs.ugr.es\/ecosdediversidad\/wp-json\/wp\/v2\/users\/636"}],"replies":[{"embeddable":true,"href":"https:\/\/blogs.ugr.es\/ecosdediversidad\/wp-json\/wp\/v2\/comments?post=218"}],"version-history":[{"count":3,"href":"https:\/\/blogs.ugr.es\/ecosdediversidad\/wp-json\/wp\/v2\/pages\/218\/revisions"}],"predecessor-version":[{"id":226,"href":"https:\/\/blogs.ugr.es\/ecosdediversidad\/wp-json\/wp\/v2\/pages\/218\/revisions\/226"}],"wp:attachment":[{"href":"https:\/\/blogs.ugr.es\/ecosdediversidad\/wp-json\/wp\/v2\/media?parent=218"}],"wp:term":[{"taxonomy":"category","embeddable":true,"href":"https:\/\/blogs.ugr.es\/ecosdediversidad\/wp-json\/wp\/v2\/categories?post=218"},{"taxonomy":"post_tag","embeddable":true,"href":"https:\/\/blogs.ugr.es\/ecosdediversidad\/wp-json\/wp\/v2\/tags?post=218"}],"curies":[{"name":"wp","href":"https:\/\/api.w.org\/{rel}","templated":true}]}}