{"id":160,"date":"2019-07-31T13:02:02","date_gmt":"2019-07-31T11:02:02","guid":{"rendered":"https:\/\/blogs.ugr.es\/ecuenca\/?page_id=160"},"modified":"2019-12-17T10:37:28","modified_gmt":"2019-12-17T09:37:28","slug":"actividades","status":"publish","type":"page","link":"https:\/\/blogs.ugr.es\/ecuenca\/actividades\/","title":{"rendered":"Actividades"},"content":{"rendered":"<p><span style=\"color: #003366\">Relacionadas por cursos acad\u00e9micos y en orden cronol\u00f3gico inverso, se pueden consultar las actividades realizadas por la C\u00e1tedra Jean Monnet:<\/span><\/p>\n<p><span style=\"color: #003366\"><a style=\"color: #003366\" href=\"https:\/\/blogs.ugr.es\/ecuenca\/actividades-curso-academico-2018-2019\/\">Actividades Curso Acad\u00e9mico 2018-2019<\/a><\/span><\/p>\n<p><span style=\"color: #003366\"><a style=\"color: #003366\" href=\"https:\/\/blogs.ugr.es\/ecuenca\/actividades-curso-academico-2017-2018\/\">Actividades Curso Acad\u00e9mico 2017-2018<\/a><\/span><\/p>\n<p><a href=\"https:\/\/blogs.ugr.es\/ecuenca\/actividades-curso-academico-2016-2017\/\"><span style=\"color: #003366\">Actividades Curso Acad\u00e9mico 2017-2016<\/span><\/a><\/p>\n<p>&nbsp;<\/p>\n<p><a href=\"https:\/\/blogs.ugr.es\/ecuenca\/wp-content\/uploads\/sites\/65\/2019\/12\/logosbeneficaireserasmusleft_es.jpg\"><img loading=\"lazy\" decoding=\"async\" class=\"alignright wp-image-272\" src=\"https:\/\/blogs.ugr.es\/ecuenca\/wp-content\/uploads\/sites\/65\/2019\/12\/logosbeneficaireserasmusleft_es-300x66.jpg\" alt=\"\" width=\"349\" height=\"77\" srcset=\"https:\/\/blogs.ugr.es\/ecuenca\/wp-content\/uploads\/sites\/65\/2019\/12\/logosbeneficaireserasmusleft_es-300x66.jpg 300w, https:\/\/blogs.ugr.es\/ecuenca\/wp-content\/uploads\/sites\/65\/2019\/12\/logosbeneficaireserasmusleft_es-700x154.jpg 700w, https:\/\/blogs.ugr.es\/ecuenca\/wp-content\/uploads\/sites\/65\/2019\/12\/logosbeneficaireserasmusleft_es.jpg 800w\" sizes=\"auto, (max-width: 349px) 100vw, 349px\" \/><\/a><\/p>\n","protected":false},"excerpt":{"rendered":"<p>Relacionadas por cursos acad\u00e9micos y en orden cronol\u00f3gico inverso, se pueden consultar las actividades realizadas por la C\u00e1tedra Jean Monnet: Actividades Curso Acad\u00e9mico 2018-2019 Actividades Curso Acad\u00e9mico 2017-2018 Actividades Curso Acad\u00e9mico 2017-2016 &nbsp;<\/p>\n","protected":false},"author":512,"featured_media":0,"parent":0,"menu_order":0,"comment_status":"closed","ping_status":"closed","template":"","meta":{"_genesis_hide_title":false,"_genesis_hide_breadcrumbs":false,"_genesis_hide_singular_image":false,"_genesis_hide_footer_widgets":false,"_genesis_custom_body_class":"","_genesis_custom_post_class":"","_genesis_layout":"full-width-content","footnotes":""},"categories":[],"tags":[],"class_list":{"0":"post-160","1":"page","2":"type-page","3":"status-publish","5":"entry"},"_links":{"self":[{"href":"https:\/\/blogs.ugr.es\/ecuenca\/wp-json\/wp\/v2\/pages\/160","targetHints":{"allow":["GET"]}}],"collection":[{"href":"https:\/\/blogs.ugr.es\/ecuenca\/wp-json\/wp\/v2\/pages"}],"about":[{"href":"https:\/\/blogs.ugr.es\/ecuenca\/wp-json\/wp\/v2\/types\/page"}],"author":[{"embeddable":true,"href":"https:\/\/blogs.ugr.es\/ecuenca\/wp-json\/wp\/v2\/users\/512"}],"replies":[{"embeddable":true,"href":"https:\/\/blogs.ugr.es\/ecuenca\/wp-json\/wp\/v2\/comments?post=160"}],"version-history":[{"count":4,"href":"https:\/\/blogs.ugr.es\/ecuenca\/wp-json\/wp\/v2\/pages\/160\/revisions"}],"predecessor-version":[{"id":279,"href":"https:\/\/blogs.ugr.es\/ecuenca\/wp-json\/wp\/v2\/pages\/160\/revisions\/279"}],"wp:attachment":[{"href":"https:\/\/blogs.ugr.es\/ecuenca\/wp-json\/wp\/v2\/media?parent=160"}],"wp:term":[{"taxonomy":"category","embeddable":true,"href":"https:\/\/blogs.ugr.es\/ecuenca\/wp-json\/wp\/v2\/categories?post=160"},{"taxonomy":"post_tag","embeddable":true,"href":"https:\/\/blogs.ugr.es\/ecuenca\/wp-json\/wp\/v2\/tags?post=160"}],"curies":[{"name":"wp","href":"https:\/\/api.w.org\/{rel}","templated":true}]}}