{"id":162,"date":"2019-07-31T13:04:51","date_gmt":"2019-07-31T11:04:51","guid":{"rendered":"https:\/\/blogs.ugr.es\/ecuenca\/?page_id=162"},"modified":"2019-07-31T13:04:51","modified_gmt":"2019-07-31T11:04:51","slug":"enlaces-de-interes","status":"publish","type":"page","link":"https:\/\/blogs.ugr.es\/ecuenca\/enlaces-de-interes\/","title":{"rendered":"Enlaces de inter\u00e9s"},"content":{"rendered":"<h1><strong>Enlaces de inter\u00e9s sobre temas de la Uni\u00f3n Europea<\/strong><\/h1>\n<p><strong>\u00a0<\/strong><\/p>\n<p>Para seguimiento de las actividades en el seno de la Uni\u00f3n Europea aconsejamos los siguientes enlaces:<\/p>\n<p>&nbsp;<\/p>\n<h2><strong>De la Uni\u00f3n Europea<\/strong><\/h2>\n<p>&nbsp;<\/p>\n<table width=\"100%\">\n<tbody>\n<tr>\n<td colspan=\"2\">\n<h2><strong>Instituciones europeas (sitios oficiales)<\/strong><\/h2>\n<\/td>\n<\/tr>\n<tr>\n<td width=\"485\">Portal de la Uni\u00f3n Europea<\/td>\n<td><a href=\"http:\/\/europa.eu\/index_es.htm\">http:\/\/europa.eu\/index_es.htm<\/a><\/td>\n<\/tr>\n<tr>\n<td width=\"485\">Parlamento Europeo<\/td>\n<td><a href=\"http:\/\/www.europarl.eu.int\/\">http:\/\/www.europarl.eu.int\/<\/a><\/td>\n<\/tr>\n<tr>\n<td width=\"485\">Consejo de la Uni\u00f3n Europea<\/td>\n<td><a href=\"http:\/\/ue.eu.int\/\">http:\/\/ue.eu.int\/<\/a><\/td>\n<\/tr>\n<tr>\n<td width=\"485\">Comisi\u00f3n Europea<\/td>\n<td><a href=\"http:\/\/ec.europa.eu\/\">http:\/\/ec.europa.eu\/<\/a><\/td>\n<\/tr>\n<tr>\n<td width=\"485\">Comisi\u00f3n Europea \u2013 Representaci\u00f3n en Espa\u00f1a<\/td>\n<td><a href=\"http:\/\/ec.europa.eu\/spain\/index_es.htm\">http:\/\/ec.europa.eu\/spain\/<\/a><\/td>\n<\/tr>\n<tr>\n<td width=\"485\">Espacio Europeo, blog de la representaci\u00f3n en Espa\u00f1a de la CE<\/td>\n<td><a href=\"http:\/\/www.espacioeuropa.eu\/\">http:\/\/www.espacioeuropa.eu\/<\/a><\/td>\n<\/tr>\n<\/tbody>\n<\/table>\n<p>&nbsp;<\/p>\n<p>&nbsp;<\/p>\n<h2><strong>Instituciones con las que colabora la C\u00e1tedra Jean Monnet de la Universidad de Granada<\/strong><\/h2>\n<p>&nbsp;<\/p>\n<p>Universidad de Granada\u00a0\u00a0\u00a0\u00a0\u00a0\u00a0\u00a0\u00a0\u00a0\u00a0\u00a0\u00a0\u00a0\u00a0\u00a0\u00a0\u00a0\u00a0\u00a0\u00a0\u00a0\u00a0\u00a0\u00a0\u00a0\u00a0\u00a0\u00a0\u00a0\u00a0\u00a0\u00a0\u00a0\u00a0\u00a0\u00a0\u00a0\u00a0\u00a0\u00a0\u00a0\u00a0\u00a0\u00a0\u00a0\u00a0\u00a0\u00a0\u00a0 https:\/\/www.ugr.es\/<\/p>\n<p>&nbsp;<\/p>\n<p>C\u00e1mara de Comercio de Granada\u00a0\u00a0\u00a0\u00a0\u00a0\u00a0\u00a0\u00a0\u00a0\u00a0\u00a0\u00a0\u00a0\u00a0\u00a0\u00a0\u00a0\u00a0\u00a0\u00a0\u00a0\u00a0\u00a0\u00a0\u00a0\u00a0\u00a0\u00a0\u00a0\u00a0\u00a0\u00a0\u00a0\u00a0\u00a0 <a href=\"https:\/\/www.camaragranada.org\/\">https:\/\/www.camaragranada.org\/<\/a><\/p>\n<p>&nbsp;<\/p>\n<p>Extenda-Agencia Andaluza de Promoci\u00f3n Exterior\u00a0\u00a0\u00a0\u00a0\u00a0\u00a0 https:\/\/www.extenda.es\/<\/p>\n<p>&nbsp;<\/p>\n<p>&nbsp;<\/p>\n<h2><strong>Otros centros de inter\u00e9s<\/strong><\/h2>\n<p><strong>\u00a0<\/strong><\/p>\n<p>Centro de Documentaci\u00f3n Europea<\/p>\n<p>Universidad de Granada\u00a0\u00a0\u00a0\u00a0\u00a0\u00a0\u00a0\u00a0\u00a0\u00a0\u00a0\u00a0\u00a0\u00a0\u00a0\u00a0\u00a0\u00a0\u00a0\u00a0\u00a0\u00a0\u00a0\u00a0\u00a0\u00a0\u00a0\u00a0\u00a0\u00a0\u00a0\u00a0\u00a0\u00a0\u00a0\u00a0\u00a0\u00a0\u00a0\u00a0\u00a0\u00a0\u00a0\u00a0\u00a0\u00a0\u00a0\u00a0\u00a0\u00a0\u00a0 http:\/\/cde.ugr.es\/<\/p>\n","protected":false},"excerpt":{"rendered":"<p>Enlaces de inter\u00e9s sobre temas de la Uni\u00f3n Europea \u00a0 Para seguimiento de las actividades en el seno de la Uni\u00f3n Europea aconsejamos los siguientes enlaces: &nbsp; De la Uni\u00f3n Europea &nbsp; Instituciones europeas (sitios oficiales) Portal de la Uni\u00f3n Europea http:\/\/europa.eu\/index_es.htm Parlamento Europeo http:\/\/www.europarl.eu.int\/ Consejo de la Uni\u00f3n Europea http:\/\/ue.eu.int\/ Comisi\u00f3n Europea http:\/\/ec.europa.eu\/ Comisi\u00f3n&hellip; <a href=\"https:\/\/blogs.ugr.es\/ecuenca\/enlaces-de-interes\/\" class=\"more-link\">Leer m\u00e1s <span class=\"screen-reader-text\">acerca de Enlaces de inter\u00e9s<\/span><\/a><\/p>\n","protected":false},"author":512,"featured_media":0,"parent":0,"menu_order":0,"comment_status":"closed","ping_status":"closed","template":"","meta":{"_genesis_hide_title":false,"_genesis_hide_breadcrumbs":false,"_genesis_hide_singular_image":false,"_genesis_hide_footer_widgets":false,"_genesis_custom_body_class":"","_genesis_custom_post_class":"","_genesis_layout":"","footnotes":""},"categories":[],"tags":[],"class_list":{"0":"post-162","1":"page","2":"type-page","3":"status-publish","5":"entry"},"_links":{"self":[{"href":"https:\/\/blogs.ugr.es\/ecuenca\/wp-json\/wp\/v2\/pages\/162","targetHints":{"allow":["GET"]}}],"collection":[{"href":"https:\/\/blogs.ugr.es\/ecuenca\/wp-json\/wp\/v2\/pages"}],"about":[{"href":"https:\/\/blogs.ugr.es\/ecuenca\/wp-json\/wp\/v2\/types\/page"}],"author":[{"embeddable":true,"href":"https:\/\/blogs.ugr.es\/ecuenca\/wp-json\/wp\/v2\/users\/512"}],"replies":[{"embeddable":true,"href":"https:\/\/blogs.ugr.es\/ecuenca\/wp-json\/wp\/v2\/comments?post=162"}],"version-history":[{"count":1,"href":"https:\/\/blogs.ugr.es\/ecuenca\/wp-json\/wp\/v2\/pages\/162\/revisions"}],"predecessor-version":[{"id":163,"href":"https:\/\/blogs.ugr.es\/ecuenca\/wp-json\/wp\/v2\/pages\/162\/revisions\/163"}],"wp:attachment":[{"href":"https:\/\/blogs.ugr.es\/ecuenca\/wp-json\/wp\/v2\/media?parent=162"}],"wp:term":[{"taxonomy":"category","embeddable":true,"href":"https:\/\/blogs.ugr.es\/ecuenca\/wp-json\/wp\/v2\/categories?post=162"},{"taxonomy":"post_tag","embeddable":true,"href":"https:\/\/blogs.ugr.es\/ecuenca\/wp-json\/wp\/v2\/tags?post=162"}],"curies":[{"name":"wp","href":"https:\/\/api.w.org\/{rel}","templated":true}]}}