{"id":508,"date":"2019-06-16T22:42:52","date_gmt":"2019-06-16T20:42:52","guid":{"rendered":"https:\/\/blogs.ugr.es\/equipodocente\/?page_id=508"},"modified":"2019-06-16T23:01:46","modified_gmt":"2019-06-16T21:01:46","slug":"jose-sanchez-perez","status":"publish","type":"page","link":"https:\/\/blogs.ugr.es\/equipodocente\/jose-sanchez-perez\/","title":{"rendered":"Jos\u00e9 S\u00e1nchez P\u00e9rez"},"content":{"rendered":"<p>T\u00edtulo: Habilidades comunicativas en p\u00fablico<\/p>\n<p>&nbsp;<\/p>\n<p>&nbsp;<\/p>\n","protected":false},"excerpt":{"rendered":"<p>T\u00edtulo: Habilidades comunicativas en p\u00fablico &nbsp; &nbsp;<\/p>\n","protected":false},"author":506,"featured_media":0,"parent":0,"menu_order":0,"comment_status":"closed","ping_status":"closed","template":"","meta":{"_genesis_hide_title":false,"_genesis_hide_breadcrumbs":false,"_genesis_hide_singular_image":false,"_genesis_hide_footer_widgets":false,"_genesis_custom_body_class":"","_genesis_custom_post_class":"","_genesis_layout":"","footnotes":""},"categories":[],"tags":[],"class_list":{"0":"post-508","1":"page","2":"type-page","3":"status-publish","5":"entry"},"_links":{"self":[{"href":"https:\/\/blogs.ugr.es\/equipodocente\/wp-json\/wp\/v2\/pages\/508","targetHints":{"allow":["GET"]}}],"collection":[{"href":"https:\/\/blogs.ugr.es\/equipodocente\/wp-json\/wp\/v2\/pages"}],"about":[{"href":"https:\/\/blogs.ugr.es\/equipodocente\/wp-json\/wp\/v2\/types\/page"}],"author":[{"embeddable":true,"href":"https:\/\/blogs.ugr.es\/equipodocente\/wp-json\/wp\/v2\/users\/506"}],"replies":[{"embeddable":true,"href":"https:\/\/blogs.ugr.es\/equipodocente\/wp-json\/wp\/v2\/comments?post=508"}],"version-history":[{"count":2,"href":"https:\/\/blogs.ugr.es\/equipodocente\/wp-json\/wp\/v2\/pages\/508\/revisions"}],"predecessor-version":[{"id":528,"href":"https:\/\/blogs.ugr.es\/equipodocente\/wp-json\/wp\/v2\/pages\/508\/revisions\/528"}],"wp:attachment":[{"href":"https:\/\/blogs.ugr.es\/equipodocente\/wp-json\/wp\/v2\/media?parent=508"}],"wp:term":[{"taxonomy":"category","embeddable":true,"href":"https:\/\/blogs.ugr.es\/equipodocente\/wp-json\/wp\/v2\/categories?post=508"},{"taxonomy":"post_tag","embeddable":true,"href":"https:\/\/blogs.ugr.es\/equipodocente\/wp-json\/wp\/v2\/tags?post=508"}],"curies":[{"name":"wp","href":"https:\/\/api.w.org\/{rel}","templated":true}]}}