{"id":538,"date":"2021-04-25T20:49:20","date_gmt":"2021-04-25T18:49:20","guid":{"rendered":"https:\/\/blogs.ugr.es\/equipodocente\/?page_id=538"},"modified":"2021-04-27T11:40:48","modified_gmt":"2021-04-27T09:40:48","slug":"curso-2020-2021","status":"publish","type":"page","link":"https:\/\/blogs.ugr.es\/equipodocente\/curso-2020-2021\/","title":{"rendered":"Curso 2020-2021"},"content":{"rendered":"<p><strong>Relaci\u00f3n de Talleres Formativos Curso 2020-2021<\/strong><\/p>\n<p><a href=\"https:\/\/blogs.ugr.es\/equipodocente\/wp-content\/uploads\/sites\/59\/2021\/04\/2020-21-Listado-Miembros.docx\">Listado Miembros<\/a><\/p>\n<p><a href=\"https:\/\/pradogrado2021.ugr.es\/mod\/url\/view.php?id=393609\">Taller Miguel Hornos 23-04-2021<\/a><\/p>\n<p><a href=\"https:\/\/pradogrado2021.ugr.es\/mod\/url\/view.php?id=393156\">Taller Miguel Hornos 20-03-2021<\/a><\/p>\n<p><a href=\"https:\/\/pradogrado2021.ugr.es\/mod\/url\/view.php?id=361389\">Taller \u00d3scar Mart\u00edn 17-03-2021<\/a><\/p>\n<p><a href=\"https:\/\/pradogrado2021.ugr.es\/mod\/url\/view.php?id=361388\">Taller \u00d3scar Mart\u00edn 11-03-2021<\/a><\/p>\n<p><a href=\"https:\/\/drive.google.com\/file\/d\/1nl0cnFTPz9gTcQLgQ-KC7OgnOuIgmprp\/view\">Taller 2 Alfonso Garc\u00eda-Donas 12-02-2021<\/a><\/p>\n<p><a href=\"https:\/\/pradogrado2021.ugr.es\/mod\/url\/view.php?id=393244\">Taller 1 Alfonso Garc\u00eda-Donas 08-02-2021<\/a><\/p>\n<p><a href=\"https:\/\/blogs.ugr.es\/equipodocente\/wp-content\/uploads\/sites\/59\/2021\/04\/2020-21-Planificacion-formacion-febrero.docx\">2020-21 Planificaci\u00f3n formaci\u00f3n febrero<\/a><\/p>\n<p><a href=\"https:\/\/pradogrado2021.ugr.es\/mod\/url\/view.php?id=393291\">Taller Carmen Verdejo 20-01-2021<\/a><\/p>\n<p><a href=\"https:\/\/pradogrado2021.ugr.es\/mod\/url\/view.php?id=393290\">Taller Carmen Verdejo 14-01-2021<\/a><\/p>\n<p><a href=\"https:\/\/pradogrado2021.ugr.es\/mod\/url\/view.php?id=393288\">Taller Carmen Verdejo 14-12-2020<\/a><\/p>\n<p><a href=\"https:\/\/pradogrado2021.ugr.es\/mod\/url\/view.php?id=393287\">Taller Carmen Verdejo 09-12-2020<\/a><\/p>\n<p><a href=\"https:\/\/pradogrado2021.ugr.es\/mod\/url\/view.php?id=393285\">Taller Carmen Verdejo 02-12-2020 <\/a><\/p>\n<p><a href=\"https:\/\/blogs.ugr.es\/equipodocente\/wp-content\/uploads\/sites\/59\/2021\/04\/2020-21-Planificacion-Sesiones-Carmen-Verdejo.docx\">Planificaci\u00f3n Sesiones Carmen Verdejo<\/a><\/p>\n<p>&nbsp;<\/p>\n<p>&nbsp;<\/p>\n<p>&nbsp;<\/p>\n<p>&nbsp;<\/p>\n<p>&nbsp;<\/p>\n<p>&nbsp;<\/p>\n<p>&nbsp;<\/p>\n<p>&nbsp;<\/p>\n<p>&nbsp;<\/p>\n","protected":false},"excerpt":{"rendered":"<p>Relaci\u00f3n de Talleres Formativos Curso 2020-2021 Listado Miembros Taller Miguel Hornos 23-04-2021 Taller Miguel Hornos 20-03-2021 Taller \u00d3scar Mart\u00edn 17-03-2021 Taller \u00d3scar Mart\u00edn 11-03-2021 Taller 2 Alfonso Garc\u00eda-Donas 12-02-2021 Taller 1 Alfonso Garc\u00eda-Donas 08-02-2021 2020-21 Planificaci\u00f3n formaci\u00f3n febrero Taller Carmen Verdejo 20-01-2021 Taller Carmen Verdejo 14-01-2021 Taller Carmen Verdejo 14-12-2020 Taller Carmen Verdejo 09-12-2020 Taller&hellip; <a href=\"https:\/\/blogs.ugr.es\/equipodocente\/curso-2020-2021\/\" class=\"more-link\">Leer m\u00e1s <span class=\"screen-reader-text\">acerca de Curso 2020-2021<\/span><\/a><\/p>\n","protected":false},"author":506,"featured_media":0,"parent":0,"menu_order":0,"comment_status":"closed","ping_status":"closed","template":"","meta":{"_genesis_hide_title":false,"_genesis_hide_breadcrumbs":false,"_genesis_hide_singular_image":false,"_genesis_hide_footer_widgets":false,"_genesis_custom_body_class":"","_genesis_custom_post_class":"","_genesis_layout":"","footnotes":""},"categories":[],"tags":[],"class_list":{"0":"post-538","1":"page","2":"type-page","3":"status-publish","5":"entry"},"_links":{"self":[{"href":"https:\/\/blogs.ugr.es\/equipodocente\/wp-json\/wp\/v2\/pages\/538","targetHints":{"allow":["GET"]}}],"collection":[{"href":"https:\/\/blogs.ugr.es\/equipodocente\/wp-json\/wp\/v2\/pages"}],"about":[{"href":"https:\/\/blogs.ugr.es\/equipodocente\/wp-json\/wp\/v2\/types\/page"}],"author":[{"embeddable":true,"href":"https:\/\/blogs.ugr.es\/equipodocente\/wp-json\/wp\/v2\/users\/506"}],"replies":[{"embeddable":true,"href":"https:\/\/blogs.ugr.es\/equipodocente\/wp-json\/wp\/v2\/comments?post=538"}],"version-history":[{"count":3,"href":"https:\/\/blogs.ugr.es\/equipodocente\/wp-json\/wp\/v2\/pages\/538\/revisions"}],"predecessor-version":[{"id":557,"href":"https:\/\/blogs.ugr.es\/equipodocente\/wp-json\/wp\/v2\/pages\/538\/revisions\/557"}],"wp:attachment":[{"href":"https:\/\/blogs.ugr.es\/equipodocente\/wp-json\/wp\/v2\/media?parent=538"}],"wp:term":[{"taxonomy":"category","embeddable":true,"href":"https:\/\/blogs.ugr.es\/equipodocente\/wp-json\/wp\/v2\/categories?post=538"},{"taxonomy":"post_tag","embeddable":true,"href":"https:\/\/blogs.ugr.es\/equipodocente\/wp-json\/wp\/v2\/tags?post=538"}],"curies":[{"name":"wp","href":"https:\/\/api.w.org\/{rel}","templated":true}]}}