{"id":198,"date":"2024-05-14T18:21:05","date_gmt":"2024-05-14T16:21:05","guid":{"rendered":"https:\/\/blogs.ugr.es\/exploracreaofrecegranada\/?page_id=198"},"modified":"2026-01-15T20:18:59","modified_gmt":"2026-01-15T19:18:59","slug":"profesorado","status":"publish","type":"page","link":"https:\/\/blogs.ugr.es\/exploracreaofrecegranada\/profesorado\/","title":{"rendered":"Profesorado Curso 2025-2026"},"content":{"rendered":"<h2><a href=\"https:\/\/doinarepede.snlt.es\/\">Doina Repede<\/a><\/h2>\n<p><img loading=\"lazy\" decoding=\"async\" class=\" wp-image-202 alignleft\" src=\"https:\/\/blogs.ugr.es\/exploracreaofrecegranada\/wp-content\/uploads\/sites\/152\/2024\/05\/341-300x296.jpg\" alt=\"\" width=\"181\" height=\"179\" srcset=\"https:\/\/blogs.ugr.es\/exploracreaofrecegranada\/wp-content\/uploads\/sites\/152\/2024\/05\/341-300x296.jpg 300w, https:\/\/blogs.ugr.es\/exploracreaofrecegranada\/wp-content\/uploads\/sites\/152\/2024\/05\/341-700x691.jpg 700w, https:\/\/blogs.ugr.es\/exploracreaofrecegranada\/wp-content\/uploads\/sites\/152\/2024\/05\/341-75x75.jpg 75w, https:\/\/blogs.ugr.es\/exploracreaofrecegranada\/wp-content\/uploads\/sites\/152\/2024\/05\/341.jpg 800w\" sizes=\"auto, (max-width: 181px) 100vw, 181px\" \/>Doctora en Filolog\u00eda Hisp\u00e1nica por la Universidad de Sevilla y M\u00e1ster en Ense\u00f1anza del Espa\u00f1ol como Lengua Extranjera por la Universidad Pablo de Olavide. Actualmente es Profesora Ayudante Doctora en el Departamento de Lengua de la Universidad de Granada. Ha impartido asignaturas del \u00e1rea de Ling\u00fc\u00edstica en la Universidad de Sevilla en los Grados en Estudios ingleses y Filolog\u00eda Hisp\u00e1nica. Ha sido profesora de Lengua y Literatura Castellana en el\u00a0<em>Lyc\u00e9e International<\/em>\u00a0de Saint Germain-en-Laye (Par\u00eds) y el\u00a0<em>Lyc\u00e9e Maurice Ravel<\/em>\u00a0de San Jean de Luz (Francia). Tambi\u00e9n ha tutorizado TFM en el Master de Formaci\u00f3n del Profesorado de Educaci\u00f3n Secundaria de la Universidad Internacional de Valencia. El compromiso con la docencia le ha llevado a participar en numerosos cursos de formaci\u00f3n y congresos de innovaci\u00f3n docente.<\/p>\n<hr \/>\n<h2><a href=\"https:\/\/es.linkedin.com\/in\/celia-garz%C3%B3n-arrabal-72176932\" target=\"_blank\" rel=\"noopener\">Celia Garz\u00f3n Arrabal<\/a><\/h2>\n<p><img loading=\"lazy\" decoding=\"async\" class=\"alignnone wp-image-308 alignleft\" src=\"https:\/\/blogs.ugr.es\/exploracreaofrecegranada\/wp-content\/uploads\/sites\/152\/2024\/11\/IMG-20241028-WA0003-e1731008554322-235x300.jpg\" alt=\"\" width=\"159\" height=\"203\" srcset=\"https:\/\/blogs.ugr.es\/exploracreaofrecegranada\/wp-content\/uploads\/sites\/152\/2024\/11\/IMG-20241028-WA0003-e1731008554322-235x300.jpg 235w, https:\/\/blogs.ugr.es\/exploracreaofrecegranada\/wp-content\/uploads\/sites\/152\/2024\/11\/IMG-20241028-WA0003-e1731008554322.jpg 518w\" sizes=\"auto, (max-width: 159px) 100vw, 159px\" \/><\/p>\n<p style=\"text-align: left\">Doctora en Lenguas Romances por la Universidad de Carolina del Norte en Chapel Hill (EEUU), donde previamente obtuvo su M\u00e1ster en Lenguas Romances, ha ejercido como profesora contratada doctora en varias universidades americanas durante diez a\u00f1os. M\u00e1s tarde, se traslad\u00f3 definitivamente a Espa\u00f1a para dirigir los programas de estudios en el extranjero de Georgetown University y Wake Forest University. Adem\u00e1s, ha impartido clases de Lengua y Literatura Castellana en varios colegios internacionales y biling\u00fces. Actualmente es miembro del Departamento de Lengua Espa\u00f1ola de la Universidad de Granada. Siempre interesada en la innovaci\u00f3n docente y en la neuroeducaci\u00f3n, ha participado en cursos de Inteligencia Emocional y Mindfulness en el aula as\u00ed como Gamificaci\u00f3n. Recientemente se ha unido al proyecto ECO de Innovaci\u00f3n docente en la Universidad de Granada apostando por una ense\u00f1anza de calidad en la docencia universitaria.<\/p>\n<hr \/>\n<p><a href=\"https:\/\/blogs.ugr.es\/exploracreaofrecegranada\/profesorado-curso-2024-2025\/\">Profesorado Curso 2024-2025<\/a><\/p>\n","protected":false},"excerpt":{"rendered":"<p>Doina Repede Doctora en Filolog\u00eda Hisp\u00e1nica por la Universidad de Sevilla y M\u00e1ster en Ense\u00f1anza del Espa\u00f1ol como Lengua Extranjera por la Universidad Pablo de Olavide. Actualmente es Profesora Ayudante Doctora en el Departamento de Lengua de la Universidad de Granada. Ha impartido asignaturas del \u00e1rea de Ling\u00fc\u00edstica en la Universidad de Sevilla en los [&hellip;]<\/p>\n","protected":false},"author":662,"featured_media":0,"parent":0,"menu_order":0,"comment_status":"closed","ping_status":"closed","template":"","meta":{"_genesis_hide_title":false,"_genesis_hide_breadcrumbs":false,"_genesis_hide_singular_image":false,"_genesis_hide_footer_widgets":false,"_genesis_custom_body_class":"","_genesis_custom_post_class":"","_genesis_layout":"","footnotes":""},"categories":[],"tags":[],"class_list":{"0":"post-198","1":"page","2":"type-page","3":"status-publish","5":"entry"},"_links":{"self":[{"href":"https:\/\/blogs.ugr.es\/exploracreaofrecegranada\/wp-json\/wp\/v2\/pages\/198","targetHints":{"allow":["GET"]}}],"collection":[{"href":"https:\/\/blogs.ugr.es\/exploracreaofrecegranada\/wp-json\/wp\/v2\/pages"}],"about":[{"href":"https:\/\/blogs.ugr.es\/exploracreaofrecegranada\/wp-json\/wp\/v2\/types\/page"}],"author":[{"embeddable":true,"href":"https:\/\/blogs.ugr.es\/exploracreaofrecegranada\/wp-json\/wp\/v2\/users\/662"}],"replies":[{"embeddable":true,"href":"https:\/\/blogs.ugr.es\/exploracreaofrecegranada\/wp-json\/wp\/v2\/comments?post=198"}],"version-history":[{"count":4,"href":"https:\/\/blogs.ugr.es\/exploracreaofrecegranada\/wp-json\/wp\/v2\/pages\/198\/revisions"}],"predecessor-version":[{"id":423,"href":"https:\/\/blogs.ugr.es\/exploracreaofrecegranada\/wp-json\/wp\/v2\/pages\/198\/revisions\/423"}],"wp:attachment":[{"href":"https:\/\/blogs.ugr.es\/exploracreaofrecegranada\/wp-json\/wp\/v2\/media?parent=198"}],"wp:term":[{"taxonomy":"category","embeddable":true,"href":"https:\/\/blogs.ugr.es\/exploracreaofrecegranada\/wp-json\/wp\/v2\/categories?post=198"},{"taxonomy":"post_tag","embeddable":true,"href":"https:\/\/blogs.ugr.es\/exploracreaofrecegranada\/wp-json\/wp\/v2\/tags?post=198"}],"curies":[{"name":"wp","href":"https:\/\/api.w.org\/{rel}","templated":true}]}}