{"id":119,"date":"2018-01-22T09:22:43","date_gmt":"2018-01-22T08:22:43","guid":{"rendered":"https:\/\/blogs.ugr.es\/fajalauza-hd\/?page_id=119"},"modified":"2021-04-22T09:10:37","modified_gmt":"2021-04-22T07:10:37","slug":"inicio","status":"publish","type":"page","link":"https:\/\/blogs.ugr.es\/fajalauza-hd\/","title":{"rendered":"Inicio"},"content":{"rendered":"<h4 style=\"text-align: center\"><span style=\"font-weight: 400\">El Proyecto Fajalauza-Hd estudia los cambios en el sistema productivo cer\u00e1mico granadino en \u00e9poca post-medieval con el uso de las Humanidades digitales como fuente generadora de conocimiento. Hemos creado la primera biblioteca digital de cer\u00e1mica de Fajalauza.<\/span><\/h4>\n<h4 style=\"text-align: center\"><\/h4>\n<h4 style=\"text-align: center\"><span style=\"font-weight: 400\">Proyecto de la Universidad de Granada y la Fundaci\u00f3n Cer\u00e1mica Fajalauza Cecilio Morales.<\/span><\/h4>\n<p>&nbsp;<\/p>\n\n\t\t<style type=\"text\/css\">\n\t\t\t#gallery-1 {\n\t\t\t\tmargin: auto;\n\t\t\t}\n\t\t\t#gallery-1 .gallery-item {\n\t\t\t\tfloat: left;\n\t\t\t\tmargin-top: 10px;\n\t\t\t\ttext-align: center;\n\t\t\t\twidth: 50%;\n\t\t\t}\n\t\t\t#gallery-1 img {\n\t\t\t\tborder: 2px solid #cfcfcf;\n\t\t\t}\n\t\t\t#gallery-1 .gallery-caption {\n\t\t\t\tmargin-left: 0;\n\t\t\t}\n\t\t\t\/* see gallery_shortcode() in wp-includes\/media.php *\/\n\t\t<\/style>\n\t\t<div id='gallery-1' class='gallery galleryid-119 gallery-columns-2 gallery-size-large'><dl class='gallery-item'>\n\t\t\t<dt class='gallery-icon landscape'>\n\t\t\t\t<img loading=\"lazy\" decoding=\"async\" width=\"700\" height=\"525\" src=\"https:\/\/blogs.ugr.es\/fajalauza-hd\/wp-content\/uploads\/sites\/94\/2021\/04\/FAJALAUZA-FOTO-1-700x525.jpeg\" class=\"attachment-large size-large\" alt=\"\" srcset=\"https:\/\/blogs.ugr.es\/fajalauza-hd\/wp-content\/uploads\/sites\/94\/2021\/04\/FAJALAUZA-FOTO-1-700x525.jpeg 700w, https:\/\/blogs.ugr.es\/fajalauza-hd\/wp-content\/uploads\/sites\/94\/2021\/04\/FAJALAUZA-FOTO-1-300x225.jpeg 300w, https:\/\/blogs.ugr.es\/fajalauza-hd\/wp-content\/uploads\/sites\/94\/2021\/04\/FAJALAUZA-FOTO-1-400x300.jpeg 400w, https:\/\/blogs.ugr.es\/fajalauza-hd\/wp-content\/uploads\/sites\/94\/2021\/04\/FAJALAUZA-FOTO-1.jpeg 800w\" sizes=\"auto, (max-width: 700px) 100vw, 700px\" \/>\n\t\t\t<\/dt><\/dl><dl class='gallery-item'>\n\t\t\t<dt class='gallery-icon landscape'>\n\t\t\t\t<img loading=\"lazy\" decoding=\"async\" width=\"700\" height=\"525\" src=\"https:\/\/blogs.ugr.es\/fajalauza-hd\/wp-content\/uploads\/sites\/94\/2021\/04\/WhatsApp-Image-2021-03-19-at-14.35.211-700x525.jpeg\" class=\"attachment-large size-large\" alt=\"\" srcset=\"https:\/\/blogs.ugr.es\/fajalauza-hd\/wp-content\/uploads\/sites\/94\/2021\/04\/WhatsApp-Image-2021-03-19-at-14.35.211-700x525.jpeg 700w, https:\/\/blogs.ugr.es\/fajalauza-hd\/wp-content\/uploads\/sites\/94\/2021\/04\/WhatsApp-Image-2021-03-19-at-14.35.211-300x225.jpeg 300w, https:\/\/blogs.ugr.es\/fajalauza-hd\/wp-content\/uploads\/sites\/94\/2021\/04\/WhatsApp-Image-2021-03-19-at-14.35.211-400x300.jpeg 400w, https:\/\/blogs.ugr.es\/fajalauza-hd\/wp-content\/uploads\/sites\/94\/2021\/04\/WhatsApp-Image-2021-03-19-at-14.35.211.jpeg 800w\" sizes=\"auto, (max-width: 700px) 100vw, 700px\" \/>\n\t\t\t<\/dt><\/dl><br style=\"clear: both\" \/><dl class='gallery-item'>\n\t\t\t<dt class='gallery-icon portrait'>\n\t\t\t\t<img loading=\"lazy\" decoding=\"async\" width=\"525\" height=\"700\" src=\"https:\/\/blogs.ugr.es\/fajalauza-hd\/wp-content\/uploads\/sites\/94\/2021\/04\/2021-04-21-19.37.18-525x700.jpg\" class=\"attachment-large size-large\" alt=\"\" srcset=\"https:\/\/blogs.ugr.es\/fajalauza-hd\/wp-content\/uploads\/sites\/94\/2021\/04\/2021-04-21-19.37.18-525x700.jpg 525w, https:\/\/blogs.ugr.es\/fajalauza-hd\/wp-content\/uploads\/sites\/94\/2021\/04\/2021-04-21-19.37.18-225x300.jpg 225w, https:\/\/blogs.ugr.es\/fajalauza-hd\/wp-content\/uploads\/sites\/94\/2021\/04\/2021-04-21-19.37.18.jpg 600w\" sizes=\"auto, (max-width: 525px) 100vw, 525px\" \/>\n\t\t\t<\/dt><\/dl><dl class='gallery-item'>\n\t\t\t<dt class='gallery-icon portrait'>\n\t\t\t\t<img loading=\"lazy\" decoding=\"async\" width=\"525\" height=\"700\" src=\"https:\/\/blogs.ugr.es\/fajalauza-hd\/wp-content\/uploads\/sites\/94\/2021\/04\/2021-04-21-19.37.10-525x700.jpg\" class=\"attachment-large size-large\" alt=\"\" srcset=\"https:\/\/blogs.ugr.es\/fajalauza-hd\/wp-content\/uploads\/sites\/94\/2021\/04\/2021-04-21-19.37.10-525x700.jpg 525w, https:\/\/blogs.ugr.es\/fajalauza-hd\/wp-content\/uploads\/sites\/94\/2021\/04\/2021-04-21-19.37.10-225x300.jpg 225w, https:\/\/blogs.ugr.es\/fajalauza-hd\/wp-content\/uploads\/sites\/94\/2021\/04\/2021-04-21-19.37.10.jpg 600w\" sizes=\"auto, (max-width: 525px) 100vw, 525px\" \/>\n\t\t\t<\/dt><\/dl><br style=\"clear: both\" \/><dl class='gallery-item'>\n\t\t\t<dt class='gallery-icon landscape'>\n\t\t\t\t<img loading=\"lazy\" decoding=\"async\" width=\"700\" height=\"525\" src=\"https:\/\/blogs.ugr.es\/fajalauza-hd\/wp-content\/uploads\/sites\/94\/2021\/04\/2021-04-21-19.36.54-700x525.jpg\" class=\"attachment-large size-large\" alt=\"\" srcset=\"https:\/\/blogs.ugr.es\/fajalauza-hd\/wp-content\/uploads\/sites\/94\/2021\/04\/2021-04-21-19.36.54-700x525.jpg 700w, https:\/\/blogs.ugr.es\/fajalauza-hd\/wp-content\/uploads\/sites\/94\/2021\/04\/2021-04-21-19.36.54-300x225.jpg 300w, https:\/\/blogs.ugr.es\/fajalauza-hd\/wp-content\/uploads\/sites\/94\/2021\/04\/2021-04-21-19.36.54-400x300.jpg 400w, https:\/\/blogs.ugr.es\/fajalauza-hd\/wp-content\/uploads\/sites\/94\/2021\/04\/2021-04-21-19.36.54.jpg 800w\" sizes=\"auto, (max-width: 700px) 100vw, 700px\" \/>\n\t\t\t<\/dt><\/dl><dl class='gallery-item'>\n\t\t\t<dt class='gallery-icon landscape'>\n\t\t\t\t<img loading=\"lazy\" decoding=\"async\" width=\"700\" height=\"525\" src=\"https:\/\/blogs.ugr.es\/fajalauza-hd\/wp-content\/uploads\/sites\/94\/2021\/04\/2021-04-21-19.38.16-700x525.jpg\" class=\"attachment-large size-large\" alt=\"\" srcset=\"https:\/\/blogs.ugr.es\/fajalauza-hd\/wp-content\/uploads\/sites\/94\/2021\/04\/2021-04-21-19.38.16-700x525.jpg 700w, https:\/\/blogs.ugr.es\/fajalauza-hd\/wp-content\/uploads\/sites\/94\/2021\/04\/2021-04-21-19.38.16-300x225.jpg 300w, https:\/\/blogs.ugr.es\/fajalauza-hd\/wp-content\/uploads\/sites\/94\/2021\/04\/2021-04-21-19.38.16-400x300.jpg 400w, https:\/\/blogs.ugr.es\/fajalauza-hd\/wp-content\/uploads\/sites\/94\/2021\/04\/2021-04-21-19.38.16.jpg 800w\" sizes=\"auto, (max-width: 700px) 100vw, 700px\" \/>\n\t\t\t<\/dt><\/dl><br style=\"clear: both\" \/>\n\t\t<\/div>\n\n","protected":false},"excerpt":{"rendered":"<p>El Proyecto Fajalauza-Hd estudia los cambios en el sistema productivo cer\u00e1mico granadino en \u00e9poca post-medieval con el uso de las Humanidades digitales como fuente generadora de conocimiento. Hemos creado la primera biblioteca digital de cer\u00e1mica de Fajalauza. Proyecto de la Universidad de Granada y la Fundaci\u00f3n Cer\u00e1mica Fajalauza Cecilio Morales. &nbsp;<\/p>\n","protected":false},"author":2,"featured_media":0,"parent":0,"menu_order":0,"comment_status":"closed","ping_status":"closed","template":"","meta":{"footnotes":""},"categories":[],"tags":[],"class_list":["post-119","page","type-page","status-publish","hentry"],"_links":{"self":[{"href":"https:\/\/blogs.ugr.es\/fajalauza-hd\/wp-json\/wp\/v2\/pages\/119","targetHints":{"allow":["GET"]}}],"collection":[{"href":"https:\/\/blogs.ugr.es\/fajalauza-hd\/wp-json\/wp\/v2\/pages"}],"about":[{"href":"https:\/\/blogs.ugr.es\/fajalauza-hd\/wp-json\/wp\/v2\/types\/page"}],"author":[{"embeddable":true,"href":"https:\/\/blogs.ugr.es\/fajalauza-hd\/wp-json\/wp\/v2\/users\/2"}],"replies":[{"embeddable":true,"href":"https:\/\/blogs.ugr.es\/fajalauza-hd\/wp-json\/wp\/v2\/comments?post=119"}],"version-history":[{"count":4,"href":"https:\/\/blogs.ugr.es\/fajalauza-hd\/wp-json\/wp\/v2\/pages\/119\/revisions"}],"predecessor-version":[{"id":452,"href":"https:\/\/blogs.ugr.es\/fajalauza-hd\/wp-json\/wp\/v2\/pages\/119\/revisions\/452"}],"wp:attachment":[{"href":"https:\/\/blogs.ugr.es\/fajalauza-hd\/wp-json\/wp\/v2\/media?parent=119"}],"wp:term":[{"taxonomy":"category","embeddable":true,"href":"https:\/\/blogs.ugr.es\/fajalauza-hd\/wp-json\/wp\/v2\/categories?post=119"},{"taxonomy":"post_tag","embeddable":true,"href":"https:\/\/blogs.ugr.es\/fajalauza-hd\/wp-json\/wp\/v2\/tags?post=119"}],"curies":[{"name":"wp","href":"https:\/\/api.w.org\/{rel}","templated":true}]}}