{"id":288,"date":"2021-04-19T13:33:40","date_gmt":"2021-04-19T11:33:40","guid":{"rendered":"https:\/\/blogs.ugr.es\/fajalauza-hd\/?page_id=288"},"modified":"2021-04-20T16:34:20","modified_gmt":"2021-04-20T14:34:20","slug":"la-fundacion-ceramica-fajalauza-cecilio-morales","status":"publish","type":"page","link":"https:\/\/blogs.ugr.es\/fajalauza-hd\/la-fundacion-ceramica-fajalauza-cecilio-morales\/","title":{"rendered":"La Fundaci\u00f3n Cer\u00e1mica Fajalauza Cecilio Morales"},"content":{"rendered":"<h2 style=\"text-align: center\"><span style=\"color: #333333\"><strong>LA FUNDACI\u00d3N CER\u00c1MICA FAJALAUZA CECILIO MORALES<\/strong><\/span><\/h2>\n<p>&nbsp;<\/p>\n<h5 style=\"text-align: center\"><em><span style=\"font-weight: 400\">La Fundaci\u00f3n Cer\u00e1mica Fajalauza Cecilio Morales nace para evitar que se pierda una importante tradici\u00f3n alfarera y los valores patrimoniales materiales e inmateriales que representa.\u00a0<\/span><\/em><\/h5>\n<h5 style=\"text-align: center\"><em><span style=\"font-weight: 400\">Tiene una vocaci\u00f3n patrimonial y de servicio a la ciudadan\u00eda que busca preservar la identidad granadina y su patrimonio cultural.<\/span><\/em><\/h5>\n<p>&nbsp;<\/p>\n<p><span style=\"font-weight: 400\">Los objetivos fundamentales de la Fundaci\u00f3n son preservar la tradici\u00f3n artesanal y art\u00edstica de la cer\u00e1mica granadina de Fajalauza, de herencia cultural y etnogr\u00e1fica de claro origen morisco que ha llegado, gracias al esfuerzo de la familia Morales, hasta nuestros d\u00edas. Su inter\u00e9s tambi\u00e9n va dirigido a transmitir esta herencia a toda la ciudadan\u00eda como patrimonio cultural inmaterial y memoria colectiva, participando y colaborando con la investigaci\u00f3n y formaci\u00f3n necesarias que favorezca esta difusi\u00f3n. De ah\u00ed adem\u00e1s que su actividad se oriente a la integraci\u00f3n de esta cer\u00e1mica en el mercado actual, ayudando de esta forma a la continuidad en su producci\u00f3n.\u00a0<\/span><\/p>\n<p>&nbsp;<\/p>\n<p><span style=\"font-weight: 400\">El inter\u00e9s de la Fundaci\u00f3n va m\u00e1s all\u00e1 y pretende dotar al centro de una colecci\u00f3n de piezas que hagan de \u00e9l un espacio muse\u00edstico de referencia, adem\u00e1s de realizaci\u00f3n de actividades educativas y de difusi\u00f3n de las caracter\u00edsticas, historia, entorno de producci\u00f3n y comercializaci\u00f3n. Por todo ello est\u00e1n llevando a cabo talleres concretos que den a conocer los procesos de la producci\u00f3n a profesionales y p\u00fablico interesado. La colaboraci\u00f3n con instituciones p\u00fablicas e instituciones culturales es considerada por los miembros de la Fundaci\u00f3n como un elemento fundamental para llevar a cabo sus actuaciones.\u00a0<\/span><\/p>\n<p>&nbsp;<\/p>\n<p><span style=\"font-weight: 400\">La Fundaci\u00f3n Cer\u00e1mica Fajalauza Cecilio Morales y la Universidad de Granada tienen objetivos comunes en la defensa del patrimonio material e inmaterial y sus valores culturales y sociales. En este caso, adem\u00e1s, ambas instituciones representan se\u00f1as de identidad de la ciudad de Granada. Dados estos intereses y objetivos ha surgido la colaboraci\u00f3n con la Universidad de Granada, que se plasm\u00f3 en la firma de un Convenio Marco de Colaboraci\u00f3n y la ejecuci\u00f3n del Proyecto de Investigaci\u00f3n La cer\u00e1mica de Fajalauza como patrimonio y se\u00f1a de identidad de Granada (IP: Jos\u00e9 M\u00aa Mart\u00edn Civantos), del que el presente proyecto es continuador.\u00a0\u00a0<\/span><\/p>\n<p>&nbsp;<\/p>\n<p><span style=\"font-weight: 400\">La difusi\u00f3n es un elemento fundamental que sirve de apoyo a las actividades a realizar con la Fundaci\u00f3n.\u00a0 Igualmente, la importancia hist\u00f3rica y patrimonial de Fajalauza es un elemento de inter\u00e9s fundamental para la investigaci\u00f3n que desde PRINMA se est\u00e1 llevando a cabo. As\u00ed mismo toda la tradici\u00f3n y saberes artesanales adem\u00e1s de la importancia hist\u00f3rica que esta cer\u00e1mica ha tenido en la trayectoria cultural de la ciudad de Granada son de inter\u00e9s mutuos para ambas instituciones.<\/span><\/p>\n<p>&nbsp;<\/p>\n<p><span style=\"font-weight: 400\"><img loading=\"lazy\" decoding=\"async\" class=\" wp-image-326 aligncenter\" src=\"https:\/\/blogs.ugr.es\/fajalauza-hd\/wp-content\/uploads\/sites\/94\/2021\/04\/cropped-icon-web-300x300.png\" alt=\"\" width=\"112\" height=\"112\" srcset=\"https:\/\/blogs.ugr.es\/fajalauza-hd\/wp-content\/uploads\/sites\/94\/2021\/04\/cropped-icon-web-300x300.png 300w, https:\/\/blogs.ugr.es\/fajalauza-hd\/wp-content\/uploads\/sites\/94\/2021\/04\/cropped-icon-web-150x150.png 150w, https:\/\/blogs.ugr.es\/fajalauza-hd\/wp-content\/uploads\/sites\/94\/2021\/04\/cropped-icon-web-50x50.png 50w, https:\/\/blogs.ugr.es\/fajalauza-hd\/wp-content\/uploads\/sites\/94\/2021\/04\/cropped-icon-web-80x80.png 80w, https:\/\/blogs.ugr.es\/fajalauza-hd\/wp-content\/uploads\/sites\/94\/2021\/04\/cropped-icon-web-270x270.png 270w, https:\/\/blogs.ugr.es\/fajalauza-hd\/wp-content\/uploads\/sites\/94\/2021\/04\/cropped-icon-web-192x192.png 192w, https:\/\/blogs.ugr.es\/fajalauza-hd\/wp-content\/uploads\/sites\/94\/2021\/04\/cropped-icon-web-180x180.png 180w, https:\/\/blogs.ugr.es\/fajalauza-hd\/wp-content\/uploads\/sites\/94\/2021\/04\/cropped-icon-web-32x32.png 32w, https:\/\/blogs.ugr.es\/fajalauza-hd\/wp-content\/uploads\/sites\/94\/2021\/04\/cropped-icon-web.png 512w\" sizes=\"auto, (max-width: 112px) 100vw, 112px\" \/><\/span><\/p>\n","protected":false},"excerpt":{"rendered":"<p>LA FUNDACI\u00d3N CER\u00c1MICA FAJALAUZA CECILIO MORALES &nbsp; La Fundaci\u00f3n Cer\u00e1mica Fajalauza Cecilio Morales nace para evitar que se pierda una importante tradici\u00f3n alfarera y los valores patrimoniales materiales e inmateriales que representa.\u00a0 Tiene una vocaci\u00f3n patrimonial y de servicio a la ciudadan\u00eda que busca preservar la identidad granadina y su patrimonio cultural. &nbsp; Los objetivos [&hellip;]<\/p>\n","protected":false},"author":567,"featured_media":0,"parent":0,"menu_order":0,"comment_status":"closed","ping_status":"closed","template":"","meta":{"footnotes":""},"categories":[],"tags":[],"class_list":["post-288","page","type-page","status-publish","hentry"],"_links":{"self":[{"href":"https:\/\/blogs.ugr.es\/fajalauza-hd\/wp-json\/wp\/v2\/pages\/288","targetHints":{"allow":["GET"]}}],"collection":[{"href":"https:\/\/blogs.ugr.es\/fajalauza-hd\/wp-json\/wp\/v2\/pages"}],"about":[{"href":"https:\/\/blogs.ugr.es\/fajalauza-hd\/wp-json\/wp\/v2\/types\/page"}],"author":[{"embeddable":true,"href":"https:\/\/blogs.ugr.es\/fajalauza-hd\/wp-json\/wp\/v2\/users\/567"}],"replies":[{"embeddable":true,"href":"https:\/\/blogs.ugr.es\/fajalauza-hd\/wp-json\/wp\/v2\/comments?post=288"}],"version-history":[{"count":3,"href":"https:\/\/blogs.ugr.es\/fajalauza-hd\/wp-json\/wp\/v2\/pages\/288\/revisions"}],"predecessor-version":[{"id":357,"href":"https:\/\/blogs.ugr.es\/fajalauza-hd\/wp-json\/wp\/v2\/pages\/288\/revisions\/357"}],"wp:attachment":[{"href":"https:\/\/blogs.ugr.es\/fajalauza-hd\/wp-json\/wp\/v2\/media?parent=288"}],"wp:term":[{"taxonomy":"category","embeddable":true,"href":"https:\/\/blogs.ugr.es\/fajalauza-hd\/wp-json\/wp\/v2\/categories?post=288"},{"taxonomy":"post_tag","embeddable":true,"href":"https:\/\/blogs.ugr.es\/fajalauza-hd\/wp-json\/wp\/v2\/tags?post=288"}],"curies":[{"name":"wp","href":"https:\/\/api.w.org\/{rel}","templated":true}]}}