{"id":300,"date":"2021-04-19T20:14:37","date_gmt":"2021-04-19T18:14:37","guid":{"rendered":"https:\/\/blogs.ugr.es\/fajalauza-hd\/?page_id=300"},"modified":"2021-04-20T16:43:00","modified_gmt":"2021-04-20T14:43:00","slug":"proyecto","status":"publish","type":"page","link":"https:\/\/blogs.ugr.es\/fajalauza-hd\/proyecto\/","title":{"rendered":"Proyecto"},"content":{"rendered":"<h2 style=\"text-align: center\"><span style=\"color: #333333\"><strong>PROYECTO<\/strong><\/span><\/h2>\n<p>&nbsp;<\/p>\n<h5 style=\"text-align: center\"><em><span style=\"font-weight: 400\">El Proyecto Fajalauza-Hd estudia los cambios en el sistema productivo cer\u00e1mico granadino en \u00e9poca post-medieval con el uso de las Humanidades digitales como fuente generadora de conocimiento. Hemos creado la primera biblioteca digital de cer\u00e1mica de Fajalauza.<\/span><\/em><\/h5>\n<p>&nbsp;<\/p>\n<p><span style=\"font-weight: 400\">Fajalauza HD inicia una l\u00ednea de trabajo novedosa, en tanto que integra Humanidades digitales, Arqueolog\u00eda, Historia e Historia del Arte, d\u00e1ndole una importancia clave a la difusi\u00f3n, conectando con su entorno y contribuyendo al avance de la sociedad. Estamos ante un proyecto de investigaci\u00f3n que aborda una tem\u00e1tica estrat\u00e9gica para la Universidad de Granada relacionada con el \u00e1mbito de la cultura, resultando de inter\u00e9s tanto para la ciudad de Granada, como la propia Universidad y la Fundaci\u00f3n Cer\u00e1mica Fajalauza Cecilio Morales.\u00a0<\/span><\/p>\n<p>&nbsp;<\/p>\n<p><span style=\"font-weight: 400\"><img loading=\"lazy\" decoding=\"async\" class=\" wp-image-326 aligncenter\" src=\"https:\/\/blogs.ugr.es\/fajalauza-hd\/wp-content\/uploads\/sites\/94\/2021\/04\/cropped-icon-web-300x300.png\" alt=\"\" width=\"112\" height=\"112\" srcset=\"https:\/\/blogs.ugr.es\/fajalauza-hd\/wp-content\/uploads\/sites\/94\/2021\/04\/cropped-icon-web-300x300.png 300w, https:\/\/blogs.ugr.es\/fajalauza-hd\/wp-content\/uploads\/sites\/94\/2021\/04\/cropped-icon-web-150x150.png 150w, https:\/\/blogs.ugr.es\/fajalauza-hd\/wp-content\/uploads\/sites\/94\/2021\/04\/cropped-icon-web-50x50.png 50w, https:\/\/blogs.ugr.es\/fajalauza-hd\/wp-content\/uploads\/sites\/94\/2021\/04\/cropped-icon-web-80x80.png 80w, https:\/\/blogs.ugr.es\/fajalauza-hd\/wp-content\/uploads\/sites\/94\/2021\/04\/cropped-icon-web-270x270.png 270w, https:\/\/blogs.ugr.es\/fajalauza-hd\/wp-content\/uploads\/sites\/94\/2021\/04\/cropped-icon-web-192x192.png 192w, https:\/\/blogs.ugr.es\/fajalauza-hd\/wp-content\/uploads\/sites\/94\/2021\/04\/cropped-icon-web-180x180.png 180w, https:\/\/blogs.ugr.es\/fajalauza-hd\/wp-content\/uploads\/sites\/94\/2021\/04\/cropped-icon-web-32x32.png 32w, https:\/\/blogs.ugr.es\/fajalauza-hd\/wp-content\/uploads\/sites\/94\/2021\/04\/cropped-icon-web.png 512w\" sizes=\"auto, (max-width: 112px) 100vw, 112px\" \/><\/span><\/p>\n","protected":false},"excerpt":{"rendered":"<p>PROYECTO &nbsp; El Proyecto Fajalauza-Hd estudia los cambios en el sistema productivo cer\u00e1mico granadino en \u00e9poca post-medieval con el uso de las Humanidades digitales como fuente generadora de conocimiento. Hemos creado la primera biblioteca digital de cer\u00e1mica de Fajalauza. &nbsp; Fajalauza HD inicia una l\u00ednea de trabajo novedosa, en tanto que integra Humanidades digitales, Arqueolog\u00eda, [&hellip;]<\/p>\n","protected":false},"author":567,"featured_media":0,"parent":0,"menu_order":0,"comment_status":"closed","ping_status":"closed","template":"","meta":{"footnotes":""},"categories":[],"tags":[],"class_list":["post-300","page","type-page","status-publish","hentry"],"_links":{"self":[{"href":"https:\/\/blogs.ugr.es\/fajalauza-hd\/wp-json\/wp\/v2\/pages\/300","targetHints":{"allow":["GET"]}}],"collection":[{"href":"https:\/\/blogs.ugr.es\/fajalauza-hd\/wp-json\/wp\/v2\/pages"}],"about":[{"href":"https:\/\/blogs.ugr.es\/fajalauza-hd\/wp-json\/wp\/v2\/types\/page"}],"author":[{"embeddable":true,"href":"https:\/\/blogs.ugr.es\/fajalauza-hd\/wp-json\/wp\/v2\/users\/567"}],"replies":[{"embeddable":true,"href":"https:\/\/blogs.ugr.es\/fajalauza-hd\/wp-json\/wp\/v2\/comments?post=300"}],"version-history":[{"count":3,"href":"https:\/\/blogs.ugr.es\/fajalauza-hd\/wp-json\/wp\/v2\/pages\/300\/revisions"}],"predecessor-version":[{"id":358,"href":"https:\/\/blogs.ugr.es\/fajalauza-hd\/wp-json\/wp\/v2\/pages\/300\/revisions\/358"}],"wp:attachment":[{"href":"https:\/\/blogs.ugr.es\/fajalauza-hd\/wp-json\/wp\/v2\/media?parent=300"}],"wp:term":[{"taxonomy":"category","embeddable":true,"href":"https:\/\/blogs.ugr.es\/fajalauza-hd\/wp-json\/wp\/v2\/categories?post=300"},{"taxonomy":"post_tag","embeddable":true,"href":"https:\/\/blogs.ugr.es\/fajalauza-hd\/wp-json\/wp\/v2\/tags?post=300"}],"curies":[{"name":"wp","href":"https:\/\/api.w.org\/{rel}","templated":true}]}}