{"id":202,"date":"2023-03-22T16:43:14","date_gmt":"2023-03-22T15:43:14","guid":{"rendered":"https:\/\/blogs.ugr.es\/filosofiasocial\/?page_id=202"},"modified":"2026-01-13T17:07:30","modified_gmt":"2026-01-13T16:07:30","slug":"miembros","status":"publish","type":"page","link":"https:\/\/blogs.ugr.es\/filosofiasocial\/miembros\/","title":{"rendered":"Integrantes"},"content":{"rendered":"<p><img loading=\"lazy\" decoding=\"async\" class=\"alignnone size-full wp-image-625\" src=\"https:\/\/blogs.ugr.es\/filosofiasocial\/wp-content\/uploads\/sites\/138\/2025\/04\/WhatsApp-Image-2025-04-03-at-14.26.48.jpeg\" alt=\"\" width=\"200\" height=\"239\" \/><\/p>\n<p><strong>Jos\u00e9 Luis Moreno Pesta\u00f1a<\/strong> es profesor de Filosof\u00eda Moral en la Universidad de Granada. Estudia los procesos de configuraci\u00f3n hist\u00f3rica de la norma acad\u00e9mica en filosof\u00eda, la violencia simb\u00f3lica y laboral sobre el cuerpo y la renovaci\u00f3n de la democracia contempor\u00e1nea a trav\u00e9s de procedimientos de la democracia antigua.<\/p>\n<p>&nbsp;<\/p>\n<p><img loading=\"lazy\" decoding=\"async\" class=\"alignnone size-medium wp-image-227\" src=\"https:\/\/blogs.ugr.es\/filosofiasocial\/wp-content\/uploads\/sites\/138\/2023\/03\/17dbd471-b0b3-4ff1-bdfd-ecf2b8e323b6-300x171.jpg\" alt=\"\" width=\"300\" height=\"171\" srcset=\"https:\/\/blogs.ugr.es\/filosofiasocial\/wp-content\/uploads\/sites\/138\/2023\/03\/17dbd471-b0b3-4ff1-bdfd-ecf2b8e323b6-300x171.jpg 300w, https:\/\/blogs.ugr.es\/filosofiasocial\/wp-content\/uploads\/sites\/138\/2023\/03\/17dbd471-b0b3-4ff1-bdfd-ecf2b8e323b6-700x400.jpg 700w, https:\/\/blogs.ugr.es\/filosofiasocial\/wp-content\/uploads\/sites\/138\/2023\/03\/17dbd471-b0b3-4ff1-bdfd-ecf2b8e323b6-332x190.jpg 332w, https:\/\/blogs.ugr.es\/filosofiasocial\/wp-content\/uploads\/sites\/138\/2023\/03\/17dbd471-b0b3-4ff1-bdfd-ecf2b8e323b6.jpg 800w\" sizes=\"auto, (max-width: 300px) 100vw, 300px\" \/><\/p>\n<p><strong>Violeta Garrido<\/strong> es investigadora predoctoral con contrato FPU en el Departamento de Filosof\u00eda I de la Universidad de Granada. Se gradu\u00f3 en Humanidades por la Universidad Pompeu Fabra y curs\u00f3 el m\u00e1ster en Ciencias Humanas y Sociales con especializaci\u00f3n en Literatura en la \u00c9cole des hautes \u00e9tudes en sciences sociales de Par\u00eds. Se interesa por las intersecciones entre el marxismo y la cultura.<\/p>\n<p><img loading=\"lazy\" decoding=\"async\" class=\" wp-image-812 alignleft\" src=\"https:\/\/blogs.ugr.es\/filosofiasocial\/wp-content\/uploads\/sites\/138\/2025\/11\/JARM-273x300.jpg\" alt=\"\" width=\"182\" height=\"200\" srcset=\"https:\/\/blogs.ugr.es\/filosofiasocial\/wp-content\/uploads\/sites\/138\/2025\/11\/JARM-273x300.jpg 273w, https:\/\/blogs.ugr.es\/filosofiasocial\/wp-content\/uploads\/sites\/138\/2025\/11\/JARM.jpg 582w\" sizes=\"auto, (max-width: 182px) 100vw, 182px\" \/><\/p>\n<p>&nbsp;<\/p>\n<p>&nbsp;<\/p>\n<p>&nbsp;<\/p>\n<p>&nbsp;<\/p>\n<p>&nbsp;<\/p>\n<p>&nbsp;<\/p>\n<p>&nbsp;<\/p>\n<p><strong><span class=\"s2\">Jes\u00fas \u00c1ngel Ruiz Moreno <\/span><\/strong>es investigador predoctoral en el Departamento de Filosof\u00eda I de la Universidad de Granada. Licenciado en Filolog\u00eda Hisp\u00e1nica y en Teor\u00eda de la Literatura y Literatura Comparada por la Universidad de Granada. Diploma de Estudios Avanzados en Literatura Espa\u00f1ola Contempor\u00e1nea. Sus l\u00edneas principales de trabajo son el republicanismo socialista y el socialismo con mecanismos de mercado.<\/p>\n<p>&nbsp;<\/p>\n<p><img loading=\"lazy\" decoding=\"async\" class=\"alignnone size-medium wp-image-250\" src=\"https:\/\/blogs.ugr.es\/filosofiasocial\/wp-content\/uploads\/sites\/138\/2023\/03\/Foto-2021-225x300.jpg\" alt=\"\" width=\"225\" height=\"300\" srcset=\"https:\/\/blogs.ugr.es\/filosofiasocial\/wp-content\/uploads\/sites\/138\/2023\/03\/Foto-2021-225x300.jpg 225w, https:\/\/blogs.ugr.es\/filosofiasocial\/wp-content\/uploads\/sites\/138\/2023\/03\/Foto-2021.jpg 240w\" sizes=\"auto, (max-width: 225px) 100vw, 225px\" \/><\/p>\n<p><strong>Jorge Costa Delgado<\/strong> es profesor de Filosof\u00eda en la Universidad de Alcal\u00e1. Ha investigado y publicado sobre las condiciones sociales de producci\u00f3n cultural y participaci\u00f3n pol\u00edtica, sobre filosof\u00eda espa\u00f1ola contempor\u00e1nea y sobre la relaci\u00f3n entre instituciones pol\u00edticas, democracia y movimientos sociales. Entre otras publicaciones, es autor de <em>La educaci\u00f3n pol\u00edtica de las masas. Capital cultural y clases sociales en la Generaci\u00f3n del 14<\/em> (Siglo XXI, 2019) y coordinador de <em>Todo lo que entr\u00f3 en crisis. Escenas de clase y crisis econ\u00f3mica, cultural y social<\/em> (Akal, 2023).<\/p>\n<p>&nbsp;<\/p>\n<p><img loading=\"lazy\" decoding=\"async\" class=\"alignnone size-medium wp-image-253\" src=\"https:\/\/blogs.ugr.es\/filosofiasocial\/wp-content\/uploads\/sites\/138\/2023\/03\/Nu-2-300x200.jpeg\" alt=\"\" width=\"300\" height=\"200\" srcset=\"https:\/\/blogs.ugr.es\/filosofiasocial\/wp-content\/uploads\/sites\/138\/2023\/03\/Nu-2-300x200.jpeg 300w, https:\/\/blogs.ugr.es\/filosofiasocial\/wp-content\/uploads\/sites\/138\/2023\/03\/Nu-2-700x466.jpeg 700w, https:\/\/blogs.ugr.es\/filosofiasocial\/wp-content\/uploads\/sites\/138\/2023\/03\/Nu-2.jpeg 800w\" sizes=\"auto, (max-width: 300px) 100vw, 300px\" \/><\/p>\n<p><strong>Nuria Peist<\/strong> es profesora del Departamento de Historia del Arte de la Universidad de Barcelona. Su labor docente y sus investigaciones se han centrado en la teor\u00eda y la sociolog\u00eda del arte y la cultura, en particular en los procesos de consagraci\u00f3n de los artistas modernos y en la relaci\u00f3n entre la cultura art\u00edstica y la cultura popular.<\/p>\n<p>&nbsp;<\/p>\n<p><img loading=\"lazy\" decoding=\"async\" class=\"alignnone size-medium wp-image-265\" src=\"https:\/\/blogs.ugr.es\/filosofiasocial\/wp-content\/uploads\/sites\/138\/2023\/04\/IMG_20211226_165803-173x300.jpg\" alt=\"\" width=\"173\" height=\"300\" srcset=\"https:\/\/blogs.ugr.es\/filosofiasocial\/wp-content\/uploads\/sites\/138\/2023\/04\/IMG_20211226_165803-173x300.jpg 173w, https:\/\/blogs.ugr.es\/filosofiasocial\/wp-content\/uploads\/sites\/138\/2023\/04\/IMG_20211226_165803-403x700.jpg 403w, https:\/\/blogs.ugr.es\/filosofiasocial\/wp-content\/uploads\/sites\/138\/2023\/04\/IMG_20211226_165803.jpg 460w\" sizes=\"auto, (max-width: 173px) 100vw, 173px\" \/><\/p>\n<p><strong>Pablo Beas Mar\u00edn<\/strong> es investigador predoctoral en el Departamento de Filosof\u00eda I de la Universidad de Granada. Se gradu\u00f3 en Historia en la Universidad de Granada y curs\u00f3 los m\u00e1steres de Historia Contempor\u00e1nea y Filosof\u00eda Contempor\u00e1nea en la Universidad de Alcal\u00e1 de Henares y Granada respectivamente. Su l\u00ednea de trabajo actual se centra en la interrelaci\u00f3n entre pol\u00edtica y violencia.<\/p>\n<p>&nbsp;<\/p>\n<p><img loading=\"lazy\" decoding=\"async\" class=\"alignnone wp-image-246 size-medium\" src=\"https:\/\/blogs.ugr.es\/filosofiasocial\/wp-content\/uploads\/sites\/138\/2023\/03\/image-2-206x300.jpg\" alt=\"\" width=\"206\" height=\"300\" srcset=\"https:\/\/blogs.ugr.es\/filosofiasocial\/wp-content\/uploads\/sites\/138\/2023\/03\/image-2-206x300.jpg 206w, https:\/\/blogs.ugr.es\/filosofiasocial\/wp-content\/uploads\/sites\/138\/2023\/03\/image-2-482x700.jpg 482w, https:\/\/blogs.ugr.es\/filosofiasocial\/wp-content\/uploads\/sites\/138\/2023\/03\/image-2.jpg 521w\" sizes=\"auto, (max-width: 206px) 100vw, 206px\" \/><\/p>\n<p><strong>Jos\u00e9 Luis Bell\u00f3n Aguilera<\/strong> es profesor de teor\u00eda e historia de la literatura espa\u00f1ola en la Universidad Masaryk de Brno. Trabaja sobre las apropiaciones de los discursos literarios y filos\u00f3ficos de la antig\u00fcedad grecolatina y ha publicado extensamente sobre literatura y teor\u00eda literaria espa\u00f1olas. Tambi\u00e9n es autor de literatura de creaci\u00f3n.<\/p>\n<p>&nbsp;<\/p>\n<p><img loading=\"lazy\" decoding=\"async\" class=\"alignnone size-medium wp-image-273\" src=\"https:\/\/blogs.ugr.es\/filosofiasocial\/wp-content\/uploads\/sites\/138\/2023\/04\/Foto-F.-Carballo-1-300x200.jpg\" alt=\"\" width=\"300\" height=\"200\" srcset=\"https:\/\/blogs.ugr.es\/filosofiasocial\/wp-content\/uploads\/sites\/138\/2023\/04\/Foto-F.-Carballo-1-300x200.jpg 300w, https:\/\/blogs.ugr.es\/filosofiasocial\/wp-content\/uploads\/sites\/138\/2023\/04\/Foto-F.-Carballo-1.jpg 640w\" sizes=\"auto, (max-width: 300px) 100vw, 300px\" \/><\/p>\n<p><strong>Francisco Manuel Carballo Rodr\u00edguez<\/strong> es profesor de Trabajo Social en la Universidad de Salamanca. Su labor investigadora se ha centrado en la sociolog\u00eda de los movimientos sociales y en la sociolog\u00eda pol\u00edtica. Actualmente trabaja sobre participaci\u00f3n ciudadana y pol\u00edtica, concretamente en los dispositivos de innovaci\u00f3n democr\u00e1tica que incorporan la utilizaci\u00f3n del sorteo.<\/p>\n<p>&nbsp;<\/p>\n<p><img loading=\"lazy\" decoding=\"async\" class=\"alignnone size-medium wp-image-336\" src=\"https:\/\/blogs.ugr.es\/filosofiasocial\/wp-content\/uploads\/sites\/138\/2023\/09\/WhatsApp-Image-2023-09-16-at-18.09.56-225x300.jpeg\" alt=\"\" width=\"225\" height=\"300\" srcset=\"https:\/\/blogs.ugr.es\/filosofiasocial\/wp-content\/uploads\/sites\/138\/2023\/09\/WhatsApp-Image-2023-09-16-at-18.09.56-225x300.jpeg 225w, https:\/\/blogs.ugr.es\/filosofiasocial\/wp-content\/uploads\/sites\/138\/2023\/09\/WhatsApp-Image-2023-09-16-at-18.09.56-525x700.jpeg 525w, https:\/\/blogs.ugr.es\/filosofiasocial\/wp-content\/uploads\/sites\/138\/2023\/09\/WhatsApp-Image-2023-09-16-at-18.09.56.jpeg 600w\" sizes=\"auto, (max-width: 225px) 100vw, 225px\" \/><\/p>\n<p><strong>J\u00e9ssica Melo Rivetti<\/strong> es doctora cum laude con doble titulaci\u00f3n en Sociolog\u00eda por la Universidade de S\u00e3o Paulo y en el Departamento de Filosof\u00eda I de la Universidad de Granada. Es subcoordinadora de Investigaci\u00f3n del N\u00facleo de Estudos e Pesquisas sobre a Mulher (Nepem) vinculado a la Universidade Federal de Minas Gerais y Editora Externa de <em>Descentrada. Revista interdisciplinaria de feminismos y g\u00e9nero<\/em>. Se dedica a sociolog\u00eda pol\u00edtica investigando los temas de violencia pol\u00edtica contra las mujeres, capital er\u00f3tico y discriminanci\u00f3n corporal y \u00e9lites pol\u00edticas latinoamericanas.<\/p>\n<p>&nbsp;<\/p>\n<p><img loading=\"lazy\" decoding=\"async\" class=\"alignnone size-medium wp-image-483\" src=\"https:\/\/blogs.ugr.es\/filosofiasocial\/wp-content\/uploads\/sites\/138\/2024\/07\/WhatsApp-Image-2024-07-18-at-20.30.38-300x179.jpeg\" alt=\"\" width=\"300\" height=\"179\" srcset=\"https:\/\/blogs.ugr.es\/filosofiasocial\/wp-content\/uploads\/sites\/138\/2024\/07\/WhatsApp-Image-2024-07-18-at-20.30.38-300x179.jpeg 300w, https:\/\/blogs.ugr.es\/filosofiasocial\/wp-content\/uploads\/sites\/138\/2024\/07\/WhatsApp-Image-2024-07-18-at-20.30.38-700x417.jpeg 700w, https:\/\/blogs.ugr.es\/filosofiasocial\/wp-content\/uploads\/sites\/138\/2024\/07\/WhatsApp-Image-2024-07-18-at-20.30.38.jpeg 800w\" sizes=\"auto, (max-width: 300px) 100vw, 300px\" \/><\/p>\n<p><strong>Adriana Razquin<\/strong> es investigadora social y profesora universitaria. Se doctor\u00f3 Cum Laude en Artes y Humanidades por la Universidad de C\u00e1diz con una investigaci\u00f3n etnogr\u00e1fica en el movimiento 15M. Ha trabajado sobre la contracultura de los 60&#8242; y 70&#8242;, una aproximaci\u00f3n feminista a la participaci\u00f3n pol\u00edtica en espacios asamblearios, as\u00ed como la relaci\u00f3n dial\u00f3gica y los procesos de ense\u00f1anza-aprendizaje al interior de las grandes movilizaciones. En la actualidad, culmina una investigaci\u00f3n etnogr\u00e1fica sobre el Estallido social chileno y posterior Proceso Constituyente. Investiga sobre etnograf\u00eda, acci\u00f3n pol\u00edtica, movimientos sociales, educaci\u00f3n, dominaci\u00f3n y democracia.<\/p>\n<p>&nbsp;<\/p>\n<p><img loading=\"lazy\" decoding=\"async\" class=\"alignnone size-medium wp-image-486\" src=\"https:\/\/blogs.ugr.es\/filosofiasocial\/wp-content\/uploads\/sites\/138\/2024\/07\/WhatsApp-Image-2024-07-22-at-12.28.59-300x225.jpeg\" alt=\"\" width=\"300\" height=\"225\" srcset=\"https:\/\/blogs.ugr.es\/filosofiasocial\/wp-content\/uploads\/sites\/138\/2024\/07\/WhatsApp-Image-2024-07-22-at-12.28.59-300x225.jpeg 300w, https:\/\/blogs.ugr.es\/filosofiasocial\/wp-content\/uploads\/sites\/138\/2024\/07\/WhatsApp-Image-2024-07-22-at-12.28.59-700x525.jpeg 700w, https:\/\/blogs.ugr.es\/filosofiasocial\/wp-content\/uploads\/sites\/138\/2024\/07\/WhatsApp-Image-2024-07-22-at-12.28.59.jpeg 800w\" sizes=\"auto, (max-width: 300px) 100vw, 300px\" \/><\/p>\n<p><strong>Mario Rodr\u00edguez Tauste<\/strong> es investigador en filosof\u00eda social y pol\u00edtica, graduado en Filosof\u00eda por la Universidad de Granada. Su l\u00ednea de investigaci\u00f3n gira en torno a los debates contempor\u00e1neos sobre republicanismo, socialismo y democracia econ\u00f3mica. Su trabajo actual est\u00e1 centrado en el an\u00e1lisis de la explotaci\u00f3n y la dominaci\u00f3n en el \u00e1mbito laboral, espec\u00edficamente en relaci\u00f3n con el cuerpo.<\/p>\n<p>&nbsp;<\/p>\n<p><img loading=\"lazy\" decoding=\"async\" class=\"alignnone size-medium wp-image-504\" src=\"https:\/\/blogs.ugr.es\/filosofiasocial\/wp-content\/uploads\/sites\/138\/2024\/08\/Imagen-David-300x300.jpg\" alt=\"\" width=\"300\" height=\"300\" \/><\/p>\n<p style=\"font-weight: 400\"><strong>David Alejandro Valencia Guti\u00e9rrez<\/strong> es investigador en filosof\u00eda pol\u00edtica y social en el programa de doctorado en filosof\u00eda de la Universidad de Granada y la Universidad del Valle. Tambi\u00e9n es profesor asistente en la Corporaci\u00f3n Universitaria Minuto de Dios en Cali, Colombia. Se gradu\u00f3 de la Universidad del Valle como profesional en filosof\u00eda, con una tesis que exploraba la relaci\u00f3n entre democracia y justicia social en la obra de Nancy Fraser. Actualmente, investiga la relaci\u00f3n entre populismo, socialismo y democracia, as\u00ed como la intersecci\u00f3n entre teor\u00edas de la justicia y teor\u00edas democr\u00e1ticas.<\/p>\n<p>&nbsp;<\/p>\n<p><img loading=\"lazy\" decoding=\"async\" class=\"alignnone size-medium wp-image-519\" src=\"https:\/\/blogs.ugr.es\/filosofiasocial\/wp-content\/uploads\/sites\/138\/2024\/09\/Alejandro-Estrella-225x300.jpg\" alt=\"\" width=\"225\" height=\"300\" srcset=\"https:\/\/blogs.ugr.es\/filosofiasocial\/wp-content\/uploads\/sites\/138\/2024\/09\/Alejandro-Estrella-225x300.jpg 225w, https:\/\/blogs.ugr.es\/filosofiasocial\/wp-content\/uploads\/sites\/138\/2024\/09\/Alejandro-Estrella-525x700.jpg 525w, https:\/\/blogs.ugr.es\/filosofiasocial\/wp-content\/uploads\/sites\/138\/2024\/09\/Alejandro-Estrella.jpg 600w\" sizes=\"auto, (max-width: 225px) 100vw, 225px\" \/><\/p>\n<p><strong>Alejandro Estrella Gonz\u00e1lez<\/strong> es doctor en Filosof\u00eda y Letras por la Universidad de C\u00e1diz y profesor de Humanidades de la Universidad Aut\u00f3noma Metropolitana de M\u00e9xico. Las \u00e1reas de investigaci\u00f3n en las que se ha desempe\u00f1ado son: la historia intelectual, la sociolog\u00eda de la filosof\u00eda, la epistemolog\u00eda hist\u00f3rica y la historia social. Es miembro del Consejo editorial de la Revista Com\u00fan, en la que publica la columna Necesidad y deseo.<\/p>\n<p>&nbsp;<\/p>\n<p><img loading=\"lazy\" decoding=\"async\" class=\"alignnone wp-image-531 size-medium\" src=\"https:\/\/blogs.ugr.es\/filosofiasocial\/wp-content\/uploads\/sites\/138\/2024\/10\/WhatsApp-Image-2024-04-14-at-15.23.12-225x300.jpeg\" alt=\"\" width=\"225\" height=\"300\" srcset=\"https:\/\/blogs.ugr.es\/filosofiasocial\/wp-content\/uploads\/sites\/138\/2024\/10\/WhatsApp-Image-2024-04-14-at-15.23.12-225x300.jpeg 225w, https:\/\/blogs.ugr.es\/filosofiasocial\/wp-content\/uploads\/sites\/138\/2024\/10\/WhatsApp-Image-2024-04-14-at-15.23.12-525x700.jpeg 525w, https:\/\/blogs.ugr.es\/filosofiasocial\/wp-content\/uploads\/sites\/138\/2024\/10\/WhatsApp-Image-2024-04-14-at-15.23.12.jpeg 600w\" sizes=\"auto, (max-width: 225px) 100vw, 225px\" \/><\/p>\n<p><strong>Mar\u00eda Carre\u00f1o L\u00f3pez<\/strong> es profesora en el departamento de Did\u00e1ctica de la Lengua y la Literatura, en la Universidad de Granada. Es licenciada en Filolog\u00eda Hisp\u00e1nica por la Universidad de Granada, M\u00e1ster en Estudios Te\u00f3ricos y Comparados de la Literatura y la Cultura, especialidad en Literatura Europea Comparada, por la Universidad de Santiago de Compostela. Sus l\u00edneas de investigaci\u00f3n giran en torno a la teor\u00eda de la literatura infantil y a la relaci\u00f3n que esta mantiene con el resto de elementos de nuestro sistema cultural.<\/p>\n<p><img loading=\"lazy\" decoding=\"async\" class=\"alignnone size-medium wp-image-622\" src=\"https:\/\/blogs.ugr.es\/filosofiasocial\/wp-content\/uploads\/sites\/138\/2025\/04\/WhatsApp-Image-2025-04-02-at-21.44.35-300x300.jpeg\" alt=\"\" width=\"300\" height=\"300\" srcset=\"https:\/\/blogs.ugr.es\/filosofiasocial\/wp-content\/uploads\/sites\/138\/2025\/04\/WhatsApp-Image-2025-04-02-at-21.44.35-300x300.jpeg 300w, https:\/\/blogs.ugr.es\/filosofiasocial\/wp-content\/uploads\/sites\/138\/2025\/04\/WhatsApp-Image-2025-04-02-at-21.44.35-150x150.jpeg 150w, https:\/\/blogs.ugr.es\/filosofiasocial\/wp-content\/uploads\/sites\/138\/2025\/04\/WhatsApp-Image-2025-04-02-at-21.44.35.jpeg 528w\" sizes=\"auto, (max-width: 300px) 100vw, 300px\" \/><\/p>\n<p><strong>Mario Espinoza Pino<\/strong> es profesor en el Grado de Escritura Creativa y Desarrollo de Contenidos de The Core School. Doctor en Filosof\u00eda por la Universidad de Granada, sus l\u00edneas principales de investigaci\u00f3n comprenden la teor\u00eda marxista, la filosof\u00eda pol\u00edtica, la teor\u00eda poscolonial, el derecho a la ciudad y el campo de la producci\u00f3n cultural. Trabaja en la intersecci\u00f3n de la investigaci\u00f3n, el activismo y la comunicaci\u00f3n. Ha publicado <em>Art\u00edculos Period\u00edsticos<\/em> de Karl Marx (Alba Editorial, 2022), <em>De la Especulaci\u00f3n al derecho a la vivienda<\/em>, junto con Raquel Rodr\u00edguez (Traficantes de Sue\u00f1os, 2018) y prepara la obra <em>Karl Marx, un periodista en la Era del Capital: Contranarrativas frente al capitalismo<\/em> que saldr\u00e1 en Akal en 2025.<\/p>\n<p>&nbsp;<\/p>\n<p><img loading=\"lazy\" decoding=\"async\" class=\"alignnone size-medium wp-image-815\" src=\"https:\/\/blogs.ugr.es\/filosofiasocial\/wp-content\/uploads\/sites\/138\/2026\/01\/WhatsApp-Image-2026-01-07-at-13.32.39-237x300.jpeg\" alt=\"\" width=\"237\" height=\"300\" srcset=\"https:\/\/blogs.ugr.es\/filosofiasocial\/wp-content\/uploads\/sites\/138\/2026\/01\/WhatsApp-Image-2026-01-07-at-13.32.39-237x300.jpeg 237w, https:\/\/blogs.ugr.es\/filosofiasocial\/wp-content\/uploads\/sites\/138\/2026\/01\/WhatsApp-Image-2026-01-07-at-13.32.39-554x700.jpeg 554w, https:\/\/blogs.ugr.es\/filosofiasocial\/wp-content\/uploads\/sites\/138\/2026\/01\/WhatsApp-Image-2026-01-07-at-13.32.39.jpeg 633w\" sizes=\"auto, (max-width: 237px) 100vw, 237px\" \/><\/p>\n<p style=\"font-weight: 400\"><strong>Jos\u00e9 Eduardo Mu\u00f1oz Negro <\/strong>es profesor permanente laboral con vinculaci\u00f3n cl\u00ednica del Departamento de Psiquiatr\u00eda de la Universidad de Granada. Doctor por la Universidad de Granada. Especialista en Medicina Familiar y Comunitaria. Especialista en Psiquiatr\u00eda. Cursos de Doctorado en Dermatolog\u00eda M\u00e9dico-Quir\u00fargica. M\u00e1ster en Bio\u00e9tica. M\u00e1ster en Psicoterapia Breve. Autor de 39 publicaciones con diversos \u00edndices de impacto. Ha trabajado diversas l\u00edneas de investigaci\u00f3n relacionadas con la Atenci\u00f3n Primaria y la Psiquiatr\u00eda. Est\u00e1 especialmente interesado en la salud p\u00fablica y en los aspectos sociales, pol\u00edticos, \u00e9ticos y epistemol\u00f3gicos de la enfermedad mental desde una perspectiva emancipatoria y basada en los Derechos Humanos.<\/p>\n","protected":false},"excerpt":{"rendered":"<p>Jos\u00e9 Luis Moreno Pesta\u00f1a es profesor de Filosof\u00eda Moral en la Universidad de Granada. Estudia los procesos de configuraci\u00f3n hist\u00f3rica de la norma acad\u00e9mica en filosof\u00eda, la violencia simb\u00f3lica y laboral sobre el cuerpo y la renovaci\u00f3n de la democracia contempor\u00e1nea a trav\u00e9s de procedimientos de la democracia antigua. &nbsp; Violeta Garrido es investigadora predoctoral [&hellip;]<\/p>\n","protected":false},"author":631,"featured_media":0,"parent":0,"menu_order":0,"comment_status":"closed","ping_status":"closed","template":"","meta":{"_genesis_hide_title":false,"_genesis_hide_breadcrumbs":false,"_genesis_hide_singular_image":false,"_genesis_hide_footer_widgets":false,"_genesis_custom_body_class":"","_genesis_custom_post_class":"","_genesis_layout":"","footnotes":""},"categories":[],"tags":[],"class_list":{"0":"post-202","1":"page","2":"type-page","3":"status-publish","5":"entry"},"_links":{"self":[{"href":"https:\/\/blogs.ugr.es\/filosofiasocial\/wp-json\/wp\/v2\/pages\/202","targetHints":{"allow":["GET"]}}],"collection":[{"href":"https:\/\/blogs.ugr.es\/filosofiasocial\/wp-json\/wp\/v2\/pages"}],"about":[{"href":"https:\/\/blogs.ugr.es\/filosofiasocial\/wp-json\/wp\/v2\/types\/page"}],"author":[{"embeddable":true,"href":"https:\/\/blogs.ugr.es\/filosofiasocial\/wp-json\/wp\/v2\/users\/631"}],"replies":[{"embeddable":true,"href":"https:\/\/blogs.ugr.es\/filosofiasocial\/wp-json\/wp\/v2\/comments?post=202"}],"version-history":[{"count":5,"href":"https:\/\/blogs.ugr.es\/filosofiasocial\/wp-json\/wp\/v2\/pages\/202\/revisions"}],"predecessor-version":[{"id":816,"href":"https:\/\/blogs.ugr.es\/filosofiasocial\/wp-json\/wp\/v2\/pages\/202\/revisions\/816"}],"wp:attachment":[{"href":"https:\/\/blogs.ugr.es\/filosofiasocial\/wp-json\/wp\/v2\/media?parent=202"}],"wp:term":[{"taxonomy":"category","embeddable":true,"href":"https:\/\/blogs.ugr.es\/filosofiasocial\/wp-json\/wp\/v2\/categories?post=202"},{"taxonomy":"post_tag","embeddable":true,"href":"https:\/\/blogs.ugr.es\/filosofiasocial\/wp-json\/wp\/v2\/tags?post=202"}],"curies":[{"name":"wp","href":"https:\/\/api.w.org\/{rel}","templated":true}]}}