{"id":119,"date":"2018-01-22T09:22:43","date_gmt":"2018-01-22T08:22:43","guid":{"rendered":"https:\/\/blogs.ugr.es\/hispanagrama\/?page_id=119"},"modified":"2024-03-20T12:38:56","modified_gmt":"2024-03-20T11:38:56","slug":"proyecto","status":"publish","type":"page","link":"https:\/\/blogs.ugr.es\/hispanagrama\/proyecto\/","title":{"rendered":"Proyecto"},"content":{"rendered":"<p>&nbsp;<\/p>\n<h3>Proyecto I+D+i<\/h3>\n<p>El proyecto I+D+i HISPANAGRAMA II [PID2020-118849GB-I00], \u201cLa gramatizaci\u00f3n del espa\u00f1ol en la Am\u00e9rica del Sur hisp\u00e1nica (1800-1950): focos, series textuales y canon\u201d, financiado por MCIN\/AEI\/10.13039\/501100011033\/, liderado por el Dr. <strong>Alfonso Zamorano Aguilar<\/strong> (Universidad de C\u00f3rdoba) y el Dr. <strong>Esteban T. Montoro del Arco<\/strong> (Universidad de Granada) e integrado por investigadores de Espa\u00f1a y Am\u00e9rica Latina, pretende profundizar en el estudio de la producci\u00f3n ling\u00fc\u00edstica sobre el espa\u00f1ol publicada en la Am\u00e9rica del Sur hisp\u00e1nica durante los siglos XIX y primera mitad del siglo XX, sobre la base de los logros de un proyecto anterior (HISPANAGRAMA) dedicado a los pa\u00edses de la Am\u00e9rica del Pac\u00edfico y el Caribe (Venezuela, Colombia, Ecuador, Per\u00fa y Chile).<\/p>\n<p>Tiene por objetivos la localizaci\u00f3n, catalogaci\u00f3n e informatizaci\u00f3n de las obras de este per\u00edodo, as\u00ed como al an\u00e1lisis e interpretaci\u00f3n de los textos m\u00e1s destacados, con el fin explicar tanto el desarrollo de las ideas gramaticales procedentes de Europa como las de\u00a0 creaci\u00f3n aut\u00f3ctona durante el siglo XIX y la primera mitad del XX. El corpus lo constituir\u00e1n las series textuales reconstruibles (ediciones diversas) de autores tanto can\u00f3nicos como no can\u00f3nicos.<\/p>\n<p><img loading=\"lazy\" decoding=\"async\" class=\"wp-image-204 size-full aligncenter\" src=\"https:\/\/blogs.ugr.es\/hispanagrama\/wp-content\/uploads\/sites\/151\/2024\/03\/Horizontal-Negativo-Degradado-4500-copia.png\" alt=\"\" width=\"800\" height=\"360\" srcset=\"https:\/\/blogs.ugr.es\/hispanagrama\/wp-content\/uploads\/sites\/151\/2024\/03\/Horizontal-Negativo-Degradado-4500-copia.png 800w, https:\/\/blogs.ugr.es\/hispanagrama\/wp-content\/uploads\/sites\/151\/2024\/03\/Horizontal-Negativo-Degradado-4500-copia-300x135.png 300w, https:\/\/blogs.ugr.es\/hispanagrama\/wp-content\/uploads\/sites\/151\/2024\/03\/Horizontal-Negativo-Degradado-4500-copia-700x315.png 700w\" sizes=\"auto, (max-width: 800px) 100vw, 800px\" \/><\/p>\n","protected":false},"excerpt":{"rendered":"<p>&nbsp; Proyecto I+D+i El proyecto I+D+i HISPANAGRAMA II [PID2020-118849GB-I00], \u201cLa gramatizaci\u00f3n del espa\u00f1ol en la Am\u00e9rica del Sur hisp\u00e1nica (1800-1950): focos, series textuales y canon\u201d, financiado por MCIN\/AEI\/10.13039\/501100011033\/, liderado por el Dr. Alfonso Zamorano Aguilar (Universidad de C\u00f3rdoba) y el Dr. Esteban T. Montoro del Arco (Universidad de Granada) e integrado por investigadores de Espa\u00f1a [&hellip;]<\/p>\n","protected":false},"author":2,"featured_media":0,"parent":0,"menu_order":0,"comment_status":"closed","ping_status":"closed","template":"","meta":{"_genesis_hide_title":false,"_genesis_hide_breadcrumbs":false,"_genesis_hide_singular_image":false,"_genesis_hide_footer_widgets":false,"_genesis_custom_body_class":"","_genesis_custom_post_class":"","_genesis_layout":"","footnotes":""},"categories":[],"tags":[],"class_list":{"0":"post-119","1":"page","2":"type-page","3":"status-publish","5":"entry"},"_links":{"self":[{"href":"https:\/\/blogs.ugr.es\/hispanagrama\/wp-json\/wp\/v2\/pages\/119","targetHints":{"allow":["GET"]}}],"collection":[{"href":"https:\/\/blogs.ugr.es\/hispanagrama\/wp-json\/wp\/v2\/pages"}],"about":[{"href":"https:\/\/blogs.ugr.es\/hispanagrama\/wp-json\/wp\/v2\/types\/page"}],"author":[{"embeddable":true,"href":"https:\/\/blogs.ugr.es\/hispanagrama\/wp-json\/wp\/v2\/users\/2"}],"replies":[{"embeddable":true,"href":"https:\/\/blogs.ugr.es\/hispanagrama\/wp-json\/wp\/v2\/comments?post=119"}],"version-history":[{"count":3,"href":"https:\/\/blogs.ugr.es\/hispanagrama\/wp-json\/wp\/v2\/pages\/119\/revisions"}],"predecessor-version":[{"id":264,"href":"https:\/\/blogs.ugr.es\/hispanagrama\/wp-json\/wp\/v2\/pages\/119\/revisions\/264"}],"wp:attachment":[{"href":"https:\/\/blogs.ugr.es\/hispanagrama\/wp-json\/wp\/v2\/media?parent=119"}],"wp:term":[{"taxonomy":"category","embeddable":true,"href":"https:\/\/blogs.ugr.es\/hispanagrama\/wp-json\/wp\/v2\/categories?post=119"},{"taxonomy":"post_tag","embeddable":true,"href":"https:\/\/blogs.ugr.es\/hispanagrama\/wp-json\/wp\/v2\/tags?post=119"}],"curies":[{"name":"wp","href":"https:\/\/api.w.org\/{rel}","templated":true}]}}