{"id":198,"date":"2024-03-20T10:28:26","date_gmt":"2024-03-20T09:28:26","guid":{"rendered":"https:\/\/blogs.ugr.es\/hispanagrama\/?page_id=198"},"modified":"2024-09-30T18:11:30","modified_gmt":"2024-09-30T16:11:30","slug":"congreso-internacional-hispanagrama","status":"publish","type":"page","link":"https:\/\/blogs.ugr.es\/hispanagrama\/congreso-internacional-hispanagrama\/","title":{"rendered":"Congreso Internacional HISPANAGRAMA"},"content":{"rendered":"<h2 style=\"text-align: center\"><img decoding=\"async\" class=\"sFlh5c FyHeAf iPVvYb\" src=\"https:\/\/www.spain.info\/.content\/imagenes\/cabeceras-grandes\/andalucia\/alhambra-granada-20044065-istock.jpg\" alt=\"Fotos de la Alhambra de Granada | spain.info\" aria-hidden=\"false\" \/><\/h2>\n<h2 style=\"text-align: center\"><strong>\u201cHISTORIA DE LA LING\u00dc\u00cdSTICA EN AM\u00c9RICA LATINA\u201d<\/strong><\/h2>\n<h3 style=\"text-align: center\">Facultad de Filosof\u00eda y Letras de la Universidad de Granada<\/h3>\n<h3 style=\"text-align: center\">29, 30 y 31 de enero de 2025<\/h3>\n<p>&nbsp;<\/p>\n<p>Proyecto I+D <em>La gramatizaci\u00f3n del espa\u00f1ol en la Am\u00e9rica del Sur hisp\u00e1nica (1800-1950): focos, series textuales y canon<\/em> (HISPANAGRAMA-II) (PID2020-118849GB-I00), del Ministerio de Econom\u00eda y Competitividad de Espa\u00f1a Este llevar\u00e1 por t\u00edtulo<\/p>\n<p>&nbsp;<\/p>\n","protected":false},"excerpt":{"rendered":"<p>\u201cHISTORIA DE LA LING\u00dc\u00cdSTICA EN AM\u00c9RICA LATINA\u201d Facultad de Filosof\u00eda y Letras de la Universidad de Granada 29, 30 y 31 de enero de 2025 &nbsp; Proyecto I+D La gramatizaci\u00f3n del espa\u00f1ol en la Am\u00e9rica del Sur hisp\u00e1nica (1800-1950): focos, series textuales y canon (HISPANAGRAMA-II) (PID2020-118849GB-I00), del Ministerio de Econom\u00eda y Competitividad de Espa\u00f1a Este [&hellip;]<\/p>\n","protected":false},"author":544,"featured_media":0,"parent":0,"menu_order":0,"comment_status":"closed","ping_status":"closed","template":"","meta":{"_genesis_hide_title":false,"_genesis_hide_breadcrumbs":false,"_genesis_hide_singular_image":false,"_genesis_hide_footer_widgets":false,"_genesis_custom_body_class":"","_genesis_custom_post_class":"","_genesis_layout":"","footnotes":""},"categories":[],"tags":[],"class_list":{"0":"post-198","1":"page","2":"type-page","3":"status-publish","5":"entry"},"_links":{"self":[{"href":"https:\/\/blogs.ugr.es\/hispanagrama\/wp-json\/wp\/v2\/pages\/198","targetHints":{"allow":["GET"]}}],"collection":[{"href":"https:\/\/blogs.ugr.es\/hispanagrama\/wp-json\/wp\/v2\/pages"}],"about":[{"href":"https:\/\/blogs.ugr.es\/hispanagrama\/wp-json\/wp\/v2\/types\/page"}],"author":[{"embeddable":true,"href":"https:\/\/blogs.ugr.es\/hispanagrama\/wp-json\/wp\/v2\/users\/544"}],"replies":[{"embeddable":true,"href":"https:\/\/blogs.ugr.es\/hispanagrama\/wp-json\/wp\/v2\/comments?post=198"}],"version-history":[{"count":3,"href":"https:\/\/blogs.ugr.es\/hispanagrama\/wp-json\/wp\/v2\/pages\/198\/revisions"}],"predecessor-version":[{"id":393,"href":"https:\/\/blogs.ugr.es\/hispanagrama\/wp-json\/wp\/v2\/pages\/198\/revisions\/393"}],"wp:attachment":[{"href":"https:\/\/blogs.ugr.es\/hispanagrama\/wp-json\/wp\/v2\/media?parent=198"}],"wp:term":[{"taxonomy":"category","embeddable":true,"href":"https:\/\/blogs.ugr.es\/hispanagrama\/wp-json\/wp\/v2\/categories?post=198"},{"taxonomy":"post_tag","embeddable":true,"href":"https:\/\/blogs.ugr.es\/hispanagrama\/wp-json\/wp\/v2\/tags?post=198"}],"curies":[{"name":"wp","href":"https:\/\/api.w.org\/{rel}","templated":true}]}}