{"id":209,"date":"2024-03-20T10:50:53","date_gmt":"2024-03-20T09:50:53","guid":{"rendered":"https:\/\/blogs.ugr.es\/hispanagrama\/?page_id=209"},"modified":"2025-01-20T11:17:42","modified_gmt":"2025-01-20T10:17:42","slug":"comite-organizador","status":"publish","type":"page","link":"https:\/\/blogs.ugr.es\/hispanagrama\/comite-organizador\/","title":{"rendered":"Comit\u00e9 organizador"},"content":{"rendered":"<p><img loading=\"lazy\" decoding=\"async\" class=\"\" src=\"https:\/\/www.romaniques.urv.cat\/media\/upload\/domain_1028\/cache\/whatsapp_image_2022_12_14_at_11_36_20_167110559134_700.jpeg\" width=\"535\" height=\"401\" \/><\/p>\n<p>&nbsp;<\/p>\n<p><strong>Presidentes:<\/strong><\/p>\n<ul>\n<li>Esteban T. Montoro del Arco (UGR)<\/li>\n<li>Alfonso Zamorano Aguilar (UCO)<\/li>\n<\/ul>\n<p><strong>Secretar\u00eda acad\u00e9mica:<\/strong><\/p>\n<ul>\n<li>Mar\u00eda Mart\u00ednez-Atienza de Dios (UCO)<\/li>\n<li>Juan Miguel Gonz\u00e1lez Jim\u00e9nez (UCO)<\/li>\n<\/ul>\n<p><strong>Secretaria t\u00e9cnica:<\/strong><\/p>\n<ul>\n<li>Mar\u00eda Heredia Mantis (UGR)<\/li>\n<\/ul>\n<p><strong>Vocales:<\/strong><\/p>\n<ul>\n<li>David Porcel Bueno (UGR)<\/li>\n<li>\u00c1ngela Casta\u00f1eda Gonz\u00e1lez (UGR)<\/li>\n<li>Adela Gonz\u00e1lez Fern\u00e1ndez (UCO)<\/li>\n<li>Sergio Rodr\u00edguez Tapia (UCO)<\/li>\n<li>Ana Mart\u00edn R\u00edder (UCO)<\/li>\n<\/ul>\n","protected":false},"excerpt":{"rendered":"<p>&nbsp; Presidentes: Esteban T. Montoro del Arco (UGR) Alfonso Zamorano Aguilar (UCO) Secretar\u00eda acad\u00e9mica: Mar\u00eda Mart\u00ednez-Atienza de Dios (UCO) Juan Miguel Gonz\u00e1lez Jim\u00e9nez (UCO) Secretaria t\u00e9cnica: Mar\u00eda Heredia Mantis (UGR) Vocales: David Porcel Bueno (UGR) \u00c1ngela Casta\u00f1eda Gonz\u00e1lez (UGR) Adela Gonz\u00e1lez Fern\u00e1ndez (UCO) Sergio Rodr\u00edguez Tapia (UCO) Ana Mart\u00edn R\u00edder (UCO)<\/p>\n","protected":false},"author":544,"featured_media":0,"parent":0,"menu_order":0,"comment_status":"closed","ping_status":"closed","template":"","meta":{"_genesis_hide_title":false,"_genesis_hide_breadcrumbs":false,"_genesis_hide_singular_image":false,"_genesis_hide_footer_widgets":false,"_genesis_custom_body_class":"","_genesis_custom_post_class":"","_genesis_layout":"","footnotes":""},"categories":[],"tags":[],"class_list":{"0":"post-209","1":"page","2":"type-page","3":"status-publish","5":"entry"},"_links":{"self":[{"href":"https:\/\/blogs.ugr.es\/hispanagrama\/wp-json\/wp\/v2\/pages\/209","targetHints":{"allow":["GET"]}}],"collection":[{"href":"https:\/\/blogs.ugr.es\/hispanagrama\/wp-json\/wp\/v2\/pages"}],"about":[{"href":"https:\/\/blogs.ugr.es\/hispanagrama\/wp-json\/wp\/v2\/types\/page"}],"author":[{"embeddable":true,"href":"https:\/\/blogs.ugr.es\/hispanagrama\/wp-json\/wp\/v2\/users\/544"}],"replies":[{"embeddable":true,"href":"https:\/\/blogs.ugr.es\/hispanagrama\/wp-json\/wp\/v2\/comments?post=209"}],"version-history":[{"count":4,"href":"https:\/\/blogs.ugr.es\/hispanagrama\/wp-json\/wp\/v2\/pages\/209\/revisions"}],"predecessor-version":[{"id":446,"href":"https:\/\/blogs.ugr.es\/hispanagrama\/wp-json\/wp\/v2\/pages\/209\/revisions\/446"}],"wp:attachment":[{"href":"https:\/\/blogs.ugr.es\/hispanagrama\/wp-json\/wp\/v2\/media?parent=209"}],"wp:term":[{"taxonomy":"category","embeddable":true,"href":"https:\/\/blogs.ugr.es\/hispanagrama\/wp-json\/wp\/v2\/categories?post=209"},{"taxonomy":"post_tag","embeddable":true,"href":"https:\/\/blogs.ugr.es\/hispanagrama\/wp-json\/wp\/v2\/tags?post=209"}],"curies":[{"name":"wp","href":"https:\/\/api.w.org\/{rel}","templated":true}]}}