{"id":210,"date":"2024-03-20T10:50:54","date_gmt":"2024-03-20T09:50:54","guid":{"rendered":"https:\/\/blogs.ugr.es\/hispanagrama\/?page_id=210"},"modified":"2024-05-02T10:19:00","modified_gmt":"2024-05-02T08:19:00","slug":"comite-cientifico","status":"publish","type":"page","link":"https:\/\/blogs.ugr.es\/hispanagrama\/comite-cientifico\/","title":{"rendered":"Comit\u00e9 cient\u00edfico"},"content":{"rendered":"<p>&nbsp;<\/p>\n<ul>\n<li>Susana de F\u00e1tima P\u00f3voa Alves Fontes (UTAD, Portugal)<\/li>\n<li>Cristina Altman (U. Sao Paulo, Brasil)<\/li>\n<li>Elvira Arnoux (UBA, Argentina)<\/li>\n<li>Carlos Arrizabalaga Lizarraga (U. Piura, Per\u00fa)<\/li>\n<li>Juan Carlos Barbero Bernal (U. Bolonia, Italia)<\/li>\n<li>Mar\u00eda Bargall\u00f3 (URV)<\/li>\n<li>Elena Battaner Moro (URJ)<\/li>\n<li>Felisa Bermejo Calleja (U. Tur\u00edn, Italia)<\/li>\n<li>Jenny Brumme (UPF)<\/li>\n<li>Mar\u00eda Luisa Calero Vaquera (UCO)<\/li>\n<li>Nataly Cancino Cabello (U. de la Frontera, Chile)<\/li>\n<li>Carmen Castillo Pe\u00f1a (U. Padua, Italia)<\/li>\n<li>Magdalena Coll (U. de la Rep\u00fablica, Uruguay)<\/li>\n<li>Miguel \u00c1ngel Esparza Torres (URJ)<\/li>\n<li>Javier Espino Mart\u00edn (UNAM, M\u00e9xico)<\/li>\n<li>Gon\u00e7alo Fernandes (UTAD, Portugal)<\/li>\n<li>Nerea Fern\u00e1ndez de Gobeo (UPV)<\/li>\n<li>Carmen Gal\u00e1n Rodr\u00edguez (UNEX)<\/li>\n<li>Mar\u00eda \u00c1ngeles Garc\u00eda Aranda (UCM)<\/li>\n<li>Mar\u00eda Jos\u00e9 Garc\u00eda Folgado (UV)<\/li>\n<li>Francisco Garc\u00eda Jurado (UCM)<\/li>\n<li>Victoriano Gavi\u00f1o Rodr\u00edguez (UCA)<\/li>\n<li>Filomena Go\u00e7alves (U. \u00c9vora, Portugal)<\/li>\n<li>S\u00f3nia Catarina Gomes Coelho (UTAD, Portugal)<\/li>\n<li>Gloria Guerrero Ramos (UMA)<\/li>\n<li>Gerda Hassler (U. Potsdam, Alemania)<\/li>\n<li>Mar\u00eda Luisa Harto Trujillo (UNEX)<\/li>\n<li>Esther Hern\u00e1ndez (CSIC)<\/li>\n<li>Daniela Lauria (UBA, Argentina)<\/li>\n<li>Esteban Lidgett (UBA, Argentina)<\/li>\n<li>Hugo Lombardini (U. de Bolonia, Italia)<\/li>\n<li>Julia Louren\u00e7o Costa (U. de Sao Paolo, Brasil)<\/li>\n<li>Margarita Lliteras Poncel (UVA)<\/li>\n<li>Cecilia Manzione (U. de la Rep\u00fablica, Uruguay)<\/li>\n<li>Mar\u00eda Jos\u00e9 Mart\u00ednez Alcalde (UV)<\/li>\n<li>Mar\u00eda Dolores Mart\u00ednez Gavil\u00e1n (UNILEON)<\/li>\n<li>Julia Nalesso (U. Padua, Italia)<\/li>\n<li>Mariela Oro\u00f1o (U. de la Rep\u00fablica, Uruguay)<\/li>\n<li>Carmen Quijada van den Berghe (USAL)<\/li>\n<li>Mercedes Quilis Mer\u00edn (UV)<\/li>\n<li>Emilio Ridruejo Alonso (UVA)<\/li>\n<li>Manuel Rivas Zancarr\u00f3n (UCA)<\/li>\n<li>Mar\u00eda Isabel Rodr\u00edguez Ponce (UNEX)<\/li>\n<li>Dar\u00edo Rojas (U. Chile, Chile)<\/li>\n<li>F\u00e9lix San Vicente (U. Bolonia, Italia)<\/li>\n<li>Sophie Sarrazin (U. Montpellier, Francia)<\/li>\n<li>Leandro Silveira de Araujo (U. Uberlandia, Brasil)<\/li>\n<li>Pierre Swiggers (U. Lovaina, Holanda)<\/li>\n<li>Guillermo Toscano y Garc\u00eda (UBA, Argentina)<\/li>\n<li>Neus Vila Rubio (UdL)<\/li>\n<\/ul>\n","protected":false},"excerpt":{"rendered":"<p>&nbsp; Susana de F\u00e1tima P\u00f3voa Alves Fontes (UTAD, Portugal) Cristina Altman (U. Sao Paulo, Brasil) Elvira Arnoux (UBA, Argentina) Carlos Arrizabalaga Lizarraga (U. Piura, Per\u00fa) Juan Carlos Barbero Bernal (U. Bolonia, Italia) Mar\u00eda Bargall\u00f3 (URV) Elena Battaner Moro (URJ) Felisa Bermejo Calleja (U. Tur\u00edn, Italia) Jenny Brumme (UPF) Mar\u00eda Luisa Calero Vaquera (UCO) Nataly Cancino [&hellip;]<\/p>\n","protected":false},"author":544,"featured_media":0,"parent":0,"menu_order":0,"comment_status":"closed","ping_status":"closed","template":"","meta":{"_genesis_hide_title":false,"_genesis_hide_breadcrumbs":false,"_genesis_hide_singular_image":false,"_genesis_hide_footer_widgets":false,"_genesis_custom_body_class":"","_genesis_custom_post_class":"","_genesis_layout":"","footnotes":""},"categories":[],"tags":[],"class_list":{"0":"post-210","1":"page","2":"type-page","3":"status-publish","5":"entry"},"_links":{"self":[{"href":"https:\/\/blogs.ugr.es\/hispanagrama\/wp-json\/wp\/v2\/pages\/210","targetHints":{"allow":["GET"]}}],"collection":[{"href":"https:\/\/blogs.ugr.es\/hispanagrama\/wp-json\/wp\/v2\/pages"}],"about":[{"href":"https:\/\/blogs.ugr.es\/hispanagrama\/wp-json\/wp\/v2\/types\/page"}],"author":[{"embeddable":true,"href":"https:\/\/blogs.ugr.es\/hispanagrama\/wp-json\/wp\/v2\/users\/544"}],"replies":[{"embeddable":true,"href":"https:\/\/blogs.ugr.es\/hispanagrama\/wp-json\/wp\/v2\/comments?post=210"}],"version-history":[{"count":4,"href":"https:\/\/blogs.ugr.es\/hispanagrama\/wp-json\/wp\/v2\/pages\/210\/revisions"}],"predecessor-version":[{"id":344,"href":"https:\/\/blogs.ugr.es\/hispanagrama\/wp-json\/wp\/v2\/pages\/210\/revisions\/344"}],"wp:attachment":[{"href":"https:\/\/blogs.ugr.es\/hispanagrama\/wp-json\/wp\/v2\/media?parent=210"}],"wp:term":[{"taxonomy":"category","embeddable":true,"href":"https:\/\/blogs.ugr.es\/hispanagrama\/wp-json\/wp\/v2\/categories?post=210"},{"taxonomy":"post_tag","embeddable":true,"href":"https:\/\/blogs.ugr.es\/hispanagrama\/wp-json\/wp\/v2\/tags?post=210"}],"curies":[{"name":"wp","href":"https:\/\/api.w.org\/{rel}","templated":true}]}}