{"id":211,"date":"2024-03-20T10:50:55","date_gmt":"2024-03-20T09:50:55","guid":{"rendered":"https:\/\/blogs.ugr.es\/hispanagrama\/?page_id=211"},"modified":"2024-09-11T17:20:11","modified_gmt":"2024-09-11T15:20:11","slug":"envio-de-propuestas","status":"publish","type":"page","link":"https:\/\/blogs.ugr.es\/hispanagrama\/envio-de-propuestas\/","title":{"rendered":"Env\u00edo de propuestas"},"content":{"rendered":"<p><strong>\u00a1NOVEDAD! AMPLIACI\u00d3N DEL PLAZO DE ENV\u00cdO DE PROPUESTAS: <\/strong><\/p>\n<p><strong>NUEVA FECHA: 15\/10\/2024\u00a0<\/strong><\/p>\n<p>Las propuestas se enviar\u00e1n a trav\u00e9s del siguiente formulario: <a href=\"https:\/\/forms.gle\/fT8yZ65r2dMZFG3i7\">https:\/\/forms.gle\/fT8yZ65r2dMZFG3i7<\/a><\/p>\n<p>&nbsp;<\/p>\n<p>&#8212;<\/p>\n<p>Las comunicaciones al <strong>Congreso Internacional HISPANAGRAMA \u201cHistoria de la ling\u00fc\u00edstica en Am\u00e9rica Latina\u201d<\/strong> se pueden presentar en las siguientes lenguas: espa\u00f1ol, ingl\u00e9s y portugu\u00e9s. En el caso de trabajos con m\u00e1s de un autor\/a, todos los firmantes deber\u00e1n inscribirse en el congreso. Para las intervenciones orales se dispondr\u00e1 de un m\u00e1ximo de 20 minutos de exposici\u00f3n, a los que seguir\u00e1n 10 minutos dedicados al debate.<\/p>\n<p>El texto de la propuesta de comunicaci\u00f3n ser\u00e1 evaluado por el <a href=\"https:\/\/blogs.ugr.es\/hispanagrama\/comite-cientifico\/\">Comit\u00e9 Cient\u00edfico<\/a> teniendo en cuenta la calidad y originalidad de su contenido, as\u00ed como su vinculaci\u00f3n con las l\u00edneas tem\u00e1ticas del congreso.<\/p>\n<p>Las propuestas se enviar\u00e1n a trav\u00e9s del siguiente formulario: <a href=\"https:\/\/forms.gle\/fT8yZ65r2dMZFG3i7\">https:\/\/forms.gle\/fT8yZ65r2dMZFG3i7<\/a>. La fecha l\u00edmite para enviar propuestas es el <b>15 de julio de 2024 <\/b>a las 23:59 horas.<\/p>\n<p>Si tiene alguna duda, puede enviar un correo a &#104;i&#x73;p&#x61;n&#x61;g&#x72;a&#x6d;a&#x40;&#103;&#x6d;&#97;&#x69;&#108;&#x2e;&#99;&#x6f;&#109;<\/p>\n","protected":false},"excerpt":{"rendered":"<p>\u00a1NOVEDAD! AMPLIACI\u00d3N DEL PLAZO DE ENV\u00cdO DE PROPUESTAS: NUEVA FECHA: 15\/10\/2024\u00a0 Las propuestas se enviar\u00e1n a trav\u00e9s del siguiente formulario: https:\/\/forms.gle\/fT8yZ65r2dMZFG3i7 &nbsp; &#8212; Las comunicaciones al Congreso Internacional HISPANAGRAMA \u201cHistoria de la ling\u00fc\u00edstica en Am\u00e9rica Latina\u201d se pueden presentar en las siguientes lenguas: espa\u00f1ol, ingl\u00e9s y portugu\u00e9s. En el caso de trabajos con m\u00e1s de [&hellip;]<\/p>\n","protected":false},"author":544,"featured_media":0,"parent":0,"menu_order":0,"comment_status":"closed","ping_status":"closed","template":"","meta":{"_genesis_hide_title":false,"_genesis_hide_breadcrumbs":false,"_genesis_hide_singular_image":false,"_genesis_hide_footer_widgets":false,"_genesis_custom_body_class":"","_genesis_custom_post_class":"","_genesis_layout":"","footnotes":""},"categories":[],"tags":[],"class_list":{"0":"post-211","1":"page","2":"type-page","3":"status-publish","5":"entry"},"_links":{"self":[{"href":"https:\/\/blogs.ugr.es\/hispanagrama\/wp-json\/wp\/v2\/pages\/211","targetHints":{"allow":["GET"]}}],"collection":[{"href":"https:\/\/blogs.ugr.es\/hispanagrama\/wp-json\/wp\/v2\/pages"}],"about":[{"href":"https:\/\/blogs.ugr.es\/hispanagrama\/wp-json\/wp\/v2\/types\/page"}],"author":[{"embeddable":true,"href":"https:\/\/blogs.ugr.es\/hispanagrama\/wp-json\/wp\/v2\/users\/544"}],"replies":[{"embeddable":true,"href":"https:\/\/blogs.ugr.es\/hispanagrama\/wp-json\/wp\/v2\/comments?post=211"}],"version-history":[{"count":3,"href":"https:\/\/blogs.ugr.es\/hispanagrama\/wp-json\/wp\/v2\/pages\/211\/revisions"}],"predecessor-version":[{"id":386,"href":"https:\/\/blogs.ugr.es\/hispanagrama\/wp-json\/wp\/v2\/pages\/211\/revisions\/386"}],"wp:attachment":[{"href":"https:\/\/blogs.ugr.es\/hispanagrama\/wp-json\/wp\/v2\/media?parent=211"}],"wp:term":[{"taxonomy":"category","embeddable":true,"href":"https:\/\/blogs.ugr.es\/hispanagrama\/wp-json\/wp\/v2\/categories?post=211"},{"taxonomy":"post_tag","embeddable":true,"href":"https:\/\/blogs.ugr.es\/hispanagrama\/wp-json\/wp\/v2\/tags?post=211"}],"curies":[{"name":"wp","href":"https:\/\/api.w.org\/{rel}","templated":true}]}}