{"id":212,"date":"2024-03-20T10:50:55","date_gmt":"2024-03-20T09:50:55","guid":{"rendered":"https:\/\/blogs.ugr.es\/hispanagrama\/?page_id=212"},"modified":"2024-11-20T12:25:00","modified_gmt":"2024-11-20T11:25:00","slug":"inscripcion","status":"publish","type":"page","link":"https:\/\/blogs.ugr.es\/hispanagrama\/inscripcion\/","title":{"rendered":"Inscripci\u00f3n"},"content":{"rendered":"<p><strong>FORMULARIO DE INSCRIPCI\u00d3N<\/strong><\/p>\n<p>Para inscribirse en el Congreso Internacional HISPANAGRAMA \u201cHistoria de la ling\u00fc\u00edstica en Am\u00e9rica Latina\u201d, rellene el siguiente <a href=\"https:\/\/forms.gle\/dqKBbiV8b3Lq9tsKA\">formulario<\/a>.<\/p>\n<p>&nbsp;<\/p>\n<p><strong>CUOTAS DE INSCRIPCI\u00d3N<\/strong><\/p>\n<p>Para el pago, tenga en cuenta la siguiente informaci\u00f3n, por favor, relativa a las <strong>cuotas de inscripci\u00f3n<\/strong>:<\/p>\n<ul>\n<li>Comunicantes:\n<ul>\n<li><strong>100<\/strong> euros (<strong>hasta el 30 de octubre de 2024<\/strong>)<\/li>\n<li><strong>130<\/strong> euros (<strong>hasta el 1 de diciembre de 2024<\/strong>)<\/li>\n<li><strong>150<\/strong> euros (<strong>hasta el 15 de enero de 2025<\/strong>)<\/li>\n<\/ul>\n<\/li>\n<li>No comunicantes:\n<ul>\n<li>No estudiantes: <strong>40<\/strong> euros (inscripci\u00f3n hasta el 1 de diciembre de 2024)<\/li>\n<li>Estudiantes: <strong>20<\/strong> euros (inscripci\u00f3n hasta el 1 de diciembre de 2024)<\/li>\n<\/ul>\n<\/li>\n<\/ul>\n<div><\/div>\n<div><strong>PAGO DE LA INSCRIPCI\u00d3N<\/strong><\/div>\n<div><\/div>\n<div>Para hacer efectiva su inscripci\u00f3n debe ingresar la cuota correspondiente en la cuenta de CAIXABANK <strong>ES58 2100 4224 3913 0072 0546<\/strong>. [C\u00f3digo SWIFT\/BIC: <strong>CAIXESBBXXX<\/strong>]<\/div>\n<ul>\n<li>Beneficiario: <strong>Universidad de Granada<\/strong><\/li>\n<li>Concepto: <strong>NOMBRE y APELLIDOS(S) &#8211; \u00abIC HISPANAGRAMA\u00bb<\/strong>. (Ej. ESTEBAN MONTORO &#8211; IC HISPANAGRAMA)<\/li>\n<\/ul>\n<div>Una vez realizado el pago, es fundamental que env\u00ede el <strong>resguardo de la transferencia<\/strong> al correo electr\u00f3nico del Comit\u00e9 Organizador: <strong>&#104;&#x69;&#115;&#x70;&#97;&#x6e;a&#x67;r&#x61;m&#97;&#x40;&#103;&#x6d;&#97;&#x69;&#108;&#x2e;c&#x6f;m<\/strong>, con el asunto \u00abResguardo INSCRIPCI\u00d3N congreso HISPANAGRAMA\u00bb.<\/div>\n","protected":false},"excerpt":{"rendered":"<p>FORMULARIO DE INSCRIPCI\u00d3N Para inscribirse en el Congreso Internacional HISPANAGRAMA \u201cHistoria de la ling\u00fc\u00edstica en Am\u00e9rica Latina\u201d, rellene el siguiente formulario. &nbsp; CUOTAS DE INSCRIPCI\u00d3N Para el pago, tenga en cuenta la siguiente informaci\u00f3n, por favor, relativa a las cuotas de inscripci\u00f3n: Comunicantes: 100 euros (hasta el 30 de octubre de 2024) 130 euros (hasta [&hellip;]<\/p>\n","protected":false},"author":544,"featured_media":0,"parent":0,"menu_order":0,"comment_status":"closed","ping_status":"closed","template":"","meta":{"_genesis_hide_title":false,"_genesis_hide_breadcrumbs":false,"_genesis_hide_singular_image":false,"_genesis_hide_footer_widgets":false,"_genesis_custom_body_class":"","_genesis_custom_post_class":"","_genesis_layout":"","footnotes":""},"categories":[],"tags":[],"class_list":{"0":"post-212","1":"page","2":"type-page","3":"status-publish","5":"entry"},"_links":{"self":[{"href":"https:\/\/blogs.ugr.es\/hispanagrama\/wp-json\/wp\/v2\/pages\/212","targetHints":{"allow":["GET"]}}],"collection":[{"href":"https:\/\/blogs.ugr.es\/hispanagrama\/wp-json\/wp\/v2\/pages"}],"about":[{"href":"https:\/\/blogs.ugr.es\/hispanagrama\/wp-json\/wp\/v2\/types\/page"}],"author":[{"embeddable":true,"href":"https:\/\/blogs.ugr.es\/hispanagrama\/wp-json\/wp\/v2\/users\/544"}],"replies":[{"embeddable":true,"href":"https:\/\/blogs.ugr.es\/hispanagrama\/wp-json\/wp\/v2\/comments?post=212"}],"version-history":[{"count":4,"href":"https:\/\/blogs.ugr.es\/hispanagrama\/wp-json\/wp\/v2\/pages\/212\/revisions"}],"predecessor-version":[{"id":403,"href":"https:\/\/blogs.ugr.es\/hispanagrama\/wp-json\/wp\/v2\/pages\/212\/revisions\/403"}],"wp:attachment":[{"href":"https:\/\/blogs.ugr.es\/hispanagrama\/wp-json\/wp\/v2\/media?parent=212"}],"wp:term":[{"taxonomy":"category","embeddable":true,"href":"https:\/\/blogs.ugr.es\/hispanagrama\/wp-json\/wp\/v2\/categories?post=212"},{"taxonomy":"post_tag","embeddable":true,"href":"https:\/\/blogs.ugr.es\/hispanagrama\/wp-json\/wp\/v2\/tags?post=212"}],"curies":[{"name":"wp","href":"https:\/\/api.w.org\/{rel}","templated":true}]}}