{"id":213,"date":"2024-03-20T10:50:56","date_gmt":"2024-03-20T09:50:56","guid":{"rendered":"https:\/\/blogs.ugr.es\/hispanagrama\/?page_id=213"},"modified":"2025-01-28T19:53:29","modified_gmt":"2025-01-28T18:53:29","slug":"programa","status":"publish","type":"page","link":"https:\/\/blogs.ugr.es\/hispanagrama\/programa\/","title":{"rendered":"Programa"},"content":{"rendered":"<h2>Programa cient\u00edfico<\/h2>\n<p>Congreso Internacional HISPANAGRAMA, Universidad de Granada<\/p>\n<p><a href=\"https:\/\/blogs.ugr.es\/hispanagrama\/wp-content\/uploads\/sites\/151\/2025\/01\/CI-Hispanagrama_2025_programa-3-actualizado-1.pdf\">Programa (versi\u00f3n 3, actualizada)<\/a><\/p>\n<p><a href=\"https:\/\/blogs.ugr.es\/hispanagrama\/wp-content\/uploads\/sites\/151\/2025\/01\/CI-HISPANAGRAMA_Libro-resumenes.pdf\">Libro de res\u00famenes<\/a><\/p>\n<h2>Programa social<\/h2>\n<h3 style=\"text-align: center\">Visita guiada por la ciudad<\/h3>\n<p style=\"text-align: center\">Mi\u00e9rcoles, 30 de enero de 2025, a a las 19:30 horas<\/p>\n<ul>\n<li>La visita comienza a las 7:30 p. m. en la <a href=\"https:\/\/g.co\/kgs\/T5bGDpN\">Plaza de las Pasiegas:<\/a><img loading=\"lazy\" decoding=\"async\" class=\"aligncenter\" src=\"https:\/\/conciertos.club\/doc\/l\/l_PlazadelasPasiegas.jpg\" alt=\"Conciertos en Plaza de las Pasiegas de Granada - Locales\" width=\"540\" height=\"330\" \/><\/li>\n<li>Reparto del sistema de audios y conformaci\u00f3n de 2 grupos con sus gu\u00edas respectivos.<\/li>\n<li>Breve introducci\u00f3n sobre la historia de Granada en el punto de inicio de la visita.<\/li>\n<li>Conjunto hist\u00f3rico-art\u00edstico del centro (Capilla Real, Catedral, Madraza Yusufiya, etc.).<\/li>\n<li>Calderer\u00eda y Cuesta de San Gregorio.<\/li>\n<li>Subida al Mirador de San Nicol\u00e1s, Plaza Larga y Plaza Aliatar.<\/li>\n<li>Sacromonte, Vereda de Enmedio y Venta del Gallo.<\/li>\n<li>Descenso hacia cuesta del Chapiz.<\/li>\n<li>Fin de la visita en la Real Chanciller\u00eda, entre las 9: 30 o y 10.00 p. m.<\/li>\n<\/ul>\n<p><strong>Importante<\/strong>: lleven <strong>calzado muy c\u00f3modo<\/strong> para esta visita, por su grado de dificultad debido al empedrado granadino.<\/p>\n<p>&nbsp;<\/p>\n<p>&nbsp;<\/p>\n<h3 style=\"text-align: center\">Cena del congreso<\/h3>\n<p><a href=\"https:\/\/blogs.ugr.es\/hispanagrama\/wp-content\/uploads\/sites\/151\/2025\/01\/restaurante-paco-martin-200-60.png\"><img loading=\"lazy\" decoding=\"async\" class=\" wp-image-436 alignleft\" src=\"https:\/\/blogs.ugr.es\/hispanagrama\/wp-content\/uploads\/sites\/151\/2025\/01\/restaurante-paco-martin-200-60.png\" alt=\"\" width=\"220\" height=\"66\" \/><\/a><\/p>\n<p style=\"text-align: left\">Jueves, 30 de enero de 2025, a las 21:00 horas<\/p>\n<p style=\"text-align: left\"><a href=\"https:\/\/restaurantepacomartin.com\/\">https:\/\/restaurantepacomartin.com\/<\/a><\/p>\n<p style=\"text-align: left\"><a href=\"https:\/\/www.google.com\/maps\/dir\/\/Restaurante+Paco+Mart%C3%ADn+Carrera+de+la+Virgen,+38+Centro+18005+Granada\/@37.1703141,-3.5971394,16z\/data=!4m5!4m4!1m0!1m2!1m1!1s0xd71fcbc861cdba5:0xaf4b95737bcc26e3\">C\u00f3mo llegar<\/a><\/p>\n<p>&nbsp;<\/p>\n<p style=\"text-align: center\">Men\u00fa<\/p>\n<p><em>Entrantes<\/em><\/p>\n<ul>\n<li>Lomo de orza del Poniente Granadino con manteca \u00abcolor\u00e1\u00bb<\/li>\n<li>Fritura andaluza con alioli de ajos morados<\/li>\n<li>Tradicionales croquetas de rabo de toro \u201cAyas Orihuela\u201d<\/li>\n<\/ul>\n<p><em>Primer plato<\/em><\/p>\n<ul>\n<li>Lomos de bacalao sobre salmorejo y aceite de oliva negra<\/li>\n<\/ul>\n<p><em>Segundo plato<\/em><\/p>\n<ul>\n<li>Carrilleras dulces al oloroso de Jerez<\/li>\n<\/ul>\n<p>Postre<\/p>\n<ul>\n<li>Brownie de chocolate con vainilla<\/li>\n<\/ul>\n","protected":false},"excerpt":{"rendered":"<p>Programa cient\u00edfico Congreso Internacional HISPANAGRAMA, Universidad de Granada Programa (versi\u00f3n 3, actualizada) Libro de res\u00famenes Programa social Visita guiada por la ciudad Mi\u00e9rcoles, 30 de enero de 2025, a a las 19:30 horas La visita comienza a las 7:30 p. m. en la Plaza de las Pasiegas: Reparto del sistema de audios y conformaci\u00f3n de [&hellip;]<\/p>\n","protected":false},"author":544,"featured_media":0,"parent":0,"menu_order":0,"comment_status":"closed","ping_status":"closed","template":"","meta":{"_genesis_hide_title":false,"_genesis_hide_breadcrumbs":false,"_genesis_hide_singular_image":false,"_genesis_hide_footer_widgets":false,"_genesis_custom_body_class":"","_genesis_custom_post_class":"","_genesis_layout":"","footnotes":""},"categories":[],"tags":[],"class_list":{"0":"post-213","1":"page","2":"type-page","3":"status-publish","5":"entry"},"_links":{"self":[{"href":"https:\/\/blogs.ugr.es\/hispanagrama\/wp-json\/wp\/v2\/pages\/213","targetHints":{"allow":["GET"]}}],"collection":[{"href":"https:\/\/blogs.ugr.es\/hispanagrama\/wp-json\/wp\/v2\/pages"}],"about":[{"href":"https:\/\/blogs.ugr.es\/hispanagrama\/wp-json\/wp\/v2\/types\/page"}],"author":[{"embeddable":true,"href":"https:\/\/blogs.ugr.es\/hispanagrama\/wp-json\/wp\/v2\/users\/544"}],"replies":[{"embeddable":true,"href":"https:\/\/blogs.ugr.es\/hispanagrama\/wp-json\/wp\/v2\/comments?post=213"}],"version-history":[{"count":4,"href":"https:\/\/blogs.ugr.es\/hispanagrama\/wp-json\/wp\/v2\/pages\/213\/revisions"}],"predecessor-version":[{"id":453,"href":"https:\/\/blogs.ugr.es\/hispanagrama\/wp-json\/wp\/v2\/pages\/213\/revisions\/453"}],"wp:attachment":[{"href":"https:\/\/blogs.ugr.es\/hispanagrama\/wp-json\/wp\/v2\/media?parent=213"}],"wp:term":[{"taxonomy":"category","embeddable":true,"href":"https:\/\/blogs.ugr.es\/hispanagrama\/wp-json\/wp\/v2\/categories?post=213"},{"taxonomy":"post_tag","embeddable":true,"href":"https:\/\/blogs.ugr.es\/hispanagrama\/wp-json\/wp\/v2\/tags?post=213"}],"curies":[{"name":"wp","href":"https:\/\/api.w.org\/{rel}","templated":true}]}}