{"id":231,"date":"2024-03-20T11:03:10","date_gmt":"2024-03-20T10:03:10","guid":{"rendered":"https:\/\/blogs.ugr.es\/hispanagrama\/?page_id=231"},"modified":"2025-01-06T12:43:55","modified_gmt":"2025-01-06T11:43:55","slug":"informacion-general","status":"publish","type":"page","link":"https:\/\/blogs.ugr.es\/hispanagrama\/informacion-general\/","title":{"rendered":"Informaci\u00f3n general"},"content":{"rendered":"<p>&nbsp;<\/p>\n<h4>CONGRESO INTERNACIONAL HISPANAGRAMA<\/h4>\n<h4><a href=\"https:\/\/blogs.ugr.es\/hispanagrama\/wp-content\/uploads\/sites\/151\/2025\/01\/HISPANAGRAMA_3_Carteles-pequeno.jpg\"><img loading=\"lazy\" decoding=\"async\" class=\"alignright  wp-image-433\" src=\"https:\/\/blogs.ugr.es\/hispanagrama\/wp-content\/uploads\/sites\/151\/2025\/01\/HISPANAGRAMA_3_Carteles-pequeno.jpg\" alt=\"\" width=\"328\" height=\"463\" srcset=\"https:\/\/blogs.ugr.es\/hispanagrama\/wp-content\/uploads\/sites\/151\/2025\/01\/HISPANAGRAMA_3_Carteles-pequeno.jpg 566w, https:\/\/blogs.ugr.es\/hispanagrama\/wp-content\/uploads\/sites\/151\/2025\/01\/HISPANAGRAMA_3_Carteles-pequeno-212x300.jpg 212w, https:\/\/blogs.ugr.es\/hispanagrama\/wp-content\/uploads\/sites\/151\/2025\/01\/HISPANAGRAMA_3_Carteles-pequeno-495x700.jpg 495w\" sizes=\"auto, (max-width: 328px) 100vw, 328px\" \/><\/a><\/h4>\n<h4>\u201cHISTORIA DE LA LING\u00dc\u00cdSTICA EN AM\u00c9RICA LATINA\u201d<\/h4>\n<h4 style=\"text-align: left\">Universidad de Granada<\/h4>\n<h4 style=\"text-align: left\">Facultad de Filosof\u00eda y Letras<\/h4>\n<h4 style=\"text-align: left\">29 al 31 de enero de 2025<\/h4>\n<p style=\"text-align: left\">Con la intenci\u00f3n de ofrecer resultados y permitir el di\u00e1logo con especialistas en diversas tradiciones ling\u00fc\u00edsticas sobre todo tipo de textos publicados en Am\u00e9rica Latina, preferentemente, en los siglos XIX y XX, el grupo HISPANAGRAMA II invita a la comunidad cient\u00edfica a participar al CONGRESO INTERNACIONAL HISPANAGRAMA \u201cHISTORIA DE LA LING\u00dc\u00cdSTICA EN AM\u00c9RICA LATINA\u201d que se celebrar\u00e1 en la Facultad de Filosof\u00eda y Letras de la Universidad de Granada del 29 al 31 de enero de 2025.<\/p>\n<h4>L\u00edneas tem\u00e1ticas del congreso<\/h4>\n<p>Se podr\u00e1n presentar comunicaciones que se inserten, entre otras, en estas l\u00edneas tem\u00e1ticas centradas en textos publicados en Am\u00e9rica Latina:<\/p>\n<ol>\n<li>Historia de la ling\u00fc\u00edstica<\/li>\n<li>Gramaticograf\u00eda<\/li>\n<li>Historia de la ortograf\u00eda<\/li>\n<li>Historia de la lexicograf\u00eda<\/li>\n<li>Historia de la fraseolog\u00eda<\/li>\n<li>Historia de la ense\u00f1anza de lenguas (cl\u00e1sicas o modernas)<\/li>\n<li>Ling\u00fc\u00edstica misionera<\/li>\n<\/ol>\n<h4><strong>Lenguas de investigaci\u00f3n y de exposici\u00f3n<\/strong><\/h4>\n<p>Las lenguas sobre las que podr\u00e1 investigarse ser\u00e1n el espa\u00f1ol, el portugu\u00e9s, las lenguas cl\u00e1sicas, lenguas extranjeras para hispanohablantes y lenguas ind\u00edgenas.<\/p>\n<p>Los trabajos podr\u00e1n presentarse en espa\u00f1ol, portugu\u00e9s o ingl\u00e9s.<\/p>\n<p>&nbsp;<\/p>\n<p><strong>Localizaci\u00f3n<\/strong><\/p>\n<p>Facultad de Filosof\u00eda y Letras<br \/>\nCampus de la Cartuja<br \/>\nUniversidad de Granada<br \/>\nDirecci\u00f3n: Calle del Prof. Clavera, s\/n, Beiro, 18011 Granada<\/p>\n<p>Bus: l\u00edneas 8, U3 (parada Profesor Clavera &#8211; Facultad Econ\u00f3micas y Empresariales)<\/p>\n<p><a href=\"https:\/\/maps.app.goo.gl\/Sjs3eiEXSBQhhcVv7\">Ver en mapa<\/a><\/p>\n","protected":false},"excerpt":{"rendered":"<p>&nbsp; CONGRESO INTERNACIONAL HISPANAGRAMA \u201cHISTORIA DE LA LING\u00dc\u00cdSTICA EN AM\u00c9RICA LATINA\u201d Universidad de Granada Facultad de Filosof\u00eda y Letras 29 al 31 de enero de 2025 Con la intenci\u00f3n de ofrecer resultados y permitir el di\u00e1logo con especialistas en diversas tradiciones ling\u00fc\u00edsticas sobre todo tipo de textos publicados en Am\u00e9rica Latina, preferentemente, en los siglos [&hellip;]<\/p>\n","protected":false},"author":544,"featured_media":0,"parent":0,"menu_order":0,"comment_status":"closed","ping_status":"closed","template":"","meta":{"_genesis_hide_title":false,"_genesis_hide_breadcrumbs":false,"_genesis_hide_singular_image":false,"_genesis_hide_footer_widgets":false,"_genesis_custom_body_class":"","_genesis_custom_post_class":"","_genesis_layout":"","footnotes":""},"categories":[],"tags":[],"class_list":{"0":"post-231","1":"page","2":"type-page","3":"status-publish","5":"entry"},"_links":{"self":[{"href":"https:\/\/blogs.ugr.es\/hispanagrama\/wp-json\/wp\/v2\/pages\/231","targetHints":{"allow":["GET"]}}],"collection":[{"href":"https:\/\/blogs.ugr.es\/hispanagrama\/wp-json\/wp\/v2\/pages"}],"about":[{"href":"https:\/\/blogs.ugr.es\/hispanagrama\/wp-json\/wp\/v2\/types\/page"}],"author":[{"embeddable":true,"href":"https:\/\/blogs.ugr.es\/hispanagrama\/wp-json\/wp\/v2\/users\/544"}],"replies":[{"embeddable":true,"href":"https:\/\/blogs.ugr.es\/hispanagrama\/wp-json\/wp\/v2\/comments?post=231"}],"version-history":[{"count":3,"href":"https:\/\/blogs.ugr.es\/hispanagrama\/wp-json\/wp\/v2\/pages\/231\/revisions"}],"predecessor-version":[{"id":434,"href":"https:\/\/blogs.ugr.es\/hispanagrama\/wp-json\/wp\/v2\/pages\/231\/revisions\/434"}],"wp:attachment":[{"href":"https:\/\/blogs.ugr.es\/hispanagrama\/wp-json\/wp\/v2\/media?parent=231"}],"wp:term":[{"taxonomy":"category","embeddable":true,"href":"https:\/\/blogs.ugr.es\/hispanagrama\/wp-json\/wp\/v2\/categories?post=231"},{"taxonomy":"post_tag","embeddable":true,"href":"https:\/\/blogs.ugr.es\/hispanagrama\/wp-json\/wp\/v2\/tags?post=231"}],"curies":[{"name":"wp","href":"https:\/\/api.w.org\/{rel}","templated":true}]}}