{"id":322,"date":"2024-04-30T10:58:01","date_gmt":"2024-04-30T08:58:01","guid":{"rendered":"https:\/\/blogs.ugr.es\/hispanagrama\/?page_id=322"},"modified":"2024-07-01T09:57:16","modified_gmt":"2024-07-01T07:57:16","slug":"equipo-de-investigacion","status":"publish","type":"page","link":"https:\/\/blogs.ugr.es\/hispanagrama\/equipo-de-investigacion\/","title":{"rendered":"Equipo de investigaci\u00f3n"},"content":{"rendered":"<p><strong class=\"author-name\"><img loading=\"lazy\" decoding=\"async\" class=\"alignleft size-medium wp-image-361\" src=\"https:\/\/blogs.ugr.es\/hispanagrama\/wp-content\/uploads\/sites\/151\/2024\/05\/Martinez-Atienza-300x200.jpeg\" alt=\"\" width=\"300\" height=\"200\" srcset=\"https:\/\/blogs.ugr.es\/hispanagrama\/wp-content\/uploads\/sites\/151\/2024\/05\/Martinez-Atienza-300x200.jpeg 300w, https:\/\/blogs.ugr.es\/hispanagrama\/wp-content\/uploads\/sites\/151\/2024\/05\/Martinez-Atienza-700x466.jpeg 700w, https:\/\/blogs.ugr.es\/hispanagrama\/wp-content\/uploads\/sites\/151\/2024\/05\/Martinez-Atienza.jpeg 800w\" sizes=\"auto, (max-width: 300px) 100vw, 300px\" \/>Mar\u00eda Mart\u00ednez-Atienza<\/strong><\/p>\n<p><em><span class=\"author-title\">Universidad de C\u00f3rdoba<\/span><\/em><\/p>\n<p>Profesora titular del \u00c1rea de Lengua Espa\u00f1ola en la Universidad de C\u00f3rdoba (Espa\u00f1a). Obtuvo el Premio Extraordinario en Filolog\u00eda Hisp\u00e1nica en la Universidad de Castilla-La Mancha. Durante siete a\u00f1os ha desarrollado su actividad docente e investigadora en la Universidad Ca\u2019 Foscari de Venecia (Italia), donde se ha formado, entre otros \u00e1mbitos, en la ense\u00f1anza del Espa\u00f1ol como Lengua extranjera. Sus l\u00edneas de investigaci\u00f3n son la historiograf\u00eda ling\u00fc\u00edstica, la sem\u00e1ntica tempo-aspectual del verbo, la gram\u00e1tica contrastiva espa\u00f1ol-italiano y la metodolog\u00eda para la ense\u00f1anza de ELE.<\/p>\n<p>Ha sido investigadora principal del Proyecto de Generaci\u00f3n de Conocimiento \u201cFrontera\u201d del Programa Operativo FEDER Andaluc\u00eda 1380559-F, junto a Alfonso Zamorano Aguilar, as\u00ed como investigadora de siete proyectos m\u00e1s, dos de ellos internacionales.<\/p>\n<p>Entre sus publicaciones destacan, adem\u00e1s de numerosos art\u00edculos en revistas y cap\u00edtulos de libro, tres monograf\u00edas: 1) <em>Temporalidad, aspectualidad y modo de acci\u00f3n: formas verbales y complementos temporales en espa\u00f1ol y su contraste con otras lenguas<\/em>, Lincom, 2012; 1) <em>Entre el l\u00e9xico y la sintaxis: las fases de los eventos<\/em>, Peter Lang, 2021; 3) <em>Tiempos verbales del indicativo en espa\u00f1ol e italiano. Significado y uso,<\/em> Celid, 2015.<\/p>\n<p>Por lo que respecta a su proyecci\u00f3n internacional, adem\u00e1s de la mencionada experiencia docente e investigadora en la Universidad Ca\u2019 Foscari, ha sido conferenciante invitada en las universidades de Berna (Suiza), Montpellier (Francia), Cat\u00f3lica de Lovaina (B\u00e9lgica), Tur\u00edn (Italia), Montevideo (Uruguay) o Londres (Reino Unido).<\/p>\n<p>&nbsp;<\/p>\n<p><strong class=\"author-name\"><img loading=\"lazy\" decoding=\"async\" class=\"size-medium wp-image-346 alignright\" src=\"https:\/\/blogs.ugr.es\/hispanagrama\/wp-content\/uploads\/sites\/151\/2024\/05\/Gonzalez-Jimenez_JuanMiguel-211x300.jpg\" alt=\"\" width=\"211\" height=\"300\" srcset=\"https:\/\/blogs.ugr.es\/hispanagrama\/wp-content\/uploads\/sites\/151\/2024\/05\/Gonzalez-Jimenez_JuanMiguel-211x300.jpg 211w, https:\/\/blogs.ugr.es\/hispanagrama\/wp-content\/uploads\/sites\/151\/2024\/05\/Gonzalez-Jimenez_JuanMiguel.jpg 467w\" sizes=\"auto, (max-width: 211px) 100vw, 211px\" \/>Juan Miguel Gonz\u00e1lez Jim\u00e9nez<\/strong><\/p>\n<p><em><span class=\"author-title\">Universidad de C\u00f3rdoba<\/span><\/em><\/p>\n<p>Profesor Ayudante Doctor del \u00c1rea de Ling\u00fc\u00edstica General en el Departamento de Ciencias del Lenguaje de la Universidad de C\u00f3rdoba. Obtuvo su doctorado en 2022 en la misma universidad, donde tambi\u00e9n ha desarrollado su labor docente e investigadora desde 2018. Sus l\u00edneas de investigaci\u00f3n est\u00e1n vinculadas con la historiograf\u00eda de la ling\u00fc\u00edstica, en particular con el estudio del surgimiento y desarrollo de las ideas ling\u00fc\u00edsticas y con la gramaticograf\u00eda. Entre sus publicaciones m\u00e1s relevantes destacan el libro <em>Lenguaje e interdisciplinariedad en los periodos griegos y romano<\/em>, publicado en la Editorial Universidad de Sevilla en 2024; m\u00faltiples art\u00edculos en revistas como <em>RILCE<\/em>, <em>Bolet\u00edn de Filolog\u00eda<\/em>, <em>Ling\u00fc\u00edstica<\/em> o el <em>Bolet\u00edn de la Sociedad Espa\u00f1ola de Historiograf\u00eda Ling\u00fc\u00edstica<\/em>; y numerosos cap\u00edtulos en editoriales como Tirant Lo Blanch, Ediciones Universidad de Salamanca o LINCOM. Asimismo, ha llevado a cabo estancias de investigaci\u00f3n internacionales tanto predoctorales como posdoctorales en la Universit\u00e0 di Bologna, la Universit\u00e0 di Torino y la Universidad de Chile.<\/p>\n","protected":false},"excerpt":{"rendered":"<p>Mar\u00eda Mart\u00ednez-Atienza Universidad de C\u00f3rdoba Profesora titular del \u00c1rea de Lengua Espa\u00f1ola en la Universidad de C\u00f3rdoba (Espa\u00f1a). Obtuvo el Premio Extraordinario en Filolog\u00eda Hisp\u00e1nica en la Universidad de Castilla-La Mancha. Durante siete a\u00f1os ha desarrollado su actividad docente e investigadora en la Universidad Ca\u2019 Foscari de Venecia (Italia), donde se ha formado, entre otros [&hellip;]<\/p>\n","protected":false},"author":544,"featured_media":0,"parent":0,"menu_order":0,"comment_status":"closed","ping_status":"closed","template":"","meta":{"_genesis_hide_title":false,"_genesis_hide_breadcrumbs":false,"_genesis_hide_singular_image":false,"_genesis_hide_footer_widgets":false,"_genesis_custom_body_class":"","_genesis_custom_post_class":"","_genesis_layout":"","footnotes":""},"categories":[],"tags":[],"class_list":{"0":"post-322","1":"page","2":"type-page","3":"status-publish","5":"entry"},"_links":{"self":[{"href":"https:\/\/blogs.ugr.es\/hispanagrama\/wp-json\/wp\/v2\/pages\/322","targetHints":{"allow":["GET"]}}],"collection":[{"href":"https:\/\/blogs.ugr.es\/hispanagrama\/wp-json\/wp\/v2\/pages"}],"about":[{"href":"https:\/\/blogs.ugr.es\/hispanagrama\/wp-json\/wp\/v2\/types\/page"}],"author":[{"embeddable":true,"href":"https:\/\/blogs.ugr.es\/hispanagrama\/wp-json\/wp\/v2\/users\/544"}],"replies":[{"embeddable":true,"href":"https:\/\/blogs.ugr.es\/hispanagrama\/wp-json\/wp\/v2\/comments?post=322"}],"version-history":[{"count":3,"href":"https:\/\/blogs.ugr.es\/hispanagrama\/wp-json\/wp\/v2\/pages\/322\/revisions"}],"predecessor-version":[{"id":384,"href":"https:\/\/blogs.ugr.es\/hispanagrama\/wp-json\/wp\/v2\/pages\/322\/revisions\/384"}],"wp:attachment":[{"href":"https:\/\/blogs.ugr.es\/hispanagrama\/wp-json\/wp\/v2\/media?parent=322"}],"wp:term":[{"taxonomy":"category","embeddable":true,"href":"https:\/\/blogs.ugr.es\/hispanagrama\/wp-json\/wp\/v2\/categories?post=322"},{"taxonomy":"post_tag","embeddable":true,"href":"https:\/\/blogs.ugr.es\/hispanagrama\/wp-json\/wp\/v2\/tags?post=322"}],"curies":[{"name":"wp","href":"https:\/\/api.w.org\/{rel}","templated":true}]}}