{"id":334,"date":"2024-04-30T11:14:39","date_gmt":"2024-04-30T09:14:39","guid":{"rendered":"https:\/\/blogs.ugr.es\/hispanagrama\/?page_id=334"},"modified":"2024-05-06T12:53:53","modified_gmt":"2024-05-06T10:53:53","slug":"equipo-de-trabajo","status":"publish","type":"page","link":"https:\/\/blogs.ugr.es\/hispanagrama\/equipo-de-trabajo\/","title":{"rendered":"Equipo de trabajo"},"content":{"rendered":"<p>&nbsp;<\/p>\n<div class=\"testimonial\">\n<details open=\"\">\n<p class=\"testimonial-text\"><strong class=\"author-name\"><img loading=\"lazy\" decoding=\"async\" class=\"alignleft wp-image-369\" src=\"https:\/\/blogs.ugr.es\/hispanagrama\/wp-content\/uploads\/sites\/151\/2024\/05\/Arnoux-300x300.jpeg\" alt=\"\" width=\"228\" height=\"228\" srcset=\"https:\/\/blogs.ugr.es\/hispanagrama\/wp-content\/uploads\/sites\/151\/2024\/05\/Arnoux-300x300.jpeg 300w, https:\/\/blogs.ugr.es\/hispanagrama\/wp-content\/uploads\/sites\/151\/2024\/05\/Arnoux-150x150.jpeg 150w, https:\/\/blogs.ugr.es\/hispanagrama\/wp-content\/uploads\/sites\/151\/2024\/05\/Arnoux.jpeg 400w\" sizes=\"auto, (max-width: 228px) 100vw, 228px\" \/>ELVIRA ARNOUX<\/strong><\/p>\n<p class=\"testimonial-text\"><em><span class=\"author-title\">Universidad de Buenos Aires, Argentina<\/span><\/em><\/p>\n<p class=\"testimonial-text\">Es Profesora Em\u00e9rita de la Universidad de Buenos Aires. Dirige en la Facultad de Filosof\u00eda y Letras la Maestr\u00eda en An\u00e1lisis del Discurso y la Carrera de Especializaci\u00f3n en Procesos de Lectura y Escritura Es profesora de Ling\u00fc\u00edstica Interdisciplinaria y de Sociolog\u00eda del Lenguaje en esa casa de estudios, en la que ha dirigido tambi\u00e9n el Instituto de Ling\u00fc\u00edstica entre 1991 y 2009. Es responsable, adem\u00e1s, de la sede argentina de la C\u00e1tedra UNESCO en Lectura y Escritura, red latinoamericana en el \u00e1rea. Ha dictado numerosas conferencias y seminarios sobre temas de Glotopol\u00edtica, An\u00e1lisis del Discurso y Pedagog\u00eda de la Escritura en universidades argentinas y extranjeras. En la actualidad es directora del Proyecto Interdisciplinario de la Secretar\u00eda de Ciencia y T\u00e9cnica (UBA)\u00a0<i>El derecho a la palabra. Perspectiva glotopol\u00edtica de las desigualdades \/ diferencias;<\/i>\u00a0y acaba de finalizar el Proyecto de la Agencia Nacional de Promoci\u00f3n Cient\u00edfica y Tecnol\u00f3gica\u00a0<i>Intervenciones institucionales, discursos sobre la lengua e instrumentos ling\u00fc\u00edsticos. Perspectiva glotopol\u00edtica<\/i> (Argentina, 1943-1955). Algunas distinciones: en 2015, el Georg Forster Research Award de la Fundaci\u00f3n Alexander von Humboldt, el Doctorado Honoris Causa de la Universidad Nacional de Cuyo y el Premio a la Excelencia Acad\u00e9mica de la Universidad de Buenos Aires; en 2016, el Premio Konex-Diploma al M\u00e9rito en Humanidades (2006-2015). Ha desarrollado una importante actividad editorial y actualmente dirige en EUDEBA las colecciones\u00a0<i>Enciclopedia Semiol\u00f3gica<\/i>\u00a0e\u00a0<i>Historia de las Pol\u00edticas e Ideas sobre el lenguaje en Am\u00e9rica Latina<\/i>.<\/p>\n<\/details>\n<\/div>\n<p>&nbsp;<\/p>\n<p><img loading=\"lazy\" decoding=\"async\" class=\"size-medium wp-image-287 alignright\" src=\"https:\/\/blogs.ugr.es\/hispanagrama\/wp-content\/uploads\/sites\/151\/2024\/04\/Foto-Bargallo\u0301-300x200.jpeg\" alt=\"\" width=\"300\" height=\"200\" srcset=\"https:\/\/blogs.ugr.es\/hispanagrama\/wp-content\/uploads\/sites\/151\/2024\/04\/Foto-Bargallo\u0301-300x200.jpeg 300w, https:\/\/blogs.ugr.es\/hispanagrama\/wp-content\/uploads\/sites\/151\/2024\/04\/Foto-Bargallo\u0301-700x466.jpeg 700w, https:\/\/blogs.ugr.es\/hispanagrama\/wp-content\/uploads\/sites\/151\/2024\/04\/Foto-Bargallo\u0301.jpeg 800w\" sizes=\"auto, (max-width: 300px) 100vw, 300px\" \/><\/p>\n<p><strong class=\"author-name\">MAR\u00cdA BARGALL\u00d3<\/strong><\/p>\n<p><em>Universitat Rovira i Virgili<\/em><\/p>\n<p>Profesora titular del \u00e1rea de Lengua espa\u00f1ola en el Departamento de Filolog\u00edas Rom\u00e1nicas de la Universitat Rovira i Virgili (Tarragona). Sus l\u00edneas de investigaci\u00f3n son las relaciones entre gram\u00e1tica y diccionario, la historiograf\u00eda ling\u00fc\u00edstica, la fraseolog\u00eda y la lexicograf\u00eda pedag\u00f3gica del espa\u00f1ol como lengua extranjera. Adem\u00e1s, ha sido investigadora principal y ha participado como miembro del equipo investigador de diversos proyectos relacionados con sus \u00e1mbitos de investigaci\u00f3n. Actualmente es la investigadora responsable del Grupo de investigaci\u00f3n LEXELE (Lexicograf\u00eda y ense\u00f1anza del espa\u00f1ol como lengua extranjera, consolidado por la Generalitat de Catalunya desde 2014. Ejerce su docencia en estudios de grado y m\u00e1ster. Desde 2015 es la coordinadora del Programa de Doctorado en Estudios Human\u00edsticos de la URV en el que dirige diversas tesis doctorales.En cuanto a la gesti\u00f3n universitaria, ha ejercido como Vicedecana de la Facultad de Letras (1998-2001), Directora de la Escuela de Pregrado (2004-2006) y Vicerrectora de Estudiantes y Comunidad Universitaria (2006-2014). En la actualidad preside la Comisi\u00f3n de Artes y Humanidades del Programa Verifica de ANECA.<\/p>\n<p>&nbsp;<\/p>\n<p><strong class=\"author-name\"><img loading=\"lazy\" decoding=\"async\" class=\"wp-image-367 size-medium alignleft\" src=\"https:\/\/blogs.ugr.es\/hispanagrama\/wp-content\/uploads\/sites\/151\/2024\/05\/Graciela-Barrios-e1714991825534-244x300.jpg\" alt=\"\" width=\"244\" height=\"300\" srcset=\"https:\/\/blogs.ugr.es\/hispanagrama\/wp-content\/uploads\/sites\/151\/2024\/05\/Graciela-Barrios-e1714991825534-244x300.jpg 244w, https:\/\/blogs.ugr.es\/hispanagrama\/wp-content\/uploads\/sites\/151\/2024\/05\/Graciela-Barrios-e1714991825534.jpg 264w\" sizes=\"auto, (max-width: 244px) 100vw, 244px\" \/>GRACIELA BARRIOS<\/strong><\/p>\n<p><em><span class=\"author-title\">Universidad de la Rep\u00fablica, Uruguay<\/span><\/em><\/p>\n<p>Doctora en Letras (Universidad Nacional del Sur (UNS, Argentina). Licenciada en Letras, con especializaci\u00f3n en Ling\u00fc\u00edstica (Universidad de la Rep\u00fablica, Uruguay). Docente Libre (Profesora Titular, honoraria) del Departamento de Psico- y Socioling\u00fc\u00edstica (DPSL), Facultad de Humanidades y Ciencias de la Educci\u00f3n (FHCE), Universidad de la Rep\u00fablica (Udelar), Co-responsable del \u201cN\u00facleo de estudios interdisciplinarios sobre sociedad, educaci\u00f3n y lenguaje en frontera\u201d (Centro Regional del Noreste de la Universidad de la Rep\u00fablica). Docente de grado y posgrado. Tutora de tesis de maestr\u00eda y doctorado.<\/p>\n<p>En la Udelar, ex Profesora Titular (grado 5, efectivo, DT) y ex Directora del DPSL. Ex Coordinadora Acad\u00e9mica de la Maestr\u00eda en Ciencias Humanas, opci\u00f3n \u201cLenguaje, cultura y sociedad\u201d, de la Maestr\u00eda en \u201cEstudios fronterizos\u201d y del Diploma \u201cLenguaje, educaci\u00f3n y sociedad en \u00e1reas de frontera\u201d. Proyectos de investigaci\u00f3n financiados (CSIC, Udelar; FCE, ANII) sobre espa\u00f1ol de Montevideo, situaci\u00f3n socioling\u00fc\u00edstica fronteriza, lenguas migratorias, pol\u00edticas ling\u00fc\u00edsticas, etc. Becas de investigaci\u00f3n en EEUU, Espa\u00f1a e Italia. Consultor\u00edas en educaci\u00f3n (Administraci\u00f3n Nacional de Educaci\u00f3n P\u00fablica) y pericias forenses (Poder Judicial).<\/p>\n<p>&nbsp;<\/p>\n<p><strong class=\"author-name\">JUAN CIFUENTES<\/strong><\/p>\n<p><em><span class=\"author-title\">Universidad de Chile<\/span><\/em><\/p>\n<p>Es Mag\u00edster en Ling\u00fc\u00edstica y Licenciado en Lengua y Literatura Hisp\u00e1nicas por la Universidad de Chile. Su l\u00ednea de investigaci\u00f3n se centra en el desarrollo hist\u00f3rico de los discursos relativos al estudio y ense\u00f1anza de la lengua en Chile, haciendo foco en el an\u00e1lisis de las ideolog\u00edas ling\u00fc\u00edsticas presentes en estos textos (especialmente gram\u00e1ticas y discusiones en el espacio p\u00fablico que abordan la forma en que debe ense\u00f1arse el espa\u00f1ol en las escuelas).Desde el 2021 ejerce como docente en programas destinados a la ense\u00f1anza de la Lectura y Escritura Acad\u00e9micas, en la Universidad de Chile.<\/p>\n<p>&nbsp;<\/p>\n<p><strong class=\"author-name\"><img loading=\"lazy\" decoding=\"async\" class=\"alignleft size-full wp-image-371\" src=\"https:\/\/blogs.ugr.es\/hispanagrama\/wp-content\/uploads\/sites\/151\/2024\/05\/Coll.jpeg\" alt=\"\" width=\"276\" height=\"183\" \/>MAGDALENA COLL<\/strong><\/p>\n<p><em><span class=\"author-title\">Universidad de la Rep\u00fablica, Uruguay<\/span><\/em><\/p>\n<p>Profesora Agregada del Departamento de Psico- y Socioling\u00fc\u00edstica del Instituto de Ling\u00fc\u00edstica de la Facultad de Humanidades y Ciencias de la Educaci\u00f3n (FHCE) de la Universidad de la Rep\u00fablica, Uruguay. Es investigadora nivel 2 del Sistema Nacional de Investigadores y Acad\u00e9mica de N\u00famero de la Academia Nacional de Letras del Uruguay. Licenciada en Ling\u00fc\u00edstica por la Universidad de la Rep\u00fablica y doctora en el Programa de Lengua y Literatura Hisp\u00e1nicas del Departamento de Espa\u00f1ol y Portugu\u00e9s de la Universidad de California (Berkeley), ha publicado libros y art\u00edculos en sus \u00e1reas de especialidad: ling\u00fc\u00edstica hist\u00f3rica, lexicograf\u00eda y lenguas en contacto. Coordina y dirige proyectos de investigaci\u00f3n nacionales e internacionales. Tambi\u00e9n ha coordinado la Maestr\u00eda en Ciencias Humanas de la FHCE y es actualmente Directora del Departamento de Psico- y Socioling\u00fc\u00edstica.<\/p>\n<p>&nbsp;<\/p>\n<p><strong class=\"author-name\"><img loading=\"lazy\" decoding=\"async\" class=\"wp-image-370 alignright\" src=\"https:\/\/blogs.ugr.es\/hispanagrama\/wp-content\/uploads\/sites\/151\/2024\/05\/Lauria-e1714992124226.jpeg\" alt=\"\" width=\"211\" height=\"180\" \/>DANIELA LAURIA<\/strong><\/p>\n<p><em><span class=\"author-title\">Consejo Nacional de Investigaciones Cient\u00edficas y T\u00e9cnicas, Argentina<\/span><\/em><\/p>\n<p>Es Doctora en Ling\u00fc\u00edstica, Mag\u00edster en An\u00e1lisis del Discurso, Licenciada y Profesora en Letras por la Universidad de Buenos Aires (UBA). Es investigadora adjunta del CONICET, con sede de trabajo en el Instituto de Ling\u00fc\u00edstica de la Facultad de Filosof\u00eda y Letras de la UBA. Realiz\u00f3 estudios de posgrado en la Escuela de Lexicograf\u00eda Hisp\u00e1nica (Real Academia Espa\u00f1ola), en el Instituto de Estudios del Lenguaje de la Universidad Estadual de Campinas (Brasil) y en el Graduate Center de la City University of New York (Estados Unidos). Es jefa de trabajos pr\u00e1cticos interina de Semiolog\u00eda (Ciclo B\u00e1sico Com\u00fan, UBA) y jefa de trabajos pr\u00e1cticos regular del \u00e1rea de Ling\u00fc\u00edstica en la Universidad Pedag\u00f3gica Nacional (UNIPE). Dicta regularmente cursos de posgrado en la UBA, UNIPE y UNTREF. Fue invitada a impartir seminarios en la Universidad de Chile, en la Universidad de San Pablo y en la Universidad Federal de Para\u00edba (Brasil). Participa en proyectos de investigaci\u00f3n (UBACyT, ANPCyT, UNIPE, UNTREF) que abordan la relaci\u00f3n entre lenguaje, historia, pol\u00edtica y sociedad. Su campo de investigaci\u00f3n se centra fundamentalmente en el estudio hist\u00f3rico de las intervenciones institucionales y de los discursos p\u00fablicos sobre la lengua, as\u00ed como tambi\u00e9n de los instrumentos ling\u00fc\u00edsticos (gram\u00e1ticas, diccionarios, ortograf\u00edas, manuales de estilo) del espa\u00f1ol desde el enfoque glotopol\u00edtico. Public\u00f3 art\u00edculos en revistas cient\u00edficas nacionales e internacionales, y cap\u00edtulos en libros colectivos.<\/p>\n<p>&nbsp;<\/p>\n<p><strong class=\"author-name\">CECILIA MANZIONE<img loading=\"lazy\" decoding=\"async\" class=\"alignleft wp-image-374\" src=\"https:\/\/blogs.ugr.es\/hispanagrama\/wp-content\/uploads\/sites\/151\/2024\/05\/Manzione.jpeg\" alt=\"\" width=\"119\" height=\"119\" srcset=\"https:\/\/blogs.ugr.es\/hispanagrama\/wp-content\/uploads\/sites\/151\/2024\/05\/Manzione.jpeg 200w, https:\/\/blogs.ugr.es\/hispanagrama\/wp-content\/uploads\/sites\/151\/2024\/05\/Manzione-150x150.jpeg 150w\" sizes=\"auto, (max-width: 119px) 100vw, 119px\" \/><\/strong><\/p>\n<p><em><span class=\"author-title\">Universidad de la Rep\u00fablica, Uruguay<\/span><\/em><\/p>\n<div class=\"display-flex flex-row justify-space-between\"><span class=\"t-14 t-normal\"><span aria-hidden=\"true\">Profesora de Idioma Espa\u00f1ol, egresada del Instituto de Profesores Artigas. Uruguay, Maestrando en Ciencias Humanas, opci\u00f3n \u00abLenguaje, cultura y sociedad\u00bb en FHCE de la UdelaR<\/span><span class=\"visually-hidden\">Profesora de Idioma Espa\u00f1ol, egresada del Instituto de Profesores Artigas. Uruguay, Maestrando en Ciencias Humanas, opci\u00f3n \u00abLenguaje, cultura y sociedad\u00bb en FHCE de la UdelaR.<\/span><\/span><\/div>\n<p><strong class=\"author-name\"><img loading=\"lazy\" decoding=\"async\" class=\"wp-image-365 alignright\" src=\"https:\/\/blogs.ugr.es\/hispanagrama\/wp-content\/uploads\/sites\/151\/2024\/05\/Dario-Rojas-219x300.jpg\" alt=\"\" width=\"185\" height=\"253\" srcset=\"https:\/\/blogs.ugr.es\/hispanagrama\/wp-content\/uploads\/sites\/151\/2024\/05\/Dario-Rojas-219x300.jpg 219w, https:\/\/blogs.ugr.es\/hispanagrama\/wp-content\/uploads\/sites\/151\/2024\/05\/Dario-Rojas.jpg 264w\" sizes=\"auto, (max-width: 185px) 100vw, 185px\" \/><\/strong><\/p>\n<p>&nbsp;<\/p>\n<p><strong class=\"author-name\">DAR\u00cdO ROJAS<\/strong><\/p>\n<p><em><span class=\"author-title\">Universidad de Chile<\/span><\/em><\/p>\n<p>Doctor en Filolog\u00eda Hisp\u00e1nica por la Universidad de Valladolid y acad\u00e9mico (Profesor Asociado) del Departamento de Ling\u00fc\u00edstica de la Universidad de Chile. Sus investigaciones, situadas desde el enfoque glotopol\u00edtico, tratan sobre la formaci\u00f3n de ideolog\u00edas ling\u00fc\u00edsticas en Chile desde el siglo XIX en adelante, en el marco de la construcci\u00f3n del Estado-naci\u00f3n. En particular, se propone contribuir a identificar el rol de los discursos y los imaginarios sobre las lenguas (en especial el castellano y el mapuzungu) en la construcci\u00f3n y legitimaci\u00f3n de las desigualdades en Chile. En su \u00faltimo ciclo de curiosidad intelectual se ha enfocado en la conformaci\u00f3n e institucionalizaci\u00f3n del campo de los estudios del lenguaje en Chile a fines del XIX y comienzos del XX. Sus publicaciones m\u00e1s recientes giran en torno a la historiograf\u00eda cr\u00edtica de la Academia Chilena de la Lengua y de la obra de Rodolfo Lenz.<\/p>\n<p>&nbsp;<\/p>\n<p><strong class=\"author-name\"><img loading=\"lazy\" decoding=\"async\" class=\"wp-image-373 alignleft\" src=\"https:\/\/blogs.ugr.es\/hispanagrama\/wp-content\/uploads\/sites\/151\/2024\/05\/NVila.jpeg\" alt=\"\" width=\"195\" height=\"195\" srcset=\"https:\/\/blogs.ugr.es\/hispanagrama\/wp-content\/uploads\/sites\/151\/2024\/05\/NVila.jpeg 250w, https:\/\/blogs.ugr.es\/hispanagrama\/wp-content\/uploads\/sites\/151\/2024\/05\/NVila-150x150.jpeg 150w\" sizes=\"auto, (max-width: 195px) 100vw, 195px\" \/>NEUS VILA RUBIO<\/strong><\/p>\n<p><em><span class=\"author-title\">Universidad de Lleida<\/span><\/em><\/p>\n<p class=\"testimonial-text\">Doctora en Filolog\u00eda Hisp\u00e1nica por la Universidad de Barcelona y, desde 1992, profesora titular de la Facultad de Letras de la Universidad de Lleida del \u00e1rea de Lengua Espa\u00f1ola. Es, asimismo, Investigadora Principal del\u00a0<i>Grupo de Investigaci\u00f3n en Mediaci\u00f3n Ling\u00fc\u00edstica (GIML)<\/i>, consolidado por la Generalitat de Catalunya a partir de 2009 y hasta la actualidad. Sus l\u00edneas de investigaci\u00f3n son la historiograf\u00eda de la ling\u00fc\u00edstica hisp\u00e1nica y la lexicolog\u00eda y lexicograf\u00eda, especialmente, sobre lenguajes especializados, tanto en el espectro de las terminolog\u00edas como en el de los argots. De ambas l\u00edneas ha publicado alrededor de setenta trabajos individuales y ha dirigido diversos proyectos de investigaci\u00f3n, financiados por el Ministerio, de los que ha sido investigadora principal. Como docente ejerce en estudios de grado, m\u00e1ster y doctorado. Y obtuvo, en 2010, el Premio a la Excelencia Docente de la Universidad de Lleida. En su faceta de gesti\u00f3n universitaria, ha ejercido como Directora del Programa S\u00e9nior de la Universidad de Lleida (2005-2010). Tambi\u00e9n ha sido Directora del Instituto de Ciencias de la Educaci\u00f3n y del Centro de Formaci\u00f3n Continua de la Universidad de Lleida (2009-2010) y Vicerrectora de Estudiantes y pol\u00edtica ling\u00fc\u00edstica (2011-actualidad).<\/p>\n","protected":false},"excerpt":{"rendered":"<p>&nbsp; ELVIRA ARNOUX Universidad de Buenos Aires, Argentina Es Profesora Em\u00e9rita de la Universidad de Buenos Aires. Dirige en la Facultad de Filosof\u00eda y Letras la Maestr\u00eda en An\u00e1lisis del Discurso y la Carrera de Especializaci\u00f3n en Procesos de Lectura y Escritura Es profesora de Ling\u00fc\u00edstica Interdisciplinaria y de Sociolog\u00eda del Lenguaje en esa casa [&hellip;]<\/p>\n","protected":false},"author":544,"featured_media":0,"parent":0,"menu_order":0,"comment_status":"closed","ping_status":"closed","template":"","meta":{"_genesis_hide_title":false,"_genesis_hide_breadcrumbs":false,"_genesis_hide_singular_image":false,"_genesis_hide_footer_widgets":false,"_genesis_custom_body_class":"","_genesis_custom_post_class":"","_genesis_layout":"","footnotes":""},"categories":[],"tags":[],"class_list":{"0":"post-334","1":"page","2":"type-page","3":"status-publish","5":"entry"},"_links":{"self":[{"href":"https:\/\/blogs.ugr.es\/hispanagrama\/wp-json\/wp\/v2\/pages\/334","targetHints":{"allow":["GET"]}}],"collection":[{"href":"https:\/\/blogs.ugr.es\/hispanagrama\/wp-json\/wp\/v2\/pages"}],"about":[{"href":"https:\/\/blogs.ugr.es\/hispanagrama\/wp-json\/wp\/v2\/types\/page"}],"author":[{"embeddable":true,"href":"https:\/\/blogs.ugr.es\/hispanagrama\/wp-json\/wp\/v2\/users\/544"}],"replies":[{"embeddable":true,"href":"https:\/\/blogs.ugr.es\/hispanagrama\/wp-json\/wp\/v2\/comments?post=334"}],"version-history":[{"count":4,"href":"https:\/\/blogs.ugr.es\/hispanagrama\/wp-json\/wp\/v2\/pages\/334\/revisions"}],"predecessor-version":[{"id":377,"href":"https:\/\/blogs.ugr.es\/hispanagrama\/wp-json\/wp\/v2\/pages\/334\/revisions\/377"}],"wp:attachment":[{"href":"https:\/\/blogs.ugr.es\/hispanagrama\/wp-json\/wp\/v2\/media?parent=334"}],"wp:term":[{"taxonomy":"category","embeddable":true,"href":"https:\/\/blogs.ugr.es\/hispanagrama\/wp-json\/wp\/v2\/categories?post=334"},{"taxonomy":"post_tag","embeddable":true,"href":"https:\/\/blogs.ugr.es\/hispanagrama\/wp-json\/wp\/v2\/tags?post=334"}],"curies":[{"name":"wp","href":"https:\/\/api.w.org\/{rel}","templated":true}]}}