{"id":411,"date":"2024-11-21T19:04:01","date_gmt":"2024-11-21T18:04:01","guid":{"rendered":"https:\/\/blogs.ugr.es\/hispanagrama\/?page_id=411"},"modified":"2024-11-22T10:45:21","modified_gmt":"2024-11-22T09:45:21","slug":"alojamiento-2","status":"publish","type":"page","link":"https:\/\/blogs.ugr.es\/hispanagrama\/alojamiento-2\/","title":{"rendered":"Alojamiento"},"content":{"rendered":"<h1 class=\"font_0 wixui-rich-text__text\">Alojamiento<\/h1>\n<p style=\"text-align: center\"><strong>HOTELES<\/strong><\/p>\n<ul>\n<li><strong>Oferta especial del grupo ABADES<\/strong> para los siguientes hoteles:\n<ul>\n<li><strong>HOTEL ABADES RECOGIDAS<\/strong> (<a href=\"https:\/\/www.google.com\/maps\/place\/\/data=!4m2!3m1!1s0xd71fcbdfb4decc3:0x7470dc07eb1edfb7?sa=X&amp;ved=1t:8290&amp;ictx=111\" data-url=\"\/maps\/place\/\/data=!4m2!3m1!1s0xd71fcbdfb4decc3:0x7470dc07eb1edfb7?sa=X&amp;ved=2ahUKEwiggazE-e2JAxUyU6QEHWb0CRAQ4kB6BAgGEAA\">C. Recogidas, 7, Centro, 18005 Granada<\/a>)<\/li>\n<li><strong>HOTEL ABADES NEVADA PALACE<\/strong> (<a href=\"https:\/\/www.google.com\/maps\/place\/\/data=!4m2!3m1!1s0xd71fb59ed0beb59:0xa54b5e1ab3bc46c7?sa=X&amp;ved=1t:8290&amp;ictx=111\" data-url=\"\/maps\/place\/\/data=!4m2!3m1!1s0xd71fb59ed0beb59:0xa54b5e1ab3bc46c7?sa=X&amp;ved=2ahUKEwjw-5jQ-e2JAxUUT6QEHXVVJdAQ4kB6BAgJEAA\">C. de la Sultana, 3, Genil, 18008 Granada<\/a>)<\/li>\n<\/ul>\n<\/li>\n<\/ul>\n<p class=\"v1MsoNormal\">Para acogerse a l reservas en estos hoteles, ha de entrar a trav\u00e9s del siguiente enlace: <a href=\"https:\/\/urldefense.com\/v3\/__https:\/\/www.abadeshoteles.com\/es\/?cp=HISPANAGRAMA2025__;!!D9dNQwwGXtA!VSUMBiklVNnlUyCAyWF7vZNhNxgQvYIoegM1hOzZXcwynUpVTT0v_0LL3OM6uDLSwFRMGqtIRXRB7Q$\" target=\"_blank\" rel=\"noopener noreferrer\">https:\/\/www.abadeshoteles.com\/es\/?cp=HISPANAGRAMA2025<\/a>\u00a0 . Una vez dentro, encontrar\u00e1 de manera prestablecida el c\u00f3digo promocional \u201cHISPANAGRAMA2025\u201d. A trav\u00e9s de \u00e9l, se aplicar\u00e1 un descuento del -5% sobre la mejor tarifa que exista en el momento de la reserva (sujeta siempre a la disponibilidad de habitaciones en el momento de la reserva)<\/p>\n<p>[<strong>Importante<\/strong>: entre estas opciones, recomendamos decididamente el Hotel Abades Recogidas, por estar en el centro de la ciudad y m\u00e1s cercano al lugar de celebraci\u00f3n del congreso.]<\/p>\n<ul>\n<li><strong>HOTEL GRANADA CENTER *4<\/strong>\n<ul>\n<li><strong>Direcci\u00f3n:<\/strong>\u00a0Avenida Fuente Nueva, s\/n 18002 Granada<\/li>\n<li><strong>P\u00e1gina electr\u00f3nica<\/strong>: <a href=\"https:\/\/www.hotelescenter.es\/es\/\">https:\/\/www.hotelescenter.es\/es\/<\/a><\/li>\n<li><strong>Tel\u00e9fono:<\/strong>\u00a0+34 958 205 000<\/li>\n<li><strong>E-mail:<\/strong> &#103;&#x72;&#97;&#x6e;&#97;&#x64;&#97;&#x40;&#104;&#x6f;&#116;&#x65;&#108;&#x65;&#115;&#x63;&#101;&#x6e;&#116;&#x65;&#114;&#x2e;&#99;&#x6f;&#109;<\/li>\n<\/ul>\n<\/li>\n<li><strong>HOTEL CATALONIA GRANADA *4<\/strong>\n<ul>\n<li><strong>Direcci\u00f3n:<\/strong>\u00a0Av. de Madrid, 10, 18012, Granada<\/li>\n<li><strong>Correo electr\u00f3nico<\/strong>: <a href=\"https:\/\/www.cataloniahotels.com\/es\/hotel\/catalonia-granada\">https:\/\/www.cataloniahotels.com\/es\/hotel\/catalonia-granada<\/a><\/li>\n<li><strong>Tel\u00e9fono:<\/strong>\u00a0+34 93 236 00 59<\/li>\n<li><strong>E-mail:<\/strong>\u00a0b&#111;&#x6f;k&#105;&#x6e;g&#64;&#x63;a&#116;&#x61;&#108;&#x6f;&#x6e;&#105;&#x61;&#x68;&#111;&#x74;e&#108;&#x73;&#46;&#99;&#x6f;m<\/li>\n<\/ul>\n<\/li>\n<li><strong>HOTEL TURIA GRANADA *4<\/strong>\n<ul>\n<li><strong>Direcci\u00f3n:<\/strong>\u00a0Avenida Constituci\u00f3n, 21, Beiro , 18014 Granada<\/li>\n<li><strong>P\u00e1gina electr\u00f3nica<\/strong>: <a href=\"https:\/\/turiahotels.es\/turia-granada\/\">https:\/\/turiahotels.es\/turia-granada\/<\/a><\/li>\n<li><strong>Tel\u00e9fono:<\/strong>\u00a0+34 958 688 380<\/li>\n<li><strong>E-mail: <\/strong>&#x72;e&#x73;e&#x72;&#118;&#x61;&#115;&#46;&#x67;r&#x61;&#110;&#x61;&#100;&#x61;&#64;t&#x75;r&#x69;&#97;&#x68;&#111;&#x74;&#x65;l&#x73;&#46;&#x65;&#115;<\/li>\n<\/ul>\n<\/li>\n<li class=\"uagb-heading-text\"><strong>HOTEL MACI\u00c0 C\u00d3NDOR *4<\/strong>\n<ul>\n<li><strong>Direcci\u00f3n:<\/strong>\u00a0Avenida Constituci\u00f3n, 6 , 18012 Granada<\/li>\n<li><strong>P\u00e1gina electr\u00f3nica<\/strong>: <a href=\"https:\/\/www.maciahoteles.com\/maciacondor\/\">https:\/\/www.maciahoteles.com\/maciacondor\/<\/a><\/li>\n<li><strong>Tel\u00e9fono:<\/strong>\u00a0+34 958 283 711<\/li>\n<li><strong>E-mail:<\/strong>\u00a0c&#x6f;&#110;d&#x6f;&#114;&#64;&#x6d;&#97;c&#x69;&#97;h&#x6f;&#116;e&#x6c;&#101;s&#x2e;&#99;o&#x6d;<\/li>\n<\/ul>\n<\/li>\n<li><strong>GRAN HOTEL LUNA GRANADA *4<\/strong>\n<ul>\n<li><strong>Direcci\u00f3n:<\/strong>\u00a0Plaza del guitarrista Manuel Cano, 2,18004 Granada<\/li>\n<li><strong>P\u00e1gina electr\u00f3nica<\/strong>: <a href=\"https:\/\/www.delunahotels.com\/granada\/hoteles\/gran-hotel-luna-de-granada\">https:\/\/www.delunahotels.com\/granada\/hoteles\/gran-hotel-luna-de-granada<\/a><\/li>\n<li><strong>Tel\u00e9fono:<\/strong>\u00a0+34 958 282 913<\/li>\n<li><strong>Correo electr\u00f3nico:<\/strong> &#114;&#x65;&#115;&#x65;&#114;&#x76;&#97;&#x73;l&#x75;n&#x61;g&#x72;a&#110;&#x61;&#100;&#x61;&#64;&#x64;&#101;&#x6c;&#117;&#x6e;a&#x68;o&#x74;e&#x6c;s&#46;&#x63;&#111;&#x6d;<\/li>\n<\/ul>\n<\/li>\n<li><strong>HOTEL PORCEL ALIXARES *4<\/strong>\n<ul>\n<li><strong>Direcci\u00f3n<\/strong>:\u00a0Paseo de la Sabica, 40, 18009 Granada<\/li>\n<li><strong>P\u00e1gina electr\u00f3nica<\/strong>: <a href=\"https:\/\/www.hotelalixares.com\/es\/\">https:\/\/www.hotelalixares.com\/es\/<\/a><\/li>\n<li><strong>Tel\u00e9fono<\/strong>:<strong>\u00a0<\/strong>+34 958 22 55 75<\/li>\n<li><strong>Correo electr\u00f3nico:<\/strong> <a href=\"&#109;&#x61;&#105;&#x6c;t&#x6f;:&#97;&#x6c;&#105;&#x78;a&#x72;e&#115;&#x40;&#104;&#x6f;t&#x65;l&#101;&#x73;&#112;&#x6f;r&#x63;e&#108;&#x2e;&#99;&#x6f;m\">&#x61;&#108;i&#x78;&#97;&#114;&#x65;&#x73;&#64;h&#x6f;&#116;e&#x6c;&#x65;&#115;p&#x6f;&#114;c&#x65;&#x6c;&#46;c&#x6f;&#109;<\/a><\/li>\n<\/ul>\n<\/li>\n<\/ul>\n","protected":false},"excerpt":{"rendered":"<p>Alojamiento HOTELES Oferta especial del grupo ABADES para los siguientes hoteles: HOTEL ABADES RECOGIDAS (C. Recogidas, 7, Centro, 18005 Granada) HOTEL ABADES NEVADA PALACE (C. de la Sultana, 3, Genil, 18008 Granada) Para acogerse a l reservas en estos hoteles, ha de entrar a trav\u00e9s del siguiente enlace: https:\/\/www.abadeshoteles.com\/es\/?cp=HISPANAGRAMA2025\u00a0 . Una vez dentro, encontrar\u00e1 de [&hellip;]<\/p>\n","protected":false},"author":544,"featured_media":0,"parent":0,"menu_order":0,"comment_status":"closed","ping_status":"closed","template":"","meta":{"_genesis_hide_title":false,"_genesis_hide_breadcrumbs":false,"_genesis_hide_singular_image":false,"_genesis_hide_footer_widgets":false,"_genesis_custom_body_class":"","_genesis_custom_post_class":"","_genesis_layout":"","footnotes":""},"categories":[],"tags":[],"class_list":{"0":"post-411","1":"page","2":"type-page","3":"status-publish","5":"entry"},"_links":{"self":[{"href":"https:\/\/blogs.ugr.es\/hispanagrama\/wp-json\/wp\/v2\/pages\/411","targetHints":{"allow":["GET"]}}],"collection":[{"href":"https:\/\/blogs.ugr.es\/hispanagrama\/wp-json\/wp\/v2\/pages"}],"about":[{"href":"https:\/\/blogs.ugr.es\/hispanagrama\/wp-json\/wp\/v2\/types\/page"}],"author":[{"embeddable":true,"href":"https:\/\/blogs.ugr.es\/hispanagrama\/wp-json\/wp\/v2\/users\/544"}],"replies":[{"embeddable":true,"href":"https:\/\/blogs.ugr.es\/hispanagrama\/wp-json\/wp\/v2\/comments?post=411"}],"version-history":[{"count":3,"href":"https:\/\/blogs.ugr.es\/hispanagrama\/wp-json\/wp\/v2\/pages\/411\/revisions"}],"predecessor-version":[{"id":421,"href":"https:\/\/blogs.ugr.es\/hispanagrama\/wp-json\/wp\/v2\/pages\/411\/revisions\/421"}],"wp:attachment":[{"href":"https:\/\/blogs.ugr.es\/hispanagrama\/wp-json\/wp\/v2\/media?parent=411"}],"wp:term":[{"taxonomy":"category","embeddable":true,"href":"https:\/\/blogs.ugr.es\/hispanagrama\/wp-json\/wp\/v2\/categories?post=411"},{"taxonomy":"post_tag","embeddable":true,"href":"https:\/\/blogs.ugr.es\/hispanagrama\/wp-json\/wp\/v2\/tags?post=411"}],"curies":[{"name":"wp","href":"https:\/\/api.w.org\/{rel}","templated":true}]}}