{"id":208,"date":"2025-03-27T20:34:07","date_gmt":"2025-03-27T19:34:07","guid":{"rendered":"https:\/\/blogs.ugr.es\/icphov\/?page_id=208"},"modified":"2025-05-09T19:09:33","modified_gmt":"2025-05-09T17:09:33","slug":"committees","status":"publish","type":"page","link":"https:\/\/blogs.ugr.es\/icphov\/committees\/","title":{"rendered":"Committees"},"content":{"rendered":"\n<p class=\"has-medium-font-size\"><strong><em>Organising Comittee<\/em><\/strong><\/p>\n\n\n\n<p>Alfredo Herrero de Haro (Department of Spanish Language, University of Granada)<br>Daniel M. S\u00e1ez Rivera (Department of Spanish Language, University of Granada)<br>Mar\u00eda Heredia Mantis (Department of Spanish Language, University of Granada)<br>Roc\u00edo Cruz Ortiz (Department of Spanish Language, University of Granada)<br>Antonio Manj\u00f3n-Cabeza Cruz (Department of Spanish Language, University of Granada)<br>Doina Repede (Department of Spanish Language, University of Granada)<br>Amina Naciri-Azzouz (Department of Semitic Studies, University of Granada)<br>Radka Svetozarovov\u00e1 (Department of Spanish Language, University of Granada)<br>Mar\u00eda Cardenete (Department of Spanish Language, Linguistics and Literary Theory, University of Sevilla)<br>Valentina Colonna (Department of General Linguistics and Literary Theory, University of Granada)<\/p>\n\n\n\n<p class=\"has-medium-font-size\"><strong><em>Scientific Comittee<\/em><\/strong><\/p>\n\n\n\n<figure class=\"wp-block-table is-style-stripes\"><table><tbody><tr><td>John Hajek<\/td><td>The University of Melbourne<\/td><td>Australia<\/td><\/tr><tr><td>Joshua Penney<\/td><td>Macquarie University<\/td><td>Australia<\/td><\/tr><tr><td>Kathleen Jepson<\/td><td>The University of Queensland<\/td><td>Australia<\/td><\/tr><tr><td>Plinio Barbosa<\/td><td>Universidad de Cambinas<\/td><td>Brazil<\/td><\/tr><tr><td>Alexei Kochetov<\/td><td>University of Toronto<\/td><td>Canada<\/td><\/tr><tr><td>Laura Colantoni<\/td><td>University of Toronto<\/td><td>Canada<\/td><\/tr><tr><td>Domingo Rom\u00e1n<\/td><td>Universidad de Santiago de Chile<\/td><td>Chile<\/td><\/tr><tr><td>Radek Skarnitzl<\/td><td>Charles University<\/td><td>Czech Republic<\/td><\/tr><tr><td>Oliver Niebuhr<\/td><td>University of Southern Denmark<\/td><td>Denmark<\/td><\/tr><tr><td>P\u00e4rtel Lippus<\/td><td>University of Tartu<\/td><td>Estonia<\/td><\/tr><tr><td>Ander Egurtzegi<\/td><td>French National Centre for Scientific Research<\/td><td>France<\/td><\/tr><tr><td>Jalal Al-Tamimi<\/td><td>Universit\u00e9 Paris Cit\u00e9<\/td><td>France<\/td><\/tr><tr><td>Adrian P Simpson<\/td><td>Friedrich Schiller University<\/td><td>Germany<\/td><\/tr><tr><td>Paul O&#8217;Neill<\/td><td>The Ludwig Maximilian University of Munich<\/td><td>Germany<\/td><\/tr><tr><td>MOK Pik Ki Peggy<\/td><td>The Chinese University of Hong Kong<\/td><td>Hong Kong<\/td><\/tr><tr><td>Priyankoo Sarmah<\/td><td>Indian Institute of Technology Guwahati<\/td><td>India<\/td><\/tr><tr><td>Antonio Romano<\/td><td>Universit\u00e0 degli Studi di Torino<\/td><td>Italy<\/td><\/tr><tr><td>Maria-Gabriella Di Benedetto<\/td><td>Sapienza University of Rome<\/td><td>Italy<\/td><\/tr><tr><td>Kakeru Yazawa<\/td><td>University of Tsukuba<\/td><td>Japan<\/td><\/tr><tr><td>Nobuaki Minematsu<\/td><td>The University of Tokyo<\/td><td>Japan<\/td><\/tr><tr><td>Takeshi Nozawa&nbsp;&nbsp;&nbsp;&nbsp;&nbsp;&nbsp;&nbsp;&nbsp;&nbsp;&nbsp;&nbsp;&nbsp;&nbsp;&nbsp;&nbsp;&nbsp;&nbsp;&nbsp;&nbsp;&nbsp;<\/td><td>Ritsumeikan University<\/td><td>Japan<\/td><\/tr><tr><td>Karim Bensoukas<\/td><td>Mohammed V University in Rabat<\/td><td>Morocco<\/td><\/tr><tr><td>Karolina Bro\u015b<\/td><td>University of Warsaw<\/td><td>Poland<\/td><\/tr><tr><td>Micha\u0142 Baran<\/td><td>University of Szczecin<\/td><td>Poland<\/td><\/tr><tr><td>S\u00f3nia Frota<\/td><td>University of Lisbon<\/td><td>Portugal<\/td><\/tr><tr><td>Ibrahim Al Malwi<\/td><td>Jazan University<\/td><td>Saudi Arabia<\/td><\/tr><tr><td>Justus Christiaan Roux<\/td><td>Stellenbosch University<\/td><td>South Africa<\/td><\/tr><tr><td>Alfredo Herrero de Haro<\/td><td>Universidad de Granada<\/td><td>Spain<\/td><\/tr><tr><td>\u00c1lvaro Arias Cabal<\/td><td>Universidad de Oviedo<\/td><td>Spain<\/td><\/tr><tr><td>\u00c1ngeles Vicente<\/td><td>Universidad de Zaragoza<\/td><td>Spain<\/td><\/tr><tr><td>Antonio Pamies<\/td><td>Universidad de Granada<\/td><td>Spain<\/td><\/tr><tr><td>Beatriz Blecua Falgueras<\/td><td>Universitat de Girona <\/td><td>Spain<\/td><\/tr><tr><td>Carmen Aguilera Carnerero<\/td><td>Universidad de Granada<\/td><td>Spain<\/td><\/tr><tr><td>Clara von Essen<\/td><td>Universidad de M\u00e1laga<\/td><td>Spain<\/td><\/tr><tr><td>Elena Fern\u00e1ndez de Molina Ort\u00e9s<\/td><td>Universidad de Granada<\/td><td>Spain<\/td><\/tr><tr><td>Eugenia San Segundo<\/td><td>Consejo Superior de Investigaciones Cient\u00edficas<\/td><td>Spain<\/td><\/tr><tr><td>Fernando&nbsp;S\u00e1nchez Miret<\/td><td>Universidad de Salamanca<\/td><td>Spain<\/td><\/tr><tr><td>Francisco Pedro Pla Colomer<\/td><td>Universidad de Ja\u00e9n<\/td><td>Spain<\/td><\/tr><tr><td>Isabel Molina Martos<\/td><td>Universidad de Alcal\u00e1 de Henares<\/td><td>Spain<\/td><\/tr><tr><td>Javier Perea Siller<\/td><td>Universidad de C\u00f3rdoba<\/td><td>Spain<\/td><\/tr><tr><td>Jes\u00fas Jim\u00e9nez<\/td><td>Universitat de Val\u00e8ncia<\/td><td>Spain<\/td><\/tr><tr><td>Joaquim Llisterri Boix<\/td><td>Universitat Aut\u00f2noma de Barcelona<\/td><td>Spain<\/td><\/tr><tr><td>Jos\u00e9 Mar\u00eda Lahoz Bengoechea<\/td><td>Universidad Complutense de Madrid<\/td><td>Spain<\/td><\/tr><tr><td>Mari Rosa Lloret<\/td><td>Universitat de Barcelona<\/td><td>Spain<\/td><\/tr><tr><td>Maria Assumpci\u00f3 Rost Bagudanch<\/td><td>Universitat Aut\u00f2noma de Barcelona<\/td><td>Spain<\/td><\/tr><tr><td>Matilde Vida Castro<\/td><td>Universidad de M\u00e1laga<\/td><td>Spain<\/td><\/tr><tr><td>Paolo Roseano<\/td><td>Universidad Nacional de Educaci\u00f3n a Distancia<\/td><td>Spain<\/td><\/tr><tr><td>Ricard Herrero Arambul<\/td><td>Universitat de Val\u00e8ncia<\/td><td>Spain<\/td><\/tr><tr><td>Victoria Marrero<\/td><td>Universidad Nacional de Educaci\u00f3n a Distancia<\/td><td>Spain<\/td><\/tr><tr><td>Mikael Roll<\/td><td>Lund University<\/td><td>Sweden<\/td><\/tr><tr><td>Silke Hamann<\/td><td>University of Amsterdam<\/td><td>Netherlands<\/td><\/tr><tr><td>Ghada Khattab<\/td><td>Newcastle University<\/td><td>United Kingdom<\/td><\/tr><tr><td>Niamh Kelly<\/td><td>Newcastle University<\/td><td>United Kingdom<\/td><\/tr><tr><td>Patrycja Strycharczuk<\/td><td>University of Manchester<\/td><td>United Kingdom<\/td><\/tr><tr><td>Martin Ball<\/td><td>Bangor University, Wrexham University, University College Cork<\/td><td>United Kingdom \/Ireland<\/td><\/tr><tr><td>Janet Watson<\/td><td>University of St Andrews &amp; SQU, Muscat<\/td><td>United Kingdom \/Oman<\/td><\/tr><tr><td>Jeff Mielke<\/td><td>&nbsp;North Carolina State University<\/td><td>United States of America<\/td><\/tr><tr><td>Jos\u00e9 Ignacio Hualde<\/td><td>University of Illinois Urbana-Champaign<\/td><td>United States of America<\/td><\/tr><tr><td>Matthew Pollock<\/td><td>Louisiana State University Shreveport<\/td><td>United States of America<\/td><\/tr><tr><td>Miquel Simonet<\/td><td>University of Arizona<\/td><td>United States of America<\/td><\/tr><tr><td>Nicholas Henriksen<\/td><td>University of Michigan<\/td><td>United States of America<\/td><\/tr><tr><td>Silvina Bongiovanni<\/td><td>Michigan State University<\/td><td>United States of America<\/td><\/tr><\/tbody><\/table><\/figure>\n\n\n\n<p><\/p>\n","protected":false},"excerpt":{"rendered":"<p>Organising Comittee Alfredo Herrero de Haro (Department of Spanish Language, University of Granada)Daniel M. S\u00e1ez Rivera (Department of Spanish Language, University of Granada)Mar\u00eda Heredia Mantis (Department of Spanish Language, University of Granada)Roc\u00edo Cruz Ortiz (Department of Spanish Language, University of Granada)Antonio Manj\u00f3n-Cabeza Cruz (Department of Spanish Language, University of Granada)Doina Repede (Department of Spanish Language, [&hellip;]<\/p>\n","protected":false},"author":679,"featured_media":0,"parent":0,"menu_order":0,"comment_status":"closed","ping_status":"closed","template":"","meta":{"_genesis_hide_title":false,"_genesis_hide_breadcrumbs":false,"_genesis_hide_singular_image":false,"_genesis_hide_footer_widgets":false,"_genesis_custom_body_class":"","_genesis_custom_post_class":"","_genesis_layout":"","footnotes":""},"categories":[],"tags":[],"class_list":{"0":"post-208","1":"page","2":"type-page","3":"status-publish","5":"entry"},"_links":{"self":[{"href":"https:\/\/blogs.ugr.es\/icphov\/wp-json\/wp\/v2\/pages\/208","targetHints":{"allow":["GET"]}}],"collection":[{"href":"https:\/\/blogs.ugr.es\/icphov\/wp-json\/wp\/v2\/pages"}],"about":[{"href":"https:\/\/blogs.ugr.es\/icphov\/wp-json\/wp\/v2\/types\/page"}],"author":[{"embeddable":true,"href":"https:\/\/blogs.ugr.es\/icphov\/wp-json\/wp\/v2\/users\/679"}],"replies":[{"embeddable":true,"href":"https:\/\/blogs.ugr.es\/icphov\/wp-json\/wp\/v2\/comments?post=208"}],"version-history":[{"count":3,"href":"https:\/\/blogs.ugr.es\/icphov\/wp-json\/wp\/v2\/pages\/208\/revisions"}],"predecessor-version":[{"id":323,"href":"https:\/\/blogs.ugr.es\/icphov\/wp-json\/wp\/v2\/pages\/208\/revisions\/323"}],"wp:attachment":[{"href":"https:\/\/blogs.ugr.es\/icphov\/wp-json\/wp\/v2\/media?parent=208"}],"wp:term":[{"taxonomy":"category","embeddable":true,"href":"https:\/\/blogs.ugr.es\/icphov\/wp-json\/wp\/v2\/categories?post=208"},{"taxonomy":"post_tag","embeddable":true,"href":"https:\/\/blogs.ugr.es\/icphov\/wp-json\/wp\/v2\/tags?post=208"}],"curies":[{"name":"wp","href":"https:\/\/api.w.org\/{rel}","templated":true}]}}