{"id":164,"date":"2021-09-16T08:59:14","date_gmt":"2021-09-16T06:59:14","guid":{"rendered":"https:\/\/blogs.ugr.es\/infocajon\/?page_id=164"},"modified":"2023-04-28T01:58:27","modified_gmt":"2023-04-27T23:58:27","slug":"privacy-policy","status":"publish","type":"page","link":"https:\/\/blogs.ugr.es\/infocajon\/privacy-policy\/","title":{"rendered":"Papeles en los libros"},"content":{"rendered":"<h2><\/h2>\n<h2><\/h2>\n<h2>\u00bfDe qu\u00e9 va esto?<\/h2>\n<p>Papeles en los libros es una recopilaci\u00f3n de eso, de papeles que se han encontrado entre las p\u00e1ginas de un libro. Todos sabemos que los libros no solamente se leen, tambi\u00e9n se viven. Y la vida del lector queda reflejada de muchas maneras en los testimonios que han quedado atrapados entre las p\u00e1ginas de sus lecturas. Muchas veces, para se\u00f1alar como un hito d\u00f3nde se ha hecho una pausa en el camino, y poder retomarlo despu\u00e9s. Otras, se trata de recuerdos que almacenamos para no olvidarnos de momentos, como pudieran ser una cena, un concierto, o un recordatorio de un evento, ya sea triste o alegre. Tambi\u00e9n pueden ser un intento de capturar una pizca del conocimiento que el libro transmite en forma de nota, comentario o rese\u00f1a para una posterior cita. E incluso, otros de estos trozos de papel pueden haber llegado all\u00ed simplemente por casualidad o descuido.<\/p>\n<h2>El Fondo de Antonio Dom\u00ednguez Ortiz<\/h2>\n<p>Rese\u00f1a del autor y fundamento de la donaci\u00f3n.<\/p>\n<p>&nbsp;<\/p>\n","protected":false},"excerpt":{"rendered":"<p>\u00bfDe qu\u00e9 va esto? Papeles en los libros es una recopilaci\u00f3n de eso, de papeles que se han encontrado entre las p\u00e1ginas de un libro. Todos sabemos que los libros no solamente se leen, tambi\u00e9n se viven. Y la vida del lector queda reflejada de muchas maneras en los testimonios que han quedado atrapados entre [&hellip;]<\/p>\n","protected":false},"author":579,"featured_media":0,"parent":0,"menu_order":0,"comment_status":"closed","ping_status":"closed","template":"","meta":{"_genesis_hide_title":false,"_genesis_hide_breadcrumbs":false,"_genesis_hide_singular_image":false,"_genesis_hide_footer_widgets":false,"_genesis_custom_body_class":"","_genesis_custom_post_class":"","_genesis_layout":"","footnotes":""},"categories":[],"tags":[],"class_list":{"0":"post-164","1":"page","2":"type-page","3":"status-publish","5":"entry"},"_links":{"self":[{"href":"https:\/\/blogs.ugr.es\/infocajon\/wp-json\/wp\/v2\/pages\/164","targetHints":{"allow":["GET"]}}],"collection":[{"href":"https:\/\/blogs.ugr.es\/infocajon\/wp-json\/wp\/v2\/pages"}],"about":[{"href":"https:\/\/blogs.ugr.es\/infocajon\/wp-json\/wp\/v2\/types\/page"}],"author":[{"embeddable":true,"href":"https:\/\/blogs.ugr.es\/infocajon\/wp-json\/wp\/v2\/users\/579"}],"replies":[{"embeddable":true,"href":"https:\/\/blogs.ugr.es\/infocajon\/wp-json\/wp\/v2\/comments?post=164"}],"version-history":[{"count":4,"href":"https:\/\/blogs.ugr.es\/infocajon\/wp-json\/wp\/v2\/pages\/164\/revisions"}],"predecessor-version":[{"id":205,"href":"https:\/\/blogs.ugr.es\/infocajon\/wp-json\/wp\/v2\/pages\/164\/revisions\/205"}],"wp:attachment":[{"href":"https:\/\/blogs.ugr.es\/infocajon\/wp-json\/wp\/v2\/media?parent=164"}],"wp:term":[{"taxonomy":"category","embeddable":true,"href":"https:\/\/blogs.ugr.es\/infocajon\/wp-json\/wp\/v2\/categories?post=164"},{"taxonomy":"post_tag","embeddable":true,"href":"https:\/\/blogs.ugr.es\/infocajon\/wp-json\/wp\/v2\/tags?post=164"}],"curies":[{"name":"wp","href":"https:\/\/api.w.org\/{rel}","templated":true}]}}