{"id":247,"date":"2022-12-19T18:38:50","date_gmt":"2022-12-19T17:38:50","guid":{"rendered":"https:\/\/blogs.ugr.es\/innovationphd\/?page_id=247"},"modified":"2024-05-24T21:23:45","modified_gmt":"2024-05-24T19:23:45","slug":"project-results","status":"publish","type":"page","link":"https:\/\/blogs.ugr.es\/innovationphd\/project-results\/","title":{"rendered":"Project Results"},"content":{"rendered":"<p>&nbsp;<\/p>\n<p><strong>Intellectual Output 1<\/strong><\/p>\n<p><strong>\u00a0<\/strong><\/p>\n<p><strong>Elaboration of analysis of doctoral programs at participating universities, eliminating weaknesses of analyzed programs and proposals for their innovation in order to increase their efficiency \/ A. Grominov\u00e1, L. Gajarsk\u00fd, A. Spi\u0161iakov\u00e1 (eds.). Trnava: UCM, 108 pp. ISBN 978-80-572-0285-1.<\/strong><\/p>\n<p>&nbsp;<\/p>\n<p><a href=\"https:\/\/drive.google.com\/file\/d\/1GLfmqCHE7ruw71wANcWOwSpBZoIjSZZx\/view?usp=sharing\" target=\"_blank\" rel=\"noopener\">Elaboration of analysis of doctoral programs at participating universities, eliminating weaknesses of analyzed programs and proposals for their innovation in order to increase their efficiency<\/a><\/p>\n<p><strong>\u00a0<\/strong><\/p>\n<p><strong>\u0410\u043d\u0430\u043b\u0438\u0437 \u043f\u0440\u043e\u0433\u0440\u0430\u043c\u043c \u0434\u043e\u043a\u0442\u043e\u0440\u0430\u043d\u0442\u0443\u0440\u044b \u0432 \u0443\u043d\u0438\u0432\u0435\u0440\u0441\u0438\u0442\u0435\u0442\u0430\u0445-\u0443\u0447\u0430\u0441\u0442\u043d\u0438\u043a\u0430\u0445, \u043f\u0440\u0435\u0434\u043b\u043e\u0436\u0435\u043d\u0438\u044f \u043c\u0435\u0440 \u043f\u043e \u0443\u0441\u0442\u0440\u0430\u043d\u0435\u043d\u0438\u044e \u043d\u0435\u0434\u043e\u0441\u0442\u0430\u0442\u043a\u043e\u0432 \u043f\u0440\u043e\u0430\u043d\u0430\u043b\u0438\u0437\u0438\u0440\u043e\u0432\u0430\u043d\u043d\u044b\u0445 \u043f\u0440\u043e\u0433\u0440\u0430\u043c\u043c \u0438 \u043f\u043e \u0438\u0445 \u0438\u043d\u043d\u043e\u0432\u0430\u0446\u0438\u0438 \u0441 \u0446\u0435\u043b\u044c\u044e \u043f\u043e\u0432\u044b\u0448\u0435\u043d\u0438\u044f \u0438\u0445 \u044d\u0444\u0444\u0435\u043a\u0442\u0438\u0432\u043d\u043e\u0441\u0442\u0438 \/ <\/strong><strong>A<\/strong><strong>. <\/strong><strong>Grominov<\/strong><strong>\u00e1, <\/strong><strong>L<\/strong><strong>. <\/strong><strong>Gajarsk<\/strong><strong>\u00fd, <\/strong><strong>A<\/strong><strong>. <\/strong><strong>Spi<\/strong><strong>\u0161<\/strong><strong>iakov<\/strong><strong>\u00e1 (<\/strong><strong>eds<\/strong><strong>.). <\/strong><strong>Trnava: UCM, 120 pp. ISBN 978-80-572-0284-4.<\/strong><\/p>\n<p>&nbsp;<\/p>\n<p>\u0410\u043d<a href=\"https:\/\/drive.google.com\/file\/d\/1GLfmqCHE7ruw71wANcWOwSpBZoIjSZZx\/view?usp=sharing\" target=\"_blank\" rel=\"noopener\">\u044d\u0444\u0444\u0435\u043a\u0442\u0438\u0432\u043d\u043e\u0441\u0442\u0438<\/a>\u0430\u043b\u0438\u0437 <a href=\"https:\/\/drive.google.com\/file\/d\/1yXgqHOyUMmtnvspYyRS8EjT3e5uyNVsz\/view?usp=share_link\" target=\"_blank\" rel=\"noopener\">\u043f\u0440\u043e\u0433\u0440\u0430\u043c\u043c \u0434\u043e\u043a\u0442\u043e\u0440\u0430\u043d\u0442\u0443\u0440\u044b \u0432 \u0443\u043d\u0438\u0432\u0435\u0440\u0441\u0438\u0442\u0435\u0442\u0430\u0445-\u0443\u0447\u0430\u0441\u0442\u043d\u0438\u043a\u0430\u0445, \u043f\u0440\u0435\u0434\u043b\u043e\u0436\u0435\u043d\u0438\u044f \u043c\u0435\u0440 \u043f\u043e \u0443\u0441\u0442\u0440\u0430\u043d\u0435\u043d\u0438\u044e \u043d\u0435\u0434\u043e\u0441\u0442\u0430\u0442\u043a\u043e\u0432 \u043f\u0440\u043e\u0430\u043d\u0430\u043b\u0438\u0437\u0438\u0440\u043e\u0432\u0430\u043d\u043d\u044b\u0445 \u043f\u0440\u043e\u0433\u0440\u0430\u043c\u043c \u0438 \u043f\u043e \u0438\u0445 \u0438\u043d\u043d\u043e\u0432\u0430\u0446\u0438\u0438 \u0441 \u0446\u0435\u043b\u044c\u044e \u043f\u043e\u0432\u044b\u0448\u0435\u043d\u0438\u044f \u0438\u0445\u00a0<\/a><\/p>\n<p>&nbsp;<\/p>\n<p><strong>Intellectual Output 2<\/strong><\/p>\n<p>&nbsp;<\/p>\n<p>Elaboration of digital methodological-didactic recommendations and study materials for doctoral students in the field of hard skills.<\/p>\n<p>&nbsp;<\/p>\n<p><a href=\"https:\/\/drive.google.com\/drive\/folders\/1l-nyVQITuQVf-NlKLj2bxq_YfDlkAmFG\">https:\/\/drive.google.com\/drive\/folders\/1l-nyVQITuQVf-NlKLj2bxq_YfDlkAmFG<\/a><\/p>\n<p>&nbsp;<\/p>\n<p>\u0420\u0430\u0437\u0440\u0430\u0431\u043e\u0442\u043a\u0430 \u0446\u0438\u0444\u0440\u043e\u0432\u044b\u0445 \u043c\u0435\u0442\u043e\u0434\u0438\u043a\u043e-\u0434\u0438\u0434\u0430\u043a\u0442\u0438\u0447\u0435\u0441\u043a\u0438\u0445 \u0440\u0435\u043a\u043e\u043c\u0435\u043d\u0434\u0430\u0446\u0438\u0439 \u0438 \u0443\u0447\u0435\u0431\u043d\u044b\u0445 \u043c\u0430\u0442\u0435\u0440\u0438\u0430\u043b\u043e\u0432 \u0434\u043b\u044f \u0434\u043e\u043a\u0442\u043e\u0440\u0430\u043d\u0442\u043e\u0432 \u0432 \u043e\u0431\u043b\u0430\u0441\u0442\u0438 \u00ab\u0442\u0432\u0435\u0440\u0434\u044b\u0445 \u043d\u0430\u0432\u044b\u043a\u043e\u0432\u00bb.<\/p>\n<p>&nbsp;<\/p>\n<p><a href=\"https:\/\/drive.google.com\/drive\/folders\/1l-nyVQITuQVf-NlKLj2bxq_YfDlkAmFG\">https:\/\/drive.google.com\/drive\/folders\/1l-nyVQITuQVf-NlKLj2bxq_YfDlkAmFG<\/a><\/p>\n<p>&nbsp;<\/p>\n<p>&nbsp;<\/p>\n<p><strong>Intellectual Output 3<\/strong><\/p>\n<p>&nbsp;<\/p>\n<p>Elaboration of digital methodological-didactic recommendations and study materials for doctoral students in the field of soft skills.<\/p>\n<p>&nbsp;<\/p>\n<p><a href=\"https:\/\/drive.google.com\/drive\/folders\/1l-nyVQITuQVf-NlKLj2bxq_YfDlkAmFG\">https:\/\/drive.google.com\/drive\/folders\/1l-nyVQITuQVf-NlKLj2bxq_YfDlkAmFG<\/a><\/p>\n<p>&nbsp;<\/p>\n<p>\u0420\u0430\u0437\u0440\u0430\u0431\u043e\u0442\u043a\u0430 \u0446\u0438\u0444\u0440\u043e\u0432\u044b\u0445 \u043c\u0435\u0442\u043e\u0434\u0438\u043a\u043e-\u0434\u0438\u0434\u0430\u043a\u0442\u0438\u0447\u0435\u0441\u043a\u0438\u0445 \u0440\u0435\u043a\u043e\u043c\u0435\u043d\u0434\u0430\u0446\u0438\u0439 \u0438 \u0443\u0447\u0435\u0431\u043d\u044b\u0445 \u043c\u0430\u0442\u0435\u0440\u0438\u0430\u043b\u043e\u0432 \u0434\u043b\u044f \u0434\u043e\u043a\u0442\u043e\u0440\u0430\u043d\u0442\u043e\u0432 \u0432 \u043e\u0431\u043b\u0430\u0441\u0442\u0438 \u00ab\u043c\u044f\u0433\u043a\u0438\u0445 \u043d\u0430\u0432\u044b\u043a\u043e\u0432\u00bb<\/p>\n<p>&nbsp;<\/p>\n<p>https:\/\/drive.google.com\/file\/d\/1Xb2_rJ2CeVNYsB475twk3juMUT_AsgrX\/view?usp=drive_link<\/p>\n<p>&nbsp;<\/p>\n<p><strong>Intellectual Output 4<\/strong><\/p>\n<p><a href=\"https:\/\/blogs.ugr.es\/innovationphd\/wp-content\/uploads\/sites\/132\/2024\/05\/Intellectual-Output-4-sprava-na-weby.docx\">Intellectual Output 4 &#8211; Workshop summary<\/a><\/p>\n<p><img loading=\"lazy\" decoding=\"async\" class=\"alignnone size-medium wp-image-305\" src=\"https:\/\/blogs.ugr.es\/innovationphd\/wp-content\/uploads\/sites\/132\/2024\/05\/IO4-7-300x170.jpg\" alt=\"\" width=\"300\" height=\"170\" srcset=\"https:\/\/blogs.ugr.es\/innovationphd\/wp-content\/uploads\/sites\/132\/2024\/05\/IO4-7-300x170.jpg 300w, https:\/\/blogs.ugr.es\/innovationphd\/wp-content\/uploads\/sites\/132\/2024\/05\/IO4-7-700x396.jpg 700w, https:\/\/blogs.ugr.es\/innovationphd\/wp-content\/uploads\/sites\/132\/2024\/05\/IO4-7.jpg 800w\" sizes=\"auto, (max-width: 300px) 100vw, 300px\" \/><img loading=\"lazy\" decoding=\"async\" class=\"alignnone size-medium wp-image-304\" src=\"https:\/\/blogs.ugr.es\/innovationphd\/wp-content\/uploads\/sites\/132\/2024\/05\/IO4-6-300x198.png\" alt=\"\" width=\"300\" height=\"198\" srcset=\"https:\/\/blogs.ugr.es\/innovationphd\/wp-content\/uploads\/sites\/132\/2024\/05\/IO4-6-300x198.png 300w, https:\/\/blogs.ugr.es\/innovationphd\/wp-content\/uploads\/sites\/132\/2024\/05\/IO4-6-700x461.png 700w, https:\/\/blogs.ugr.es\/innovationphd\/wp-content\/uploads\/sites\/132\/2024\/05\/IO4-6.png 800w\" sizes=\"auto, (max-width: 300px) 100vw, 300px\" \/> \u00a0<img loading=\"lazy\" decoding=\"async\" class=\"alignnone size-medium wp-image-302\" src=\"https:\/\/blogs.ugr.es\/innovationphd\/wp-content\/uploads\/sites\/132\/2024\/05\/IO4-3-300x197.jpg\" alt=\"\" width=\"300\" height=\"197\" srcset=\"https:\/\/blogs.ugr.es\/innovationphd\/wp-content\/uploads\/sites\/132\/2024\/05\/IO4-3-300x197.jpg 300w, https:\/\/blogs.ugr.es\/innovationphd\/wp-content\/uploads\/sites\/132\/2024\/05\/IO4-3-700x459.jpg 700w, https:\/\/blogs.ugr.es\/innovationphd\/wp-content\/uploads\/sites\/132\/2024\/05\/IO4-3.jpg 800w\" sizes=\"auto, (max-width: 300px) 100vw, 300px\" \/> <img loading=\"lazy\" decoding=\"async\" class=\"alignnone size-medium wp-image-301\" src=\"https:\/\/blogs.ugr.es\/innovationphd\/wp-content\/uploads\/sites\/132\/2024\/05\/IO4-2-300x198.png\" alt=\"\" width=\"300\" height=\"198\" srcset=\"https:\/\/blogs.ugr.es\/innovationphd\/wp-content\/uploads\/sites\/132\/2024\/05\/IO4-2-300x198.png 300w, https:\/\/blogs.ugr.es\/innovationphd\/wp-content\/uploads\/sites\/132\/2024\/05\/IO4-2-700x463.png 700w, https:\/\/blogs.ugr.es\/innovationphd\/wp-content\/uploads\/sites\/132\/2024\/05\/IO4-2.png 800w\" sizes=\"auto, (max-width: 300px) 100vw, 300px\" \/> <img loading=\"lazy\" decoding=\"async\" class=\"alignnone size-medium wp-image-300\" src=\"https:\/\/blogs.ugr.es\/innovationphd\/wp-content\/uploads\/sites\/132\/2024\/05\/IO4-1-300x173.jpg\" alt=\"\" width=\"300\" height=\"173\" srcset=\"https:\/\/blogs.ugr.es\/innovationphd\/wp-content\/uploads\/sites\/132\/2024\/05\/IO4-1-300x173.jpg 300w, https:\/\/blogs.ugr.es\/innovationphd\/wp-content\/uploads\/sites\/132\/2024\/05\/IO4-1-700x403.jpg 700w, https:\/\/blogs.ugr.es\/innovationphd\/wp-content\/uploads\/sites\/132\/2024\/05\/IO4-1.jpg 800w\" sizes=\"auto, (max-width: 300px) 100vw, 300px\" \/> <img loading=\"lazy\" decoding=\"async\" class=\"alignnone size-medium wp-image-303\" src=\"https:\/\/blogs.ugr.es\/innovationphd\/wp-content\/uploads\/sites\/132\/2024\/05\/IO4-4-300x201.jpg\" alt=\"\" width=\"300\" height=\"201\" srcset=\"https:\/\/blogs.ugr.es\/innovationphd\/wp-content\/uploads\/sites\/132\/2024\/05\/IO4-4-300x200.jpg 300w, https:\/\/blogs.ugr.es\/innovationphd\/wp-content\/uploads\/sites\/132\/2024\/05\/IO4-4-700x469.jpg 700w, https:\/\/blogs.ugr.es\/innovationphd\/wp-content\/uploads\/sites\/132\/2024\/05\/IO4-4.jpg 800w\" sizes=\"auto, (max-width: 300px) 100vw, 300px\" \/><\/p>\n","protected":false},"excerpt":{"rendered":"<p>&nbsp; Intellectual Output 1 \u00a0 Elaboration of analysis of doctoral programs at participating universities, eliminating weaknesses of analyzed programs and proposals for their innovation in order to increase their efficiency \/ A. Grominov\u00e1, L. Gajarsk\u00fd, A. Spi\u0161iakov\u00e1 (eds.). Trnava: UCM, 108 pp. ISBN 978-80-572-0285-1. &nbsp; Elaboration of analysis of doctoral programs at participating universities, eliminating [&hellip;]<\/p>\n","protected":false},"author":616,"featured_media":0,"parent":0,"menu_order":0,"comment_status":"closed","ping_status":"closed","template":"","meta":{"_genesis_hide_title":false,"_genesis_hide_breadcrumbs":false,"_genesis_hide_singular_image":false,"_genesis_hide_footer_widgets":false,"_genesis_custom_body_class":"","_genesis_custom_post_class":"","_genesis_layout":"","footnotes":""},"categories":[],"tags":[],"class_list":{"0":"post-247","1":"page","2":"type-page","3":"status-publish","5":"entry"},"_links":{"self":[{"href":"https:\/\/blogs.ugr.es\/innovationphd\/wp-json\/wp\/v2\/pages\/247","targetHints":{"allow":["GET"]}}],"collection":[{"href":"https:\/\/blogs.ugr.es\/innovationphd\/wp-json\/wp\/v2\/pages"}],"about":[{"href":"https:\/\/blogs.ugr.es\/innovationphd\/wp-json\/wp\/v2\/types\/page"}],"author":[{"embeddable":true,"href":"https:\/\/blogs.ugr.es\/innovationphd\/wp-json\/wp\/v2\/users\/616"}],"replies":[{"embeddable":true,"href":"https:\/\/blogs.ugr.es\/innovationphd\/wp-json\/wp\/v2\/comments?post=247"}],"version-history":[{"count":4,"href":"https:\/\/blogs.ugr.es\/innovationphd\/wp-json\/wp\/v2\/pages\/247\/revisions"}],"predecessor-version":[{"id":309,"href":"https:\/\/blogs.ugr.es\/innovationphd\/wp-json\/wp\/v2\/pages\/247\/revisions\/309"}],"wp:attachment":[{"href":"https:\/\/blogs.ugr.es\/innovationphd\/wp-json\/wp\/v2\/media?parent=247"}],"wp:term":[{"taxonomy":"category","embeddable":true,"href":"https:\/\/blogs.ugr.es\/innovationphd\/wp-json\/wp\/v2\/categories?post=247"},{"taxonomy":"post_tag","embeddable":true,"href":"https:\/\/blogs.ugr.es\/innovationphd\/wp-json\/wp\/v2\/tags?post=247"}],"curies":[{"name":"wp","href":"https:\/\/api.w.org\/{rel}","templated":true}]}}