{"id":119,"date":"2018-01-22T09:22:43","date_gmt":"2018-01-22T08:22:43","guid":{"rendered":"https:\/\/blogs.ugr.es\/inventate\/?page_id=119"},"modified":"2022-02-01T19:16:29","modified_gmt":"2022-02-01T18:16:29","slug":"inicio","status":"publish","type":"page","link":"https:\/\/blogs.ugr.es\/inventate\/inicio\/","title":{"rendered":"Curriculum Vitae"},"content":{"rendered":"<p><a href=\"https:\/\/blogs.ugr.es\/inventate\/wp-content\/uploads\/sites\/96\/2021\/03\/CV_CRIS_ABREVIADO.pdf\">CV_Cristina del Moral-Barrig\u00fcete,<\/a> coordinadora de INVENTaTe y profesora permanente de <em>Did\u00e1ctica de la lengua espa\u00f1ola II<\/em> (2.\u00ba Curso, Grado de Educaci\u00f3n Primaria, Facultad de Ciencias de la Educaci\u00f3n, Universidad de Granada)<\/p>\n<p><a href=\"https:\/\/blogs.ugr.es\/inventate\/wp-content\/uploads\/sites\/96\/2021\/03\/Curriculum-Vitae-20-de-dicembre-2019.docx\">CV de Juan de Dios Villanueva Roa,<\/a> profesor titular de <em>Educaci\u00f3n Ling\u00fc\u00edstica para alumnado NEE<\/em> (4.\u00ba Curso, Grado de Educaci\u00f3n Primaria, Menci\u00f3n Educaci\u00f3n Especial, Facultad de Ciencias de la Educaci\u00f3n, Universidad de Granada) y <em>Did\u00e1ctica de la Literatura Infantil y Juvenil en Educaci\u00f3n Primaria<\/em> (3.er curso)<\/p>\n<p><a href=\"https:\/\/blogs.ugr.es\/inventate\/wp-content\/uploads\/sites\/96\/2021\/03\/CURRICULUM-VITAE_MARIAMEGIAS.pdf\">CURRICULUM VITAE_MARIAMEGIAS,<\/a> Docente de interpretaci\u00f3n e iniciaci\u00f3n al teatro (Granada)<\/p>\n<p>Curriculum Vitae Araceli Garc\u00eda Yeguas, profesora permanente de <em>Did\u00e1ctica de las Ciencias Experimentales II<\/em> (3.\u00ba Curso, Grado de Educaci\u00f3n Primaria, Facultad de Ciencias de la Educaci\u00f3n, Universidad de Granada)<\/p>\n<p>Curriculum Vitae Susana Rams S\u00e1nchez, profesora permanente de <em>Did\u00e1ctica de las Ciencias Experimentales II<\/em> (3.\u00ba Curso, Grado de Educaci\u00f3n Primaria, Facultad de Ciencias de la Educaci\u00f3n, Universidad de Granada)<\/p>\n<p><a href=\"https:\/\/demuplac.ugr.es\/pages\/cv-profesorado\/cv-manuel-perez-valero\">Curriculum Vitae Manuel P\u00e9rez Valero<\/a>, profesor interino de <em>Educaci\u00f3n Art\u00edstica<\/em> en la Facultad de Ciencias de la Educaci\u00f3n, Universidad de Granada.<\/p>\n<p><a href=\"https:\/\/blogs.ugr.es\/inventate\/wp-content\/uploads\/sites\/96\/2021\/11\/Curriculum-Vitae.-Javiera-Pena.-2021.pdf\">Curriculum Vitae. Javiera Pe\u00f1a. 2021<\/a>, estudiante de Posgrado, Doctorado en Ciencias de la Educaci\u00f3n, L\u00ednea de investigaci\u00f3n: Did\u00e1ctica de las lenguas y sus literaturas, Universidad de Granada<\/p>\n<p><a href=\"https:\/\/blogs.ugr.es\/inventate\/wp-content\/uploads\/sites\/96\/2021\/03\/CVEstherUGR.pdf\">CVEstherUGR,<\/a> estudiante de Cuarto Curso del Grado de Educaci\u00f3n Primaria, Menci\u00f3n Educaci\u00f3n Musical, Facultad de Ciencias de la Educaci\u00f3n, Universidad de Granada<\/p>\n<p><a href=\"https:\/\/blogs.ugr.es\/inventate\/wp-content\/uploads\/sites\/96\/2021\/03\/cvbelen.docx\">CV de Bel\u00e9n Mass\u00f3<\/a>, Becaria de Formaci\u00f3n de Profesorado Universitario (FPU), Dpto. Did\u00e1ctica y Organizaci\u00f3n Escolar, Facultad de Ciencias de la Educaci\u00f3n, Universidad de Granada)<\/p>\n<p><a href=\"https:\/\/blogs.ugr.es\/inventate\/wp-content\/uploads\/sites\/96\/2021\/03\/cv-RMR.docx\">CV de Ram\u00f3n Montes,<\/a> profesor de Educaci\u00f3n Musical (3.\u00ba Curso, Grado de Educaci\u00f3n Primaria, Facultad de Ciencias de la Educaci\u00f3n, Universidad de Granada)<\/p>\n<p>&nbsp;<\/p>\n<p>&nbsp;<\/p>\n","protected":false},"excerpt":{"rendered":"<p>CV_Cristina del Moral-Barrig\u00fcete, coordinadora de INVENTaTe y profesora permanente de Did\u00e1ctica de la lengua espa\u00f1ola II (2.\u00ba Curso, Grado de Educaci\u00f3n Primaria, Facultad de Ciencias de la Educaci\u00f3n, Universidad de Granada) CV de Juan de Dios Villanueva Roa, profesor titular de Educaci\u00f3n Ling\u00fc\u00edstica para alumnado NEE (4.\u00ba Curso, Grado de Educaci\u00f3n Primaria, Menci\u00f3n Educaci\u00f3n Especial, [&hellip;]<\/p>\n","protected":false},"author":2,"featured_media":0,"parent":0,"menu_order":0,"comment_status":"closed","ping_status":"closed","template":"","meta":{"_genesis_hide_title":false,"_genesis_hide_breadcrumbs":false,"_genesis_hide_singular_image":false,"_genesis_hide_footer_widgets":false,"_genesis_custom_body_class":"","_genesis_custom_post_class":"","_genesis_layout":"","footnotes":""},"categories":[],"tags":[],"class_list":{"0":"post-119","1":"page","2":"type-page","3":"status-publish","5":"entry"},"_links":{"self":[{"href":"https:\/\/blogs.ugr.es\/inventate\/wp-json\/wp\/v2\/pages\/119","targetHints":{"allow":["GET"]}}],"collection":[{"href":"https:\/\/blogs.ugr.es\/inventate\/wp-json\/wp\/v2\/pages"}],"about":[{"href":"https:\/\/blogs.ugr.es\/inventate\/wp-json\/wp\/v2\/types\/page"}],"author":[{"embeddable":true,"href":"https:\/\/blogs.ugr.es\/inventate\/wp-json\/wp\/v2\/users\/2"}],"replies":[{"embeddable":true,"href":"https:\/\/blogs.ugr.es\/inventate\/wp-json\/wp\/v2\/comments?post=119"}],"version-history":[{"count":4,"href":"https:\/\/blogs.ugr.es\/inventate\/wp-json\/wp\/v2\/pages\/119\/revisions"}],"predecessor-version":[{"id":511,"href":"https:\/\/blogs.ugr.es\/inventate\/wp-json\/wp\/v2\/pages\/119\/revisions\/511"}],"wp:attachment":[{"href":"https:\/\/blogs.ugr.es\/inventate\/wp-json\/wp\/v2\/media?parent=119"}],"wp:term":[{"taxonomy":"category","embeddable":true,"href":"https:\/\/blogs.ugr.es\/inventate\/wp-json\/wp\/v2\/categories?post=119"},{"taxonomy":"post_tag","embeddable":true,"href":"https:\/\/blogs.ugr.es\/inventate\/wp-json\/wp\/v2\/tags?post=119"}],"curies":[{"name":"wp","href":"https:\/\/api.w.org\/{rel}","templated":true}]}}