{"id":197,"date":"2021-03-02T22:23:44","date_gmt":"2021-03-02T21:23:44","guid":{"rendered":"https:\/\/blogs.ugr.es\/inventate\/?page_id=197"},"modified":"2021-04-20T19:57:30","modified_gmt":"2021-04-20T17:57:30","slug":"enlaces-de-interes","status":"publish","type":"page","link":"https:\/\/blogs.ugr.es\/inventate\/enlaces-de-interes\/","title":{"rendered":"Enlaces de inter\u00e9s"},"content":{"rendered":"<p class=\"hs-line-11 font-alt\" align=\"justify\"><a href=\"https:\/\/www.contextoteatral.es\/\">Contexto Teatral<\/a> es una iniciativa de Nuevenovenos para difundir y visibilizar las dramaturgias del ahora. Un espacio en el que damos cabida a los profesionales que escriben el teatro vinculado con el aqu\u00ed y el ahora, a los que escriben el teatro desde la investigaci\u00f3n en los formatos, en las tem\u00e1ticas, en los estilos y en las preocupaciones del presente. En definitiva, un portal sobre los autores y las autoras de hoy en d\u00eda.<\/p>\n<p><a href=\"https:\/\/www.assitej-international.org\/es\/\"><b>ASSITEJ<\/b> &#8211; International Association of Theatre for Children and Young People\u00a0<\/a>une teatros, organizaciones e individuos dedicados al teatro para ni\u00f1os y j\u00f3venes en todo el mundo. ASSITEJ est\u00e1 dedicada a los derechos art\u00edsticos, culturales y educacionales de los ni\u00f1os y j\u00f3venes a trav\u00e9s de la tierra y defiende en nombre de todos los ni\u00f1os sin importar nacionalidad, identidad cultural, capacidad, g\u00e9nero, orientaci\u00f3n sexual, etnicidad o religi\u00f3n. ASSITEJ promueve el intercambio internacional de pr\u00e1cticas y conocimientos con el fin de fomentar la colaboraci\u00f3n entre las personas involucradas en las artes esc\u00e9nicas para ni\u00f1os y j\u00f3venes. Los miembros de ASSITEJ son Centros Nacionales, Redes Profesionales e Individuos de alrededor de 100 pa\u00edses de todo el mundo.<\/p>\n<p><a href=\"https:\/\/www.assitej.net\/socio\/alfredo.mantovani\/\">ALFREDO MANTOVANI<\/a>, actor, director y pedagogo especialista en teatro en la educaci\u00f3n. Desde hace m\u00e1s de treinta y cinco a\u00f1os desarrolla su actividad en Espa\u00f1a; primero en Madrid y luego en Andaluc\u00eda donde ha realizado una intensa labor en el campo de la Expresi\u00f3n, siendo pionero en actividades e investigaciones teatrales con ni\u00f1os, j\u00f3venes y docentes. Iniciador de diferentes proyectos educativos, es socio fundador y Presidente de <a href=\"https:\/\/proexdramantovani.blogspot.com\/\">PROEXDRA\u00a0<\/a>, Asociaci\u00f3n de Profesores por la Expresi\u00f3n Dram\u00e1tica en Espa\u00f1a, cuyos objetivos son difundir y promocionar la ense\u00f1anza del juego dram\u00e1tico y el teatro en la Educaci\u00f3n formal y no formal.<\/p>\n<p>El <a href=\"https:\/\/www.juntadeandalucia.es\/cultura\/teatros\/teatro-alhambra\/\">Teatro Alhambra de Granada<\/a> forma parte de la red de teatros de la Junta de Andaluc\u00eda y est\u00e1 gestionado por la Agencia Andaluza de Instituciones Culturales, entidad dependiente de la Consejer\u00eda de Cultura y Patrimonio Hist\u00f3rico. Ubicado en el centro hist\u00f3rico de la ciudad, en el barrio de Realejo, tiene una situaci\u00f3n privilegiada. La contemporaneidad, en teatro, en danza y en m\u00fasica, ha sido y es la se\u00f1a de identidad de esta sala, ante una programaci\u00f3n que es referente de la modernidad, del cruce de culturas, del arte fronterizo, y con un decidido apoyo a las compa\u00f1\u00edas profesionales de Granada y Andaluc\u00eda.<\/p>\n<p><a href=\"https:\/\/espaciolaestupenda.com\/\">La Estupenda<\/a> es un espacio de Coworking y otro Espacio de Creaci\u00f3n, donde se imparten cursos de formaci\u00f3n teatral, ensayan con sus compa\u00f1\u00edas, etc.<\/p>\n<p>La sala<a href=\"http:\/\/elapeadero.com\/el-apeadero\/\"> El Apeadero<\/a> es un espacio multidisciplinar autogestionado por un colectivo de artistas y profesionales de las artes esc\u00e9nicas.<\/p>\n<p><a href=\"https:\/\/ovejasmuertas.wordpress.com\/\">Ovejas muertas<\/a> est\u00e1 formado por escritores de teatro en el colectivo del texto que siguen un eje geogr\u00e1fico: Barcelona-Reus-Zaragoza-Xix\u00f3n-Madrid-M\u00e1laga-Granada-Murcia y una l\u00ednea de inter\u00e9s: el texto. El colectivo del Texto es una reuni\u00f3n de escrituras diferentes con un objetivo: indagar acerca de la esencia del texto dentro del teatro.<\/p>\n<p><a href=\"https:\/\/www.lahojablanca.com\/stephanie-\">La Hoja Blanca<\/a> es un proyecto a la vez profesional y personal iniciado por\u00a0<a href=\"https:\/\/www.lahojablanca.com\/stephanie-\" target=\"_self\" rel=\"noopener\">St\u00e9phanie Mouton<\/a>, que nace en respuesta a las de ganas de compartir, dialogar, aprender y ense\u00f1ar, as\u00ed como ante la necesidad de colaborar personal y profesionalmente por el cambio.<\/p>\n<p><a href=\"https:\/\/sites.google.com\/view\/asociacionteatrosolytierra\/qui%C3%A9nes-somos\">Asociaci\u00f3n Cultural Teatro Sol y Tierra<\/a> con sede en Valdepi\u00e9lagos, Comunidad de Madrid, que realiza actividades relacionadas con la Sostenibilidad y el Teatro, talleres, encuentros, voluntariado y actuaciones. La sede radica en el Ecohousing de Valdepi\u00e9lagos, que forma parte de la Red Ib\u00e9rica de Ecoaldeas. Una de sus actividades principales son los proyectos Internacionales con Erasmus +, programas de Intercambios juveniles y voluntarios EVS.<\/p>\n","protected":false},"excerpt":{"rendered":"<p>Contexto Teatral es una iniciativa de Nuevenovenos para difundir y visibilizar las dramaturgias del ahora. Un espacio en el que damos cabida a los profesionales que escriben el teatro vinculado con el aqu\u00ed y el ahora, a los que escriben el teatro desde la investigaci\u00f3n en los formatos, en las tem\u00e1ticas, en los estilos y [&hellip;]<\/p>\n","protected":false},"author":572,"featured_media":0,"parent":0,"menu_order":0,"comment_status":"closed","ping_status":"closed","template":"","meta":{"_genesis_hide_title":false,"_genesis_hide_breadcrumbs":false,"_genesis_hide_singular_image":false,"_genesis_hide_footer_widgets":false,"_genesis_custom_body_class":"","_genesis_custom_post_class":"","_genesis_layout":"","footnotes":""},"categories":[15,9],"tags":[],"class_list":{"0":"post-197","1":"page","2":"type-page","3":"status-publish","5":"category-difusion","6":"category-enlaces","7":"entry"},"_links":{"self":[{"href":"https:\/\/blogs.ugr.es\/inventate\/wp-json\/wp\/v2\/pages\/197","targetHints":{"allow":["GET"]}}],"collection":[{"href":"https:\/\/blogs.ugr.es\/inventate\/wp-json\/wp\/v2\/pages"}],"about":[{"href":"https:\/\/blogs.ugr.es\/inventate\/wp-json\/wp\/v2\/types\/page"}],"author":[{"embeddable":true,"href":"https:\/\/blogs.ugr.es\/inventate\/wp-json\/wp\/v2\/users\/572"}],"replies":[{"embeddable":true,"href":"https:\/\/blogs.ugr.es\/inventate\/wp-json\/wp\/v2\/comments?post=197"}],"version-history":[{"count":4,"href":"https:\/\/blogs.ugr.es\/inventate\/wp-json\/wp\/v2\/pages\/197\/revisions"}],"predecessor-version":[{"id":407,"href":"https:\/\/blogs.ugr.es\/inventate\/wp-json\/wp\/v2\/pages\/197\/revisions\/407"}],"wp:attachment":[{"href":"https:\/\/blogs.ugr.es\/inventate\/wp-json\/wp\/v2\/media?parent=197"}],"wp:term":[{"taxonomy":"category","embeddable":true,"href":"https:\/\/blogs.ugr.es\/inventate\/wp-json\/wp\/v2\/categories?post=197"},{"taxonomy":"post_tag","embeddable":true,"href":"https:\/\/blogs.ugr.es\/inventate\/wp-json\/wp\/v2\/tags?post=197"}],"curies":[{"name":"wp","href":"https:\/\/api.w.org\/{rel}","templated":true}]}}