{"id":333,"date":"2021-03-23T17:45:22","date_gmt":"2021-03-23T16:45:22","guid":{"rendered":"https:\/\/blogs.ugr.es\/inventate\/?page_id=333"},"modified":"2022-03-22T08:54:49","modified_gmt":"2022-03-22T07:54:49","slug":"educacion-linguistica-para-alumnos-de-primaria-con-necesidades-educativas-especiales","status":"publish","type":"page","link":"https:\/\/blogs.ugr.es\/inventate\/educacion-linguistica-para-alumnos-de-primaria-con-necesidades-educativas-especiales\/","title":{"rendered":"Educaci\u00f3n Ling\u00fc\u00edstica para alumnos de Primaria con necesidades educativas especiales_Curso 2020\/21"},"content":{"rendered":"<p>Entre las <strong>Competencias Espec\u00edficas<\/strong> de la materia de Educaci\u00f3n Ling\u00fc\u00edstica para alumnos de Primaria con necesidades educativas especiales se encuentran las siguientes, relacionadas con este proyecto:<\/p>\n<ul>\n<li>Conocer las caracter\u00edsticas del lenguaje en sujetos con NEE y dise\u00f1ar estrategias did\u00e1cticas espec\u00edficas orientadas al enriquecimiento de las competencias comunicativas que faciliten su integraci\u00f3n acad\u00e9mica y social.<\/li>\n<li>Crear, seleccionar y evaluar materiales curriculares destinados a promover el aprendizaje a trav\u00e9s de actividades con sentido para el alumnado con necesidades educativas especiales.<\/li>\n<li>Dise\u00f1ar, aplicar y evaluar actividades y materiales que fomenten la creatividad.<\/li>\n<li>Dise\u00f1ar, aplicar y evaluar actividades y materiales que integren el uso de la lengua oral y la escrita para reforzar el aprendizaje de ambos c\u00f3digos.<\/li>\n<li>Promover el acercamiento del alumnado con necesidades educativas especiales a la literatura infantil como fuente de disfrute, de desarrollo de la creatividad y de enriquecimiento del lenguaje.<\/li>\n<\/ul>\n","protected":false},"excerpt":{"rendered":"<p>Entre las Competencias Espec\u00edficas de la materia de Educaci\u00f3n Ling\u00fc\u00edstica para alumnos de Primaria con necesidades educativas especiales se encuentran las siguientes, relacionadas con este proyecto: Conocer las caracter\u00edsticas del lenguaje en sujetos con NEE y dise\u00f1ar estrategias did\u00e1cticas espec\u00edficas orientadas al enriquecimiento de las competencias comunicativas que faciliten su integraci\u00f3n acad\u00e9mica y social. Crear, [&hellip;]<\/p>\n","protected":false},"author":572,"featured_media":0,"parent":0,"menu_order":0,"comment_status":"open","ping_status":"open","template":"","meta":{"_genesis_hide_title":false,"_genesis_hide_breadcrumbs":false,"_genesis_hide_singular_image":false,"_genesis_hide_footer_widgets":false,"_genesis_custom_body_class":"","_genesis_custom_post_class":"","_genesis_layout":"","footnotes":""},"categories":[12],"tags":[],"class_list":{"0":"post-333","1":"page","2":"type-page","3":"status-publish","5":"category-experiencias-en-el-aula","6":"entry"},"_links":{"self":[{"href":"https:\/\/blogs.ugr.es\/inventate\/wp-json\/wp\/v2\/pages\/333","targetHints":{"allow":["GET"]}}],"collection":[{"href":"https:\/\/blogs.ugr.es\/inventate\/wp-json\/wp\/v2\/pages"}],"about":[{"href":"https:\/\/blogs.ugr.es\/inventate\/wp-json\/wp\/v2\/types\/page"}],"author":[{"embeddable":true,"href":"https:\/\/blogs.ugr.es\/inventate\/wp-json\/wp\/v2\/users\/572"}],"replies":[{"embeddable":true,"href":"https:\/\/blogs.ugr.es\/inventate\/wp-json\/wp\/v2\/comments?post=333"}],"version-history":[{"count":2,"href":"https:\/\/blogs.ugr.es\/inventate\/wp-json\/wp\/v2\/pages\/333\/revisions"}],"predecessor-version":[{"id":374,"href":"https:\/\/blogs.ugr.es\/inventate\/wp-json\/wp\/v2\/pages\/333\/revisions\/374"}],"wp:attachment":[{"href":"https:\/\/blogs.ugr.es\/inventate\/wp-json\/wp\/v2\/media?parent=333"}],"wp:term":[{"taxonomy":"category","embeddable":true,"href":"https:\/\/blogs.ugr.es\/inventate\/wp-json\/wp\/v2\/categories?post=333"},{"taxonomy":"post_tag","embeddable":true,"href":"https:\/\/blogs.ugr.es\/inventate\/wp-json\/wp\/v2\/tags?post=333"}],"curies":[{"name":"wp","href":"https:\/\/api.w.org\/{rel}","templated":true}]}}