{"id":337,"date":"2021-03-23T17:51:29","date_gmt":"2021-03-23T16:51:29","guid":{"rendered":"https:\/\/blogs.ugr.es\/inventate\/?page_id=337"},"modified":"2022-02-01T18:06:48","modified_gmt":"2022-02-01T17:06:48","slug":"experiencias-en-el-aula-2","status":"publish","type":"page","link":"https:\/\/blogs.ugr.es\/inventate\/experiencias-en-el-aula-2\/","title":{"rendered":"Experiencias en el aula"},"content":{"rendered":"<p>Durante el bienio 2020\/22 se realizaron las siguientes experiencias pr\u00e1cticas en dos materias del Grado de Educaci\u00f3n Primaria: Did\u00e1ctica de la lengua espa\u00f1ola II (2.\u00ba Curso) y Educaci\u00f3n Ling\u00fc\u00edstica para alumnado de Primaria con necesidades educativas especiales (4.\u00ba Curso &#8211; Menci\u00f3n de Educaci\u00f3n Especial).<\/p>\n<p>Mostramos aqu\u00ed los resultados obtenidos de las experiencias en el aula para trabajar distintas t\u00e9cnicas de dramatizaci\u00f3n e interpretaci\u00f3n.<\/p>\n","protected":false},"excerpt":{"rendered":"<p>Durante el bienio 2020\/22 se realizaron las siguientes experiencias pr\u00e1cticas en dos materias del Grado de Educaci\u00f3n Primaria: Did\u00e1ctica de la lengua espa\u00f1ola II (2.\u00ba Curso) y Educaci\u00f3n Ling\u00fc\u00edstica para alumnado de Primaria con necesidades educativas especiales (4.\u00ba Curso &#8211; Menci\u00f3n de Educaci\u00f3n Especial). Mostramos aqu\u00ed los resultados obtenidos de las experiencias en el aula [&hellip;]<\/p>\n","protected":false},"author":572,"featured_media":0,"parent":0,"menu_order":0,"comment_status":"closed","ping_status":"closed","template":"","meta":{"_genesis_hide_title":false,"_genesis_hide_breadcrumbs":false,"_genesis_hide_singular_image":false,"_genesis_hide_footer_widgets":false,"_genesis_custom_body_class":"","_genesis_custom_post_class":"","_genesis_layout":"","footnotes":""},"categories":[12],"tags":[],"class_list":{"0":"post-337","1":"page","2":"type-page","3":"status-publish","5":"category-experiencias-en-el-aula","6":"entry"},"_links":{"self":[{"href":"https:\/\/blogs.ugr.es\/inventate\/wp-json\/wp\/v2\/pages\/337","targetHints":{"allow":["GET"]}}],"collection":[{"href":"https:\/\/blogs.ugr.es\/inventate\/wp-json\/wp\/v2\/pages"}],"about":[{"href":"https:\/\/blogs.ugr.es\/inventate\/wp-json\/wp\/v2\/types\/page"}],"author":[{"embeddable":true,"href":"https:\/\/blogs.ugr.es\/inventate\/wp-json\/wp\/v2\/users\/572"}],"replies":[{"embeddable":true,"href":"https:\/\/blogs.ugr.es\/inventate\/wp-json\/wp\/v2\/comments?post=337"}],"version-history":[{"count":3,"href":"https:\/\/blogs.ugr.es\/inventate\/wp-json\/wp\/v2\/pages\/337\/revisions"}],"predecessor-version":[{"id":488,"href":"https:\/\/blogs.ugr.es\/inventate\/wp-json\/wp\/v2\/pages\/337\/revisions\/488"}],"wp:attachment":[{"href":"https:\/\/blogs.ugr.es\/inventate\/wp-json\/wp\/v2\/media?parent=337"}],"wp:term":[{"taxonomy":"category","embeddable":true,"href":"https:\/\/blogs.ugr.es\/inventate\/wp-json\/wp\/v2\/categories?post=337"},{"taxonomy":"post_tag","embeddable":true,"href":"https:\/\/blogs.ugr.es\/inventate\/wp-json\/wp\/v2\/tags?post=337"}],"curies":[{"name":"wp","href":"https:\/\/api.w.org\/{rel}","templated":true}]}}