{"id":515,"date":"2022-02-01T19:35:08","date_gmt":"2022-02-01T18:35:08","guid":{"rendered":"https:\/\/blogs.ugr.es\/inventate\/?page_id=515"},"modified":"2022-03-15T17:06:53","modified_gmt":"2022-03-15T16:06:53","slug":"materiales-del-proyecto","status":"publish","type":"page","link":"https:\/\/blogs.ugr.es\/inventate\/materiales-del-proyecto\/","title":{"rendered":"Materiales del proyecto"},"content":{"rendered":"<p><strong>Selecci\u00f3n de<\/strong> <strong>fragmentos de obras dram\u00e1ticas<\/strong> para el PROYECTO INVENTaTe+ (21-20), coord. <span style=\"font-weight: 400\">por Cristina del Moral Barrig\u00fcete y subvencionado con 500\u20ac por la Unidad de Calidad, Innovaci\u00f3n Calidad Docente y Perspectiva, Universidad de Granada (Curso 2021-22)<\/span><\/p>\n<p><a href=\"https:\/\/www.contextoteatral.es\/ayssayelarbol.html\">Ayssa y el \u00e1rbol<\/a>, de Lola Fern\u00e1ndez de Sevilla<\/p>\n<p><a href=\"https:\/\/www.contextoteatral.es\/estrellasyagujerosnegrosentreotrascosas.html\">Estrellas y agujeros negros (entre otras cosas)<\/a>, de Javier Hernando Herr\u00e1ez y Roc\u00edo Bello<\/p>\n<p><a href=\"http:\/\/www.contextoteatral.es\/lasiembradelosnumeros.html\">La siembra de los n\u00fameros<\/a>, de Nieves Rodr\u00edguez Rodr\u00edguez.<\/p>\n<p><a href=\"http:\/\/www.contextoteatral.es\/laprimeranochedelosninospajaro.html\">La primera noche de los ni\u00f1os p\u00e1jaro<\/a>, de Gracia Morales<\/p>\n<p><a href=\"https:\/\/www.contextoteatral.es\/quiensecomiomiplaneta.html\">\u00bfQui\u00e9n se comi\u00f3 mi planeta?<\/a>, de Antonio de la Fuente Arjona<\/p>\n<p><a href=\"http:\/\/www.contextoteatral.es\/elestomagodelaballena.html\">El est\u00f3mago de la ballena<\/a>, de Luis Fernando de Juli\u00e1n<\/p>\n<p><a href=\"https:\/\/www.contextoteatral.es\/enelplanetadelossentidos.html\">En el planeta de los sentidos<\/a>, de Beatriz Velilla<\/p>\n","protected":false},"excerpt":{"rendered":"<p>Selecci\u00f3n de fragmentos de obras dram\u00e1ticas para el PROYECTO INVENTaTe+ (21-20), coord. por Cristina del Moral Barrig\u00fcete y subvencionado con 500\u20ac por la Unidad de Calidad, Innovaci\u00f3n Calidad Docente y Perspectiva, Universidad de Granada (Curso 2021-22) Ayssa y el \u00e1rbol, de Lola Fern\u00e1ndez de Sevilla Estrellas y agujeros negros (entre otras cosas), de Javier Hernando [&hellip;]<\/p>\n","protected":false},"author":572,"featured_media":0,"parent":0,"menu_order":0,"comment_status":"closed","ping_status":"closed","template":"","meta":{"_genesis_hide_title":false,"_genesis_hide_breadcrumbs":false,"_genesis_hide_singular_image":false,"_genesis_hide_footer_widgets":false,"_genesis_custom_body_class":"","_genesis_custom_post_class":"","_genesis_layout":"","footnotes":""},"categories":[],"tags":[],"class_list":{"0":"post-515","1":"page","2":"type-page","3":"status-publish","5":"entry"},"_links":{"self":[{"href":"https:\/\/blogs.ugr.es\/inventate\/wp-json\/wp\/v2\/pages\/515","targetHints":{"allow":["GET"]}}],"collection":[{"href":"https:\/\/blogs.ugr.es\/inventate\/wp-json\/wp\/v2\/pages"}],"about":[{"href":"https:\/\/blogs.ugr.es\/inventate\/wp-json\/wp\/v2\/types\/page"}],"author":[{"embeddable":true,"href":"https:\/\/blogs.ugr.es\/inventate\/wp-json\/wp\/v2\/users\/572"}],"replies":[{"embeddable":true,"href":"https:\/\/blogs.ugr.es\/inventate\/wp-json\/wp\/v2\/comments?post=515"}],"version-history":[{"count":2,"href":"https:\/\/blogs.ugr.es\/inventate\/wp-json\/wp\/v2\/pages\/515\/revisions"}],"predecessor-version":[{"id":522,"href":"https:\/\/blogs.ugr.es\/inventate\/wp-json\/wp\/v2\/pages\/515\/revisions\/522"}],"wp:attachment":[{"href":"https:\/\/blogs.ugr.es\/inventate\/wp-json\/wp\/v2\/media?parent=515"}],"wp:term":[{"taxonomy":"category","embeddable":true,"href":"https:\/\/blogs.ugr.es\/inventate\/wp-json\/wp\/v2\/categories?post=515"},{"taxonomy":"post_tag","embeddable":true,"href":"https:\/\/blogs.ugr.es\/inventate\/wp-json\/wp\/v2\/tags?post=515"}],"curies":[{"name":"wp","href":"https:\/\/api.w.org\/{rel}","templated":true}]}}