{"id":530,"date":"2022-03-15T17:19:49","date_gmt":"2022-03-15T16:19:49","guid":{"rendered":"https:\/\/blogs.ugr.es\/inventate\/?page_id=530"},"modified":"2022-03-22T08:55:18","modified_gmt":"2022-03-22T07:55:18","slug":"seleccion-de-fragmentos-de-obras-dramaticas","status":"publish","type":"page","link":"https:\/\/blogs.ugr.es\/inventate\/seleccion-de-fragmentos-de-obras-dramaticas\/","title":{"rendered":"Selecci\u00f3n de fragmentos de obras dram\u00e1ticas"},"content":{"rendered":"<p>Para el PROYECTO INVENTaTe+ (21-20), coord. por Cristina del Moral Barrig\u00fcete y subvencionado por la Unidad de Calidad, Innovaci\u00f3n Calidad Docente y Perspectiva, Universidad de Granada (Curso 2021-22) hemos seleccionado las siguientes obras para trabajar las pautas y practicar las lecturas dramatizadas:<\/p>\n<p><a href=\"https:\/\/www.contextoteatral.es\/ayssayelarbol.html\">Ayssa y el \u00e1rbol<\/a>, de Lola Fern\u00e1ndez de Sevilla<\/p>\n<p><a href=\"https:\/\/www.contextoteatral.es\/estrellasyagujerosnegrosentreotrascosas.html\">Estrellas y agujeros negros (entre otras cosas)<\/a>, de Javier Hernando Herr\u00e1ez y Roc\u00edo Bello<\/p>\n<p><a href=\"http:\/\/www.contextoteatral.es\/lasiembradelosnumeros.html\">La siembra de los n\u00fameros<\/a>, de Nieves Rodr\u00edguez Rodr\u00edguez.<\/p>\n<p><a href=\"http:\/\/www.contextoteatral.es\/laprimeranochedelosninospajaro.html\">La primera noche de los ni\u00f1os p\u00e1jaro<\/a>, de Gracia Morales<\/p>\n<p><a href=\"https:\/\/www.contextoteatral.es\/quiensecomiomiplaneta.html\">\u00bfQui\u00e9n se comi\u00f3 mi planeta?<\/a>, de Antonio de la Fuente Arjona<\/p>\n<p><a href=\"http:\/\/www.contextoteatral.es\/elestomagodelaballena.html\">El est\u00f3mago de la ballena<\/a>, de Luis Fernando de Juli\u00e1n<\/p>\n<p><a href=\"https:\/\/www.contextoteatral.es\/enelplanetadelossentidos.html\">En el planeta de los sentidos<\/a>, de Beatriz Velilla<\/p>\n<p>Todos los fragmentos pueden descargarse desde <a href=\"https:\/\/www.contextoteatral.es\/\">Contexto teatral<\/a> y algunas obras pueden adquirirse desde la p\u00e1gina de <a href=\"https:\/\/www.assitej.net\/es_es\/libros-teatro-infanil-y-juvenil\/\">Assitej Espa\u00f1a<\/a>.<\/p>\n","protected":false},"excerpt":{"rendered":"<p>Para el PROYECTO INVENTaTe+ (21-20), coord. por Cristina del Moral Barrig\u00fcete y subvencionado por la Unidad de Calidad, Innovaci\u00f3n Calidad Docente y Perspectiva, Universidad de Granada (Curso 2021-22) hemos seleccionado las siguientes obras para trabajar las pautas y practicar las lecturas dramatizadas: Ayssa y el \u00e1rbol, de Lola Fern\u00e1ndez de Sevilla Estrellas y agujeros negros [&hellip;]<\/p>\n","protected":false},"author":572,"featured_media":0,"parent":0,"menu_order":0,"comment_status":"open","ping_status":"open","template":"","meta":{"_genesis_hide_title":false,"_genesis_hide_breadcrumbs":false,"_genesis_hide_singular_image":false,"_genesis_hide_footer_widgets":false,"_genesis_custom_body_class":"","_genesis_custom_post_class":"","_genesis_layout":"","footnotes":""},"categories":[18,14],"tags":[20],"class_list":{"0":"post-530","1":"page","2":"type-page","3":"status-publish","5":"category-actividades-formativas","6":"category-bibliografia","7":"tag-materiales-del-proyecto","8":"entry"},"_links":{"self":[{"href":"https:\/\/blogs.ugr.es\/inventate\/wp-json\/wp\/v2\/pages\/530","targetHints":{"allow":["GET"]}}],"collection":[{"href":"https:\/\/blogs.ugr.es\/inventate\/wp-json\/wp\/v2\/pages"}],"about":[{"href":"https:\/\/blogs.ugr.es\/inventate\/wp-json\/wp\/v2\/types\/page"}],"author":[{"embeddable":true,"href":"https:\/\/blogs.ugr.es\/inventate\/wp-json\/wp\/v2\/users\/572"}],"replies":[{"embeddable":true,"href":"https:\/\/blogs.ugr.es\/inventate\/wp-json\/wp\/v2\/comments?post=530"}],"version-history":[{"count":3,"href":"https:\/\/blogs.ugr.es\/inventate\/wp-json\/wp\/v2\/pages\/530\/revisions"}],"predecessor-version":[{"id":557,"href":"https:\/\/blogs.ugr.es\/inventate\/wp-json\/wp\/v2\/pages\/530\/revisions\/557"}],"wp:attachment":[{"href":"https:\/\/blogs.ugr.es\/inventate\/wp-json\/wp\/v2\/media?parent=530"}],"wp:term":[{"taxonomy":"category","embeddable":true,"href":"https:\/\/blogs.ugr.es\/inventate\/wp-json\/wp\/v2\/categories?post=530"},{"taxonomy":"post_tag","embeddable":true,"href":"https:\/\/blogs.ugr.es\/inventate\/wp-json\/wp\/v2\/tags?post=530"}],"curies":[{"name":"wp","href":"https:\/\/api.w.org\/{rel}","templated":true}]}}