{"id":643,"date":"2022-03-25T16:39:21","date_gmt":"2022-03-25T15:39:21","guid":{"rendered":"https:\/\/blogs.ugr.es\/inventate\/?page_id=643"},"modified":"2022-03-25T16:40:18","modified_gmt":"2022-03-25T15:40:18","slug":"cris-pequena-valiente","status":"publish","type":"page","link":"https:\/\/blogs.ugr.es\/inventate\/cris-pequena-valiente\/","title":{"rendered":"Cris, peque\u00f1a valiente"},"content":{"rendered":"<div class=\"compa\">\n<p><span class=\"color\">\u00c1NGEL CALVENTE\/<a href=\"https:\/\/elespejonegro.com\/cris\/\">EL ESPEJO NEGRO<\/a><\/span><\/p>\n<\/div>\n<div class=\"especta\"><a href=\"https:\/\/www.juntadeandalucia.es\/cultura\/teatros\/teatro-alhambra\/cris-pequena-valiente\"><span class=\"esp\">Cris, peque\u00f1a valiente<\/span><\/a><\/div>\n<div class=\"descripcion\">\n<div class=\"field field-name-body field-type-text-with-summary field-label-hidden\">\n<div class=\"field-items\">\n<div class=\"field-item even\">\n<figure id=\"attachment_644\" aria-describedby=\"caption-attachment-644\" style=\"width: 300px\" class=\"wp-caption alignnone\"><img loading=\"lazy\" decoding=\"async\" class=\"size-medium wp-image-644\" src=\"https:\/\/blogs.ugr.es\/inventate\/wp-content\/uploads\/sites\/96\/2022\/03\/19_cris_el_espejo_negro-300x200.jpg\" alt=\"\" width=\"300\" height=\"200\" srcset=\"https:\/\/blogs.ugr.es\/inventate\/wp-content\/uploads\/sites\/96\/2022\/03\/19_cris_el_espejo_negro-300x200.jpg 300w, https:\/\/blogs.ugr.es\/inventate\/wp-content\/uploads\/sites\/96\/2022\/03\/19_cris_el_espejo_negro-700x466.jpg 700w, https:\/\/blogs.ugr.es\/inventate\/wp-content\/uploads\/sites\/96\/2022\/03\/19_cris_el_espejo_negro.jpg 800w\" sizes=\"auto, (max-width: 300px) 100vw, 300px\" \/><figcaption id=\"caption-attachment-644\" class=\"wp-caption-text\">29\/10\/2021 &#8211; Teatro Alhambra &#8211; Granada<\/figcaption><\/figure>\n<p><em>Autor y direc<\/em><em>tor<\/em><em>:\u00a0<\/em><em><strong>\u00c1<\/strong><\/em><em><strong>NGEL CALVENTE<\/strong><\/em><\/p>\n<p><em>Con\u00a0<\/em><em><strong>CRISTINA JIM\u00c9NEZ, CARLOS CUADROS<\/strong><\/em><em>\u00a0y\u00a0<\/em><em><strong>YOLANDA VALLE<\/strong><\/em><\/p>\n<p><em><strong>Espect\u00e1culo\u00a0<\/strong><\/em><em><strong>recomendado\u00a0<\/strong><\/em><em><strong>a partir de 6 a\u00f1os<\/strong><\/em><\/p>\n<p>&nbsp;<\/p>\n<p><strong><em>CRIS, peque\u00f1a valiente es la historia de CRISTINA, una ni\u00f1a que al nacer pensaron que era un ni\u00f1o. S\u00ed, un ni\u00f1o\u2026<\/em><\/strong><\/p>\n<p><strong><em>Ella nunca se sinti\u00f3 ni\u00f1o. Desde siempre se sinti\u00f3 ni\u00f1a y as\u00ed se lo hizo saber a sus padres desde muy peque\u00f1ita.<\/em><\/strong><\/p>\n<p><strong><em>CRIS, que as\u00ed le gusta que la llamen, es una ni\u00f1a trans, risue\u00f1a e inteligente, que lucha por su derecho a ser la persona que es y siente. Desea tener un futuro repleto de libertad y oportunidades, para poder crecer y desarrollarse, como cualquier otra ni\u00f1a de su edad.<\/em><\/strong><\/p>\n<p>&nbsp;<\/p>\n<p>El Espejo Negro, la imprescindible compa\u00f1\u00eda de teatro con t\u00edteres andaluza, ganadora de dos premios Max, vuelve al Teatro Alhambra con su nueva creaci\u00f3n:\u00a0<em>Cris, peque\u00f1a valiente.<\/em>\u00a0La historia de una ni\u00f1a que lucha por ser quien es y ser lo que siente. Un relato lleno de superaci\u00f3n, amor y fantas\u00eda.<\/p>\n<p>&nbsp;<\/p>\n<p>La impecable puesta en escena que caracteriza a los malague\u00f1os tiene como objeto, esta vez, hacer llegar al p\u00fablico, a trav\u00e9s de los textos, la m\u00fasica, el baile y la luz, una creaci\u00f3n en la que la historia y los personajes priman sobre todo lo dem\u00e1s. Una obra teatral con una visi\u00f3n positiva, aunque no carente de situaciones complicadas y tristes, pero que finalmente terminar\u00e1 con un certero triunfo sobre la verdadera identidad de g\u00e9nero de la peque\u00f1a protagonista.<\/p>\n<\/div>\n<\/div>\n<\/div>\n<\/div>\n","protected":false},"excerpt":{"rendered":"<p>\u00c1NGEL CALVENTE\/EL ESPEJO NEGRO Cris, peque\u00f1a valiente Autor y director:\u00a0\u00c1NGEL CALVENTE Con\u00a0CRISTINA JIM\u00c9NEZ, CARLOS CUADROS\u00a0y\u00a0YOLANDA VALLE Espect\u00e1culo\u00a0recomendado\u00a0a partir de 6 a\u00f1os &nbsp; CRIS, peque\u00f1a valiente es la historia de CRISTINA, una ni\u00f1a que al nacer pensaron que era un ni\u00f1o. S\u00ed, un ni\u00f1o\u2026 Ella nunca se sinti\u00f3 ni\u00f1o. Desde siempre se sinti\u00f3 ni\u00f1a y as\u00ed [&hellip;]<\/p>\n","protected":false},"author":572,"featured_media":0,"parent":0,"menu_order":0,"comment_status":"open","ping_status":"open","template":"","meta":{"_genesis_hide_title":false,"_genesis_hide_breadcrumbs":false,"_genesis_hide_singular_image":false,"_genesis_hide_footer_widgets":false,"_genesis_custom_body_class":"","_genesis_custom_post_class":"","_genesis_layout":"","footnotes":""},"categories":[18,21],"tags":[],"class_list":{"0":"post-643","1":"page","2":"type-page","3":"status-publish","5":"category-actividades-formativas","6":"category-experiencias-fuera-del-aula","7":"entry","8":"has-post-thumbnail"},"_links":{"self":[{"href":"https:\/\/blogs.ugr.es\/inventate\/wp-json\/wp\/v2\/pages\/643","targetHints":{"allow":["GET"]}}],"collection":[{"href":"https:\/\/blogs.ugr.es\/inventate\/wp-json\/wp\/v2\/pages"}],"about":[{"href":"https:\/\/blogs.ugr.es\/inventate\/wp-json\/wp\/v2\/types\/page"}],"author":[{"embeddable":true,"href":"https:\/\/blogs.ugr.es\/inventate\/wp-json\/wp\/v2\/users\/572"}],"replies":[{"embeddable":true,"href":"https:\/\/blogs.ugr.es\/inventate\/wp-json\/wp\/v2\/comments?post=643"}],"version-history":[{"count":2,"href":"https:\/\/blogs.ugr.es\/inventate\/wp-json\/wp\/v2\/pages\/643\/revisions"}],"predecessor-version":[{"id":646,"href":"https:\/\/blogs.ugr.es\/inventate\/wp-json\/wp\/v2\/pages\/643\/revisions\/646"}],"wp:attachment":[{"href":"https:\/\/blogs.ugr.es\/inventate\/wp-json\/wp\/v2\/media?parent=643"}],"wp:term":[{"taxonomy":"category","embeddable":true,"href":"https:\/\/blogs.ugr.es\/inventate\/wp-json\/wp\/v2\/categories?post=643"},{"taxonomy":"post_tag","embeddable":true,"href":"https:\/\/blogs.ugr.es\/inventate\/wp-json\/wp\/v2\/tags?post=643"}],"curies":[{"name":"wp","href":"https:\/\/api.w.org\/{rel}","templated":true}]}}