{"id":669,"date":"2022-04-20T16:19:25","date_gmt":"2022-04-20T14:19:25","guid":{"rendered":"https:\/\/blogs.ugr.es\/inventate\/?page_id=669"},"modified":"2022-04-21T09:53:31","modified_gmt":"2022-04-21T07:53:31","slug":"material-complementario","status":"publish","type":"page","link":"https:\/\/blogs.ugr.es\/inventate\/material-complementario\/","title":{"rendered":"Material complementario"},"content":{"rendered":"<p>Pod\u00e9is echar un vistazo a este interesante <a href=\"https:\/\/blogs.ugr.es\/inventate\/category\/materiales-del-proyecto\/\">material<\/a> complementario para completar la redacci\u00f3n de vuestros respectivos proyectos o inclusi\u00f3n de ideas interesantes para la puesta en escena.<\/p>\n<p><a href=\"https:\/\/www.conmishijos.com\/actividades-para-ninos\/cuentos\/los-zanganos-y-las-abejas-fabula-para-ninos-de-la-fontaine\/\">Los z\u00e1nganos y las abejas<\/a><\/p>\n<p><a href=\"http:\/\/www.cuentoscortos.com\/cuentos-originales\/la-fotosintesis\">La fotos\u00edntesis<\/a><\/p>\n<p><a href=\"http:\/\/www.nomecuentescuentos.com\/margarita-salas-la-cientifica-tenaz-que-sigue-rompiendo-barreras\/\">Margarita Salas<\/a><\/p>\n<p><a href=\"https:\/\/principia.io\/media\/uploads\/images\/quedate_en_casa\/descifrando_el_adn_principiakids.pdf\">Descifrando el ADN. Margarita Salas<\/a><\/p>\n<p><a href=\"https:\/\/www.curriculumnacional.cl\/portal\/Educacion-General\/Lenguaje-y-comunicacion-4-basico\/LE04-OA-01\/25989:Una-curiosa-merienda\">Una curiosa merienda<\/a><\/p>\n","protected":false},"excerpt":{"rendered":"<p>Pod\u00e9is echar un vistazo a este interesante material complementario para completar la redacci\u00f3n de vuestros respectivos proyectos o inclusi\u00f3n de ideas interesantes para la puesta en escena. Los z\u00e1nganos y las abejas La fotos\u00edntesis Margarita Salas Descifrando el ADN. Margarita Salas Una curiosa merienda<\/p>\n","protected":false},"author":572,"featured_media":0,"parent":0,"menu_order":0,"comment_status":"open","ping_status":"open","template":"","meta":{"_genesis_hide_title":false,"_genesis_hide_breadcrumbs":false,"_genesis_hide_singular_image":false,"_genesis_hide_footer_widgets":false,"_genesis_custom_body_class":"","_genesis_custom_post_class":"","_genesis_layout":"","footnotes":""},"categories":[18,14,19],"tags":[],"class_list":{"0":"post-669","1":"page","2":"type-page","3":"status-publish","5":"category-actividades-formativas","6":"category-bibliografia","7":"category-materiales-del-proyecto","8":"entry"},"_links":{"self":[{"href":"https:\/\/blogs.ugr.es\/inventate\/wp-json\/wp\/v2\/pages\/669","targetHints":{"allow":["GET"]}}],"collection":[{"href":"https:\/\/blogs.ugr.es\/inventate\/wp-json\/wp\/v2\/pages"}],"about":[{"href":"https:\/\/blogs.ugr.es\/inventate\/wp-json\/wp\/v2\/types\/page"}],"author":[{"embeddable":true,"href":"https:\/\/blogs.ugr.es\/inventate\/wp-json\/wp\/v2\/users\/572"}],"replies":[{"embeddable":true,"href":"https:\/\/blogs.ugr.es\/inventate\/wp-json\/wp\/v2\/comments?post=669"}],"version-history":[{"count":3,"href":"https:\/\/blogs.ugr.es\/inventate\/wp-json\/wp\/v2\/pages\/669\/revisions"}],"predecessor-version":[{"id":676,"href":"https:\/\/blogs.ugr.es\/inventate\/wp-json\/wp\/v2\/pages\/669\/revisions\/676"}],"wp:attachment":[{"href":"https:\/\/blogs.ugr.es\/inventate\/wp-json\/wp\/v2\/media?parent=669"}],"wp:term":[{"taxonomy":"category","embeddable":true,"href":"https:\/\/blogs.ugr.es\/inventate\/wp-json\/wp\/v2\/categories?post=669"},{"taxonomy":"post_tag","embeddable":true,"href":"https:\/\/blogs.ugr.es\/inventate\/wp-json\/wp\/v2\/tags?post=669"}],"curies":[{"name":"wp","href":"https:\/\/api.w.org\/{rel}","templated":true}]}}