{"id":837,"date":"2023-03-04T08:48:44","date_gmt":"2023-03-04T07:48:44","guid":{"rendered":"https:\/\/blogs.ugr.es\/inventate\/?page_id=837"},"modified":"2023-03-04T08:52:46","modified_gmt":"2023-03-04T07:52:46","slug":"vi-vii-taller-dramatizacion-curso-2022-23","status":"publish","type":"page","link":"https:\/\/blogs.ugr.es\/inventate\/talleres-de-dramatizacion\/vi-vii-taller-dramatizacion-curso-2022-23\/","title":{"rendered":"VI-VII TALLER DRAMATIZACI\u00d3N (Curso 2022\/23)"},"content":{"rendered":"<div class=\"x11i5rnm xat24cr x1mh8g0r x1vvkbs xdj266r x126k92a\">\n<div dir=\"auto\" style=\"text-align: center\">Llega el <strong>VII Taller de dramatizaci\u00f3n de textos<\/strong>, organizado por el Dpto. Did\u00e1ctica de la lengua y Literatura, subvencionado por el Vicedecanato de Extensi\u00f3n Universitaria y Responsabilidad Social e impartido por <strong>Mar\u00eda Meg\u00edas<\/strong> (Asociaci\u00f3n art\u00edstica y cultural \u201cLa Independiente\u201d, Granada).<\/div>\n<\/div>\n<div dir=\"auto\"><img loading=\"lazy\" decoding=\"async\" class=\"alignnone size-medium wp-image-816 aligncenter\" src=\"https:\/\/blogs.ugr.es\/inventate\/wp-content\/uploads\/sites\/96\/2023\/02\/VIITALLER-300x300.jpg\" alt=\"taller\" width=\"300\" height=\"300\" srcset=\"https:\/\/blogs.ugr.es\/inventate\/wp-content\/uploads\/sites\/96\/2023\/02\/VIITALLER-300x300.jpg 300w, https:\/\/blogs.ugr.es\/inventate\/wp-content\/uploads\/sites\/96\/2023\/02\/VIITALLER-150x150.jpg 150w, https:\/\/blogs.ugr.es\/inventate\/wp-content\/uploads\/sites\/96\/2023\/02\/VIITALLER-75x75.jpg 75w, https:\/\/blogs.ugr.es\/inventate\/wp-content\/uploads\/sites\/96\/2023\/02\/VIITALLER.jpg 526w\" sizes=\"auto, (max-width: 300px) 100vw, 300px\" \/><\/div>\n<div class=\"x11i5rnm xat24cr x1mh8g0r x1vvkbs xdj266r x126k92a\">\n<div dir=\"auto\"><\/div>\n<div dir=\"auto\">Este taller est\u00e1 dirigido fundamentalmente a todo el <strong>alumnado<\/strong> de la <strong>Facultad de Ciencias de la Educaci\u00f3n<\/strong>, pueden inscribirse de <strong>cualquier curso y\/o titulaci\u00f3n<\/strong> (incluido el Posgrado en Educaci\u00f3n).<\/div>\n<div dir=\"auto\"><\/div>\n<\/div>\n<div class=\"x11i5rnm xat24cr x1mh8g0r x1vvkbs xtlvy1s x126k92a\">\n<div dir=\"auto\">A trav\u00e9s de la pr\u00e1ctica abordamos como objetivos fundamentales de estos talleres, la lectura dramatizada como una herramienta adecuada para comprender, poner en acci\u00f3n nuestro potencial como oradores en la labor de maestros y educadores y nos iniciaremos en la t\u00e9cnica de la interpretaci\u00f3n mediante el texto literario.<\/div>\n<\/div>\n<div class=\"x11i5rnm xat24cr x1mh8g0r x1vvkbs xtlvy1s x126k92a\">\n<div dir=\"auto\"><\/div>\n<div dir=\"auto\">MATRIC\u00daLATE YA EN EL SIGUIENTE ENLACE: <a class=\"x1i10hfl xjbqb8w x6umtig x1b1mbwd xaqea5y xav7gou x9f619 x1ypdohk xt0psk2 xe8uvvx xdj266r x11i5rnm xat24cr x1mh8g0r xexx8yu x4uap5 x18d9i69 xkhd6sd x16tdsg8 x1hl2dhg xggy1nq x1a2a7pz xt0b8zv x1fey0fg\" role=\"link\" href=\"https:\/\/buff.ly\/3IM7Xpn\" target=\"_blank\" rel=\"nofollow noopener\">https:\/\/buff.ly\/3IM7Xpn<\/a><\/div>\n<div dir=\"auto\"><\/div>\n<\/div>\n<div class=\"x11i5rnm xat24cr x1mh8g0r x1vvkbs xtlvy1s x126k92a\">\n<div dir=\"auto\"><span class=\"x3nfvp2 x1j61x8r x1fcty0u xdj266r xhhsvwb xat24cr xgzva0m xxymvpz xlup9mm x1kky2od\"><img loading=\"lazy\" decoding=\"async\" src=\"https:\/\/static.xx.fbcdn.net\/images\/emoji.php\/v9\/tff\/1\/16\/1f4c6.png\" alt=\"&#x1f4c6;\" width=\"16\" height=\"16\" \/><\/span> Los mi\u00e9rcoles del 8 de marzo al 19 de abril. (8, 15 y 22 y 12 y 19 de abril)<\/div>\n<div dir=\"auto\"><span class=\"x3nfvp2 x1j61x8r x1fcty0u xdj266r xhhsvwb xat24cr xgzva0m xxymvpz xlup9mm x1kky2od\"><img loading=\"lazy\" decoding=\"async\" src=\"https:\/\/static.xx.fbcdn.net\/images\/emoji.php\/v9\/t29\/1\/16\/1f551.png\" alt=\"&#x1f551;\" width=\"16\" height=\"16\" \/><\/span> 17:30 a 19:30<\/div>\n<div dir=\"auto\"><span class=\"x3nfvp2 x1j61x8r x1fcty0u xdj266r xhhsvwb xat24cr xgzva0m xxymvpz xlup9mm x1kky2od\"><img loading=\"lazy\" decoding=\"async\" src=\"https:\/\/static.xx.fbcdn.net\/images\/emoji.php\/v9\/t2d\/1\/16\/1f4cd.png\" alt=\"&#x1f4cd;\" width=\"16\" height=\"16\" \/><\/span> Aula de Expresi\u00f3n Corporal de la Facultad de Ciencias de la Educaci\u00f3n.<\/div>\n<\/div>\n<div class=\"x11i5rnm xat24cr x1mh8g0r x1vvkbs xtlvy1s x126k92a\">\n<div dir=\"auto\">Coordinaci\u00f3n y contacto: Cristina del Moral Barrig\u00fcete (<a href=\"&#x6d;&#97;i&#x6c;&#x74;&#111;:&#x63;&#114;i&#x73;&#x6d;&#111;r&#x61;&#98;&#64;&#x75;&#x67;&#114;&#46;&#x65;&#x73;\">c&#114;&#105;&#x73;&#x6d;&#x6f;r&#97;&#98;&#x40;&#x75;&#x67;r&#46;&#101;&#x73;<\/a>; <a href=\"https:\/\/www.instagram.com\/crismoralbarri\/\">@crismoralbarri<\/a>)<\/div>\n<div dir=\"auto\"><\/div>\n<\/div>\n<div dir=\"auto\">\u00a1NO TE LO PIERDAS! \u00a1INSCRIPCI\u00d3N Y TALLER GRATUITOS!<\/div>\n","protected":false},"excerpt":{"rendered":"<p>Llega el VII Taller de dramatizaci\u00f3n de textos, organizado por el Dpto. Did\u00e1ctica de la lengua y Literatura, subvencionado por el Vicedecanato de Extensi\u00f3n Universitaria y Responsabilidad Social e impartido por Mar\u00eda Meg\u00edas (Asociaci\u00f3n art\u00edstica y cultural \u201cLa Independiente\u201d, Granada). Este taller est\u00e1 dirigido fundamentalmente a todo el alumnado de la Facultad de Ciencias de [&hellip;]<\/p>\n","protected":false},"author":572,"featured_media":0,"parent":215,"menu_order":0,"comment_status":"open","ping_status":"closed","template":"","meta":{"_genesis_hide_title":false,"_genesis_hide_breadcrumbs":false,"_genesis_hide_singular_image":false,"_genesis_hide_footer_widgets":false,"_genesis_custom_body_class":"","_genesis_custom_post_class":"","_genesis_layout":"","footnotes":""},"categories":[18,12,21],"tags":[],"class_list":{"0":"post-837","1":"page","2":"type-page","3":"status-publish","5":"category-actividades-formativas","6":"category-experiencias-en-el-aula","7":"category-experiencias-fuera-del-aula","8":"entry"},"_links":{"self":[{"href":"https:\/\/blogs.ugr.es\/inventate\/wp-json\/wp\/v2\/pages\/837","targetHints":{"allow":["GET"]}}],"collection":[{"href":"https:\/\/blogs.ugr.es\/inventate\/wp-json\/wp\/v2\/pages"}],"about":[{"href":"https:\/\/blogs.ugr.es\/inventate\/wp-json\/wp\/v2\/types\/page"}],"author":[{"embeddable":true,"href":"https:\/\/blogs.ugr.es\/inventate\/wp-json\/wp\/v2\/users\/572"}],"replies":[{"embeddable":true,"href":"https:\/\/blogs.ugr.es\/inventate\/wp-json\/wp\/v2\/comments?post=837"}],"version-history":[{"count":2,"href":"https:\/\/blogs.ugr.es\/inventate\/wp-json\/wp\/v2\/pages\/837\/revisions"}],"predecessor-version":[{"id":840,"href":"https:\/\/blogs.ugr.es\/inventate\/wp-json\/wp\/v2\/pages\/837\/revisions\/840"}],"up":[{"embeddable":true,"href":"https:\/\/blogs.ugr.es\/inventate\/wp-json\/wp\/v2\/pages\/215"}],"wp:attachment":[{"href":"https:\/\/blogs.ugr.es\/inventate\/wp-json\/wp\/v2\/media?parent=837"}],"wp:term":[{"taxonomy":"category","embeddable":true,"href":"https:\/\/blogs.ugr.es\/inventate\/wp-json\/wp\/v2\/categories?post=837"},{"taxonomy":"post_tag","embeddable":true,"href":"https:\/\/blogs.ugr.es\/inventate\/wp-json\/wp\/v2\/tags?post=837"}],"curies":[{"name":"wp","href":"https:\/\/api.w.org\/{rel}","templated":true}]}}