{"id":136,"date":"2018-01-26T11:19:42","date_gmt":"2018-01-26T10:19:42","guid":{"rendered":"https:\/\/blogs.ugr.es\/javiergarcia\/?page_id=136"},"modified":"2024-01-21T21:02:49","modified_gmt":"2024-01-21T20:02:49","slug":"investigaciones","status":"publish","type":"page","link":"https:\/\/blogs.ugr.es\/javiergarcia\/investigaciones\/","title":{"rendered":"Investigaciones"},"content":{"rendered":"<p>&nbsp;<\/p>\n<p>2023<\/p>\n<ul>\n<li>Proyecto: Migraciones y construcci\u00f3n de la diferencia: Etnograf\u00edas escolares para entender la desproporcionada presencia de poblaci\u00f3n extranjera en la Educaci\u00f3n Especial en Espa\u00f1a (MigraNEE)<\/li>\n<li>Referencia: PID2022-140784OB-I00<\/li>\n<li>Entidad financiada: Agencia Estatal de Investigaci\u00f3n (MCIN\/AEI\/10.13039\/501100011033)<\/li>\n<li>Financiaci\u00f3n: Ochenta y Seis Mil Seiscientos Veinticinco (86.625,00) Euros<\/li>\n<li>Fecha comienzo\/fin: 01\/09\/23 al 30\/08\/26<\/li>\n<\/ul>\n<p>2022<\/p>\n<ul>\n<li>Proyecto: El dios de los migrantes: la representaci\u00f3n de la pluralidad religiosa en el cine cine espa\u00f1ol de migraciones (MigraCinEs)<\/li>\n<li>Referencia: PC-22-0061<\/li>\n<li>Entidad financiadora: Fundaci\u00f3n Pluralismo y Democracia<\/li>\n<li>Financiaci\u00f3n: Ocho Mil Trescientos Cincuenta y Tres (8.353,80) Euros<\/li>\n<li>Fecha comienzo\/fin: 01\/07\/23 al 30\/06\/24<\/li>\n<\/ul>\n<p>2017<\/p>\n<ul>\n<li>Proyecto: Red de Estudios Migratorios (REsMi)<\/li>\n<li>Referencia: CSO2016-81986-REDT<\/li>\n<li>Entidad financiadora: Agencia Estatal de Investigaci\u00f3n del Ministerio de Econom\u00eda, Industria y Competitividad<\/li>\n<li>Financiaci\u00f3n: Veinte Mil (20.000,00) Euros<\/li>\n<li>Fecha comienzo\/fin: 01\/07\/17 al 30\/06\/19<\/li>\n<\/ul>\n<p>2014<\/p>\n<ul>\n<li>Proyecto: Construyendo diferencias en la escuela. Estudios de las trayectorias de las ATAL en Andaluc\u00eda, de su profesorado y de su alumnado<\/li>\n<li>Referencia: CSO2013-43266-R<\/li>\n<li>Entidad financiadora: Plan Nacional de I+D+i (Retos)<\/li>\n<li>Financiaci\u00f3n: Treinta y Cuatro Mil (34.000,00) Euros<\/li>\n<li>Fecha comienzo\/fin: 2014-17<\/li>\n<\/ul>\n<p>2012<\/p>\n<ul>\n<li>Proyecto: \u201cNuevos\u201d y \u201cviejos\u201d andaluces. Reconstrucci\u00f3n de proceso identitarios en Andaluc\u00eda como fruto de las nuevas din\u00e1micas migratorias<\/li>\n<li>Referencia: PRY171\/12<\/li>\n<li>Entidad financiadora: Centro de Estudios Andaluces de la Junta de Andaluc\u00eda<\/li>\n<li>Financiaci\u00f3n: Diecinueve Mil (19.000,00 Euros) Euros<\/li>\n<li>Fecha comienzo\/fin: 2012-14<\/li>\n<\/ul>\n<p>2011<\/p>\n<ul>\n<li>Proyecto: \u00c9xitos y fracasos escolares. Trayectorias socioculturales de inmigrantes extranjeros y escolares aut\u00f3ctonos en el sistema educativo andaluz<\/li>\n<li>Referencia: CSO2010-22154-C03-01<\/li>\n<li>Entidad financiadora: Plan Nacional de I+D+i<\/li>\n<li>Financiaci\u00f3n: Cuarenta y Cinco Mil (45.000,00) Euros<\/li>\n<li>Fecha comienzo\/fin: 2011-13<\/li>\n<\/ul>\n<p>2007<\/p>\n<ul>\n<li>Proyecto: Integraci\u00f3n de escolares denominados \u00abinmigrantes\u00bb: relaciones entre el \u00e9xito\/fracaso escolar y las relaciones familia-escuela<\/li>\n<li>Referencia: SEJ2007-67155\/SOCI<\/li>\n<li>Entidad financiadora: Plan Nacional de I+D+i<\/li>\n<li>Financiaci\u00f3n: Cincuenta y Cinco Mil (55.000,00) Euros<\/li>\n<li>Fecha comienzo\/fin: 2007-10<\/li>\n<\/ul>\n<p>2007<\/p>\n<ul>\n<li>Proyecto: Multiculturalidad e integraci\u00f3n de la poblaci\u00f3n inmigrante<\/li>\n<li>extranjera en las escuelas andaluzas<\/li>\n<li>Referencia: P06-HUM-02380<\/li>\n<li>Entidad financiadora: Consejer\u00eda de Innovaci\u00f3n, Ciencia y Empresa<\/li>\n<li>Financiaci\u00f3n: Ciento Treinta y Cinco Mil Quinientos Treinta y Seis (135.535,00) Euros<\/li>\n<li>Fecha comienzo\/fin: 2006-09<\/li>\n<\/ul>\n<p>2004<\/p>\n<ul>\n<li>Proyecto: <em>Evaluaci\u00f3n de las actuaciones de atenci\u00f3n educativa del alumnado inmigrante en Andaluc\u00eda <\/em>Referencia: Expediente n\u00ba 03\/04 de la Consejer\u00eda de Educaci\u00f3n de la Junta de Andaluc\u00eda<\/li>\n<li>Entidad financiadora: Consejer\u00eda de Educaci\u00f3n de la Junta de Andaluc\u00eda<\/li>\n<li>Financiaci\u00f3n: Cuarenta Mil (40.000) Euros<\/li>\n<li>Fecha comienzo\/fin: 2004-05<\/li>\n<\/ul>\n<p>2002<\/p>\n<ul>\n<li>Proyecto: <em>La escolarizaci\u00f3n de poblaci\u00f3n inmigrante extranjera en Andaluc\u00eda<\/em><\/li>\n<li>Entidad financiadora: Direcci\u00f3n General de Coordinaci\u00f3n de Pol\u00edtica Migratoria de la Junta de Andaluc\u00eda<\/li>\n<li>Financiaci\u00f3n: Veinte Mil (20.000) Euros<\/li>\n<li>Fecha comienzo\/fin: 2002-04<\/li>\n<\/ul>\n<p>1999<\/p>\n<ul>\n<li>Proyecto: <em>Inmigraci\u00f3n temporera de extranjeros en la recogida de la aceituna en la Provincia de Ja\u00e9n<\/em><\/li>\n<li>Entidad financiadora: Diputaci\u00f3n Provincial de Ja\u00e9n<\/li>\n<li>Financiaci\u00f3n: Cuatro Millones Doscientas Dos Mil (4.202.000.-) Pesetas<\/li>\n<li>Fecha comienzo\/fin: 1998-1999<\/li>\n<li>Observaciones: contrato de investigaci\u00f3n mediante la firma de un convenio entre la Universidad de Granada y la Diputaci\u00f3n Provincial de Ja\u00e9n para el desarrollo del Programa Europeo Oleo-Integra<\/li>\n<\/ul>\n<p>1997<\/p>\n<ul>\n<li>Proyecto: <em>Inmigraci\u00f3n, exclusi\u00f3n social e integraci\u00f3n es Espa\u00f1a<\/em><\/li>\n<li>Referencia: SEC96-0796)<\/li>\n<li>Entidad financiadora: Comisi\u00f3n Interministerial de Investigaci\u00f3n Cient\u00edfica y T\u00e9cnica<\/li>\n<li>Financiaci\u00f3n: Ocho Millones Trescientas Cinco Mil (8.305.000.-) Pesetas<\/li>\n<li>Fecha de inicio\/fin: 1997-1999<\/li>\n<\/ul>\n<p>1995<\/p>\n<ul>\n<li>Proyecto: <em>Evaluaci\u00f3n del impacto de la incorporaci\u00f3n al sistema educativo andaluz de poblaciones procedentes de la inmigraci\u00f3n. Estudio de casos en la zona de costera de Almer\u00eda<\/em><\/li>\n<li>Entidad financiadora: Direcci\u00f3n General de Promoci\u00f3n y Evaluaci\u00f3n Educativa de la Consejer\u00eda de Educaci\u00f3n y Ciencia de la Junta de Andaluc\u00eda<\/li>\n<li>Financiaci\u00f3n: Dos Millones (2.000.000.-) de Pesetas<\/li>\n<li>Fecha de inicio\/f\u00edn: 1995-1996<\/li>\n<li>Convocatoria\/resoluci\u00f3n: 14\/IV\/94(BOJA 11\/V\/94)-15\/XII\/94<\/li>\n<\/ul>\n<p>1995<\/p>\n<ul>\n<li>Proyecto: <em>Investigaci\u00f3n, intervenci\u00f3n y evaluaci\u00f3n para la integraci\u00f3n ling\u00fc\u00edstica de inmigrantes<\/em><\/li>\n<li>Entidad financiadora: Direcci\u00f3n General de Migraciones del Ministerio de Asuntos Sociales<\/li>\n<li>Financiaci\u00f3n: Un Mill\u00f3n Trecientas Mil (1.300.000.-) Pesetas<\/li>\n<li>Fecha de inicio\/fin: 1995<\/li>\n<li>Convocatoria\/resoluci\u00f3n: 7\/III\/94(BOE 11\/III\/94)- 8\/IX\/94<\/li>\n<\/ul>\n<p>1994<\/p>\n<ul>\n<li>T\u00edtulo: <em>Connections between morococcan immigrants children schooling in spanish schools (M\u00e1laga, Granada, Almer\u00eda, Murcia, Barcelona, and Girona) and schooling at their native moroccan schools. A survey about the adaptation and integration strategies by immigrant children in order to design a subsequent multicultural curriculum<\/em><\/li>\n<li>Entidad financiadora: Comunidad Europea. Programa MED-CAMPUS<\/li>\n<li>Financiaci\u00f3n: Setenta y Cinco Mil (75.000.-) ECUs<\/li>\n<li>Fecha de inicio\/fin: 1994<\/li>\n<li>Convocatoria\/resoluci\u00f3n: 1993-94\/9.XII.93<\/li>\n<\/ul>\n<p>1993<\/p>\n<ul>\n<li>T\u00edtulo: <em>Connections between morococcan immigrants children schooling in spanish schools (M\u00e1laga, Granada, Almer\u00eda, Murcia, Barcelona, and Girona) and schooling at their native moroccan schools. A survey about the adaptation and integration strategies by immigrant children in order to design a subsequent multicultural curriculum<\/em><\/li>\n<li>Entidad financiadora: Comunidad Europea. Programa MED-CAMPUS<\/li>\n<li>Financiaci\u00f3n: Treinta Mil Cuatrocientos Sesenta y Cuatro (30.464.-) ECUs<\/li>\n<li>Fecha de inicio\/fin: 1993<\/li>\n<li>Convocatoria\/resoluci\u00f3n: 1992-93\/27.IX.92<\/li>\n<\/ul>\n<p>1993<\/p>\n<ul>\n<li>T\u00edtulo: <em>La escolarizaci\u00f3n de ni\u00f1os y ni\u00f1as inmigrantes en el sistema educativo espa\u00f1ol. Estudio comparado entre diferentes provincias espa\u00f1olas de la situaci\u00f3n en las escuelas de los hijos de inmigrantes extranjeros desde la perspectiva de la Antropolog\u00eda de la Educaci\u00f3n<\/em><\/li>\n<li>Entidad financiadora: Centro de Investigaci\u00f3n, Documentaci\u00f3n y Evaluaci\u00f3n del Ministerio de Educaci\u00f3n y Ciencia<\/li>\n<li>Financiaci\u00f3n: Tres Millones (3.000.000.-) de Pesetas<\/li>\n<li>Fecha de inicio\/fin: 1993\/1994<\/li>\n<li>Convocatoria\/resoluci\u00f3n: 13.I.92 (BOE, 10.II.92)\/ 22.VI.92<\/li>\n<\/ul>\n<p>1992<\/p>\n<ul>\n<li>T\u00edtulo: <em>La escolarizaci\u00f3n de la poblaci\u00f3n infantil inmigrante como un modelo de integraci\u00f3n y asimilaci\u00f3n cultural. Estudio comparado entre diferentes provincias espa\u00f1olas de la situaci\u00f3n en las escuelas de los hijos de inmigrantes extranjeros desde la perspectiva de la Antropolog\u00eda Social<\/em><\/li>\n<li>Referencia: PB91-0740-C03-01<\/li>\n<li>Entidad financiadora: Direcci\u00f3n General de Investigaci\u00f3n Cient\u00edfica y T\u00e9cnica del Ministerio de Educaci\u00f3n y Ciencia<\/li>\n<li>Financiaci\u00f3n: Tres Millones (3.000.000.-) de Pesetas<\/li>\n<li>Fecha de inicio\/fin: 1992\/93<\/li>\n<li>Convocatoria\/resoluci\u00f3n: 4.X.91 (BOE, 19.X.91)\/ 3.VII.92<\/li>\n<\/ul>\n<p>1992<\/p>\n<ul>\n<li>T\u00edtulo: <em>Estudio sociol\u00f3gico comparado entre varias ciudades del Estado Espa\u00f1ol sobre ni\u00f1os inmigrantes y su situaci\u00f3n escolar<\/em><\/li>\n<li>Entidad financiadora: Direcci\u00f3n General del Instituto Espa\u00f1ol de Emigraci\u00f3n del Ministerio de Trabajo y Seguridad Social<\/li>\n<li>Financiaci\u00f3n: Setecientas Cincuenta Mil (750.000.-) Pesetas<\/li>\n<li>Fecha de inicio\/fin: 1992<\/li>\n<li>Convocatoria\/resoluci\u00f3n: 23.I.91 (B.O.E., 12.II.91)\/ 23.V.91<\/li>\n<\/ul>\n","protected":false},"excerpt":{"rendered":"<p>&nbsp; 2023 Proyecto: Migraciones y construcci\u00f3n de la diferencia: Etnograf\u00edas escolares para entender la desproporcionada presencia de poblaci\u00f3n extranjera en la Educaci\u00f3n Especial en Espa\u00f1a (MigraNEE) Referencia: PID2022-140784OB-I00 Entidad financiada: Agencia Estatal de Investigaci\u00f3n (MCIN\/AEI\/10.13039\/501100011033) Financiaci\u00f3n: Ochenta y Seis Mil Seiscientos Veinticinco (86.625,00) Euros Fecha comienzo\/fin: 01\/09\/23 al 30\/08\/26 2022 Proyecto: El dios de los [&hellip;]<\/p>\n","protected":false},"author":20,"featured_media":0,"parent":0,"menu_order":0,"comment_status":"closed","ping_status":"closed","template":"","meta":{"_genesis_hide_title":false,"_genesis_hide_breadcrumbs":false,"_genesis_hide_singular_image":false,"_genesis_hide_footer_widgets":false,"_genesis_custom_body_class":"","_genesis_custom_post_class":"","_genesis_layout":"","footnotes":""},"categories":[],"tags":[],"class_list":{"0":"post-136","1":"page","2":"type-page","3":"status-publish","5":"entry"},"_links":{"self":[{"href":"https:\/\/blogs.ugr.es\/javiergarcia\/wp-json\/wp\/v2\/pages\/136","targetHints":{"allow":["GET"]}}],"collection":[{"href":"https:\/\/blogs.ugr.es\/javiergarcia\/wp-json\/wp\/v2\/pages"}],"about":[{"href":"https:\/\/blogs.ugr.es\/javiergarcia\/wp-json\/wp\/v2\/types\/page"}],"author":[{"embeddable":true,"href":"https:\/\/blogs.ugr.es\/javiergarcia\/wp-json\/wp\/v2\/users\/20"}],"replies":[{"embeddable":true,"href":"https:\/\/blogs.ugr.es\/javiergarcia\/wp-json\/wp\/v2\/comments?post=136"}],"version-history":[{"count":3,"href":"https:\/\/blogs.ugr.es\/javiergarcia\/wp-json\/wp\/v2\/pages\/136\/revisions"}],"predecessor-version":[{"id":485,"href":"https:\/\/blogs.ugr.es\/javiergarcia\/wp-json\/wp\/v2\/pages\/136\/revisions\/485"}],"wp:attachment":[{"href":"https:\/\/blogs.ugr.es\/javiergarcia\/wp-json\/wp\/v2\/media?parent=136"}],"wp:term":[{"taxonomy":"category","embeddable":true,"href":"https:\/\/blogs.ugr.es\/javiergarcia\/wp-json\/wp\/v2\/categories?post=136"},{"taxonomy":"post_tag","embeddable":true,"href":"https:\/\/blogs.ugr.es\/javiergarcia\/wp-json\/wp\/v2\/tags?post=136"}],"curies":[{"name":"wp","href":"https:\/\/api.w.org\/{rel}","templated":true}]}}