{"id":140,"date":"2018-01-26T11:20:48","date_gmt":"2018-01-26T10:20:48","guid":{"rendered":"https:\/\/blogs.ugr.es\/javiergarcia\/?page_id=140"},"modified":"2025-02-03T23:07:20","modified_gmt":"2025-02-03T22:07:20","slug":"monografias-y-libros-editados","status":"publish","type":"page","link":"https:\/\/blogs.ugr.es\/javiergarcia\/monografias-y-libros-editados\/","title":{"rendered":"Monograf\u00edas y libros editados"},"content":{"rendered":"<p>&nbsp;<\/p>\n<ul>\n<li>Garc\u00eda Casta\u00f1o, F. J. (Ed.). (2024). <i>Pluralizaci\u00f3n religiosa en el cine de migraciones<\/i>. Tirant Humanidades.<\/li>\n<li>Olmos Alcaraz, A., Mart\u00ednez Chic\u00f3n, R., Rubio G\u00f3mez, M., &amp; Garc\u00eda Casta\u00f1o, F. J. (Eds.). (2023). <i>Cine y migraciones<\/i>. Bellaterra.<\/li>\n<li>Garc\u00eda Casta\u00f1o, F. J., &amp; Kressova, N. (Eds.). (2013). <em>Diversidad cultural y migraciones<\/em>. Granada: Comares.<\/li>\n<li>Garc\u00eda Casta\u00f1o, F. J., &amp; Olmos Alcaraz, A. (Eds.). (2012). <em>Segregaciones y construcci\u00f3n de la diferencia en la escuela<\/em>. Madrid: Trotta.<\/li>\n<li>Monereo P\u00e9rez, J. L., Garc\u00eda Casta\u00f1o, F. J., &amp; Fern\u00e1ndez Avil\u00e9s, J. A. (Eds.). (2012). <em>La inmigraci\u00f3n en Andaluc\u00eda. Instituciones, aspectos jur\u00eddicos-sociales y culturales<\/em>. Granada: Comares.<\/li>\n<li>Garc\u00eda Casta\u00f1o, F. J., &amp; Kressova, N. (Eds.). (2011). <em>Actas del I Congreso Internacional sobre las Migraciones en Andaluc\u00eda<\/em>. Granada: Instituto de Migraciones. Recuperado a partir de <a href=\"http:\/\/hdl.handle.net\/10481\/29840\">http:\/\/hdl.handle.net\/10481\/29840<\/a><\/li>\n<li>Garc\u00eda Casta\u00f1o, F. J., &amp; Carrasco Pons, S. (Eds.). (2011). <em>Poblaci\u00f3n inmigrante y escuela: conocimientos y saberes de la investigaci\u00f3n<\/em>. Madrid: Ministerio de Educaci\u00f3n, Cultura y Deporte.<\/li>\n<li>Garc\u00eda Casta\u00f1o, F. J., &amp; M\u00e1rquez Lepe, E. (2003). <em>Gu\u00eda de recursos para la atenci\u00f3n a la poblaci\u00f3n inmigrante extranjera en Huelva<\/em>. Granada: Laboratorio de Estudios Interculturales. Recuperado a partir de <a href=\"http:\/\/hdl.handle.net\/10481\/34472\">http:\/\/hdl.handle.net\/10481\/34472<\/a><\/li>\n<li>Mart\u00edn Mu\u00f1oz, G., Garc\u00eda Casta\u00f1o, F. J., L\u00f3pez Sala, A., &amp; Crespo Ubero, R. (2003). <em>Marroqu\u00edes en Espa\u00f1a. Estudio sobre su integraci\u00f3n<\/em>. Madrid: Fundaci\u00f3n Repsol-YPF.<\/li>\n<li>Garc\u00eda Casta\u00f1o, F. J., Granados Mart\u00ednez, A., Garc\u00eda-Cano Torrico, M., &amp; Ru\u00edz Peralta, E. (2000). <em>Interculturalidad y educaci\u00f3n en la d\u00e9cada de los noventa: un an\u00e1lisis cr\u00edtico<\/em>. Granada: Consejer\u00eda de Educaci\u00f3n y Ciencia de la Junta de Andaluc\u00eda. Recuperado a partir de <a href=\"http:\/\/hdl.handle.net\/10481\/34408\">http:\/\/hdl.handle.net\/10481\/34408<\/a><\/li>\n<li>Garc\u00eda Casta\u00f1o, F. J., &amp; Fern\u00e1ndez Medina, M. (2000). <em>Gu\u00eda de recursos para la atenci\u00f3n a la poblaci\u00f3n inmigrante extranjera no comunitaria en la ciudad de Granada<\/em>. Granada: Instituto Municipal para la Formaci\u00f3n y el Empleo del Ayuntamiento de Granada. Recuperado a partir de <a href=\"http:\/\/hdl.handle.net\/10481\/34401\">http:\/\/hdl.handle.net\/10481\/34401<\/a><\/li>\n<li>Garc\u00eda Casta\u00f1o, F. J. (Ed.). (2000). <em>Fiesta, tradici\u00f3n y cambio<\/em> (Proyecto S). Granada: Proyecto Sur de Ediciones, S.L.<\/li>\n<li>Garc\u00eda Casta\u00f1o, F. J., &amp; Granados Mart\u00ednez, A. (Eds.). (1999). <em>Lecturas para educaci\u00f3n intercultural<\/em>. Madrid: Trotta.<\/li>\n<li>Garc\u00eda Casta\u00f1o, F. J., &amp; Granados Mart\u00ednez, A. (Eds.). (1997). <em>Educaci\u00f3n: \u00bfIntegraci\u00f3n o exclusi\u00f3n de la diversidad cultural?<\/em> Granada: Laboratorio de Estudios Interculturales.<\/li>\n<li>Labraga Gij\u00f3n, O., &amp; Garc\u00eda Casta\u00f1o, F. J. (1997). <em>Historias de migraciones. An\u00e1lisis de los discursos de emigrantes granadinos retornados de Europa<\/em>. Granada: Laboratorio de Estudios Interculturales.<\/li>\n<li>Garc\u00eda Casta\u00f1o, F. J., &amp; Pulido Moyano, R. \u00c1. (1994). <em>Antropolog\u00eda de la educaci\u00f3n. El estudio de la transmisi\u00f3n-adquisici\u00f3n de cultura<\/em>. Madrid: EUDEMA. Recuperado a partir de\u00a0<a href=\"http:\/\/hdl.handle.net\/10481\/34442\">http:\/\/hdl.handle.net\/10481\/34442<\/a><\/li>\n<li>Velasco Maillo, H. M., Garc\u00eda Casta\u00f1o, F. J., &amp; D\u00edaz de la Rada, \u00c1. (Eds.). (1993). <em>Lecturas de antropolog\u00eda para educadores. El \u00e1mbito de la antropolog\u00eda de la educaci\u00f3n y de la etnograf\u00eda escolar<\/em>. Madrid: Trotta.<\/li>\n<\/ul>\n","protected":false},"excerpt":{"rendered":"<p>&nbsp; Garc\u00eda Casta\u00f1o, F. J. (Ed.). (2024). Pluralizaci\u00f3n religiosa en el cine de migraciones. Tirant Humanidades. Olmos Alcaraz, A., Mart\u00ednez Chic\u00f3n, R., Rubio G\u00f3mez, M., &amp; Garc\u00eda Casta\u00f1o, F. J. (Eds.). (2023). Cine y migraciones. Bellaterra. Garc\u00eda Casta\u00f1o, F. J., &amp; Kressova, N. (Eds.). (2013). Diversidad cultural y migraciones. Granada: Comares. Garc\u00eda Casta\u00f1o, F. J., [&hellip;]<\/p>\n","protected":false},"author":20,"featured_media":0,"parent":0,"menu_order":0,"comment_status":"closed","ping_status":"closed","template":"","meta":{"_genesis_hide_title":false,"_genesis_hide_breadcrumbs":false,"_genesis_hide_singular_image":false,"_genesis_hide_footer_widgets":false,"_genesis_custom_body_class":"","_genesis_custom_post_class":"","_genesis_layout":"","footnotes":""},"categories":[51,48],"tags":[],"class_list":{"0":"post-140","1":"page","2":"type-page","3":"status-publish","5":"category-libros","6":"category-publicaciones","7":"entry"},"_links":{"self":[{"href":"https:\/\/blogs.ugr.es\/javiergarcia\/wp-json\/wp\/v2\/pages\/140","targetHints":{"allow":["GET"]}}],"collection":[{"href":"https:\/\/blogs.ugr.es\/javiergarcia\/wp-json\/wp\/v2\/pages"}],"about":[{"href":"https:\/\/blogs.ugr.es\/javiergarcia\/wp-json\/wp\/v2\/types\/page"}],"author":[{"embeddable":true,"href":"https:\/\/blogs.ugr.es\/javiergarcia\/wp-json\/wp\/v2\/users\/20"}],"replies":[{"embeddable":true,"href":"https:\/\/blogs.ugr.es\/javiergarcia\/wp-json\/wp\/v2\/comments?post=140"}],"version-history":[{"count":3,"href":"https:\/\/blogs.ugr.es\/javiergarcia\/wp-json\/wp\/v2\/pages\/140\/revisions"}],"predecessor-version":[{"id":518,"href":"https:\/\/blogs.ugr.es\/javiergarcia\/wp-json\/wp\/v2\/pages\/140\/revisions\/518"}],"wp:attachment":[{"href":"https:\/\/blogs.ugr.es\/javiergarcia\/wp-json\/wp\/v2\/media?parent=140"}],"wp:term":[{"taxonomy":"category","embeddable":true,"href":"https:\/\/blogs.ugr.es\/javiergarcia\/wp-json\/wp\/v2\/categories?post=140"},{"taxonomy":"post_tag","embeddable":true,"href":"https:\/\/blogs.ugr.es\/javiergarcia\/wp-json\/wp\/v2\/tags?post=140"}],"curies":[{"name":"wp","href":"https:\/\/api.w.org\/{rel}","templated":true}]}}