{"id":148,"date":"2018-01-26T11:23:07","date_gmt":"2018-01-26T10:23:07","guid":{"rendered":"https:\/\/blogs.ugr.es\/javiergarcia\/?page_id=148"},"modified":"2024-02-08T13:37:50","modified_gmt":"2024-02-08T12:37:50","slug":"publicaciones","status":"publish","type":"page","link":"https:\/\/blogs.ugr.es\/javiergarcia\/publicaciones\/","title":{"rendered":"Publicaciones"},"content":{"rendered":"<p><span style=\"color: #cc2c30\"><a style=\"color: #cc2c30\" href=\"https:\/\/blogs.ugr.es\/javiergarcia\/articulos-de-revistas\/\">Art\u00edculos de revistas<\/a><\/span><\/p>\n<p><span style=\"color: #cc2c30\"><a style=\"color: #cc2c30\" href=\"https:\/\/blogs.ugr.es\/javiergarcia\/monografias-y-libros-editados\/\">Monograf\u00edas y libros editados<\/a><\/span><\/p>\n<p><span style=\"color: #cc2c30\"><a style=\"color: #cc2c30\" href=\"https:\/\/blogs.ugr.es\/javiergarcia\/capitulos-de-libros\/\">Cap\u00edtulos de libros<\/a><\/span><\/p>\n<p><span style=\"color: #cc2c30\"><a style=\"color: #cc2c30\" href=\"https:\/\/blogs.ugr.es\/javiergarcia\/presentaciones-en-reuniones-cientificas\/\">Presentaciones en reuniones cient\u00edficas<\/a><\/span><\/p>\n","protected":false},"excerpt":{"rendered":"<p>Art\u00edculos de revistas Monograf\u00edas y libros editados Cap\u00edtulos de libros Presentaciones en reuniones cient\u00edficas<\/p>\n","protected":false},"author":20,"featured_media":0,"parent":0,"menu_order":0,"comment_status":"closed","ping_status":"closed","template":"","meta":{"_genesis_hide_title":false,"_genesis_hide_breadcrumbs":false,"_genesis_hide_singular_image":false,"_genesis_hide_footer_widgets":false,"_genesis_custom_body_class":"","_genesis_custom_post_class":"","_genesis_layout":"","footnotes":""},"categories":[],"tags":[],"class_list":{"0":"post-148","1":"page","2":"type-page","3":"status-publish","5":"entry"},"_links":{"self":[{"href":"https:\/\/blogs.ugr.es\/javiergarcia\/wp-json\/wp\/v2\/pages\/148","targetHints":{"allow":["GET"]}}],"collection":[{"href":"https:\/\/blogs.ugr.es\/javiergarcia\/wp-json\/wp\/v2\/pages"}],"about":[{"href":"https:\/\/blogs.ugr.es\/javiergarcia\/wp-json\/wp\/v2\/types\/page"}],"author":[{"embeddable":true,"href":"https:\/\/blogs.ugr.es\/javiergarcia\/wp-json\/wp\/v2\/users\/20"}],"replies":[{"embeddable":true,"href":"https:\/\/blogs.ugr.es\/javiergarcia\/wp-json\/wp\/v2\/comments?post=148"}],"version-history":[{"count":3,"href":"https:\/\/blogs.ugr.es\/javiergarcia\/wp-json\/wp\/v2\/pages\/148\/revisions"}],"predecessor-version":[{"id":510,"href":"https:\/\/blogs.ugr.es\/javiergarcia\/wp-json\/wp\/v2\/pages\/148\/revisions\/510"}],"wp:attachment":[{"href":"https:\/\/blogs.ugr.es\/javiergarcia\/wp-json\/wp\/v2\/media?parent=148"}],"wp:term":[{"taxonomy":"category","embeddable":true,"href":"https:\/\/blogs.ugr.es\/javiergarcia\/wp-json\/wp\/v2\/categories?post=148"},{"taxonomy":"post_tag","embeddable":true,"href":"https:\/\/blogs.ugr.es\/javiergarcia\/wp-json\/wp\/v2\/tags?post=148"}],"curies":[{"name":"wp","href":"https:\/\/api.w.org\/{rel}","templated":true}]}}