{"id":166,"date":"2018-01-27T14:05:48","date_gmt":"2018-01-27T13:05:48","guid":{"rendered":"https:\/\/blogs.ugr.es\/javiergarcia\/?page_id=166"},"modified":"2025-02-03T23:45:34","modified_gmt":"2025-02-03T22:45:34","slug":"direccion-de-tesis-2","status":"publish","type":"page","link":"https:\/\/blogs.ugr.es\/javiergarcia\/direccion-de-tesis-2\/","title":{"rendered":"Tesis doctorales"},"content":{"rendered":"<p>&nbsp;<\/p>\n<p>&nbsp;<\/p>\n<ul>\n<li>Jiang, Y. (2024). <em>L<\/em><i>a representaci\u00f3n de personajes chinos en el cine de inmigraci\u00f3n en Espa\u00f1a<\/i>. Universidad de Granada. <a href=\"https:\/\/hdl.handle.net\/10481\/98108\">https:\/\/hdl.handle.net\/10481\/98108<\/a><\/li>\n<li>Castillero Quesada, S. (2023). <i>Impactos y agencias desde la globalizaci\u00f3n alimentaria: una etnograf\u00eda del sector del fruto rojo en la provincia de Huelva<\/i>. Universidad de Granada. <a href=\"https:\/\/hdl.handle.net\/10481\/89755\">https:\/\/hdl.handle.net\/10481\/89755<\/a><\/li>\n<li>Vall\u00e9s Marug\u00e1n, A. (2022). <i>Migraciones senegalesas, procesos de codesarrollo y pr\u00e1cticas de solidaridad aqu\u00ed y all\u00ed<\/i>. Universidad de Granada.\u00a0[En codirecci\u00f3n con Isabel Mar\u00edn S\u00e1nchez] Realizada con contrato FPU\u00a0<a href=\"https:\/\/hdl.handle.net\/10481\/77957\">https:\/\/hdl.handle.net\/10481\/77957<\/a><\/li>\n<li>Bravo Torres, C.C. (2021). Alteridad, escuela y pol\u00edtica. La identificaci\u00f3n de la diversidad cultural en t\u00e9rminos normativos y pol\u00edticos en referencia al terreno escolar. Universidad de Granada. Realizada con contrato FPU\u00a0<a href=\"http:\/\/hdl.handle.net\/10481\/72328\">http:\/\/hdl.handle.net\/10481\/72328<\/a><\/li>\n<li>Rinaldi, P. (2021). Menores Migrantes No Acompa\u00f1ados en Espa\u00f1a e Italia: la aplicaci\u00f3n del principio del Inter\u00e9s Superior del Ni\u00f1o. Universidad de Granada. [En codirecci\u00f3n con Francisco Javier Dur\u00e1n Ruiz] <a href=\"https:\/\/digibug.ugr.es\/handle\/10481\/71415\">https:\/\/digibug.ugr.es\/handle\/10481\/71415<\/a><\/li>\n<li>Cama, M. (2021). <i>Lenguas en situaci\u00f3n de contacto: una mirada transescalar a los usos ling\u00fc\u00edsticos de los inmigrantes filipinos de Mesina<\/i>. Universidad de Granada. [En codirecci\u00f3n con Mar\u00eda Rubio G\u00f3mez] <a href=\"https:\/\/digibug.ugr.es\/handle\/10481\/68577\">https:\/\/digibug.ugr.es\/handle\/10481\/68577<\/a><\/li>\n<li>Cama, A. (2021). <i>Alumnado de Nacionalidad Extranjera y \u201cNecesidades Educativas Especiales\u201d en la Escuela Italiana<\/i>. Universidad de Granada. <a href=\"https:\/\/digibug.ugr.es\/handle\/10481\/68558\">https:\/\/digibug.ugr.es\/handle\/10481\/68558<\/a><\/li>\n<li>Ortega Torres, J. (2019). <em>De menor migrante a joven extutelado\/a: los retos en el proceso de transici\u00f3n hacia la mayor\u00eda de edad. El caso de la Comunidad Aut\u00f3noma de Andaluc\u00eda.<\/em> Universidad de Granada. <a href=\"http:\/\/hdl.handle.net\/10481\/56015\">http:\/\/hdl.handle.net\/10481\/56015<\/a><\/li>\n<li>Chovancova, L. (2018). <em>Literatura, lectura y diversidad.\u00a0<\/em>Universidad de Granada. [En codireci\u00f3n con Juan Mata Anaya]. Realizada con contrato FPU. Premio mejor tesis doctoral en Ciencias Sociales de la Universidad de Granada.\u00a0<a href=\"http:\/\/hdl.handle.net\/10481\/54072\">http:\/\/hdl.handle.net\/10481\/54072<\/a><\/li>\n<li>Castilla Segura, J. (2017). <em>Las ATAL: Una experiencia andaluza de incorporaci\u00f3n del \u201calumnado inmigrante\u201d considerado de \u201corigen extranjero\u201d.<\/em> Universidad de Granada. <a href=\"http:\/\/hdl.handle.net\/10481\/51870\">http:\/\/hdl.handle.net\/10481\/51870<\/a><\/li>\n<li>Habjab Boudiaf, H. (2017). <em>Las nuevas generaciones de personas menores migrantes<\/em>. Universidad de Granada.\u00a0<a href=\"http:\/\/repositoriotesismigraciones.ugr.es\/static\/IMManager\/*\/download\/tesis\/10755\">http:\/\/repositoriotesismigraciones.ugr.es\/static\/IMManager\/*\/download\/tesis\/10755<\/a><\/li>\n<li>Montes Mart\u00ednez, A. (2017). <em>Minor\u00edas religiosas en Cantabria. Cultura, religi\u00f3n y exclusi\u00f3n social<\/em>. Universidad de Granada. [En codirecci\u00f3n con \u00c1ngel Montes del Castillo].\u00a0<a href=\"http:\/\/repositoriotesismigraciones.ugr.es\/static\/IMManager\/*\/download\/tesis\/10755\">http:\/\/repositoriotesismigraciones.ugr.es\/static\/IMManager\/*\/download\/tesis\/10755<\/a><\/li>\n<li>Fern\u00e1ndez Echeverr\u00eda, J. (2016). <em>Estudio comparado de las legislaciones sobre escolarizaci\u00f3n de poblaci\u00f3n inmigrante extranjera en el estado espa\u00f1ol<\/em>. Universidad de Granada. [En codirecci\u00f3n con Jos\u00e9 Antonio Fern\u00e1ndez Avil\u00e9s]. Realizada con beca pre-doctoral homologada a FPU.\u00a0<a href=\"https:\/\/dialnet.unirioja.es\/servlet\/tesis?codigo=55881\">https:\/\/dialnet.unirioja.es\/servlet\/tesis?codigo=55881<\/a><\/li>\n<li>Campos Mart\u00ednez, J. A. (2015). <em>El uso de las TIC, dispositivos m\u00f3viles y redes sociales en un aula de la educaci\u00f3n secundaria obligatoria<\/em>. Universidad de Granada.\u00a0<a href=\"https:\/\/hera.ugr.es\/tesisugr\/25642005.pdf\">https:\/\/hera.ugr.es\/tesisugr\/25642005.pdf<\/a><\/li>\n<li>Contini, P. (2015). <em>Culturas de convivialidad y s\u00faper-diversidad<\/em>. Universidad de Granada. [En codirecci\u00f3n con Antonio Olmos Alcaraz].\u00a0<a href=\"https:\/\/hera.ugr.es\/tesisugr\/26080047.pdf\">https:\/\/hera.ugr.es\/tesisugr\/26080047.pdf<\/a><\/li>\n<li>Garc\u00eda Espinel, T. (2015). <em>Impacto pol\u00edtico de la investigaci\u00f3n europea sobre el pueblo gitano: El caso del plan integral del pueblo gitano de Catalu\u00f1a<\/em>. Universidad de Granada. [En codirecci\u00f3n con Ram\u00f3n Flecha Garc\u00eda].\u00a0<a href=\"https:\/\/hera.ugr.es\/tesisugr\/26081982.pdf\">https:\/\/hera.ugr.es\/tesisugr\/26081982.pdf<\/a><\/li>\n<li>L\u00f3pez L\u00f3pez, J. de D. (2015). <em>La cultura sacralizada. Estudios sobre patrimonio y turismo en la provincia de Granada<\/em>. [En codirecci\u00f3n con Gunther Dietz].\u00a0<a href=\"https:\/\/dialnet.unirioja.es\/servlet\/tesis?codigo=55878\">https:\/\/dialnet.unirioja.es\/servlet\/tesis?codigo=55878<\/a><\/li>\n<li>L\u00f3pez Suarez, C. (2015). <em>Discursos de la comunidad educativa sobre el \u201cexito\u201d y \u201cfracaso\u201d escolar. El caso de un centro educativo con presencia de poblaci\u00f3n de nacionalidad extranjera<\/em>. Universidad de Granada.<\/li>\n<li>Rebolledo Kloques, O. B. (2015). <em>Extranjeros, nacionalismo y pol\u00edtica migratoria en el M\u00e9xico independiente, 1821-2000<\/em>. Universidad de Granada. [En codirecci\u00f3n con Gunther Dietz].\u00a0<a href=\"https:\/\/dialnet.unirioja.es\/servlet\/tesis?codigo=55880\">https:\/\/dialnet.unirioja.es\/servlet\/tesis?codigo=55880<\/a><\/li>\n<li>Calabresi, G. (2014). <em>Educaci\u00f3n, etnicidad y religiosidad raizal en el Archipi\u00e9lago de San Andr\u00e9s, Providencia y Santa Catalina, Colombia<\/em>. Universidad de Granada. Realizada con beca FPU.\u00a0<a href=\"https:\/\/dialnet.unirioja.es\/servlet\/tesis?codigo=58559\">https:\/\/dialnet.unirioja.es\/servlet\/tesis?codigo=58559<\/a><\/li>\n<li>Gij\u00f3n S\u00e1nchez, M. T. (2014). <em>El espejismo de lo sociocultural en salud: discursos socio-profesionales sobre el encuentro asistencial con poblaciones inmigrantes desde el modelo de atenci\u00f3n primaria al sur de Europa<\/em>. Universidad de Granada. [En codirecci\u00f3n con Nuria Romo Avil\u00e9s]. Realizada con beca FPU.\u00a0<a href=\"https:\/\/dialnet.unirioja.es\/servlet\/tesis?codigo=47055\">https:\/\/dialnet.unirioja.es\/servlet\/tesis?codigo=47055<\/a><\/li>\n<li>Ng Teajan Ortega, M. D. J. (2013). <em>Del rancho a la colonia. Construcci\u00f3n de las identidades en el proceso de urbanizaci\u00f3n de una colonia popular en Xalapa, M\u00e9xico<\/em>. Universidad de Granada.\u00a0<a href=\"https:\/\/dialnet.unirioja.es\/servlet\/tesis?codigo=58797\">https:\/\/dialnet.unirioja.es\/servlet\/tesis?codigo=58797<\/a><\/li>\n<li>Rubio G\u00f3mez, M. (2013). <em>Construyendo diferencias desde las ret\u00f3ricas de la igualdad: el caso del alumnado denominado latinoamericano en la etapa de educaci\u00f3n secundaria obligatoria<\/em>. Universidad de Granada. [En codirecci\u00f3n con Antonia Olmos Alcaraz]. Realizada con beca FPU. Premio mejor tesis doctoral en Ciencias Sociales de la Universidad de Granada\u00a0<a href=\"http:\/\/repositoriotesismigraciones.ugr.es\/static\/IMManager\/*\/download\/tesis\/10282\">http:\/\/repositoriotesismigraciones.ugr.es\/static\/IMManager\/*\/download\/tesis\/10282<\/a><\/li>\n<li>Sebastiani, L. (2013). <em>An\u00e1lisis etnogr\u00e1fico de un dispositivo pol\u00edtico transescalar: el marco de la Uni\u00f3n Europea para la Integraci\u00f3n de Nacionales de Terceros Pa\u00edses<\/em>. Universidad de Granada. [En codirecci\u00f3n con Aurora \u00c1lvarez Veinguer] Realizada con beca pre-doctoral homologada a FPU.\u00a0<a href=\"http:\/\/repositoriotesismigraciones.ugr.es\/static\/IMManager\/*\/download\/tesis\/10229\">http:\/\/repositoriotesismigraciones.ugr.es\/static\/IMManager\/*\/download\/tesis\/10229<\/a><\/li>\n<li>Jim\u00e9nez Sedano, M. L. (2011). <em>Los ni\u00f1os y ni\u00f1as como creadores de estilos locales de etnicidad. Una etnograf\u00eda basada en la comparaci\u00f3n de dos contextos<\/em>. Universidad Nacional de Educaci\u00f3n a Distancia. [En codirecci\u00f3n con \u00c1ngel D\u00edaz de Rada]<\/li>\n<li>Malag\u00f3n Pareja, J. (2010). <em>Migraciones en Larache: un an\u00e1lisis etnogr\u00e1fico de los contextos de origen<\/em>. Universidad de Granada.\u00a0<a href=\"http:\/\/tesisenred.net\/handle\/10803\/18698\">http:\/\/tesisenred.net\/handle\/10803\/18698<\/a><\/li>\n<li>Moraes Mena, N. (2010). <em>Transnacionalismo pol\u00edtico y naci\u00f3n: el papel del Estado y la sociedad civil migrante en la construcci\u00f3n de la trans-naci\u00f3n uruguaya<\/em>. Universidad de Granada. Realizada con beca FPU.\u00a0<a href=\"https:\/\/dialnet.unirioja.es\/servlet\/tesis?codigo=63548\">https:\/\/dialnet.unirioja.es\/servlet\/tesis?codigo=63548<\/a><\/li>\n<li>Olmos Alcaraz, A. (2009). <em>La poblaci\u00f3n inmigrante extranjera y la construcci\u00f3n de la diferencia. Discursos de alteridad en el sistema educativo andaluz<\/em>. Universidad de Granada. Realizada con beca FPU.\u00a0<a href=\"http:\/\/0-hera.ugr.es.adrastea.ugr.es\/tesisugr\/18323856.pdf\">http:\/\/0-hera.ugr.es.adrastea.ugr.es\/tesisugr\/18323856.pdf<\/a><\/li>\n<li>Manso Casa Nova, M. J. (2008). <em>Familia, etnicidad, trabajo y educaci\u00f3n. Estudio etnogr\u00e1fico en torno de los modos de vida de una comunidad gitana del norte de Portugal<\/em>. Universidad de Granada. [En codirecci\u00f3n con Slvia Carrasco Pons].\u00a0<a href=\"https:\/\/hera.ugr.es\/tesisugr\/17568808.pdf\">https:\/\/hera.ugr.es\/tesisugr\/17568808.pdf<\/a><\/li>\n<li>M\u00e1rquez Lepe, E. (2006). <em>La gesti\u00f3n pol\u00edtica de la diversidad cultural en Espa\u00f1a. An\u00e1lisis de los discursos parlamentarios sobre inmigraci\u00f3n<\/em>. Universidad de Granada.\u00a0<a href=\"http:\/\/repositoriotesismigraciones.ugr.es\/static\/IMManager\/*\/download\/tesis\/10565\">http:\/\/repositoriotesismigraciones.ugr.es\/static\/IMManager\/*\/download\/tesis\/10565<\/a><\/li>\n<li>Ortiz Cobo, M. (2005). <em>Alumnado extranjero en el sistema educativo andaluz. Racialismo en el discurso y pr\u00e1ctica escolar<\/em>. Universidad de Granada. Realizada con beca FPU.\u00a0<a href=\"http:\/\/repositoriotesismigraciones.ugr.es\/static\/IMManager\/*\/download\/tesis\/10213\">http:\/\/repositoriotesismigraciones.ugr.es\/static\/IMManager\/*\/download\/tesis\/10213<\/a><\/li>\n<li>Capell\u00e1n de Toro, L. (2003). <em>La escolarizaci\u00f3n de poblaci\u00f3n extranjera en Andaluc\u00eda. Evoluci\u00f3n cuantitativa del fen\u00f3meno y reflexiones para el dise\u00f1o de pol\u00edticas educativas de atenci\u00f3n a la diversidad cultural<\/em>. Universidad de Granada.\u00a0<a href=\"http:\/\/repositoriotesismigraciones.ugr.es\/static\/IMManager\/*\/download\/tesis\/10558\">http:\/\/repositoriotesismigraciones.ugr.es\/static\/IMManager\/*\/download\/tesis\/10558<\/a><\/li>\n<li>Mart\u00ednez Chic\u00f3n, R. (2003). <em>Inmigraci\u00f3n extranjera y trabajo. Temporeros extranjeros en la recogida de la aceituna en Ja\u00e9n<\/em>. Universidad de Granada. Realizada con beca pre-doctoral homologada a FPU.\u00a0<a href=\"http:\/\/repositoriotesismigraciones.ugr.es\/static\/IMManager\/*\/download\/tesis\/10479\">http:\/\/repositoriotesismigraciones.ugr.es\/static\/IMManager\/*\/download\/tesis\/10479<\/a><\/li>\n<li>Garc\u00eda-Cano Torrico, M. (2001). <em>Formaci\u00f3n para el trabajo en contextos de inmigraci\u00f3n. Un an\u00e1lisis antropol\u00f3gico sobre la construcci\u00f3n de la diferencia en el \u00e1mbito de la educaci\u00f3n no formal<\/em>. Universidad de Granada. Realizada con beca FPU.\u00a0<a href=\"http:\/\/repositoriotesismigraciones.ugr.es\/static\/IMManager\/*\/download\/tesis\/10446\">http:\/\/repositoriotesismigraciones.ugr.es\/static\/IMManager\/*\/download\/tesis\/10446<\/a><\/li>\n<li>Lozano Bello, A. (1997). <em>Escolarizaci\u00f3n del alumnado gitano: dise\u00f1o y alternativas de un programa de intervenci\u00f3n educativa con poblaci\u00f3n infantil gitana.<\/em> Universidad de Granada.<\/li>\n<li>Pulido Moyano, R. \u00c1. (1996). <em>Los extranjeros en la mente de los ni\u00f1os. Discurso y contexto en la construcci\u00f3n infantil de la alteridad<\/em>. Universidad de Granada.\u00a0<a href=\"https:\/\/dialnet.unirioja.es\/servlet\/tesis?codigo=126457\">https:\/\/dialnet.unirioja.es\/servlet\/tesis?codigo=126457<\/a><\/li>\n<\/ul>\n","protected":false},"excerpt":{"rendered":"<p>&nbsp; &nbsp; Jiang, Y. (2024). La representaci\u00f3n de personajes chinos en el cine de inmigraci\u00f3n en Espa\u00f1a. Universidad de Granada. https:\/\/hdl.handle.net\/10481\/98108 Castillero Quesada, S. (2023). Impactos y agencias desde la globalizaci\u00f3n alimentaria: una etnograf\u00eda del sector del fruto rojo en la provincia de Huelva. Universidad de Granada. https:\/\/hdl.handle.net\/10481\/89755 Vall\u00e9s Marug\u00e1n, A. (2022). Migraciones senegalesas, procesos [&hellip;]<\/p>\n","protected":false},"author":20,"featured_media":0,"parent":0,"menu_order":0,"comment_status":"closed","ping_status":"closed","template":"","meta":{"_genesis_hide_title":false,"_genesis_hide_breadcrumbs":false,"_genesis_hide_singular_image":false,"_genesis_hide_footer_widgets":false,"_genesis_custom_body_class":"","_genesis_custom_post_class":"","_genesis_layout":"","footnotes":""},"categories":[30,36,52],"tags":[],"class_list":{"0":"post-166","1":"page","2":"type-page","3":"status-publish","5":"category-doctorado","6":"category-programa-de-doctorado-en-estudios-migratorios","7":"category-tesis-doctoral","8":"entry"},"_links":{"self":[{"href":"https:\/\/blogs.ugr.es\/javiergarcia\/wp-json\/wp\/v2\/pages\/166","targetHints":{"allow":["GET"]}}],"collection":[{"href":"https:\/\/blogs.ugr.es\/javiergarcia\/wp-json\/wp\/v2\/pages"}],"about":[{"href":"https:\/\/blogs.ugr.es\/javiergarcia\/wp-json\/wp\/v2\/types\/page"}],"author":[{"embeddable":true,"href":"https:\/\/blogs.ugr.es\/javiergarcia\/wp-json\/wp\/v2\/users\/20"}],"replies":[{"embeddable":true,"href":"https:\/\/blogs.ugr.es\/javiergarcia\/wp-json\/wp\/v2\/comments?post=166"}],"version-history":[{"count":3,"href":"https:\/\/blogs.ugr.es\/javiergarcia\/wp-json\/wp\/v2\/pages\/166\/revisions"}],"predecessor-version":[{"id":521,"href":"https:\/\/blogs.ugr.es\/javiergarcia\/wp-json\/wp\/v2\/pages\/166\/revisions\/521"}],"wp:attachment":[{"href":"https:\/\/blogs.ugr.es\/javiergarcia\/wp-json\/wp\/v2\/media?parent=166"}],"wp:term":[{"taxonomy":"category","embeddable":true,"href":"https:\/\/blogs.ugr.es\/javiergarcia\/wp-json\/wp\/v2\/categories?post=166"},{"taxonomy":"post_tag","embeddable":true,"href":"https:\/\/blogs.ugr.es\/javiergarcia\/wp-json\/wp\/v2\/tags?post=166"}],"curies":[{"name":"wp","href":"https:\/\/api.w.org\/{rel}","templated":true}]}}