{"id":168,"date":"2018-01-27T14:06:10","date_gmt":"2018-01-27T13:06:10","guid":{"rendered":"https:\/\/blogs.ugr.es\/javiergarcia\/?page_id=168"},"modified":"2018-02-24T22:45:37","modified_gmt":"2018-02-24T21:45:37","slug":"trabajos-fin-de-master","status":"publish","type":"page","link":"https:\/\/blogs.ugr.es\/javiergarcia\/trabajos-fin-de-master\/","title":{"rendered":"Trabajos Fin de M\u00e1ster"},"content":{"rendered":"<p>&nbsp;<\/p>\n<ul>\n<li style=\"margin: 0cm 0cm 6.0pt 0cm\">Annicelli, F. (2012). <i>La ense\u00f1anza de la lengua \u00e1rabe en los centros de educaci\u00f3n secundaria de Andaluc\u00eda: origen, implantaci\u00f3n y an\u00e1lisis de resultados<\/i> (Trabajo Fin de M\u00e1ster. M\u00e1ster Universitario en Profesorado de Ense\u00f1anza Secundaria Obligatoria y Bachillerato, Formaci\u00f3n Profesional y Ense\u00f1anzas de Idiomas). Universidad de Granada, Granada. [dirigido en colaboraci\u00f3n con Jos\u00e9 Castilla Segura y Lorenzo Capell\u00e1n de Toro]<\/li>\n<li style=\"margin: 0cm 0cm 6.0pt 0cm\">Morote Morcillo, P. (2012). <i>Implantaci\u00f3n de la lengua \u00e1rabe en los centros de educaci\u00f3n secundaria obligatoria en Andaluc\u00eda: una propuesta pol\u00e9mica<\/i> (Trabajo Fin de M\u00e1ster. M\u00e1ster Universitario en Profesorado de Ense\u00f1anza Secundaria Obligatoria y Bachillerato, Formaci\u00f3n Profesional y Ense\u00f1anzas de Idiomas). Universidad de Granada, Granada. [dirigido en colaboraci\u00f3n con Jos\u00e9 Castilla Segura y Lorenzo Capell\u00e1n de Toro]<\/li>\n<li style=\"margin: 0cm 0cm 6.0pt 0cm\">Ruiz Guasch, L. (2013). <i>Diversity in english textbooks in the secondary system<\/i> (Trabajo Fin de M\u00e1ster. M\u00e1ster Universitario en Profesorado de Ense\u00f1anza Secundaria Obligatoria y Bachillerato, Formaci\u00f3n Profesional y Ense\u00f1anzas de Idiomas). Universidad de Granada, Granada. [dirigido en colaboraci\u00f3n con Jos\u00e9 Castilla Segura y Lorenzo Capell\u00e1n de Toro]<\/li>\n<li style=\"margin: 0cm 0cm 6.0pt 0cm\">Almansa Meg\u00edas, M. T. (2010). <i>Construcci\u00f3n de la diferencia y tratamiento de la otredad en libros de texto de educaci\u00f3n secundaria obligatoria<\/i> (Trabajo Fin de M\u00e1ster. M\u00e1ster Universitario en Profesorado de Ense\u00f1anza Secundaria Obligatoria y Bachillerato, Formaci\u00f3n Profesional y Ense\u00f1anzas de Idiomas). Universidad de Granada, Granada. [dirigido en colaboraci\u00f3n con Jos\u00e9 Castilla Segura y Lorenzo Capell\u00e1n de Toro]<\/li>\n<li style=\"margin: 0cm 0cm 6.0pt 0cm\">Archilla Gallegos, O. (2010). <i>An\u00e1lisis cr\u00edtico de la diversidad en libros de texto de educaci\u00f3n secundaria obligatoria<\/i> (Trabajo Fin de M\u00e1ster. M\u00e1ster Universitario en Profesorado de Ense\u00f1anza Secundaria Obligatoria y Bachillerato, Formaci\u00f3n Profesional y Ense\u00f1anzas de Idiomas). Universidad de Granada, Granada. [dirigido en colaboraci\u00f3n con Jos\u00e9 Castilla Segura y Lorenzo Capell\u00e1n de Toro]<\/li>\n<li style=\"margin: 0cm 0cm 6.0pt 0cm\">D\u00edaz Estepa, L. (2010). <i>An\u00e1lisis cr\u00edtico de la diversidad en libros de texto de educaci\u00f3n secundaria obligatoria<\/i> (Trabajo Fin de M\u00e1ster. M\u00e1ster Universitario en Profesorado de Ense\u00f1anza Secundaria Obligatoria y Bachillerato, Formaci\u00f3n Profesional y Ense\u00f1anzas de Idiomas). Universidad de Granada, Granada. [dirigido en colaboraci\u00f3n con Jos\u00e9 Castilla Segura y Lorenzo Capell\u00e1n de Toro]<\/li>\n<li style=\"margin: 0cm 0cm 6.0pt 0cm\">Escudero Uribe, M.-L. (2010). <i>An\u00e1lisis cr\u00edtico de la diversidad en libros de texto de educaci\u00f3n secundaria obligatoria<\/i> (Trabajo Fin de M\u00e1ster. M\u00e1ster Universitario en Profesorado de Ense\u00f1anza Secundaria Obligatoria y Bachillerato, Formaci\u00f3n Profesional y Ense\u00f1anzas de Idiomas). Universidad de Granada, Granada. [dirigido en colaboraci\u00f3n con Jos\u00e9 Castilla Segura y Lorenzo Capell\u00e1n de Toro]<\/li>\n<li style=\"margin: 0cm 0cm 6.0pt 0cm\">Fern\u00e1ndez Ruiz, J. J. (2010). <i>Diversidad cultural y libros de texto<\/i> (Trabajo Fin de M\u00e1ster. M\u00e1ster Universitario en Profesorado de Ense\u00f1anza Secundaria Obligatoria y Bachillerato, Formaci\u00f3n Profesional y Ense\u00f1anzas de Idiomas). Universidad de Granada, Granada. [dirigido en colaboraci\u00f3n con Jos\u00e9 Castilla Segura y Lorenzo Capell\u00e1n de Toro]<\/li>\n<li style=\"margin: 0cm 0cm 6.0pt 0cm\">Jim\u00e9nez Rodr\u00edguez, P. (2010). <i>Diversidad cultural y libros de texto<\/i> (Trabajo Fin de M\u00e1ster. M\u00e1ster Universitario en Profesorado de Ense\u00f1anza Secundaria Obligatoria y Bachillerato, Formaci\u00f3n Profesional y Ense\u00f1anzas de Idiomas). Universidad de Granada, Granada. [dirigido en colaboraci\u00f3n con Jos\u00e9 Castilla Segura y Lorenzo Capell\u00e1n de Toro]<\/li>\n<li style=\"margin: 0cm 0cm 6.0pt 0cm\">Mar\u00e1tovna Kharn\u00e1sova, G. (2010). <i>Propuesta para la pr\u00e1ctica de la interculturalidad en el aula de ingl\u00e9s en la ense\u00f1anza secundaria obligatoria<\/i> (Trabajo Fin de M\u00e1ster. M\u00e1ster Universitario en Profesorado de Ense\u00f1anza Secundaria Obligatoria y Bachillerato, Formaci\u00f3n Profesional y Ense\u00f1anzas de Idiomas). Universidad de Granada, Granada. [dirigido en colaboraci\u00f3n con Jos\u00e9 Castilla Segura y Lorenzo Capell\u00e1n de Toro]<\/li>\n<li style=\"margin: 0cm 0cm 6.0pt 0cm\">Quesada Mart\u00ednez, F. J. (2010). <i>Diversidad cultural en dos libros de texto de educaci\u00f3n secundaria obligatoria<\/i> (Trabajo Fin de M\u00e1ster. M\u00e1ster Universitario en Profesorado de Ense\u00f1anza Secundaria Obligatoria y Bachillerato, Formaci\u00f3n Profesional y Ense\u00f1anzas de Idiomas). Universidad de Granada, Granada. [dirigido en colaboraci\u00f3n con Jos\u00e9 Castilla Segura y Lorenzo Capell\u00e1n de Toro]<\/li>\n<\/ul>\n","protected":false},"excerpt":{"rendered":"<p>&nbsp; Annicelli, F. (2012). La ense\u00f1anza de la lengua \u00e1rabe en los centros de educaci\u00f3n secundaria de Andaluc\u00eda: origen, implantaci\u00f3n y an\u00e1lisis de resultados (Trabajo Fin de M\u00e1ster. M\u00e1ster Universitario en Profesorado de Ense\u00f1anza Secundaria Obligatoria y Bachillerato, Formaci\u00f3n Profesional y Ense\u00f1anzas de Idiomas). Universidad de Granada, Granada. [dirigido en colaboraci\u00f3n con Jos\u00e9 Castilla Segura [&hellip;]<\/p>\n","protected":false},"author":20,"featured_media":0,"parent":0,"menu_order":0,"comment_status":"closed","ping_status":"closed","template":"","meta":{"_genesis_hide_title":false,"_genesis_hide_breadcrumbs":false,"_genesis_hide_singular_image":false,"_genesis_hide_footer_widgets":false,"_genesis_custom_body_class":"","_genesis_custom_post_class":"","_genesis_layout":"","footnotes":""},"categories":[],"tags":[],"class_list":{"0":"post-168","1":"page","2":"type-page","3":"status-publish","5":"entry"},"_links":{"self":[{"href":"https:\/\/blogs.ugr.es\/javiergarcia\/wp-json\/wp\/v2\/pages\/168","targetHints":{"allow":["GET"]}}],"collection":[{"href":"https:\/\/blogs.ugr.es\/javiergarcia\/wp-json\/wp\/v2\/pages"}],"about":[{"href":"https:\/\/blogs.ugr.es\/javiergarcia\/wp-json\/wp\/v2\/types\/page"}],"author":[{"embeddable":true,"href":"https:\/\/blogs.ugr.es\/javiergarcia\/wp-json\/wp\/v2\/users\/20"}],"replies":[{"embeddable":true,"href":"https:\/\/blogs.ugr.es\/javiergarcia\/wp-json\/wp\/v2\/comments?post=168"}],"version-history":[{"count":3,"href":"https:\/\/blogs.ugr.es\/javiergarcia\/wp-json\/wp\/v2\/pages\/168\/revisions"}],"predecessor-version":[{"id":285,"href":"https:\/\/blogs.ugr.es\/javiergarcia\/wp-json\/wp\/v2\/pages\/168\/revisions\/285"}],"wp:attachment":[{"href":"https:\/\/blogs.ugr.es\/javiergarcia\/wp-json\/wp\/v2\/media?parent=168"}],"wp:term":[{"taxonomy":"category","embeddable":true,"href":"https:\/\/blogs.ugr.es\/javiergarcia\/wp-json\/wp\/v2\/categories?post=168"},{"taxonomy":"post_tag","embeddable":true,"href":"https:\/\/blogs.ugr.es\/javiergarcia\/wp-json\/wp\/v2\/tags?post=168"}],"curies":[{"name":"wp","href":"https:\/\/api.w.org\/{rel}","templated":true}]}}