{"id":172,"date":"2018-01-27T14:06:47","date_gmt":"2018-01-27T13:06:47","guid":{"rendered":"https:\/\/blogs.ugr.es\/javiergarcia\/?page_id=172"},"modified":"2021-09-21T03:00:25","modified_gmt":"2021-09-21T01:00:25","slug":"trabajo-fin-de-grado","status":"publish","type":"page","link":"https:\/\/blogs.ugr.es\/javiergarcia\/trabajo-fin-de-grado\/","title":{"rendered":"Trabajos Fin de Grado"},"content":{"rendered":"<p>&nbsp;<\/p>\n<ul>\n<li>Wikberg, E. H. (2021). <i>Ya soy antrop\u00f3loga, \u00bfy ahora qu\u00e9? Experiencias de profesionales ejerciendo la antropolog\u00eda fuera de la universidad<\/i>. Universidad de Granada.<\/li>\n<li>Manzanares Calvo, C. (2020). <i>Sociabilidad a ra\u00edz de la pr\u00e1ctica castellera. Etnograf\u00eda con la colla dels castellers de castelldefels<\/i>. Universidad de Granada.<\/li>\n<li>Zornoza Madrid, M. (2020). <i>El patio del recreo como espacio de convivencia. An\u00e1lisis de las relaciones sociales entre el alumnado<\/i>. Universidad de Granada.<\/li>\n<li>Knorr Laurenti, M. (2019). <i>Procesos identitarios en personas descendientes de matrimonios binacionales<\/i>. Universidad de Granada.<\/li>\n<li>Ruiz S\u00e1nchez, J. A. (2019). <i>Cine de migraciones: tres pel\u00edculas y tres grupos de discusi\u00f3n<\/i>. Universidad de Granada.<\/li>\n<li>G\u00f3mez Diez, S. M. (2017). <i>Solidaridad en las fronteras de Europa<\/i>. Universidad de Granada.<\/li>\n<li>Castillero Quesada, S. (2017). <i>La formaci\u00f3n etnogr\u00e1fica en antropolog\u00eda social. El uso de t\u00e9cnicas etnogr\u00e1ficas y la cuesti\u00f3n central del trabajo de campo. Hacer etnograf\u00eda a partir de las migraciones<\/i>. Universidad de Granada.<\/li>\n<li>Caballero Espinosa, N. (2017). <i>Alteridad, mujeres e islam: una aproximaci\u00f3n al concepto de islamofobia<\/i>. Universidad de Granada.<\/li>\n<li>Sanz Corada, L. (2016). <i>Di\u00e1spora saharaui: voces de una generaci\u00f3n obligada al exilio<\/i>. Universidad de Granada.<\/li>\n<li>Villadelprat Chalmeta, M. (2016). <i>Tontinas en Senegal: estrategias socio-econ\u00f3micas populares. Una aproximaci\u00f3n en clave de g\u00e9nero<\/i>. Universidad de Granada.<\/li>\n<li>Bravo Torres, C. C. (2015). <i>Alteridad en la escuela. Discursos sobre el otro en contextos de diversidad<\/i>. Universidad de Granada.<\/li>\n<li>Lastres Aguilar, N. (2015). <i>La educaci\u00f3n multicultural en la pr\u00e1ctica: comentarios a partir de un dispositivo de atenci\u00f3n a la diversidad en Andaluc\u00eda<\/i>. Universidad de Granada.<\/li>\n<\/ul>\n","protected":false},"excerpt":{"rendered":"<p>&nbsp; Wikberg, E. H. (2021). Ya soy antrop\u00f3loga, \u00bfy ahora qu\u00e9? Experiencias de profesionales ejerciendo la antropolog\u00eda fuera de la universidad. Universidad de Granada. Manzanares Calvo, C. (2020). Sociabilidad a ra\u00edz de la pr\u00e1ctica castellera. Etnograf\u00eda con la colla dels castellers de castelldefels. Universidad de Granada. Zornoza Madrid, M. (2020). El patio del recreo como [&hellip;]<\/p>\n","protected":false},"author":20,"featured_media":0,"parent":0,"menu_order":0,"comment_status":"closed","ping_status":"closed","template":"","meta":{"_genesis_hide_title":false,"_genesis_hide_breadcrumbs":false,"_genesis_hide_singular_image":false,"_genesis_hide_footer_widgets":false,"_genesis_custom_body_class":"","_genesis_custom_post_class":"","_genesis_layout":"","footnotes":""},"categories":[],"tags":[],"class_list":{"0":"post-172","1":"page","2":"type-page","3":"status-publish","5":"entry"},"_links":{"self":[{"href":"https:\/\/blogs.ugr.es\/javiergarcia\/wp-json\/wp\/v2\/pages\/172","targetHints":{"allow":["GET"]}}],"collection":[{"href":"https:\/\/blogs.ugr.es\/javiergarcia\/wp-json\/wp\/v2\/pages"}],"about":[{"href":"https:\/\/blogs.ugr.es\/javiergarcia\/wp-json\/wp\/v2\/types\/page"}],"author":[{"embeddable":true,"href":"https:\/\/blogs.ugr.es\/javiergarcia\/wp-json\/wp\/v2\/users\/20"}],"replies":[{"embeddable":true,"href":"https:\/\/blogs.ugr.es\/javiergarcia\/wp-json\/wp\/v2\/comments?post=172"}],"version-history":[{"count":3,"href":"https:\/\/blogs.ugr.es\/javiergarcia\/wp-json\/wp\/v2\/pages\/172\/revisions"}],"predecessor-version":[{"id":352,"href":"https:\/\/blogs.ugr.es\/javiergarcia\/wp-json\/wp\/v2\/pages\/172\/revisions\/352"}],"wp:attachment":[{"href":"https:\/\/blogs.ugr.es\/javiergarcia\/wp-json\/wp\/v2\/media?parent=172"}],"wp:term":[{"taxonomy":"category","embeddable":true,"href":"https:\/\/blogs.ugr.es\/javiergarcia\/wp-json\/wp\/v2\/categories?post=172"},{"taxonomy":"post_tag","embeddable":true,"href":"https:\/\/blogs.ugr.es\/javiergarcia\/wp-json\/wp\/v2\/tags?post=172"}],"curies":[{"name":"wp","href":"https:\/\/api.w.org\/{rel}","templated":true}]}}