{"id":93,"date":"2020-03-27T00:54:45","date_gmt":"2020-03-27T00:54:45","guid":{"rendered":"https:\/\/blogfor.ugr.es\/jdiegog\/?page_id=93"},"modified":"2022-03-04T21:27:21","modified_gmt":"2022-03-04T20:27:21","slug":"jd-2","status":"publish","type":"page","link":"https:\/\/blogs.ugr.es\/juandiego\/jd-2\/","title":{"rendered":"Juan Diego"},"content":{"rendered":"<header id=\"masthead\" class=\"site-header\" role=\"banner\"><\/header>\n<div id=\"content\" class=\"site-content\">\n<section id=\"primary\" class=\"content-area\">\n<article id=\"post-6\" class=\"post-6 page type-page status-publish hentry\">\n<div class=\"entry-content\">\n<p data-adtags-visited=\"true\"><img loading=\"lazy\" decoding=\"async\" class=\"wp-image-255 alignright\" src=\"https:\/\/auvispsico.files.wordpress.com\/2018\/06\/o_1519093771_97ec30129f9f74f52e2a08585fd86335.jpg?w=338&amp;h=225\" alt=\"o_1519093771_97ec30129f9f74f52e2a08585fd86335\" width=\"338\" height=\"225\" \/>Hola, soy Juan Diego, T\u00e9cnico de Laboratorio de la Universidad de Granada. Pretendo mantener este blog con contenidos sobre \u201cMedios Audiovisuales\u201d. Intentar\u00e9 ir a\u00f1adiendo art\u00edculos y material diverso, tanto propios, como ajenos que sean interesantes, acerca de los Medios Audiovisuales.<\/p>\n<div class=\"wp-block-image\"><\/div>\n<p data-adtags-visited=\"true\">Tambi\u00e9n intentar\u00e9 incluir algunas fotograf\u00edas tomadas por m\u00ed, desde que comenc\u00e9 con esta actividad (diapositivas) hasta otras m\u00e1s actuales (digitales).<\/p>\n<p data-adtags-visited=\"true\">Espero poder llevar este proyecto para adelante y que sirva de entretenimiento o ayuda a todo el que visite este Blog.<\/p>\n<p data-adtags-visited=\"true\">Un saludo a todos.<\/p>\n<\/div>\n<\/article>\n<\/section>\n<\/div>\n<p>&nbsp;<\/p>\n<p>&nbsp;<\/p>\n","protected":false},"excerpt":{"rendered":"<p>Hola, soy Juan Diego, T\u00e9cnico de Laboratorio de la Universidad de Granada. Pretendo mantener este blog con contenidos sobre \u201cMedios Audiovisuales\u201d. Intentar\u00e9 ir a\u00f1adiendo art\u00edculos y material diverso, tanto propios, como ajenos que sean interesantes, acerca de los Medios Audiovisuales. Tambi\u00e9n intentar\u00e9 incluir algunas fotograf\u00edas tomadas por m\u00ed, desde que comenc\u00e9 con esta actividad (diapositivas) [&hellip;]<\/p>\n","protected":false},"author":552,"featured_media":0,"parent":0,"menu_order":0,"comment_status":"closed","ping_status":"closed","template":"","meta":{"_genesis_hide_title":false,"_genesis_hide_breadcrumbs":false,"_genesis_hide_singular_image":false,"_genesis_hide_footer_widgets":false,"_genesis_custom_body_class":"","_genesis_custom_post_class":"","_genesis_layout":"","footnotes":""},"categories":[],"tags":[],"class_list":{"0":"post-93","1":"page","2":"type-page","3":"status-publish","5":"entry"},"_links":{"self":[{"href":"https:\/\/blogs.ugr.es\/juandiego\/wp-json\/wp\/v2\/pages\/93","targetHints":{"allow":["GET"]}}],"collection":[{"href":"https:\/\/blogs.ugr.es\/juandiego\/wp-json\/wp\/v2\/pages"}],"about":[{"href":"https:\/\/blogs.ugr.es\/juandiego\/wp-json\/wp\/v2\/types\/page"}],"author":[{"embeddable":true,"href":"https:\/\/blogs.ugr.es\/juandiego\/wp-json\/wp\/v2\/users\/552"}],"replies":[{"embeddable":true,"href":"https:\/\/blogs.ugr.es\/juandiego\/wp-json\/wp\/v2\/comments?post=93"}],"version-history":[{"count":4,"href":"https:\/\/blogs.ugr.es\/juandiego\/wp-json\/wp\/v2\/pages\/93\/revisions"}],"predecessor-version":[{"id":389,"href":"https:\/\/blogs.ugr.es\/juandiego\/wp-json\/wp\/v2\/pages\/93\/revisions\/389"}],"wp:attachment":[{"href":"https:\/\/blogs.ugr.es\/juandiego\/wp-json\/wp\/v2\/media?parent=93"}],"wp:term":[{"taxonomy":"category","embeddable":true,"href":"https:\/\/blogs.ugr.es\/juandiego\/wp-json\/wp\/v2\/categories?post=93"},{"taxonomy":"post_tag","embeddable":true,"href":"https:\/\/blogs.ugr.es\/juandiego\/wp-json\/wp\/v2\/tags?post=93"}],"curies":[{"name":"wp","href":"https:\/\/api.w.org\/{rel}","templated":true}]}}