{"id":133,"date":"2020-04-15T17:54:59","date_gmt":"2020-04-15T15:54:59","guid":{"rendered":"https:\/\/blogs.ugr.es\/juangamartinez\/?page_id=133"},"modified":"2020-04-16T17:50:12","modified_gmt":"2020-04-16T15:50:12","slug":"intereses","status":"publish","type":"page","link":"https:\/\/blogs.ugr.es\/juangamartinez\/intereses\/","title":{"rendered":"Intereses"},"content":{"rendered":"<h4>Soy profesor de Zoolog\u00eda y Biolog\u00eda Evolutiva en la Universidad de Granada. Como investigador, mi trabajo se centra en diversos t\u00f3picos de la ecolog\u00eda evolutiva y\u00a0la ecolog\u00eda del comportamiento, en concreto las estrategias reproductivas en aves, el parasitismo de cr\u00eda en aves, los sistemas de apareamiento y la selecci\u00f3n sexual, la ecolog\u00eda y evoluci\u00f3n de estrategias vitales en animales, la din\u00e1mica de poblaciones y la ecolog\u00eda molecular.<\/h4>\n<h4><img loading=\"lazy\" decoding=\"async\" class=\" wp-image-136 aligncenter\" src=\"https:\/\/blogs.ugr.es\/juangamartinez\/wp-content\/uploads\/sites\/76\/2020\/04\/juanga-en-zumaia-225x300.jpg\" alt=\"Tomando una ca\u00f1a despu\u00e9s de una larga jornada de bici por los bosques del Pa\u00eds Vasco. Foto Juan Jos\u00e9 Palenzuela.\" width=\"335\" height=\"447\" srcset=\"https:\/\/blogs.ugr.es\/juangamartinez\/wp-content\/uploads\/sites\/76\/2020\/04\/juanga-en-zumaia-225x300.jpg 225w, https:\/\/blogs.ugr.es\/juangamartinez\/wp-content\/uploads\/sites\/76\/2020\/04\/juanga-en-zumaia-525x700.jpg 525w, https:\/\/blogs.ugr.es\/juangamartinez\/wp-content\/uploads\/sites\/76\/2020\/04\/juanga-en-zumaia.jpg 600w\" sizes=\"auto, (max-width: 335px) 100vw, 335px\" \/><\/h4>\n<p>Tomando una ca\u00f1a despu\u00e9s de una larga jornada de bici por los bosques del Pa\u00eds Vasco. Foto Juan Jos\u00e9 Palenzuela.<\/p>\n<h4>Las aves presentan un amplio rango de estrategias reproductivas. Una de las m\u00e1s interesantes desde el punto de vista evolutivo es el parasitismo de cr\u00eda, estrategia en la que una especie (par\u00e1sito) utiliza a otra (hospedador) para que saque adelante a sus descendientes. \u00a0Es un sistema de trabajo interesante para estudiar adaptaciones y contradaptaciones resultado de procesos coevolutivos, como el reconocimiento y rechazo de huevos par\u00e1sitos por parte de los hospedadores, as\u00ed como el efecto del parasitismo sobre el \u00e9xito reproductivo y otros aspectos de la historia vital de los hospedadores. Este trabajo lo realizo fundamentalmente con Urracas (<em>Pica pica<\/em>) y Cr\u00edalos (<em>Clamator glandarius<\/em>) en la comarca de Guadix (Granada). Tambi\u00e9n me interesa como la selecci\u00f3n natural y la selecci\u00f3n sexual han moldeado los sistemas de apareamiento en las aves. He trabajado caracterizando\u00a0patrones de apareamiento y \u00e9xito reproductor individual usando marcadores gen\u00e9ticos, la evoluci\u00f3n de se\u00f1ales sexuales y algunos aspectos de competencia esperm\u00e1tica en diversas especies como Cr\u00edalos y Urracas, Abubillas (<em>Upupa epops<\/em>), Gallos (<em>Gallus domesticus<\/em>), Terreras (<em>Callandrella sp.<\/em>) o Papamoscas (<em>Ficedula hypoleuca<\/em>).<\/h4>\n<figure id=\"attachment_137\" aria-describedby=\"caption-attachment-137\" style=\"width: 300px\" class=\"wp-caption aligncenter\"><img loading=\"lazy\" decoding=\"async\" class=\"size-medium wp-image-137\" src=\"https:\/\/blogs.ugr.es\/juangamartinez\/wp-content\/uploads\/sites\/76\/2020\/04\/urracas-marcadas-300x208.png\" alt=\"\" width=\"300\" height=\"208\" srcset=\"https:\/\/blogs.ugr.es\/juangamartinez\/wp-content\/uploads\/sites\/76\/2020\/04\/urracas-marcadas-300x208.png 300w, https:\/\/blogs.ugr.es\/juangamartinez\/wp-content\/uploads\/sites\/76\/2020\/04\/urracas-marcadas-700x486.png 700w, https:\/\/blogs.ugr.es\/juangamartinez\/wp-content\/uploads\/sites\/76\/2020\/04\/urracas-marcadas.png 718w\" sizes=\"auto, (max-width: 300px) 100vw, 300px\" \/><figcaption id=\"caption-attachment-137\" class=\"wp-caption-text\">Urracas marcadas. Foto de Mercedes Molina Morales<\/figcaption><\/figure>\n<h4><span style=\"color: #333333;font-family: 'arial' , 'sans-serif'\" data-blogger-escaped-style=\"color: #333333; font-family: &quot;arial&quot; , &quot;sans-serif&quot;; font-size: 12pt;\">La ecolog\u00eda molecular es el uso de marcadores moleculares\u00a0para resolver distintos tipos de cuestiones ecol\u00f3gicas, las mencionadas anteriormente como los an\u00e1lisis de parentesco y de \u00e9xito reproductivo, y otras como la relaci\u00f3n entre la variabilidad gen\u00e9tica y rasgos individuales (fitness) o poblacionales (consanguinidad), o estudios de demograf\u00eda hist\u00f3rica y filogeograf\u00eda. He desarrollado cebadores para amplificar loci hipervariables llamados microsat\u00e9lites, utilizados t\u00edpicamente en estudios de parentesco y variabilidad\u00a0<\/span><span style=\"color: #333333;font-family: 'arial' , sans-serif\" data-blogger-escaped-style=\"color: #333333; font-family: &quot;arial&quot; , sans-serif; font-size: 12pt;\">gen\u00e9tica, en urraca y cr\u00edalo y en la mariposa\u00a0<i>Parnassius apollo<\/i>.<\/span><\/h4>\n<h4>En cuanto a la ecolog\u00eda y evoluci\u00f3n de estrategias vitales, me interesa entender como la selecci\u00f3n natural act\u00faa en los compromisos t\u00edpicos de la teor\u00eda de estrategias vitales, porque se favorecen estrategias vitales r\u00e1pidas o lentas, o como cambian los patrones de inversi\u00f3n en crecimiento y reproducci\u00f3n con las circunstancias ecol\u00f3gicas y\/o a lo largo de la vida de los individuos. Estos aspectos los exploro usando algunas especies \u00abmodelo\u00bb, en concreto la urraca, como animal de vida larga, y la apolo de Sierra Nevada, una especie especialista de h\u00e1bitat y con un dos fases vitales claramente diferenciadas, la fase larvaria y la fase adulta, de duraci\u00f3n relativamente breve. Las apolo adem\u00e1s, debido a sus requerimientos ecol\u00f3gicos son interesantes para anticipar los efectos del cambio clim\u00e1tico sobre las especies.<\/h4>\n<p>&nbsp;<\/p>\n<figure id=\"attachment_138\" aria-describedby=\"caption-attachment-138\" style=\"width: 291px\" class=\"wp-caption alignleft\"><img loading=\"lazy\" decoding=\"async\" class=\" wp-image-138\" src=\"https:\/\/blogs.ugr.es\/juangamartinez\/wp-content\/uploads\/sites\/76\/2020\/04\/apolo-hembra-300x210.jpg\" alt=\"\" width=\"291\" height=\"204\" srcset=\"https:\/\/blogs.ugr.es\/juangamartinez\/wp-content\/uploads\/sites\/76\/2020\/04\/apolo-hembra-300x210.jpg 300w, https:\/\/blogs.ugr.es\/juangamartinez\/wp-content\/uploads\/sites\/76\/2020\/04\/apolo-hembra.jpg 529w\" sizes=\"auto, (max-width: 291px) 100vw, 291px\" \/><figcaption id=\"caption-attachment-138\" class=\"wp-caption-text\">Hembra de apolo (<em>Parnassius apollo<\/em>)<\/figcaption><\/figure>\n<figure id=\"attachment_139\" aria-describedby=\"caption-attachment-139\" style=\"width: 282px\" class=\"wp-caption alignright\"><img loading=\"lazy\" decoding=\"async\" class=\" wp-image-139\" src=\"https:\/\/blogs.ugr.es\/juangamartinez\/wp-content\/uploads\/sites\/76\/2020\/04\/Larva-apolo-300x200.jpg\" alt=\"\" width=\"282\" height=\"188\" srcset=\"https:\/\/blogs.ugr.es\/juangamartinez\/wp-content\/uploads\/sites\/76\/2020\/04\/Larva-apolo-300x200.jpg 300w, https:\/\/blogs.ugr.es\/juangamartinez\/wp-content\/uploads\/sites\/76\/2020\/04\/Larva-apolo.jpg 320w\" sizes=\"auto, (max-width: 282px) 100vw, 282px\" \/><figcaption id=\"caption-attachment-139\" class=\"wp-caption-text\">Larva de apolo<\/figcaption><\/figure>\n<p>&nbsp;<\/p>\n","protected":false},"excerpt":{"rendered":"<p>Soy profesor de Zoolog\u00eda y Biolog\u00eda Evolutiva en la Universidad de Granada. Como investigador, mi trabajo se centra en diversos t\u00f3picos de la ecolog\u00eda evolutiva y\u00a0la ecolog\u00eda del comportamiento, en concreto las estrategias reproductivas en aves, el parasitismo de cr\u00eda en aves, los sistemas de apareamiento y la selecci\u00f3n sexual, la ecolog\u00eda y evoluci\u00f3n de [&hellip;]<\/p>\n","protected":false},"author":540,"featured_media":0,"parent":0,"menu_order":0,"comment_status":"closed","ping_status":"closed","template":"page_blog.php","meta":{"_genesis_hide_title":false,"_genesis_hide_breadcrumbs":false,"_genesis_hide_singular_image":false,"_genesis_hide_footer_widgets":false,"_genesis_custom_body_class":"","_genesis_custom_post_class":"","_genesis_layout":"","footnotes":""},"categories":[],"tags":[],"class_list":{"0":"post-133","1":"page","2":"type-page","3":"status-publish","5":"entry","6":"has-post-thumbnail"},"_links":{"self":[{"href":"https:\/\/blogs.ugr.es\/juangamartinez\/wp-json\/wp\/v2\/pages\/133","targetHints":{"allow":["GET"]}}],"collection":[{"href":"https:\/\/blogs.ugr.es\/juangamartinez\/wp-json\/wp\/v2\/pages"}],"about":[{"href":"https:\/\/blogs.ugr.es\/juangamartinez\/wp-json\/wp\/v2\/types\/page"}],"author":[{"embeddable":true,"href":"https:\/\/blogs.ugr.es\/juangamartinez\/wp-json\/wp\/v2\/users\/540"}],"replies":[{"embeddable":true,"href":"https:\/\/blogs.ugr.es\/juangamartinez\/wp-json\/wp\/v2\/comments?post=133"}],"version-history":[{"count":2,"href":"https:\/\/blogs.ugr.es\/juangamartinez\/wp-json\/wp\/v2\/pages\/133\/revisions"}],"predecessor-version":[{"id":140,"href":"https:\/\/blogs.ugr.es\/juangamartinez\/wp-json\/wp\/v2\/pages\/133\/revisions\/140"}],"wp:attachment":[{"href":"https:\/\/blogs.ugr.es\/juangamartinez\/wp-json\/wp\/v2\/media?parent=133"}],"wp:term":[{"taxonomy":"category","embeddable":true,"href":"https:\/\/blogs.ugr.es\/juangamartinez\/wp-json\/wp\/v2\/categories?post=133"},{"taxonomy":"post_tag","embeddable":true,"href":"https:\/\/blogs.ugr.es\/juangamartinez\/wp-json\/wp\/v2\/tags?post=133"}],"curies":[{"name":"wp","href":"https:\/\/api.w.org\/{rel}","templated":true}]}}