{"id":161,"date":"2020-04-16T17:32:31","date_gmt":"2020-04-16T15:32:31","guid":{"rendered":"https:\/\/blogs.ugr.es\/juangamartinez\/?page_id=161"},"modified":"2020-04-16T17:32:31","modified_gmt":"2020-04-16T15:32:31","slug":"experiencia-profesional-positions","status":"publish","type":"page","link":"https:\/\/blogs.ugr.es\/juangamartinez\/experiencia-profesional-positions\/","title":{"rendered":"Experiencia profesional \/ Positions"},"content":{"rendered":"<p>Licenciado y Doctor en Biolog\u00eda por la Universidad de Granada, mi labor investigadora y docente se ha desarrollado desde 1989 en tres centros diferentes, aunque la mayor parte del tiempo he estado en el primero Departamento de Biolog\u00eda Animal, Ecolog\u00eda y Gen\u00e9tica, luego Departamento de Biolog\u00eda Animal y Ecolog\u00eda y en la actualidad Departamento de Zoolog\u00eda de la Universidad de Granada.<\/p>\n<p>2019- Catedr\u00e1tico de Zoolog\u00eda en el Departamento de Zoolog\u00eda de la Universidad de Granada.<\/p>\n<p>2003-2019. Profesor Titular. Departamento de Biolog\u00eda Animal \/ Zoolog\u00eda. Universidad de Granada.<\/p>\n<p>2002-2003. Profesor Titular Interino. Departamento de Biolog\u00eda Animal y Ecolog\u00eda Universidad de Granada.<\/p>\n<p>2001-2002. Profesor Ayudante. Departamento de Biolog\u00eda Animal y Ecolog\u00eda Universidad de Granada.<\/p>\n<ol start=\"2001\">\n<li>Profesor Asociado. Departamento de Biolog\u00eda Animal y Ecolog\u00eda Universidad de Granada.<\/li>\n<\/ol>\n<p>2000-2001. Profesor Ayudante. Departamento de Biolog\u00eda Animal y Ecolog\u00eda Universidad de Granada.<\/p>\n<p>1999-2000. Investigador contratado (Ministerio de Educaci\u00f3n y Cultura). Departamento de Biolog\u00eda Animal y Ecolog\u00eda. Universidad de Granada.<\/p>\n<ol start=\"1998\">\n<li>Investigador en el Animal and Plant Sciences Department, Universidad de Sheffield, Inglaterra.<\/li>\n<li>Investigador contratado (Contratos de Reincorporaci\u00f3n &#8211; Uni\u00f3n Europea). Departamento de Biolog\u00eda Animal y Ecolog\u00eda. Universidad de Granada.<\/li>\n<\/ol>\n<p>1994-1996. Becario Postdoctoral (Programa Marie Curie &#8211; Uni\u00f3n Europea). Zoology Department, Universidad de Leicester, Inglaterra.<\/p>\n<ol start=\"1994\">\n<li>Doctorado en Ciencias Biol\u00f3gicas. Universidad de Granada.<\/li>\n<\/ol>\n<p>1990-1993. Becario Predoctoral, Ministerio de Educaci\u00f3n y Ciencia. Departamento de Biolog\u00eda Animal, Ecolog\u00eda y Gen\u00e9tica. Universidad de Granada.<\/p>\n<ol start=\"1989\">\n<li>Licenciatura en Ciencias Biol\u00f3gicas. Universidad de Granada.<\/li>\n<\/ol>\n","protected":false},"excerpt":{"rendered":"<p>Licenciado y Doctor en Biolog\u00eda por la Universidad de Granada, mi labor investigadora y docente se ha desarrollado desde 1989 en tres centros diferentes, aunque la mayor parte del tiempo he estado en el primero Departamento de Biolog\u00eda Animal, Ecolog\u00eda y Gen\u00e9tica, luego Departamento de Biolog\u00eda Animal y Ecolog\u00eda y en la actualidad Departamento de [&hellip;]<\/p>\n","protected":false},"author":540,"featured_media":0,"parent":0,"menu_order":0,"comment_status":"closed","ping_status":"closed","template":"","meta":{"_genesis_hide_title":false,"_genesis_hide_breadcrumbs":false,"_genesis_hide_singular_image":false,"_genesis_hide_footer_widgets":false,"_genesis_custom_body_class":"","_genesis_custom_post_class":"","_genesis_layout":"","footnotes":""},"categories":[],"tags":[],"class_list":{"0":"post-161","1":"page","2":"type-page","3":"status-publish","5":"entry"},"_links":{"self":[{"href":"https:\/\/blogs.ugr.es\/juangamartinez\/wp-json\/wp\/v2\/pages\/161","targetHints":{"allow":["GET"]}}],"collection":[{"href":"https:\/\/blogs.ugr.es\/juangamartinez\/wp-json\/wp\/v2\/pages"}],"about":[{"href":"https:\/\/blogs.ugr.es\/juangamartinez\/wp-json\/wp\/v2\/types\/page"}],"author":[{"embeddable":true,"href":"https:\/\/blogs.ugr.es\/juangamartinez\/wp-json\/wp\/v2\/users\/540"}],"replies":[{"embeddable":true,"href":"https:\/\/blogs.ugr.es\/juangamartinez\/wp-json\/wp\/v2\/comments?post=161"}],"version-history":[{"count":1,"href":"https:\/\/blogs.ugr.es\/juangamartinez\/wp-json\/wp\/v2\/pages\/161\/revisions"}],"predecessor-version":[{"id":162,"href":"https:\/\/blogs.ugr.es\/juangamartinez\/wp-json\/wp\/v2\/pages\/161\/revisions\/162"}],"wp:attachment":[{"href":"https:\/\/blogs.ugr.es\/juangamartinez\/wp-json\/wp\/v2\/media?parent=161"}],"wp:term":[{"taxonomy":"category","embeddable":true,"href":"https:\/\/blogs.ugr.es\/juangamartinez\/wp-json\/wp\/v2\/categories?post=161"},{"taxonomy":"post_tag","embeddable":true,"href":"https:\/\/blogs.ugr.es\/juangamartinez\/wp-json\/wp\/v2\/tags?post=161"}],"curies":[{"name":"wp","href":"https:\/\/api.w.org\/{rel}","templated":true}]}}