{"id":119,"date":"2018-01-22T09:22:43","date_gmt":"2018-01-22T08:22:43","guid":{"rendered":"https:\/\/blogs.ugr.es\/justicirculecon\/?page_id=119"},"modified":"2024-02-29T12:35:16","modified_gmt":"2024-02-29T11:35:16","slug":"inicio","status":"publish","type":"page","link":"https:\/\/blogs.ugr.es\/justicirculecon\/","title":{"rendered":"Inicio"},"content":{"rendered":"\n<p>Bienvenidos al sitio oficial del proyecto de investigaci\u00f3n&nbsp; <strong>\u00abAn\u00e1lisis y propuestas para transici\u00f3n justa a la econom\u00eda circular: impacto sobre las empresas y las personas trabajadoras\u00bb<\/strong> (TED2021-132491B-I00).<\/p>\n\n\n\n<p>Nuestra finalidad es avanzar en el an\u00e1lisis y en la propuesta de soluciones para una transici\u00f3n justa a la econom\u00eda circular. Tras el trabajo desarrollado en el marco del proyecto \u201cPol\u00edticas p\u00fablicas incentivadoras de la Econom\u00eda Circular: sostenibilidad ambiental, social y financiera\u201d (RTI2018-098715-B-C21 DER), del que ha sido IP la Dra. Garc\u00eda Calvente, entendemos necesario <strong>prestar atenci\u00f3n a los efectos de la econom\u00eda circular en empresas y personas<\/strong>&nbsp;y a la necesidad de que la <strong>transici\u00f3n<\/strong> de una econom\u00eda lineal a otra circular se lleve a cabo <strong>de forma justa<\/strong>.<\/p>\n\n\n\n<p><br>Al hablar de <strong>econom\u00eda circular<\/strong> e <strong>instrumentos econ\u00f3micos<\/strong>, no podemos dejar de referirnos a los efectos regresivos que la introducci\u00f3n de nuevos tributos incentivadores de la transici\u00f3n ecol\u00f3gica pueden tener sobre los m\u00e1s vulnerables. Con el objetivo de corregir esta situaci\u00f3n, se ha acu\u00f1ado el t\u00e9rmino <strong>\u00abtransici\u00f3n justa\u00bb<\/strong>\u00a0para hacer referencia a <strong>\u00abaquella transici\u00f3n que combina objetivos ambientales y sociales y muestra capacidad para compensar los impactos distributivos negativos\u00bb<\/strong>, expresi\u00f3n que ha sido adoptada tanto por las instituciones comunitarias como por las nacionales. As\u00ed, y a pesar de que se ha demostrado que la cuesti\u00f3n ambiental no es ajena a las desigualdades econ\u00f3micas, somos conscientes de que la transici\u00f3n hacia una econom\u00eda circular puede afectar de forma m\u00e1s intensa a los m\u00e1s vulnerables.<\/p>\n\n\n\n<p>En este sentido, recientemente se han introducido dos nuevos impuestos en el ordenamiento tributario espa\u00f1ol. Por su parte, a nivel regional se han desarrollado diferentes normas, estrategias y planes de acci\u00f3n, entre los que destaca la Ley 3\/2023, de 30 de marzo, de Econom\u00eda Circular. A nivel comunitario, nos encontramos posiblemente ante un cambio de paradigma, como muestra el debate en torno a los nuevos recursos presupuestarios y el anuncio de la reforma de la fiscalidad energ\u00e9tica y la ampliaci\u00f3n del r\u00e9gimen de comercio de derechos de emisi\u00f3n de la Uni\u00f3n Europea a nuevos sectores (aviaci\u00f3n, transporte mar\u00edtimo y sectores difusos), en el marco del paquete Fit For 55 y el Pacto verde europeo.&nbsp; Estos cambios muestran que el inter\u00e9s por la econom\u00eda circular es evidente, si bien conviene atender al impacto notable sobre las personas trabajadoras y las empresas, de manera que se reflexione no solo sobre <strong>c\u00f3mo financiar el desarrollo sostenible<\/strong>, sino tambi\u00e9n <strong>sobre qui\u00e9n debe a hacer frente a dicha factura<\/strong>.<\/p>\n\n\n\n<p>Todo ello justifica que se analice, en primer lugar, qu\u00e9 ha de entenderse por transici\u00f3n justa y, en segundo t\u00e9rmino, que se avance sobre propuestas que corrijan las posibles desviaciones de dicho valor en la implantaci\u00f3n de la econom\u00eda circular para empresas y personas trabajadoras.<\/p>\n\n\n\n<p>De manera m\u00e1s clara, los <strong>objetivos <\/strong>que se pretenden abordar en este proyecto son los siguientes:<br>1) Conocer y evaluar la aplicaci\u00f3n del valor justicia en el proceso de transici\u00f3n ecol\u00f3gica en general y, en particular, hacia la econom\u00eda circular.<br>2) Analizar las medidas planteadas para fomentar la transici\u00f3n ecol\u00f3gica y la econom\u00eda circular en el Derecho comparado.<br>3) Detectar problemas en la aplicaci\u00f3n de la econom\u00eda circular desde el punto de vista empresarial y de las personas trabajadoras.<br>4) Formular propuestas legislativas que contribuyan a una transici\u00f3n justa hacia la econom\u00eda circular, prestando especial atenci\u00f3n a la igualdad entre mujeres y hombres.<\/p>\n\n\n\n<p><\/p>\n","protected":false},"excerpt":{"rendered":"<p>Bienvenidos al sitio oficial del proyecto de investigaci\u00f3n&nbsp; \u00abAn\u00e1lisis y propuestas para transici\u00f3n justa a la econom\u00eda circular: impacto sobre las empresas y las personas trabajadoras\u00bb (TED2021-132491B-I00). Nuestra finalidad es avanzar en el an\u00e1lisis y en la propuesta de soluciones para una transici\u00f3n justa a la econom\u00eda circular. Tras el trabajo desarrollado en el marco [&hellip;]<\/p>\n","protected":false},"author":2,"featured_media":0,"parent":0,"menu_order":0,"comment_status":"closed","ping_status":"closed","template":"","meta":{"footnotes":""},"categories":[],"tags":[],"class_list":["post-119","page","type-page","status-publish","hentry"],"_links":{"self":[{"href":"https:\/\/blogs.ugr.es\/justicirculecon\/wp-json\/wp\/v2\/pages\/119","targetHints":{"allow":["GET"]}}],"collection":[{"href":"https:\/\/blogs.ugr.es\/justicirculecon\/wp-json\/wp\/v2\/pages"}],"about":[{"href":"https:\/\/blogs.ugr.es\/justicirculecon\/wp-json\/wp\/v2\/types\/page"}],"author":[{"embeddable":true,"href":"https:\/\/blogs.ugr.es\/justicirculecon\/wp-json\/wp\/v2\/users\/2"}],"replies":[{"embeddable":true,"href":"https:\/\/blogs.ugr.es\/justicirculecon\/wp-json\/wp\/v2\/comments?post=119"}],"version-history":[{"count":2,"href":"https:\/\/blogs.ugr.es\/justicirculecon\/wp-json\/wp\/v2\/pages\/119\/revisions"}],"predecessor-version":[{"id":493,"href":"https:\/\/blogs.ugr.es\/justicirculecon\/wp-json\/wp\/v2\/pages\/119\/revisions\/493"}],"wp:attachment":[{"href":"https:\/\/blogs.ugr.es\/justicirculecon\/wp-json\/wp\/v2\/media?parent=119"}],"wp:term":[{"taxonomy":"category","embeddable":true,"href":"https:\/\/blogs.ugr.es\/justicirculecon\/wp-json\/wp\/v2\/categories?post=119"},{"taxonomy":"post_tag","embeddable":true,"href":"https:\/\/blogs.ugr.es\/justicirculecon\/wp-json\/wp\/v2\/tags?post=119"}],"curies":[{"name":"wp","href":"https:\/\/api.w.org\/{rel}","templated":true}]}}