{"id":252,"date":"2024-01-15T12:05:26","date_gmt":"2024-01-15T11:05:26","guid":{"rendered":"https:\/\/blogs.ugr.es\/justicirculecon\/?page_id=252"},"modified":"2024-10-09T12:48:59","modified_gmt":"2024-10-09T10:48:59","slug":"actividades","status":"publish","type":"page","link":"https:\/\/blogs.ugr.es\/justicirculecon\/actividades\/","title":{"rendered":"Actividades"},"content":{"rendered":"\n<p>Bienvenidos a la secci\u00f3n \u00abActividades\u00bb en la que encontrar\u00e9is las \u00faltimas novedades sobre eventos, congresos y seminarios organizados en el marco de nuestro proyecto de investigaci\u00f3n.<\/p>\n\n\n\n<div class=\"wp-block-media-text has-media-on-the-right is-stacked-on-mobile\"><div class=\"wp-block-media-text__content\">\n<h2 class=\"wp-block-heading has-text-align-right\"><strong>Congreso \u00abFiscalidad y ODS: retos ambientales y demogr\u00e1ficos\u00bb<\/strong><\/h2>\n\n\n\n<div class=\"wp-block-buttons is-content-justification-right is-layout-flex wp-container-core-buttons-is-layout-765c4724 wp-block-buttons-is-layout-flex\">\n<div class=\"wp-block-button\"><a class=\"wp-block-button__link wp-element-button\" href=\"https:\/\/blogs.ugr.es\/justicirculecon\/congreso-internacional-fiscalidad-y-ods-retos-ambientales-y-demograficos\/\">Saber m\u00e1s<\/a><\/div>\n<\/div>\n<\/div><figure class=\"wp-block-media-text__media\"><img loading=\"lazy\" decoding=\"async\" width=\"544\" height=\"700\" src=\"https:\/\/blogs.ugr.es\/justicirculecon\/wp-content\/uploads\/sites\/149\/2024\/10\/1.-imagen-fiscalidad-y-ods-544x700.jpg\" alt=\"\" class=\"wp-image-668 size-full\" srcset=\"https:\/\/blogs.ugr.es\/justicirculecon\/wp-content\/uploads\/sites\/149\/2024\/10\/1.-imagen-fiscalidad-y-ods-544x700.jpg 544w, https:\/\/blogs.ugr.es\/justicirculecon\/wp-content\/uploads\/sites\/149\/2024\/10\/1.-imagen-fiscalidad-y-ods-233x300.jpg 233w, https:\/\/blogs.ugr.es\/justicirculecon\/wp-content\/uploads\/sites\/149\/2024\/10\/1.-imagen-fiscalidad-y-ods.jpg 622w\" sizes=\"auto, (max-width: 544px) 100vw, 544px\" \/><\/figure><\/div>\n\n\n\n<div class=\"wp-block-media-text is-stacked-on-mobile\"><figure class=\"wp-block-media-text__media\"><img loading=\"lazy\" decoding=\"async\" width=\"525\" height=\"700\" src=\"https:\/\/blogs.ugr.es\/justicirculecon\/wp-content\/uploads\/sites\/149\/2024\/06\/imagen-05-06-24-525x700.jpg\" alt=\"\" class=\"wp-image-631 size-full\" srcset=\"https:\/\/blogs.ugr.es\/justicirculecon\/wp-content\/uploads\/sites\/149\/2024\/06\/imagen-05-06-24-525x700.jpg 525w, https:\/\/blogs.ugr.es\/justicirculecon\/wp-content\/uploads\/sites\/149\/2024\/06\/imagen-05-06-24-225x300.jpg 225w, https:\/\/blogs.ugr.es\/justicirculecon\/wp-content\/uploads\/sites\/149\/2024\/06\/imagen-05-06-24.jpg 600w\" sizes=\"auto, (max-width: 525px) 100vw, 525px\" \/><\/figure><div class=\"wp-block-media-text__content\">\n<p><\/p>\n\n\n\n<h2 class=\"wp-block-heading\"><strong>Congreso \u00abRetos de la empresa: digitalizaci\u00f3n y transici\u00f3n justa a la econom\u00eda circular\u00bb<\/strong><\/h2>\n\n\n\n<div class=\"wp-block-buttons is-layout-flex wp-block-buttons-is-layout-flex\">\n<div class=\"wp-block-button\"><a class=\"wp-block-button__link wp-element-button\" href=\"https:\/\/blogs.ugr.es\/justicirculecon\/congreso-retos-de-la-empresa-digitalizacion-y-transicion-justa-a-la-economia-circular\/\">Saber m\u00e1s<\/a><\/div>\n<\/div>\n<\/div><\/div>\n\n\n\n<div class=\"wp-block-media-text has-media-on-the-right is-stacked-on-mobile\"><div class=\"wp-block-media-text__content\">\n<h2 class=\"wp-block-heading has-text-align-right\"><strong>II Seminario<\/strong> <strong>sobre Econom\u00eda Circular: \u00bfEs posible una transici\u00f3n justa a la Econom\u00eda Circular? An\u00e1lisis en perspectiva jur\u00eddico-tributaria<\/strong><\/h2>\n\n\n\n<div class=\"wp-block-buttons is-content-justification-right is-layout-flex wp-container-core-buttons-is-layout-765c4724 wp-block-buttons-is-layout-flex\">\n<div class=\"wp-block-button\"><a class=\"wp-block-button__link wp-element-button\" href=\"http:\/\/blogs.ugr.es\/justicirculecon\/ii-seminario\/\" target=\"_blank\" rel=\"noreferrer noopener\">Saber m\u00e1s<\/a><\/div>\n<\/div>\n<\/div><figure class=\"wp-block-media-text__media\"><img loading=\"lazy\" decoding=\"async\" width=\"525\" height=\"700\" src=\"https:\/\/blogs.ugr.es\/justicirculecon\/wp-content\/uploads\/sites\/149\/2024\/03\/cartel-impreso-525x700.jpg\" alt=\"\" class=\"wp-image-537 size-full\" srcset=\"https:\/\/blogs.ugr.es\/justicirculecon\/wp-content\/uploads\/sites\/149\/2024\/03\/cartel-impreso-525x700.jpg 525w, https:\/\/blogs.ugr.es\/justicirculecon\/wp-content\/uploads\/sites\/149\/2024\/03\/cartel-impreso-225x300.jpg 225w, https:\/\/blogs.ugr.es\/justicirculecon\/wp-content\/uploads\/sites\/149\/2024\/03\/cartel-impreso.jpg 600w\" sizes=\"auto, (max-width: 525px) 100vw, 525px\" \/><\/figure><\/div>\n\n\n\n<div class=\"wp-block-columns is-layout-flex wp-container-core-columns-is-layout-9d6595d7 wp-block-columns-is-layout-flex\">\n<div class=\"wp-block-column is-layout-flow wp-block-column-is-layout-flow\">\n<div class=\"wp-block-media-text is-stacked-on-mobile\"><figure class=\"wp-block-media-text__media\"><img loading=\"lazy\" decoding=\"async\" width=\"525\" height=\"700\" src=\"https:\/\/blogs.ugr.es\/justicirculecon\/wp-content\/uploads\/sites\/149\/2024\/02\/seminario-2--525x700.jpg\" alt=\"\" class=\"wp-image-444 size-full\" srcset=\"https:\/\/blogs.ugr.es\/justicirculecon\/wp-content\/uploads\/sites\/149\/2024\/02\/seminario-2--525x700.jpg 525w, https:\/\/blogs.ugr.es\/justicirculecon\/wp-content\/uploads\/sites\/149\/2024\/02\/seminario-2--225x300.jpg 225w, https:\/\/blogs.ugr.es\/justicirculecon\/wp-content\/uploads\/sites\/149\/2024\/02\/seminario-2-.jpg 600w\" sizes=\"auto, (max-width: 525px) 100vw, 525px\" \/><\/figure><div class=\"wp-block-media-text__content\">\n<h2 class=\"wp-block-heading\"><strong>I Seminario Internacional \u00abLa Fiscalit\u00e9 environnementale en Espagne dans la perspective d&#8217;une Transition juste\u00bb<\/strong><\/h2>\n<\/div><\/div>\n<\/div>\n<\/div>\n\n\n\n<div class=\"wp-block-media-text has-media-on-the-right is-stacked-on-mobile\"><div class=\"wp-block-media-text__content\">\n<h2 class=\"wp-block-heading has-text-align-right\"><strong>II Seminario Internacional \u00abLa Fiscalit\u00e9 environnementale en Espagne dans la perspective d&#8217;une Transition juste\u00bb<\/strong><\/h2>\n<\/div><figure class=\"wp-block-media-text__media\"><img loading=\"lazy\" decoding=\"async\" width=\"525\" height=\"700\" src=\"https:\/\/blogs.ugr.es\/justicirculecon\/wp-content\/uploads\/sites\/149\/2024\/02\/seminario-TED2021-nuevo-525x700.jpg\" alt=\"\" class=\"wp-image-449 size-full\" srcset=\"https:\/\/blogs.ugr.es\/justicirculecon\/wp-content\/uploads\/sites\/149\/2024\/02\/seminario-TED2021-nuevo-525x700.jpg 525w, https:\/\/blogs.ugr.es\/justicirculecon\/wp-content\/uploads\/sites\/149\/2024\/02\/seminario-TED2021-nuevo-225x300.jpg 225w, https:\/\/blogs.ugr.es\/justicirculecon\/wp-content\/uploads\/sites\/149\/2024\/02\/seminario-TED2021-nuevo.jpg 600w\" sizes=\"auto, (max-width: 525px) 100vw, 525px\" \/><\/figure><\/div>\n","protected":false},"excerpt":{"rendered":"<p>Bienvenidos a la secci\u00f3n \u00abActividades\u00bb en la que encontrar\u00e9is las \u00faltimas novedades sobre eventos, congresos y seminarios organizados en el marco de nuestro proyecto de investigaci\u00f3n. I Seminario Internacional \u00abLa Fiscalit\u00e9 environnementale en Espagne dans la perspective d&#8217;une Transition juste\u00bb II Seminario Internacional \u00abLa Fiscalit\u00e9 environnementale en Espagne dans la perspective d&#8217;une Transition juste\u00bb<\/p>\n","protected":false},"author":660,"featured_media":0,"parent":0,"menu_order":0,"comment_status":"closed","ping_status":"closed","template":"","meta":{"footnotes":""},"categories":[],"tags":[],"class_list":["post-252","page","type-page","status-publish","hentry"],"_links":{"self":[{"href":"https:\/\/blogs.ugr.es\/justicirculecon\/wp-json\/wp\/v2\/pages\/252","targetHints":{"allow":["GET"]}}],"collection":[{"href":"https:\/\/blogs.ugr.es\/justicirculecon\/wp-json\/wp\/v2\/pages"}],"about":[{"href":"https:\/\/blogs.ugr.es\/justicirculecon\/wp-json\/wp\/v2\/types\/page"}],"author":[{"embeddable":true,"href":"https:\/\/blogs.ugr.es\/justicirculecon\/wp-json\/wp\/v2\/users\/660"}],"replies":[{"embeddable":true,"href":"https:\/\/blogs.ugr.es\/justicirculecon\/wp-json\/wp\/v2\/comments?post=252"}],"version-history":[{"count":3,"href":"https:\/\/blogs.ugr.es\/justicirculecon\/wp-json\/wp\/v2\/pages\/252\/revisions"}],"predecessor-version":[{"id":674,"href":"https:\/\/blogs.ugr.es\/justicirculecon\/wp-json\/wp\/v2\/pages\/252\/revisions\/674"}],"wp:attachment":[{"href":"https:\/\/blogs.ugr.es\/justicirculecon\/wp-json\/wp\/v2\/media?parent=252"}],"wp:term":[{"taxonomy":"category","embeddable":true,"href":"https:\/\/blogs.ugr.es\/justicirculecon\/wp-json\/wp\/v2\/categories?post=252"},{"taxonomy":"post_tag","embeddable":true,"href":"https:\/\/blogs.ugr.es\/justicirculecon\/wp-json\/wp\/v2\/tags?post=252"}],"curies":[{"name":"wp","href":"https:\/\/api.w.org\/{rel}","templated":true}]}}