{"id":280,"date":"2024-01-15T18:10:21","date_gmt":"2024-01-15T17:10:21","guid":{"rendered":"https:\/\/blogs.ugr.es\/justicirculecon\/?page_id=280"},"modified":"2024-11-13T14:22:17","modified_gmt":"2024-11-13T13:22:17","slug":"resultados","status":"publish","type":"page","link":"https:\/\/blogs.ugr.es\/justicirculecon\/resultados\/","title":{"rendered":"Resultados de Investigaci\u00f3n"},"content":{"rendered":"\n<p>Nuestro compromiso con la propuesta de soluciones para una transici\u00f3n justa a la econom\u00eda circular se materializa tambi\u00e9n en los resultados de nuestras investigaciones. Si deseas conocer m\u00e1s sobre nuestro trabajo, te invitamos a leer esta p\u00e1gina. Tambi\u00e9n puedes contactarnos a trav\u00e9s de nuestro correo oficial <a href=\"&#x6d;&#x61;&#105;lt&#x6f;&#x3a;&#106;&#117;s&#x74;&#x69;&#99;&#105;r&#x63;&#x75;&#x6c;&#101;co&#x6e;&#x40;&#117;&#103;r&#x2e;&#x65;&#115;\" target=\"_blank\" rel=\"noreferrer noopener\">&#x6a;&#x75;&#115;t&#x69;&#x63;&#x69;&#114;c&#x75;&#x6c;&#x65;&#99;o&#x6e;&#x40;&#x75;&#103;r&#x2e;&#x65;&#x73;<\/a> o en redes sociales.<\/p>\n\n\n\n<div class=\"wp-block-media-text is-stacked-on-mobile\"><figure class=\"wp-block-media-text__media\"><img loading=\"lazy\" decoding=\"async\" width=\"660\" height=\"700\" src=\"https:\/\/blogs.ugr.es\/justicirculecon\/wp-content\/uploads\/sites\/149\/2024\/05\/IMG_6576-660x700.jpg\" alt=\"\" class=\"wp-image-587 size-full\" srcset=\"https:\/\/blogs.ugr.es\/justicirculecon\/wp-content\/uploads\/sites\/149\/2024\/05\/IMG_6576-660x700.jpg 660w, https:\/\/blogs.ugr.es\/justicirculecon\/wp-content\/uploads\/sites\/149\/2024\/05\/IMG_6576-283x300.jpg 283w, https:\/\/blogs.ugr.es\/justicirculecon\/wp-content\/uploads\/sites\/149\/2024\/05\/IMG_6576.jpg 754w\" sizes=\"auto, (max-width: 660px) 100vw, 660px\" \/><\/figure><div class=\"wp-block-media-text__content\">\n<p>Durante el mes de mayo, la Prof. Mar\u00eda Garc\u00eda Caracuel ha asistido:<\/p>\n\n\n\n<p>Al Seminario \u201cInformaci\u00f3n no financiera, sostenibilidad y econom\u00eda circular\u201d organizado por el Centro de Estudios Financieros el lunes 24 de mayo de 2023 a las 19h en Madrid.<\/p>\n\n\n\n<p> Jornadas Internacionales \u201cReformas fiscales medioambientales para una recuperaci\u00f3n econ\u00f3mica justa: Espa\u00f1a en el contexto europeo\u201d, celebradas en la Universidad Cardenal Herrera, CEU, los d\u00edas 15 y 16 de mayo de 2023, duraci\u00f3n 10 horas.<\/p>\n\n\n\n<p><\/p>\n<\/div><\/div>\n\n\n\n<p>En el mes de junio ha asistido y presentado una ponencia en las Jornadas \u201cEficiencia energ\u00e9tica y rehabilitaci\u00f3n de inmuebles: propuestas sobre instrumentos financieros y tributarios para una transici\u00f3n justa\u201d, celebrada los d\u00edas 22 y 23 de junio de 2023 en el edificio del Rectorado de la Universidad de M\u00e1laga. T\u00edtulo de la ponencia: \u201cEconom\u00eda circular y transici\u00f3n justa: especial referencia a Andaluc\u00eda\u201d.<\/p>\n\n\n\n<p>En septiembre ha asistido a la <em>International Conference on sustainable finance. Microfinance for sustainable development<\/em>, 28 y 29 de septiembre en la Facultad de Ciencias Econ\u00f3micas y Empresariales de la Universidad de Granada<\/p>\n\n\n\n<p>En octubre ha asistido a la <em>III Jornada de estudios sobre la reforma ambiental de las haciendas locales<\/em> En las cuales ha tenido oportunidad de exponer y discutir sobre los resultados m\u00e1s relevantes del proyecto de investigaci\u00f3n.  Dicha Jornada se celebr\u00f3 el d\u00eda 27 de octubre de 2023 en la Facultad de Derecho, Econom\u00eda y Turismo de la Universidad de Lleida. La Prof. Mar\u00eda Garc\u00eda Caracuel, particip\u00f3 telem\u00e1ticamente en dicha jornada, en la que present\u00f3 su comunicaci\u00f3n sobre <em>El concepto de residuo dom\u00e9stico en el gravamen franc\u00e9s sobre la recogida de residuos: Resoluci\u00f3n del Conseil d&#8217;\u00c9tat de 18 de septiembre de 2023.<\/em><\/p>\n\n\n\n<div class=\"wp-block-media-text has-media-on-the-right is-stacked-on-mobile\"><div class=\"wp-block-media-text__content\">\n<p>En el a\u00f1o 2024, ha organizado el Seminario Internacional en la Unviversidad de Estrasburgo &nbsp;<em>La fiscalit\u00e9 environnementale en Espagne dans la perspective d\u2019une transition juste<\/em>. Los ponentes del seminario han sido: Yolanda Garc\u00eda Calvente y Mar\u00eda Garc\u00eda Caracuel.<\/p>\n\n\n\n<p>En el mes de abril ha presentado una ponencia en Ciudad Real en la Mesa de debate: \u201cGrupo de trabajo: impacto de la despoblaci\u00f3n y digitalizaci\u00f3n en la fiscalidad local de los residuos\u201d con una intervenci\u00f3n bajo el t\u00edtulo \u201cAn\u00e1lisis de la tasa local francesa\u201d celebrada el d\u00eda 10 de abril de 2024 en la Facultad de Derecho y Ciencias Sociales de la Universidad de Castilla-La Mancha; y ha participado en un seminario titulado <em>An\u00e1lisis y propuestas para una transici\u00f3n justa a la econom\u00eda circular: impacto sobre las empresas y las personas trabajadoras<\/em>, el cual se ha llevado a cabo en la UGR en calidad de coorganizadora y moderadora . <\/p>\n<\/div><figure class=\"wp-block-media-text__media\"><img loading=\"lazy\" decoding=\"async\" width=\"525\" height=\"700\" src=\"https:\/\/blogs.ugr.es\/justicirculecon\/wp-content\/uploads\/sites\/149\/2024\/02\/seminario-2--525x700.jpg\" alt=\"\" class=\"wp-image-444 size-full\" srcset=\"https:\/\/blogs.ugr.es\/justicirculecon\/wp-content\/uploads\/sites\/149\/2024\/02\/seminario-2--525x700.jpg 525w, https:\/\/blogs.ugr.es\/justicirculecon\/wp-content\/uploads\/sites\/149\/2024\/02\/seminario-2--225x300.jpg 225w, https:\/\/blogs.ugr.es\/justicirculecon\/wp-content\/uploads\/sites\/149\/2024\/02\/seminario-2-.jpg 600w\" sizes=\"auto, (max-width: 525px) 100vw, 525px\" \/><\/figure><\/div>\n\n\n\n<p>Durante los d\u00edas 26 y 27 de septiembre, particip\u00f3 en Gerona del <em>Congreso Instrumentos fiscales locales para la sostenibilidad: retos en vivienda y gesti\u00f3n de residuos<\/em> en que tres miembros del proyecto participaron con trabajos resultados del proyecto.  Jos\u00e9 Sede\u00f1o L\u00f3pez realiz\u00f3 una ponencia el jueves 26 sobre la <em>Contribuci\u00f3n PACE: una propuesta para impulsar la rehabilitaci\u00f3n energ\u00e9tica de edificios<\/em> y Mar\u00eda Garc\u00eda Caracuel present\u00f3 la comunicaci\u00f3n \u00ab<em>El modelo franc\u00e9s de financiaci\u00f3n del servicio de recogida y tratamiento de residuos dom\u00e9sticos\u00bb<\/em><\/p>\n\n\n\n<p>Los d\u00edas 24 y 25 de octubre organiz\u00f3 y moder\u00f3 dos mesas en el Congreso internacional <em>Fiscalidad y ODS: retos ambientales y demogr\u00e1ficos<\/em>, el cual se ha llevado adelante en la UGR. <\/p>\n\n\n\n<p>Destaca adem\u00e1s una monograf\u00eda publicada en editorial Atelier, de la cual ha sido la Directora y cuyo t\u00edtulo es <em>Retos de la empresa: digitalizaci\u00f3n y transici\u00f3n justa a la econom\u00eda circular<\/em>; y un cap\u00edtulo de libro titulado <em>La jutisprudencia del conseil d\u2019\u00e9tat franc\u00e9s sobre el gravamen por la recogida y tratamiento de residuos dom\u00e9sticos<\/em> en la obra colectiva <em>Tasas y tarifas de residuos y otras prestaciones ambientales con incidencia social<\/em>, publicado por el Ministerio de Hacienda. Instituto de Estudios Fiscales.<\/p>\n","protected":false},"excerpt":{"rendered":"<p>Nuestro compromiso con la propuesta de soluciones para una transici\u00f3n justa a la econom\u00eda circular se materializa tambi\u00e9n en los resultados de nuestras investigaciones. Si deseas conocer m\u00e1s sobre nuestro trabajo, te invitamos a leer esta p\u00e1gina. Tambi\u00e9n puedes contactarnos a trav\u00e9s de nuestro correo oficial &#x6a;&#117;&#x73;&#x74;&#105;&#x63;&#105;r&#x63;&#117;l&#x65;&#99;o&#x6e;&#64;u&#x67;&#114;&#x2e;&#x65;&#115; o en redes sociales. Durante el mes de [&hellip;]<\/p>\n","protected":false},"author":660,"featured_media":0,"parent":0,"menu_order":0,"comment_status":"closed","ping_status":"closed","template":"","meta":{"footnotes":""},"categories":[],"tags":[],"class_list":["post-280","page","type-page","status-publish","hentry"],"_links":{"self":[{"href":"https:\/\/blogs.ugr.es\/justicirculecon\/wp-json\/wp\/v2\/pages\/280","targetHints":{"allow":["GET"]}}],"collection":[{"href":"https:\/\/blogs.ugr.es\/justicirculecon\/wp-json\/wp\/v2\/pages"}],"about":[{"href":"https:\/\/blogs.ugr.es\/justicirculecon\/wp-json\/wp\/v2\/types\/page"}],"author":[{"embeddable":true,"href":"https:\/\/blogs.ugr.es\/justicirculecon\/wp-json\/wp\/v2\/users\/660"}],"replies":[{"embeddable":true,"href":"https:\/\/blogs.ugr.es\/justicirculecon\/wp-json\/wp\/v2\/comments?post=280"}],"version-history":[{"count":2,"href":"https:\/\/blogs.ugr.es\/justicirculecon\/wp-json\/wp\/v2\/pages\/280\/revisions"}],"predecessor-version":[{"id":755,"href":"https:\/\/blogs.ugr.es\/justicirculecon\/wp-json\/wp\/v2\/pages\/280\/revisions\/755"}],"wp:attachment":[{"href":"https:\/\/blogs.ugr.es\/justicirculecon\/wp-json\/wp\/v2\/media?parent=280"}],"wp:term":[{"taxonomy":"category","embeddable":true,"href":"https:\/\/blogs.ugr.es\/justicirculecon\/wp-json\/wp\/v2\/categories?post=280"},{"taxonomy":"post_tag","embeddable":true,"href":"https:\/\/blogs.ugr.es\/justicirculecon\/wp-json\/wp\/v2\/tags?post=280"}],"curies":[{"name":"wp","href":"https:\/\/api.w.org\/{rel}","templated":true}]}}