{"id":305,"date":"2024-01-17T12:53:48","date_gmt":"2024-01-17T11:53:48","guid":{"rendered":"https:\/\/blogs.ugr.es\/justicirculecon\/?page_id=305"},"modified":"2024-03-13T13:42:58","modified_gmt":"2024-03-13T12:42:58","slug":"quienes-somos-2","status":"publish","type":"page","link":"https:\/\/blogs.ugr.es\/justicirculecon\/quienes-somos-2\/","title":{"rendered":"Quienes somos"},"content":{"rendered":"\n<div class=\"wp-block-media-text is-stacked-on-mobile\"><figure class=\"wp-block-media-text__media\"><img loading=\"lazy\" decoding=\"async\" width=\"540\" height=\"700\" src=\"https:\/\/blogs.ugr.es\/justicirculecon\/wp-content\/uploads\/sites\/149\/2024\/03\/WhatsApp-Image-2024-03-13-at-12.47.36-540x700.jpeg\" alt=\"\" class=\"wp-image-550 size-full\" srcset=\"https:\/\/blogs.ugr.es\/justicirculecon\/wp-content\/uploads\/sites\/149\/2024\/03\/WhatsApp-Image-2024-03-13-at-12.47.36-540x700.jpeg 540w, https:\/\/blogs.ugr.es\/justicirculecon\/wp-content\/uploads\/sites\/149\/2024\/03\/WhatsApp-Image-2024-03-13-at-12.47.36-231x300.jpeg 231w, https:\/\/blogs.ugr.es\/justicirculecon\/wp-content\/uploads\/sites\/149\/2024\/03\/WhatsApp-Image-2024-03-13-at-12.47.36.jpeg 617w\" sizes=\"auto, (max-width: 540px) 100vw, 540px\" \/><\/figure><div class=\"wp-block-media-text__content\">\n<p><strong>Yolanda Garc\u00eda Calvente<\/strong><br>Investigadora Principal (IP 1)<br>CATEDR\u00c1TICA DE UNIVERSIDAD<br>Universidad de Granada<br>Departamento de Derecho Financiero y Tributario <\/p>\n<\/div><\/div>\n\n\n\n<div class=\"wp-block-media-text has-media-on-the-right is-stacked-on-mobile\"><div class=\"wp-block-media-text__content\">\n<p class=\"has-text-align-right\"><strong>Mar\u00eda del Mar Soto Moya<\/strong><br>Investigadora Principal (IP 2)<br>PROFESOR TITULAR DE UNIVERSIDAD<br>Universidad de M\u00e1laga<br>Departamento de Derecho Financiero y Filosof\u00eda del Derecho<\/p>\n<\/div><figure class=\"wp-block-media-text__media\"><img loading=\"lazy\" decoding=\"async\" width=\"700\" height=\"700\" src=\"https:\/\/blogs.ugr.es\/justicirculecon\/wp-content\/uploads\/sites\/149\/2024\/01\/Maria-del-mar-1-700x700.jpg\" alt=\"\" class=\"wp-image-427 size-full\" srcset=\"https:\/\/blogs.ugr.es\/justicirculecon\/wp-content\/uploads\/sites\/149\/2024\/01\/Maria-del-mar-1-700x700.jpg 700w, https:\/\/blogs.ugr.es\/justicirculecon\/wp-content\/uploads\/sites\/149\/2024\/01\/Maria-del-mar-1-300x300.jpg 300w, https:\/\/blogs.ugr.es\/justicirculecon\/wp-content\/uploads\/sites\/149\/2024\/01\/Maria-del-mar-1-150x150.jpg 150w, https:\/\/blogs.ugr.es\/justicirculecon\/wp-content\/uploads\/sites\/149\/2024\/01\/Maria-del-mar-1-50x50.jpg 50w, https:\/\/blogs.ugr.es\/justicirculecon\/wp-content\/uploads\/sites\/149\/2024\/01\/Maria-del-mar-1-80x80.jpg 80w, https:\/\/blogs.ugr.es\/justicirculecon\/wp-content\/uploads\/sites\/149\/2024\/01\/Maria-del-mar-1.jpg 800w\" sizes=\"auto, (max-width: 700px) 100vw, 700px\" \/><\/figure><\/div>\n\n\n\n<div class=\"wp-block-media-text is-stacked-on-mobile\"><figure class=\"wp-block-media-text__media\"><img loading=\"lazy\" decoding=\"async\" width=\"700\" height=\"700\" src=\"https:\/\/blogs.ugr.es\/justicirculecon\/wp-content\/uploads\/sites\/149\/2024\/02\/carolina-700x700.jpeg\" alt=\"\" class=\"wp-image-436 size-full\" srcset=\"https:\/\/blogs.ugr.es\/justicirculecon\/wp-content\/uploads\/sites\/149\/2024\/02\/carolina-700x700.jpeg 700w, https:\/\/blogs.ugr.es\/justicirculecon\/wp-content\/uploads\/sites\/149\/2024\/02\/carolina-300x300.jpeg 300w, https:\/\/blogs.ugr.es\/justicirculecon\/wp-content\/uploads\/sites\/149\/2024\/02\/carolina-150x150.jpeg 150w, https:\/\/blogs.ugr.es\/justicirculecon\/wp-content\/uploads\/sites\/149\/2024\/02\/carolina-50x50.jpeg 50w, https:\/\/blogs.ugr.es\/justicirculecon\/wp-content\/uploads\/sites\/149\/2024\/02\/carolina-80x80.jpeg 80w, https:\/\/blogs.ugr.es\/justicirculecon\/wp-content\/uploads\/sites\/149\/2024\/02\/carolina.jpeg 800w\" sizes=\"auto, (max-width: 700px) 100vw, 700px\" \/><\/figure><div class=\"wp-block-media-text__content\">\n<p><strong>Carolina Gala Dur\u00e1n<\/strong><br>Coordinadora del \u00e1rea de Derecho del Trabajo<br>CATEDR\u00c1TICA DE UNIVERSIDAD<br>Universidad Aut\u00f3noma de Barcelona<br>Departamento de Derecho P\u00fablico y Ciencias Historicojur\u00eddicas<br><\/p>\n<\/div><\/div>\n\n\n\n<div class=\"wp-block-media-text has-media-on-the-right is-stacked-on-mobile\"><div class=\"wp-block-media-text__content\">\n<p class=\"has-text-align-right\"><strong>Antonio Jos\u00e9 Valverde Asencio<\/strong><br>Equipo de Investigaci\u00f3n<br>PROFESOR TITULAR DE UNIVERSIDAD<br>Universidad de Sevilla<br>Departamento del Derecho del Trabajo y <br>de la Seguridad Social<\/p>\n<\/div><figure class=\"wp-block-media-text__media\"><img loading=\"lazy\" decoding=\"async\" width=\"474\" height=\"474\" src=\"https:\/\/blogs.ugr.es\/justicirculecon\/wp-content\/uploads\/sites\/149\/2024\/02\/Antonio-Valverde.jpg\" alt=\"\" class=\"wp-image-463 size-full\" srcset=\"https:\/\/blogs.ugr.es\/justicirculecon\/wp-content\/uploads\/sites\/149\/2024\/02\/Antonio-Valverde.jpg 474w, https:\/\/blogs.ugr.es\/justicirculecon\/wp-content\/uploads\/sites\/149\/2024\/02\/Antonio-Valverde-300x300.jpg 300w, https:\/\/blogs.ugr.es\/justicirculecon\/wp-content\/uploads\/sites\/149\/2024\/02\/Antonio-Valverde-150x150.jpg 150w, https:\/\/blogs.ugr.es\/justicirculecon\/wp-content\/uploads\/sites\/149\/2024\/02\/Antonio-Valverde-50x50.jpg 50w, https:\/\/blogs.ugr.es\/justicirculecon\/wp-content\/uploads\/sites\/149\/2024\/02\/Antonio-Valverde-80x80.jpg 80w\" sizes=\"auto, (max-width: 474px) 100vw, 474px\" \/><\/figure><\/div>\n\n\n\n<div class=\"wp-block-media-text is-stacked-on-mobile\"><figure class=\"wp-block-media-text__media\"><img loading=\"lazy\" decoding=\"async\" width=\"495\" height=\"495\" src=\"https:\/\/blogs.ugr.es\/justicirculecon\/wp-content\/uploads\/sites\/149\/2024\/02\/Antonio-vaquera.jpg\" alt=\"\" class=\"wp-image-437 size-full\" srcset=\"https:\/\/blogs.ugr.es\/justicirculecon\/wp-content\/uploads\/sites\/149\/2024\/02\/Antonio-vaquera.jpg 495w, https:\/\/blogs.ugr.es\/justicirculecon\/wp-content\/uploads\/sites\/149\/2024\/02\/Antonio-vaquera-300x300.jpg 300w, https:\/\/blogs.ugr.es\/justicirculecon\/wp-content\/uploads\/sites\/149\/2024\/02\/Antonio-vaquera-150x150.jpg 150w, https:\/\/blogs.ugr.es\/justicirculecon\/wp-content\/uploads\/sites\/149\/2024\/02\/Antonio-vaquera-50x50.jpg 50w, https:\/\/blogs.ugr.es\/justicirculecon\/wp-content\/uploads\/sites\/149\/2024\/02\/Antonio-vaquera-80x80.jpg 80w\" sizes=\"auto, (max-width: 495px) 100vw, 495px\" \/><\/figure><div class=\"wp-block-media-text__content\">\n<p class=\"has-text-align-left\"><strong>Antonio Vaquera Garc\u00eda <\/strong><br>Equipo de Investigaci\u00f3n<br>CATEDR\u00c1TICO DE UNIVERSIDAD<br>Universidad de Le\u00f3n<br>Departamento de Derecho P\u00fablico &#8211; \u00e1rea de Derecho Financiero y Tributario<\/p>\n<\/div><\/div>\n\n\n\n<div class=\"wp-block-media-text has-media-on-the-right is-stacked-on-mobile\"><div class=\"wp-block-media-text__content\">\n<p class=\"has-text-align-right\"><strong>Luis Ayuso S\u00e1nchez<\/strong><br>Equipo de Investigaci\u00f3n<br>CATEDR\u00c1TICO DE UNIVERSIDAD<br>Universidad de M\u00e1laga<br>\u00c1rea de Sociolog\u00eda<\/p>\n<\/div><figure class=\"wp-block-media-text__media\"><img loading=\"lazy\" decoding=\"async\" width=\"700\" height=\"700\" src=\"https:\/\/blogs.ugr.es\/justicirculecon\/wp-content\/uploads\/sites\/149\/2024\/02\/Foto-Luis-Ayuso-700x700.jpg\" alt=\"\" class=\"wp-image-435 size-full\" srcset=\"https:\/\/blogs.ugr.es\/justicirculecon\/wp-content\/uploads\/sites\/149\/2024\/02\/Foto-Luis-Ayuso-700x700.jpg 700w, https:\/\/blogs.ugr.es\/justicirculecon\/wp-content\/uploads\/sites\/149\/2024\/02\/Foto-Luis-Ayuso-300x300.jpg 300w, https:\/\/blogs.ugr.es\/justicirculecon\/wp-content\/uploads\/sites\/149\/2024\/02\/Foto-Luis-Ayuso-150x150.jpg 150w, https:\/\/blogs.ugr.es\/justicirculecon\/wp-content\/uploads\/sites\/149\/2024\/02\/Foto-Luis-Ayuso-50x50.jpg 50w, https:\/\/blogs.ugr.es\/justicirculecon\/wp-content\/uploads\/sites\/149\/2024\/02\/Foto-Luis-Ayuso-80x80.jpg 80w, https:\/\/blogs.ugr.es\/justicirculecon\/wp-content\/uploads\/sites\/149\/2024\/02\/Foto-Luis-Ayuso.jpg 800w\" sizes=\"auto, (max-width: 700px) 100vw, 700px\" \/><\/figure><\/div>\n\n\n\n<div class=\"wp-block-media-text is-stacked-on-mobile\"><figure class=\"wp-block-media-text__media\"><img loading=\"lazy\" decoding=\"async\" width=\"590\" height=\"590\" src=\"https:\/\/blogs.ugr.es\/justicirculecon\/wp-content\/uploads\/sites\/149\/2024\/01\/Maria-GC.jpg\" alt=\"\" class=\"wp-image-428 size-full\" srcset=\"https:\/\/blogs.ugr.es\/justicirculecon\/wp-content\/uploads\/sites\/149\/2024\/01\/Maria-GC.jpg 590w, https:\/\/blogs.ugr.es\/justicirculecon\/wp-content\/uploads\/sites\/149\/2024\/01\/Maria-GC-300x300.jpg 300w, https:\/\/blogs.ugr.es\/justicirculecon\/wp-content\/uploads\/sites\/149\/2024\/01\/Maria-GC-150x150.jpg 150w, https:\/\/blogs.ugr.es\/justicirculecon\/wp-content\/uploads\/sites\/149\/2024\/01\/Maria-GC-50x50.jpg 50w, https:\/\/blogs.ugr.es\/justicirculecon\/wp-content\/uploads\/sites\/149\/2024\/01\/Maria-GC-80x80.jpg 80w\" sizes=\"auto, (max-width: 590px) 100vw, 590px\" \/><\/figure><div class=\"wp-block-media-text__content\">\n<p class=\"has-text-align-left\"><strong>Mar\u00eda Garc\u00eda Caracuel<\/strong><br>Equipo de investigaci\u00f3n<br>PROFESORA TITULAR DE UNIVERSIDAD<br>Universidad de Granada<br>Departamento de Derecho Financiero y Tributario<\/p>\n<\/div><\/div>\n\n\n\n<div class=\"wp-block-media-text has-media-on-the-right is-stacked-on-mobile\"><div class=\"wp-block-media-text__content\">\n<p class=\"has-text-align-right\"><strong>Jos\u00e9 Francisco Sede\u00f1o L\u00f3pez<\/strong> <br>Equipo de Trabajo<br>PROFESOR AYUDANTE DOCTOR<br>Universidad de M\u00e1laga<br>Departamento de Derecho Financiero y Filosof\u00eda del Derecho<\/p>\n<\/div><figure class=\"wp-block-media-text__media\"><img loading=\"lazy\" decoding=\"async\" width=\"700\" height=\"700\" src=\"https:\/\/blogs.ugr.es\/justicirculecon\/wp-content\/uploads\/sites\/149\/2024\/01\/Foto_JOSE-FCO-SEDENO-1-700x700.jpg\" alt=\"\" class=\"wp-image-333 size-full\" srcset=\"https:\/\/blogs.ugr.es\/justicirculecon\/wp-content\/uploads\/sites\/149\/2024\/01\/Foto_JOSE-FCO-SEDENO-1-700x700.jpg 700w, https:\/\/blogs.ugr.es\/justicirculecon\/wp-content\/uploads\/sites\/149\/2024\/01\/Foto_JOSE-FCO-SEDENO-1-300x300.jpg 300w, https:\/\/blogs.ugr.es\/justicirculecon\/wp-content\/uploads\/sites\/149\/2024\/01\/Foto_JOSE-FCO-SEDENO-1-150x150.jpg 150w, https:\/\/blogs.ugr.es\/justicirculecon\/wp-content\/uploads\/sites\/149\/2024\/01\/Foto_JOSE-FCO-SEDENO-1-50x50.jpg 50w, https:\/\/blogs.ugr.es\/justicirculecon\/wp-content\/uploads\/sites\/149\/2024\/01\/Foto_JOSE-FCO-SEDENO-1-80x80.jpg 80w, https:\/\/blogs.ugr.es\/justicirculecon\/wp-content\/uploads\/sites\/149\/2024\/01\/Foto_JOSE-FCO-SEDENO-1.jpg 800w\" sizes=\"auto, (max-width: 700px) 100vw, 700px\" \/><\/figure><\/div>\n\n\n\n<div class=\"wp-block-media-text is-stacked-on-mobile\"><figure class=\"wp-block-media-text__media\"><img loading=\"lazy\" decoding=\"async\" width=\"300\" height=\"300\" src=\"https:\/\/blogs.ugr.es\/justicirculecon\/wp-content\/uploads\/sites\/149\/2024\/02\/Jose-Antonio-Gutierrez-Escobar.png\" alt=\"\" class=\"wp-image-439 size-full\" srcset=\"https:\/\/blogs.ugr.es\/justicirculecon\/wp-content\/uploads\/sites\/149\/2024\/02\/Jose-Antonio-Gutierrez-Escobar.png 300w, https:\/\/blogs.ugr.es\/justicirculecon\/wp-content\/uploads\/sites\/149\/2024\/02\/Jose-Antonio-Gutierrez-Escobar-150x150.png 150w, https:\/\/blogs.ugr.es\/justicirculecon\/wp-content\/uploads\/sites\/149\/2024\/02\/Jose-Antonio-Gutierrez-Escobar-50x50.png 50w, https:\/\/blogs.ugr.es\/justicirculecon\/wp-content\/uploads\/sites\/149\/2024\/02\/Jose-Antonio-Gutierrez-Escobar-80x80.png 80w\" sizes=\"auto, (max-width: 300px) 100vw, 300px\" \/><\/figure><div class=\"wp-block-media-text__content\">\n<p class=\"has-text-align-left\"><strong>Jos\u00e9 Antonio Guti\u00e9rrez Escobar<\/strong><br>Equipo de trabajo<br>PERSONAL INVESTIGADOR <br>PREDOCTORAL EN FORMACI\u00d3N<br>Universidad de Granada <br>Departamento de Derecho Financiero y Tributario<\/p>\n<\/div><\/div>\n\n\n\n<div class=\"wp-block-media-text has-media-on-the-right is-stacked-on-mobile\"><div class=\"wp-block-media-text__content\">\n<p class=\"has-text-align-right\"><strong>\u00c1lvaro Falc\u00f3n Pulido<\/strong><br>INVESTIGADOR POSDOCTORAL<br>Universidad de Granada<br>Departamento de Derecho Financiero y Tributario<br><\/p>\n<\/div><figure class=\"wp-block-media-text__media\"><img loading=\"lazy\" decoding=\"async\" width=\"568\" height=\"568\" src=\"https:\/\/blogs.ugr.es\/justicirculecon\/wp-content\/uploads\/sites\/149\/2024\/01\/Alvaro-FP.jpeg\" alt=\"\" class=\"wp-image-432 size-full\" srcset=\"https:\/\/blogs.ugr.es\/justicirculecon\/wp-content\/uploads\/sites\/149\/2024\/01\/Alvaro-FP.jpeg 568w, https:\/\/blogs.ugr.es\/justicirculecon\/wp-content\/uploads\/sites\/149\/2024\/01\/Alvaro-FP-300x300.jpeg 300w, https:\/\/blogs.ugr.es\/justicirculecon\/wp-content\/uploads\/sites\/149\/2024\/01\/Alvaro-FP-150x150.jpeg 150w, https:\/\/blogs.ugr.es\/justicirculecon\/wp-content\/uploads\/sites\/149\/2024\/01\/Alvaro-FP-50x50.jpeg 50w, https:\/\/blogs.ugr.es\/justicirculecon\/wp-content\/uploads\/sites\/149\/2024\/01\/Alvaro-FP-80x80.jpeg 80w\" sizes=\"auto, (max-width: 568px) 100vw, 568px\" \/><\/figure><\/div>\n\n\n\n<div class=\"wp-block-media-text is-stacked-on-mobile\"><figure class=\"wp-block-media-text__media\"><img loading=\"lazy\" decoding=\"async\" width=\"654\" height=\"700\" src=\"https:\/\/blogs.ugr.es\/justicirculecon\/wp-content\/uploads\/sites\/149\/2024\/01\/Ayelen-654x700.jpg\" alt=\"\" class=\"wp-image-430 size-full\" srcset=\"https:\/\/blogs.ugr.es\/justicirculecon\/wp-content\/uploads\/sites\/149\/2024\/01\/Ayelen-654x700.jpg 654w, https:\/\/blogs.ugr.es\/justicirculecon\/wp-content\/uploads\/sites\/149\/2024\/01\/Ayelen-280x300.jpg 280w, https:\/\/blogs.ugr.es\/justicirculecon\/wp-content\/uploads\/sites\/149\/2024\/01\/Ayelen.jpg 747w\" sizes=\"auto, (max-width: 654px) 100vw, 654px\" \/><\/figure><div class=\"wp-block-media-text__content\">\n<p class=\"has-text-align-left\"><strong>Ayel\u00e9n Anzola<\/strong><br>T\u00c9CNICO DE APOYO A LA INVESTIGACI\u00d3N<br>Universidad de Granada<br>Departamento de Derecho Financiero y Tributario<br><\/p>\n<\/div><\/div>\n","protected":false},"excerpt":{"rendered":"<p>Yolanda Garc\u00eda CalventeInvestigadora Principal (IP 1)CATEDR\u00c1TICA DE UNIVERSIDADUniversidad de GranadaDepartamento de Derecho Financiero y Tributario Mar\u00eda del Mar Soto MoyaInvestigadora Principal (IP 2)PROFESOR TITULAR DE UNIVERSIDADUniversidad de M\u00e1lagaDepartamento de Derecho Financiero y Filosof\u00eda del Derecho Carolina Gala Dur\u00e1nCoordinadora del \u00e1rea de Derecho del TrabajoCATEDR\u00c1TICA DE UNIVERSIDADUniversidad Aut\u00f3noma de BarcelonaDepartamento de Derecho P\u00fablico y Ciencias Historicojur\u00eddicas [&hellip;]<\/p>\n","protected":false},"author":660,"featured_media":0,"parent":0,"menu_order":0,"comment_status":"closed","ping_status":"closed","template":"","meta":{"footnotes":""},"categories":[],"tags":[],"class_list":["post-305","page","type-page","status-publish","hentry"],"_links":{"self":[{"href":"https:\/\/blogs.ugr.es\/justicirculecon\/wp-json\/wp\/v2\/pages\/305","targetHints":{"allow":["GET"]}}],"collection":[{"href":"https:\/\/blogs.ugr.es\/justicirculecon\/wp-json\/wp\/v2\/pages"}],"about":[{"href":"https:\/\/blogs.ugr.es\/justicirculecon\/wp-json\/wp\/v2\/types\/page"}],"author":[{"embeddable":true,"href":"https:\/\/blogs.ugr.es\/justicirculecon\/wp-json\/wp\/v2\/users\/660"}],"replies":[{"embeddable":true,"href":"https:\/\/blogs.ugr.es\/justicirculecon\/wp-json\/wp\/v2\/comments?post=305"}],"version-history":[{"count":3,"href":"https:\/\/blogs.ugr.es\/justicirculecon\/wp-json\/wp\/v2\/pages\/305\/revisions"}],"predecessor-version":[{"id":551,"href":"https:\/\/blogs.ugr.es\/justicirculecon\/wp-json\/wp\/v2\/pages\/305\/revisions\/551"}],"wp:attachment":[{"href":"https:\/\/blogs.ugr.es\/justicirculecon\/wp-json\/wp\/v2\/media?parent=305"}],"wp:term":[{"taxonomy":"category","embeddable":true,"href":"https:\/\/blogs.ugr.es\/justicirculecon\/wp-json\/wp\/v2\/categories?post=305"},{"taxonomy":"post_tag","embeddable":true,"href":"https:\/\/blogs.ugr.es\/justicirculecon\/wp-json\/wp\/v2\/tags?post=305"}],"curies":[{"name":"wp","href":"https:\/\/api.w.org\/{rel}","templated":true}]}}