{"id":379,"date":"2024-01-26T10:10:21","date_gmt":"2024-01-26T09:10:21","guid":{"rendered":"https:\/\/blogs.ugr.es\/justicirculecon\/?page_id=379"},"modified":"2024-01-31T11:14:42","modified_gmt":"2024-01-31T10:14:42","slug":"colabora-con-nosotros","status":"publish","type":"page","link":"https:\/\/blogs.ugr.es\/justicirculecon\/blog\/colabora-con-nosotros\/","title":{"rendered":"Escribe en el blog"},"content":{"rendered":"\n<p>El proyecto: \u00ab<strong>An\u00e1lisis y propuestas para transici\u00f3n justa a la econom\u00eda circular: impacto sobre las empresas y las personas trabajadoras<\/strong>\u00bb (TED2021-132491B-I00) tiene como finalidad avanzar en el an\u00e1lisis y en la propuesta de soluciones para una transici\u00f3n justa a la econom\u00eda circular.<\/p>\n\n\n\n<p>Los\u00a0<strong>objetivos\u00a0<\/strong>que se pretenden abordar en este proyecto son los siguientes:<br>1) Conocer y evaluar la aplicaci\u00f3n del <strong>valor justicia en el proceso de transici\u00f3n ecol\u00f3gica<\/strong> en general y, en particular, hacia la econom\u00eda circular.<br>2) Analizar las medidas planteadas para fomentar la transici\u00f3n ecol\u00f3gica y la econom\u00eda circular en el Derecho comparado.<br>3) Detectar problemas en la <strong>aplicaci\u00f3n de la econom\u00eda circular<\/strong> desde el <strong>punto de vista empresarial<\/strong> y de las <strong>personas trabajadoras<\/strong>.<br>4) Formular propuestas legislativas que contribuyan a una <strong>transici\u00f3n justa hacia la econom\u00eda circular<\/strong>, prestando especial atenci\u00f3n a la<strong> igualdad entre mujeres y hombres<\/strong>.<\/p>\n\n\n\n<p>Si deseas enviarnos una contribuci\u00f3n conectada con esta l\u00ednea tem\u00e1tica, que mantenga el rigor cient\u00edfico, persiga la difusi\u00f3n del conocimiento y disponga de una extensi\u00f3n en torno a 1.000 palabras, podr\u00e1s hacerlo al correo electr\u00f3nico <a href=\"m&#97;&#x69;&#x6c;&#x74;o&#58;&#x6a;&#x75;&#x73;t&#105;&#x63;&#x69;&#x72;c&#117;&#x6c;&#x65;&#x63;o&#110;&#x40;&#x75;&#x67;r&#46;&#x65;&#x73;\">&#x6a;&#x75;&#115;t&#x69;&#x63;&#x69;&#114;c&#x75;&#x6c;&#x65;&#99;o&#x6e;&#x40;&#x75;&#103;r&#x2e;&#x65;&#x73;<\/a> junto con una breve rese\u00f1a curricular del\/los autor\/es. <\/p>\n","protected":false},"excerpt":{"rendered":"<p>El proyecto: \u00abAn\u00e1lisis y propuestas para transici\u00f3n justa a la econom\u00eda circular: impacto sobre las empresas y las personas trabajadoras\u00bb (TED2021-132491B-I00) tiene como finalidad avanzar en el an\u00e1lisis y en la propuesta de soluciones para una transici\u00f3n justa a la econom\u00eda circular. Los\u00a0objetivos\u00a0que se pretenden abordar en este proyecto son los siguientes:1) Conocer y evaluar [&hellip;]<\/p>\n","protected":false},"author":660,"featured_media":0,"parent":256,"menu_order":0,"comment_status":"closed","ping_status":"closed","template":"","meta":{"footnotes":""},"categories":[],"tags":[],"class_list":["post-379","page","type-page","status-publish","hentry"],"_links":{"self":[{"href":"https:\/\/blogs.ugr.es\/justicirculecon\/wp-json\/wp\/v2\/pages\/379","targetHints":{"allow":["GET"]}}],"collection":[{"href":"https:\/\/blogs.ugr.es\/justicirculecon\/wp-json\/wp\/v2\/pages"}],"about":[{"href":"https:\/\/blogs.ugr.es\/justicirculecon\/wp-json\/wp\/v2\/types\/page"}],"author":[{"embeddable":true,"href":"https:\/\/blogs.ugr.es\/justicirculecon\/wp-json\/wp\/v2\/users\/660"}],"replies":[{"embeddable":true,"href":"https:\/\/blogs.ugr.es\/justicirculecon\/wp-json\/wp\/v2\/comments?post=379"}],"version-history":[{"count":2,"href":"https:\/\/blogs.ugr.es\/justicirculecon\/wp-json\/wp\/v2\/pages\/379\/revisions"}],"predecessor-version":[{"id":387,"href":"https:\/\/blogs.ugr.es\/justicirculecon\/wp-json\/wp\/v2\/pages\/379\/revisions\/387"}],"up":[{"embeddable":true,"href":"https:\/\/blogs.ugr.es\/justicirculecon\/wp-json\/wp\/v2\/pages\/256"}],"wp:attachment":[{"href":"https:\/\/blogs.ugr.es\/justicirculecon\/wp-json\/wp\/v2\/media?parent=379"}],"wp:term":[{"taxonomy":"category","embeddable":true,"href":"https:\/\/blogs.ugr.es\/justicirculecon\/wp-json\/wp\/v2\/categories?post=379"},{"taxonomy":"post_tag","embeddable":true,"href":"https:\/\/blogs.ugr.es\/justicirculecon\/wp-json\/wp\/v2\/tags?post=379"}],"curies":[{"name":"wp","href":"https:\/\/api.w.org\/{rel}","templated":true}]}}